{"id":6749,"date":"2025-06-01T14:34:42","date_gmt":"2025-06-01T14:34:42","guid":{"rendered":"https:\/\/sinoextrud.com\/product\/aluminium-supplier-china-offer-aluminium-u-channel-extrusion-shapes-profile-for-show-enclosure-cabin\/"},"modified":"2025-06-24T06:11:34","modified_gmt":"2025-06-24T06:11:34","slug":"aluminium-leverandor-kina-tilbyder-aluminium-u-kanal-ekstrudering-former-profil-for-show-kabinet-kabine","status":"publish","type":"product","link":"https:\/\/sinoextrud.com\/da\/product\/aluminium-supplier-china-offer-aluminium-u-channel-extrusion-shapes-profile-for-show-enclosure-cabin\/","title":{"rendered":"Aluminiumsleverand\u00f8r Kina tilbyder aluminium U-kanal ekstrudering former profil til show kabinet kabine"},"content":{"rendered":"<h2>Detaljer om produkter<\/h2>\n<table class=\"custom-table\">\n<tr>\n<td class=\"label\">Vare:<\/td>\n<td>Aluminiumsleverand\u00f8r Kina tilbyder aluminium U-kanal ekstrudering former profil til show kabinet kabine<\/td>\n<\/tr>\n<tr>\n<td class=\"label\">Materiale:<\/td>\n<td>100% aluminiumsprofillegering: 6063-T5, 6061-T6, 6463-T5,<\/td>\n<\/tr>\n<tr>\n<td class=\"label\">M\u00e6rke :<\/td>\n<td>Sinoextrud aluminium\/Sinoextrud aluminiumsprofiler Co, LTD<\/td>\n<\/tr>\n<tr>\n<td class=\"label\">St\u00f8rrelse:<\/td>\n<td>1m-9m eller tilpasset st\u00f8rrelse<\/td>\n<\/tr>\n<tr>\n<td class=\"label\">Anvendelse<\/td>\n<td>M\u00f8bler, vinduer og d\u00f8re, dekorationer, industri, byggeri og meget mere.<\/td>\n<\/tr>\n<tr>\n<td class=\"label\">Farver:<\/td>\n<td>Anodiseret, tr\u00e6korn, pulverlakering, anodiseret poleret og b\u00f8rstet, elektroforese, fluorcarbonpulverlakering eller mere.<\/td>\n<\/tr>\n<tr>\n<td class=\"label\">MOQ:<\/td>\n<td>200 kg for hver profil<\/td>\n<\/tr>\n<tr>\n<td class=\"label\">OEM-service<\/td>\n<td>baseret p\u00e5 kundedesignede tegninger eller pr\u00f8ver<\/td>\n<\/tr>\n<tr>\n<td class=\"label\">Certificering tilg\u00e6ngelig<\/td>\n<td>ISO:9001, SONCAP, BV-certifikat eller kundernes certifikat til r\u00e5dighed<\/td>\n<\/tr>\n<tr>\n<td class=\"label\">Emballagedetaljer<\/td>\n<td>(1) Indvendigt: pakket med beskyttende plastfilm for at beskytte hver profil<br \/>(2) Udvendigt: pakket med vandt\u00e6t h\u00e5ndv\u00e6rkspapir<\/td>\n<\/tr>\n<tr>\n<td class=\"label\">Leveringstid:<\/td>\n<td>(1) Formudvikling og pr\u00f8vetest: 12-18 dage.<br \/>(2) Produktionsvarighed: 25-30 dage efter, at pr\u00f8ven er bekr\u00e6ftet af k\u00f8beren.<\/td>\n<\/tr>\n<tr>\n<td class=\"label\">Betalingsbetingelser:<\/td>\n<td>T \/ T, 30% udbetaling, mens saldoen skal betales inden levering.<\/td>\n<\/tr>\n<tr>\n<td class=\"label\">Afregningsperiode:<\/td>\n<td>Den endelige betaling skal v\u00e6re baseret p\u00e5 den endelige faktiske fysiske vejning.<\/td>\n<\/tr>\n<tr>\n<td class=\"label\">Produktionskapacitet:<\/td>\n<td>2400-3000 tons pr. m\u00e5ned.<\/td>\n<\/tr>\n<tr>\n<td class=\"label\">Produktionsgaranti<\/td>\n<td>Overfladefarven kan holde i 10~20 \u00e5r ved indend\u00f8rs brug.<\/td>\n<\/tr>\n<tr>\n<td class=\"label\">Havn:<\/td>\n<td>FOB, Guangzhou, Foshan<\/td>\n<\/tr>\n<\/table>\n<h2>Vores produktionsbase<\/h2>\n<h3>Panorama over fabrikken<\/h3>\n<p><img decoding=\"async\" src=\"\/wp-content\/uploads\/factory-01.webp\"\/><\/p>\n<h3>V\u00e6rksted til fremstilling af aluminiumst\u00e6nger<\/h3>\n<p><img decoding=\"async\" src=\"\/wp-content\/uploads\/factory-02.webp\"\/><\/p>\n<p><img decoding=\"async\" src=\"\/wp-content\/uploads\/factory-03.webp\"\/><\/p>\n<h3>Lager til opbevaring af skimmelsvampe<\/h3>\n<p><img decoding=\"async\" src=\"\/wp-content\/uploads\/factory-04.webp\"\/><\/p>\n<h3>43 ekstruderingslinjer for aluminium (500-5500 ton)<\/h3>\n<p><img decoding=\"async\" src=\"\/wp-content\/uploads\/factory-05.webp\"\/><\/p>\n<p><img decoding=\"async\" src=\"\/wp-content\/uploads\/factory-06.webp\"\/><\/p>\n<p><img decoding=\"async\" src=\"\/wp-content\/uploads\/factory-07.webp\"\/><\/p>\n<h3>V\u00e6rksted for pulverlakering<\/h3>\n<p><img decoding=\"async\" src=\"\/wp-content\/uploads\/factory-09.webp\"\/><\/p>\n<h3>Anodiseringsv\u00e6rksted<\/h3>\n<p><img decoding=\"async\" src=\"\/wp-content\/uploads\/factory-10.webp\"\/><\/p>\n<h3>Workshop om dyb behandling<\/h3>\n<p><img decoding=\"async\" src=\"\/wp-content\/uploads\/factory-11.webp\"\/><\/p>\n<h3>V\u00e6rksted for CNC-pr\u00e6cisionsbearbejdning<\/h3>\n<p><img decoding=\"async\" src=\"\/wp-content\/uploads\/factory-11.5.webp\"\/><\/p>\n<h3>F\u00e6rdigvare- og eksportlager<\/h3>\n<p><img decoding=\"async\" src=\"\/wp-content\/uploads\/factory-12.webp\"\/><\/p>\n<p><img decoding=\"async\" src=\"\/wp-content\/uploads\/factory-13.webp\"\/><\/p>\n<p><img decoding=\"async\" src=\"\/wp-content\/uploads\/factory-14.webp\"\/><\/p>\n<h2>OFTE STILLEDE SP\u00d8RGSM\u00c5L<\/h2>\n<p><p><b>1. Hvad er en U-profil i aluminium? <\/b><\/p>\n<p> En U-profil i aluminium er en U-formet aluminiumsprofil, der ofte bruges i bygge- og indkapslingssystemer som kabiner og udstillingsenheder.<br \/>\n<\/p><br \/>\n<br \/>\n<p><b>2. Hvorfor k\u00f8be U-skinner i aluminium fra en kinesisk leverand\u00f8r? <\/b><\/p>\n<p> Kinesiske aluminiumsleverand\u00f8rer tilbyder omkostningseffektive U-profiler af h\u00f8j kvalitet med mulighed for tilpasning af masseordrer.<br \/>\n<\/p><br \/>\n<br \/>\n<p><b>3. Hvad er fordelene ved at bruge U-skinner i aluminium til udstillingsskabe? <\/b><\/p>\n<p> U-skinner i aluminium er lette, korrosionsbestandige og strukturelt p\u00e5lidelige, hvilket g\u00f8r dem perfekte til at underst\u00f8tte udstillingsskabe.<br \/>\n<\/p><br \/>\n<br \/>\n<p><b>4. Kan jeg f\u00e5 tilpassede former og st\u00f8rrelser til mine U-profiler i aluminium? <\/b><\/p>\n<p> Ja, tilpassede ekstruderingsformer og -st\u00f8rrelser er tilg\u00e6ngelige for at passe til specifikke strukturelle og designm\u00e6ssige krav.<br \/>\n<\/p><br \/>\n<br \/>\n<p><b>5. Er det aluminium, der bruges i disse U-profiler, holdbart? <\/b><\/p>\n<p> Absolut, aluminiumet er h\u00f8jstyrke og behandlet for korrosionsbestandighed for at sikre langvarig holdbarhed.<br \/>\n<\/p><br \/>\n<br \/>\n<p><b>6. Er U-profiler i aluminium egnede til udend\u00f8rs brug? <\/b><\/p>\n<p> Ja, disse profiler er behandlet for at modst\u00e5 vejrlig og korrosion, hvilket g\u00f8r dem velegnede til udend\u00f8rs hytter og udstillinger.<br \/>\n<\/p><br \/>\n<br \/>\n<p><b>7. Hvordan er U-skinner i aluminium sammenlignet med st\u00e5lskinner? <\/b><\/p>\n<p> U-skinner i aluminium er lettere, korrosionsbestandige og lettere at installere end st\u00e5l, samtidig med at de stadig har en solid strukturel ydeevne.<br \/>\n<\/p><br \/>\n<br \/>\n<p><b>8. Tilbyder kinesiske aluminiumsleverand\u00f8rer international forsendelse? <\/b><\/p>\n<p> Ja, velrenommerede kinesiske aluminiumsleverand\u00f8rer leverer international logistik og eksporttjenester til globale kunder.<br \/>\n<\/p><br \/><\/p>","protected":false},"featured_media":6701,"template":"","categories":[67],"class_list":["post-6749","product","type-product","status-publish","has-post-thumbnail","hentry","category-architectural-aluminium-profile"],"meta_box":{"hilight_text_group":{"product_hilight_text":"<li>Precision aluminum U channel extrusions ideal for show enclosures and cabins<\/li>\r\r\n<li>High-strength profiles manufactured in China with strict quality control<\/li>\r\r\n<li>Custom shapes and sizes available to meet specific project needs<\/li>\r\r\n<li>Corrosion-resistant and lightweight for easy handling and long-term use<\/li>\r\r\n<li>Cost-effective bulk supply directly from a trusted Chinese aluminum supplier<\/li>","product_chanpin_blog":"<ul>\r\r\n<li><a href=\"https:\/\/sinoextrud.com\/t-slot-v-slot-differences\/\" target=\"_blank\">t slot vs v slot<\/a><\/li>\r\r\n<li><a href=\"https:\/\/sinoextrud.com\/what-is-4040-aluminium-extrud\/\" target=\"_blank\">4040 aluminium extrusion<\/a><\/li>\r\r\n<li><a href=\"https:\/\/sinoextrud.com\/what-is-4040-aluminium-extrud\/\" target=\"_blank\">aluminum extrusions for industrial racks<\/a><\/li>\r\r\n<li><a href=\"https:\/\/sinoextrud.com\/powder-coating-aluminium-process\/\" target=\"_blank\">powder coating aluminium<\/a><\/li>\r\r\n<li><a href=\"https:\/\/sinoextrud.com\/what-is-an-aluminium-strip-ceiling\/\" target=\"_blank\">aluminium strip ceiling<\/a><\/li>\r\r\n<li><a href=\"https:\/\/sinoextrud.com\/what-is-a-heat-sink\/\" target=\"_blank\">what is a heat sink<\/a><\/li>\r\r\n<\/ul>","product_chanpin_chanpin":"<li><a href=\"https:\/\/sinoextrud.com\/product\/500-degree-brightness-polished-aluminum-profile\/\" target=\"_blank\">500 Degree Brightness Polished Aluminum Profile<\/a><\/li>\r\n<li><a href=\"https:\/\/sinoextrud.com\/product\/aluminium-profile\/\" target=\"_blank\">Aluminium profile<\/a><\/li>\r\n<li><a href=\"https:\/\/sinoextrud.com\/product\/aluminium-handrail-tubing\/\" target=\"_blank\">Aluminium Handrail Tubing<\/a><\/li>\r\n<li><a href=\"https:\/\/sinoextrud.com\/product\/kitchen-cabinet-aluminum-profile\/\" target=\"_blank\">Kitchen Cabinet Aluminum Profile<\/a><\/li>\r\n<li><a href=\"https:\/\/sinoextrud.com\/product\/aluminium-supplier-china-offer-aluminium-u-channel-extrusion-shapes-profile-for-show-enclosure-cabin\/\" target=\"_blank\">Aluminium Supplier China Offer Aluminium U Channel Extrusion Shapes Profile For Show Enclosure Cabin<\/a><\/li>\r\n<li><a href=\"https:\/\/sinoextrud.com\/product\/powder-coating-aluminium-profiles-for-industrial\/\" target=\"_blank\">Powder Coating Aluminium Profiles For Industrial<\/a><\/li>\r\n<li><a href=\"https:\/\/sinoextrud.com\/product\/c-beam-v-slot-aluminium-profile\/\" target=\"_blank\">C Beam V Slot Aluminium Profile<\/a><\/li>\r\n<li><a href=\"https:\/\/sinoextrud.com\/product\/construction-aluminum-profile\/\" target=\"_blank\">Construction Aluminum Profile<\/a><\/li>\r\n<li><a href=\"https:\/\/sinoextrud.com\/product\/architectural-aluminum-profile\/\" target=\"_blank\">Architectural Aluminum Profile<\/a><\/li>\r\n<li><a href=\"https:\/\/sinoextrud.com\/product\/aluminum-t-slot-channel\/\" target=\"_blank\">Aluminum T Slot Channel<\/a><\/li>\r\n<li><a href=\"https:\/\/sinoextrud.com\/product\/aluminum-cabinet-frame-extrusions\/\" target=\"_blank\">Aluminum Cabinet Frame Extrusions<\/a><\/li>"},"feature_list":[]},"_links":{"self":[{"href":"https:\/\/sinoextrud.com\/da\/wp-json\/wp\/v2\/product\/6749","targetHints":{"allow":["GET"]}}],"collection":[{"href":"https:\/\/sinoextrud.com\/da\/wp-json\/wp\/v2\/product"}],"about":[{"href":"https:\/\/sinoextrud.com\/da\/wp-json\/wp\/v2\/types\/product"}],"wp:featuredmedia":[{"embeddable":true,"href":"https:\/\/sinoextrud.com\/da\/wp-json\/wp\/v2\/media\/6701"}],"wp:attachment":[{"href":"https:\/\/sinoextrud.com\/da\/wp-json\/wp\/v2\/media?parent=6749"}],"wp:term":[{"taxonomy":"category","embeddable":true,"href":"https:\/\/sinoextrud.com\/da\/wp-json\/wp\/v2\/categories?post=6749"}],"curies":[{"name":"wp","href":"https:\/\/api.w.org\/{rel}","templated":true}]}}