{"id":6684,"date":"2025-05-30T09:37:07","date_gmt":"2025-05-30T09:37:07","guid":{"rendered":"https:\/\/sinoextrud.com\/product\/aluminum-glazing-extrusions\/"},"modified":"2025-06-24T06:11:30","modified_gmt":"2025-06-24T06:11:30","slug":"aluminiumsprofiler-til-ruder","status":"publish","type":"product","link":"https:\/\/sinoextrud.com\/da\/product\/aluminum-glazing-extrusions\/","title":{"rendered":"Ekstruderede ruder af aluminium"},"content":{"rendered":"<h2>Detaljer om produkter<\/h2>\n<table class=\"custom-table\">\n<tr>\n<td class=\"label\">Vare:<\/td>\n<td>aluminiumsprofiler til ruder<\/td>\n<\/tr>\n<tr>\n<td class=\"label\">Materila:<\/td>\n<td>6463<\/td>\n<\/tr>\n<tr>\n<td class=\"label\">Temperament:<\/td>\n<td>T5<\/td>\n<\/tr>\n<tr>\n<td class=\"label\">Form:<\/td>\n<td>Det samme som p\u00e5 billederne. Tilpasset tilg\u00e6ngelig.<\/td>\n<\/tr>\n<tr>\n<td class=\"label\">Profilen bliver tykkere:<\/td>\n<td>0,8 mm over.<\/td>\n<\/tr>\n<tr>\n<td class=\"label\">Overfladebehandling:<\/td>\n<td>Polering af anodiseret aluminium<\/td>\n<\/tr>\n<tr>\n<td class=\"label\">Farve:<\/td>\n<td>Sliver, guld, tilpasset farve tilg\u00e6ngelig.<\/td>\n<\/tr>\n<tr>\n<td class=\"label\">Bel\u00e6gningsfirma:<\/td>\n<td>4-5um.<\/td>\n<\/tr>\n<tr>\n<td class=\"label\">Anvendelse:<\/td>\n<td>dekoration, transport osv.<\/td>\n<\/tr>\n<tr>\n<td class=\"label\">MOQ:<\/td>\n<td>1000 kg for hver vare<\/td>\n<\/tr>\n<tr>\n<td class=\"label\">Certifikat og standard:<\/td>\n<td>ISO 9008-2001. CQM, SGS<\/td>\n<\/tr>\n<tr>\n<td class=\"label\">Garanti:<\/td>\n<td>Overfladefarven kan v\u00e6re stabil i 10 \u00e5r ved indend\u00f8rs brug.<\/td>\n<\/tr>\n<tr>\n<td class=\"label\">Anvendelse:<\/td>\n<td>husdekoration aluminium ekstrudering indramning spor<\/td>\n<\/tr>\n<tr>\n<td class=\"label\">Dyb bearbejdning<\/td>\n<td>som boring, fr\u00e6sning, sk\u00e6ring, svejsning, bukning til r\u00e5dighed.<\/td>\n<\/tr>\n<tr>\n<td class=\"label\">Oprindelse:<\/td>\n<td>Foshan, Guangdong.<\/td>\n<\/tr>\n<tr>\n<td class=\"label\">Matchende klassetykkelse:<\/td>\n<td>5-8 mm<\/td>\n<\/tr>\n<tr>\n<td class=\"label\">Tilg\u00e6ngelighed:<\/td>\n<td>NEJ.<\/td>\n<\/tr>\n<tr>\n<td class=\"label\">HS-kode:<\/td>\n<td>761699000<\/td>\n<\/tr>\n<\/table>\n<h2>Vores produktionsbase<\/h2>\n<h3>Panorama over fabrikken<\/h3>\n<p><img decoding=\"async\" src=\"\/wp-content\/uploads\/factory-01.webp\"\/><\/p>\n<h3>V\u00e6rksted til fremstilling af aluminiumst\u00e6nger<\/h3>\n<p><img decoding=\"async\" src=\"\/wp-content\/uploads\/factory-02.webp\"\/><\/p>\n<p><img decoding=\"async\" src=\"\/wp-content\/uploads\/factory-03.webp\"\/><\/p>\n<h3>Lager til opbevaring af skimmelsvampe<\/h3>\n<p><img decoding=\"async\" src=\"\/wp-content\/uploads\/factory-04.webp\"\/><\/p>\n<h3>43 ekstruderingslinjer for aluminium (500-5500 ton)<\/h3>\n<p><img decoding=\"async\" src=\"\/wp-content\/uploads\/factory-05.webp\"\/><\/p>\n<p><img decoding=\"async\" src=\"\/wp-content\/uploads\/factory-06.webp\"\/><\/p>\n<p><img decoding=\"async\" src=\"\/wp-content\/uploads\/factory-07.webp\"\/><\/p>\n<h3>V\u00e6rksted for pulverlakering<\/h3>\n<p><img decoding=\"async\" src=\"\/wp-content\/uploads\/factory-09.webp\"\/><\/p>\n<h3>Anodiseringsv\u00e6rksted<\/h3>\n<p><img decoding=\"async\" src=\"\/wp-content\/uploads\/factory-10.webp\"\/><\/p>\n<h3>Workshop om dyb behandling<\/h3>\n<p><img decoding=\"async\" src=\"\/wp-content\/uploads\/factory-11.webp\"\/><\/p>\n<h3>V\u00e6rksted for CNC-pr\u00e6cisionsbearbejdning<\/h3>\n<p><img decoding=\"async\" src=\"\/wp-content\/uploads\/factory-11.5.webp\"\/><\/p>\n<h3>F\u00e6rdigvare- og eksportlager<\/h3>\n<p><img decoding=\"async\" src=\"\/wp-content\/uploads\/factory-12.webp\"\/><\/p>\n<p><img decoding=\"async\" src=\"\/wp-content\/uploads\/factory-13.webp\"\/><\/p>\n<p><img decoding=\"async\" src=\"\/wp-content\/uploads\/factory-14.webp\"\/><\/p>\n<h2>OFTE STILLEDE SP\u00d8RGSM\u00c5L<\/h2>\n<p><p><b>1. Hvad er aluminiumsprofiler til ruder? <\/b><\/p>\n<p>Det er aluminiumsprofiler, der er specielt designet til at holde og forsegle glaspaneler i vindues-, d\u00f8r- og facadesystemer.<br \/>\n<\/p><br \/>\n<br \/>\n<p><b>2. Hvad er de vigtigste anvendelser af aluminiumsprofiler til ruder? <\/b><\/p>\n<p>De bruges til arkitektoniske ruder, gardinv\u00e6gge, butiksfacader, skillev\u00e6gge og udestuer.<br \/>\n<\/p><br \/>\n<br \/>\n<p><b>3. Hvorfor v\u00e6lge aluminium til vinduesprofiler? <\/b><\/p>\n<p>Aluminium giver styrke, korrosionsbestandighed og et elegant udseende, hvilket g\u00f8r det ideelt til strukturelle og dekorative ruder.<br \/>\n<\/p><br \/>\n<br \/>\n<p><b>4. Er vinduesprofiler af aluminium vejrbestandige? <\/b><\/p>\n<p>Ja, de er designet til at modst\u00e5 vejr, fugt og UV-eksponering og giver langvarig forsegling og st\u00f8tte.<br \/>\n<\/p><br \/>\n<br \/>\n<p><b>5. Kan jeg tilpasse profilens form og st\u00f8rrelse? <\/b><\/p>\n<p>Ja, aluminiumsprofiler til ruder f\u00e5s i tilpassede former, st\u00f8rrelser og tykkelser for at opfylde projektets krav.<br \/>\n<\/p><br \/>\n<br \/>\n<p><b>6. Hvilke overflader er tilg\u00e6ngelige for aluminiumsprofiler til ruder? <\/b><\/p>\n<p>Almindelige overflader omfatter klar anodiseret, sort anodiseret, pulverlakerede farver og b\u00f8rstet aluminium.<br \/>\n<\/p><br \/>\n<br \/>\n<p><b>7. Fungerer disse profiler med termoruder? <\/b><\/p>\n<p>Ja, de er designet til at rumme systemer med enkelt-, dobbelt- eller endda tredobbelt glas.<br \/>\n<\/p><br \/>\n<br \/>\n<p><b>8. Hvordan installeres glasprofiler? <\/b><\/p>\n<p>De monteres typisk med gummipakninger, fugemasse eller clips og er kompatible med almindeligt glasv\u00e6rkt\u00f8j.<br \/>\n<\/p><br \/>\n<br \/>\n<p><b>9. Er glasprofiler i aluminium velegnede til erhvervsbygninger? <\/b><\/p>\n<p>Ja, de bruges i vid udstr\u00e6kning til kommercielle form\u00e5l p\u00e5 grund af deres styrke, designfleksibilitet og overholdelse af bygningsstandarder.<br \/>\n<\/p><br \/>\n<br \/>\n<p><b>10. Hvad er leveringstiden for aluminiumsprofiler til ruder? <\/b><\/p>\n<p>Leveringstiden varierer fra 2 til 6 uger, afh\u00e6ngigt af tilpasning og ordrest\u00f8rrelse.<br \/>\n<\/p><br \/>\n<br \/>\n<p><b>11. Kan glasprofiler bruges til indvendige skillev\u00e6gge? <\/b><\/p>\n<p>Ja, mange designs er velegnede til indvendige glasskillev\u00e6gge, der giver en moderne og ren \u00e6stetik.<br \/>\n<\/p><br \/>\n<br \/>\n<p><b>12. Leverer leverand\u00f8rerne installationstilbeh\u00f8r? <\/b><\/p>\n<p>Ja, mange producenter tilbyder et komplet system med pakninger, hj\u00f8rner og monteringsclips.<br \/>\n<\/p><br \/>\n<br \/>\n<p><b>13. Kan aluminiumsruder genbruges? <\/b><\/p>\n<p>Ja, aluminium er 100% genanvendeligt, hvilket g\u00f8r glasprofiler til en milj\u00f8m\u00e6ssigt ansvarlig l\u00f8sning.<br \/>\n<\/p><br \/>\n<br \/>\n<p><b>14. Kan glasprofiler b\u00e6re tunge glaspaneler? <\/b><\/p>\n<p>Ja, n\u00e5r de er korrekt designet, kan de b\u00e6re tunge eller store glaspaneler sikkert.<br \/>\n<\/p><br \/>\n<br \/>\n<p><b>15. Hvilke industrier bruger aluminiumsprofiler til ruder? <\/b><\/p>\n<p>De bruges til byggeri, indretning, transport og fremstilling af udstillinger.<br \/>\n<\/p><br \/><\/p>","protected":false},"featured_media":6683,"template":"","categories":[66],"class_list":["post-6684","product","type-product","status-publish","has-post-thumbnail","hentry","category-brushed-aluminum-profile"],"meta_box":{"hilight_text_group":{"product_hilight_text":"<li>Engineered for secure and seamless integration of glass panels<\/li>\r\r\n<li>High-strength aluminum ensures long-lasting support and durability<\/li>\r\r\n<li>Weather-resistant design ideal for windows, doors, and curtain walls<\/li>\r\r\n<li>Available in various finishes including anodized, powder-coated, and brushed<\/li>\r\r\n<li>Custom profiles and sizes to suit both commercial and residential glazing systems<\/li>","product_chanpin_blog":"<ul>\r\r\n<li><a href=\"https:\/\/sinoextrud.com\/t-slot-v-slot-differences\/\" target=\"_blank\">t slot vs v slot<\/a><\/li>\r\r\n<li><a href=\"https:\/\/sinoextrud.com\/what-is-4040-aluminium-extrud\/\" target=\"_blank\">4040 aluminium extrusion<\/a><\/li>\r\r\n<li><a href=\"https:\/\/sinoextrud.com\/what-is-4040-aluminium-extrud\/\" target=\"_blank\">aluminum extrusions for industrial racks<\/a><\/li>\r\r\n<li><a href=\"https:\/\/sinoextrud.com\/powder-coating-aluminium-process\/\" target=\"_blank\">powder coating aluminium<\/a><\/li>\r\r\n<li><a href=\"https:\/\/sinoextrud.com\/what-is-an-aluminium-strip-ceiling\/\" target=\"_blank\">aluminium strip ceiling<\/a><\/li>\r\r\n<li><a href=\"https:\/\/sinoextrud.com\/what-is-a-heat-sink\/\" target=\"_blank\">what is a heat sink<\/a><\/li>\r\r\n<\/ul>","product_chanpin_chanpin":"<li><a href=\"https:\/\/sinoextrud.com\/product\/aluminum-extrusion-6063-powder-coating-aluminum-tile-roof-profile\/\" target=\"_blank\">Aluminum Extrusion 6063 Powder Coating Aluminum Tile Roof Profile<\/a><\/li>\r\n<li><a href=\"https:\/\/sinoextrud.com\/product\/brushed-aluminum-profiles\/\" target=\"_blank\">Brushed Aluminum Profiles<\/a><\/li>\r\n<li><a href=\"https:\/\/sinoextrud.com\/product\/aluminum-photo-frame-profile\/\" target=\"_blank\">Aluminum Photo Frame Profile<\/a><\/li>\r\n<li><a href=\"https:\/\/sinoextrud.com\/product\/f-channel-aluminum-extrusion\/\" target=\"_blank\">F Channel Aluminum Extrusion<\/a><\/li>\r\n<li><a href=\"https:\/\/sinoextrud.com\/product\/aluminum-glazing-extrusions\/\" target=\"_blank\">Aluminum Glazing Extrusions<\/a><\/li>\r\n<li><a href=\"https:\/\/sinoextrud.com\/product\/polished-aluminum-u-channel\/\" target=\"_blank\">Polished Aluminum U Channel<\/a><\/li>\r\n<li><a href=\"https:\/\/sinoextrud.com\/product\/mirror-like-polished-aluminium-extrusion-profiles\/\" target=\"_blank\">Mirror like Polished aluminium extrusion profiles<\/a><\/li>\r\n<li><a href=\"https:\/\/sinoextrud.com\/product\/polished-aluminium-profiles\/\" target=\"_blank\">Polished Aluminium Profiles<\/a><\/li>\r\n<li><a href=\"https:\/\/sinoextrud.com\/product\/6063-t5-extruded-aluminium-profile-with-polish-surface\/\" target=\"_blank\">6063 T5 Extruded Aluminium Profile with Polish Surface<\/a><\/li>\r\n<li><a href=\"https:\/\/sinoextrud.com\/product\/weather-resistant-wood-grain-aluminum-profile\/\" target=\"_blank\">Weather Resistant Wood Grain Aluminum Profile<\/a><\/li>\r\n<li><a href=\"https:\/\/sinoextrud.com\/product\/30mm-aluminum-extrusion\/\" target=\"_blank\">30mm Aluminum Extrusion<\/a><\/li>"},"feature_list":[]},"_links":{"self":[{"href":"https:\/\/sinoextrud.com\/da\/wp-json\/wp\/v2\/product\/6684","targetHints":{"allow":["GET"]}}],"collection":[{"href":"https:\/\/sinoextrud.com\/da\/wp-json\/wp\/v2\/product"}],"about":[{"href":"https:\/\/sinoextrud.com\/da\/wp-json\/wp\/v2\/types\/product"}],"wp:featuredmedia":[{"embeddable":true,"href":"https:\/\/sinoextrud.com\/da\/wp-json\/wp\/v2\/media\/6683"}],"wp:attachment":[{"href":"https:\/\/sinoextrud.com\/da\/wp-json\/wp\/v2\/media?parent=6684"}],"wp:term":[{"taxonomy":"category","embeddable":true,"href":"https:\/\/sinoextrud.com\/da\/wp-json\/wp\/v2\/categories?post=6684"}],"curies":[{"name":"wp","href":"https:\/\/api.w.org\/{rel}","templated":true}]}}