{"id":6666,"date":"2025-05-30T07:59:11","date_gmt":"2025-05-30T07:59:11","guid":{"rendered":"https:\/\/sinoextrud.com\/product\/aluminum-extrusion-6063-anodized-wardrobe-clothes-rod-aluminum-profile\/"},"modified":"2025-06-24T06:11:28","modified_gmt":"2025-06-24T06:11:28","slug":"aluminiumsekstrudering-6063-anodiseret-garderobe-tojstang-aluminiumsprofil","status":"publish","type":"product","link":"https:\/\/sinoextrud.com\/da\/product\/aluminum-extrusion-6063-anodized-wardrobe-clothes-rod-aluminum-profile\/","title":{"rendered":"Aluminiumsekstrudering 6063 anodiseret garderobe t\u00f8jstang aluminiumsprofil"},"content":{"rendered":"<h2>Detaljer om produkter<\/h2>\n<table class=\"custom-table\">\n<tr>\n<td class=\"label\">Produktartikel:<\/td>\n<td>Aluminiumsekstrudering 6063 anodiseret garderobe t\u00f8jstang aluminiumsprofil<\/td>\n<\/tr>\n<tr>\n<td class=\"label\">Materiale:<\/td>\n<td>6063 T5<\/td>\n<\/tr>\n<tr>\n<td class=\"label\">Form:<\/td>\n<td>tilpasset<\/td>\n<\/tr>\n<tr>\n<td class=\"label\">Legering eller ej:<\/td>\n<td>Er legeret<\/td>\n<\/tr>\n<tr>\n<td class=\"label\">Tolerance:<\/td>\n<td>\u00b11%<\/td>\n<\/tr>\n<tr>\n<td class=\"label\">Overfladebehandling:<\/td>\n<td>Pulverlakering, anodiseret eller tilpasset<\/td>\n<\/tr>\n<tr>\n<td class=\"label\">Leveringstid:<\/td>\n<td>15-25 dage<\/td>\n<\/tr>\n<tr>\n<td class=\"label\">Behandling af service:<\/td>\n<td>B\u00f8jning, savning, svejsning, stansning, sk\u00e6ring, boring, samling<\/td>\n<\/tr>\n<tr>\n<td class=\"label\">Oprindelsessted:<\/td>\n<td>Foshan, Guangdong<\/td>\n<\/tr>\n<tr>\n<td class=\"label\">Modelnummer:<\/td>\n<td>Garderobestang aluminiumsprofil, garderobeskinne aluminiumsprofiler<\/td>\n<\/tr>\n<tr>\n<td class=\"label\">L\u00e6ngde:<\/td>\n<td>Tilpasset<\/td>\n<\/tr>\n<tr>\n<td class=\"label\">Brand:<\/td>\n<td>Sinoextrud, Sinoextrud<\/td>\n<\/tr>\n<tr>\n<td class=\"label\">Temperament:<\/td>\n<td>T3-T8<\/td>\n<\/tr>\n<tr>\n<td class=\"label\">MOQ:<\/td>\n<td>200 kg for hvert emne<\/td>\n<\/tr>\n<tr>\n<td class=\"label\">Betalingsperiode:<\/td>\n<td>L\/C T\/T (30% indskud)<\/td>\n<\/tr>\n<tr>\n<td class=\"label\">Anvendelse:<\/td>\n<td>bolig- og erhvervsmilj\u00f8er; skabe, garderobeskabe, k\u00f8kkener og vaskerum<\/td>\n<\/tr>\n<\/table>\n<h2>Vores produktionsbase<\/h2>\n<h3>Panorama over fabrikken<\/h3>\n<p><img decoding=\"async\" src=\"\/wp-content\/uploads\/factory-01.webp\"\/><\/p>\n<h3>V\u00e6rksted til fremstilling af aluminiumst\u00e6nger<\/h3>\n<p><img decoding=\"async\" src=\"\/wp-content\/uploads\/factory-02.webp\"\/><\/p>\n<p><img decoding=\"async\" src=\"\/wp-content\/uploads\/factory-03.webp\"\/><\/p>\n<h3>Lager til opbevaring af skimmelsvampe<\/h3>\n<p><img decoding=\"async\" src=\"\/wp-content\/uploads\/factory-04.webp\"\/><\/p>\n<h3>43 ekstruderingslinjer for aluminium (500-5500 ton)<\/h3>\n<p><img decoding=\"async\" src=\"\/wp-content\/uploads\/factory-05.webp\"\/><\/p>\n<p><img decoding=\"async\" src=\"\/wp-content\/uploads\/factory-06.webp\"\/><\/p>\n<p><img decoding=\"async\" src=\"\/wp-content\/uploads\/factory-07.webp\"\/><\/p>\n<h3>V\u00e6rksted for pulverlakering<\/h3>\n<p><img decoding=\"async\" src=\"\/wp-content\/uploads\/factory-09.webp\"\/><\/p>\n<h3>Anodiseringsv\u00e6rksted<\/h3>\n<p><img decoding=\"async\" src=\"\/wp-content\/uploads\/factory-10.webp\"\/><\/p>\n<h3>Workshop om dyb behandling<\/h3>\n<p><img decoding=\"async\" src=\"\/wp-content\/uploads\/factory-11.webp\"\/><\/p>\n<h3>V\u00e6rksted for CNC-pr\u00e6cisionsbearbejdning<\/h3>\n<p><img decoding=\"async\" src=\"\/wp-content\/uploads\/factory-11.5.webp\"\/><\/p>\n<h3>F\u00e6rdigvare- og eksportlager<\/h3>\n<p><img decoding=\"async\" src=\"\/wp-content\/uploads\/factory-12.webp\"\/><\/p>\n<p><img decoding=\"async\" src=\"\/wp-content\/uploads\/factory-13.webp\"\/><\/p>\n<p><img decoding=\"async\" src=\"\/wp-content\/uploads\/factory-14.webp\"\/><\/p>\n<h2>OFTE STILLEDE SP\u00d8RGSM\u00c5L<\/h2>\n<p><p><b>1. hvad er en aluminiumsekstrudering 6063 anodiseret garderobe t\u00f8jstang aluminiumsprofil?<\/b><\/p>\n<p>Det er en aluminiumsprofil lavet af 6063-legering med en anodiseret finish, designet specielt til garderobest\u00e6nger, der giver styrke og holdbarhed.<br \/>\n<\/p><br \/>\n<br \/>\n<p><b>2. hvad er de vigtigste fordele ved 6063 anodiseret aluminium garderobe t\u00f8j stang profiler?<\/b><\/p>\n<p>De giver fremragende korrosionsbestandighed, glat overfladefinish, letv\u00e6gtsstyrke, rustbestandighed og langvarig holdbarhed.<br \/>\n<\/p><br \/>\n<br \/>\n<p><b>3. Hvorfor v\u00e6lge 6063 anodiseret aluminium til garderobest\u00e6nger?<\/b><\/p>\n<p>6063-legeringen har gode mekaniske egenskaber, og anodisering forbedrer overfladens h\u00e5rdhed, korrosionsbestandighed og \u00e6stetiske appel, der er ideel til garderobebrug.<br \/>\n<\/p><br \/>\n<br \/>\n<p><b>4. kan ekstruderede aluminiumsprofiler til garderobest\u00e6nger tilpasses?<\/b><\/p>\n<p>Ja, de kan tilpasses i l\u00e6ngde, diameter, v\u00e6gtykkelse, anodiseringsfarve og overfladestruktur for at opfylde specifikke behov for garderobedesign.<br \/>\n<\/p><br \/>\n<br \/>\n<p><b>5. Hvordan forbedrer den anodiserede finish garderobestangens ydeevne?<\/b><\/p>\n<p>Anodisering giver et beskyttende lag, der modst\u00e5r ridser, korrosion og slitage, hvilket sikrer en glat og holdbar overflade til daglig brug.<br \/>\n<\/p><br \/>\n<br \/>\n<p><b>6. Er t\u00f8jstangsprofiler i 6063 anodiseret aluminium velegnede til garderobeskabe i boliger og erhverv?<\/b><\/p>\n<p>Ja, de bruges i vid udstr\u00e6kning i b\u00e5de private og kommercielle sammenh\u00e6nge p\u00e5 grund af deres styrke, holdbarhed og elegante finish.<br \/>\n<\/p><br \/>\n<br \/>\n<p><b>7. Hvilke industrier bruger ofte 6063 anodiserede aluminiumsprofiler til garderobest\u00e6nger?<\/b><\/p>\n<p>M\u00f8belproducenter, indretningsarkitekter og leverand\u00f8rer af garderobesystemer bruger disse profiler til p\u00e5lidelige garderobel\u00f8sninger af h\u00f8j kvalitet.<br \/>\n<\/p><br \/>\n<br \/>\n<p><b>8. Hvordan underst\u00f8tter ekstruderet aluminium 6063 anodiserede garderobest\u00e6nger b\u00e6redygtigt m\u00f8beldesign?<\/b><\/p>\n<p>Aluminium er fuldt genanvendeligt, og den anodiserede finish forl\u00e6nger produktets levetid, hvilket reducerer affald og fremmer milj\u00f8venlig m\u00f8belproduktion.<br \/>\n<\/p><br \/><\/p>","protected":false},"featured_media":6665,"template":"","categories":[64],"class_list":["post-6666","product","type-product","status-publish","has-post-thumbnail","hentry","category-new-trend-aluminium-products"],"meta_box":{"hilight_text_group":{"product_hilight_text":"<li>Made from durable 6063 aluminum alloy with excellent strength<\/li>\r\r\n<li>Anodized finish enhances corrosion resistance and surface hardness<\/li>\r\r\n<li>Lightweight design ideal for wardrobe clothes rods and storage solutions<\/li>\r\r\n<li>Precision extrusion ensures smooth surface and consistent dimensions<\/li>\r\r\n<li>Supports custom lengths and bulk orders for large-scale projects<\/li>","product_chanpin_blog":"<ul>\r\r\n<li><a href=\"https:\/\/sinoextrud.com\/t-slot-v-slot-differences\/\" target=\"_blank\">t slot vs v slot<\/a><\/li>\r\r\n<li><a href=\"https:\/\/sinoextrud.com\/what-is-4040-aluminium-extrud\/\" target=\"_blank\">4040 aluminium extrusion<\/a><\/li>\r\r\n<li><a href=\"https:\/\/sinoextrud.com\/what-is-4040-aluminium-extrud\/\" target=\"_blank\">aluminum extrusions for industrial racks<\/a><\/li>\r\r\n<li><a href=\"https:\/\/sinoextrud.com\/powder-coating-aluminium-process\/\" target=\"_blank\">powder coating aluminium<\/a><\/li>\r\r\n<li><a href=\"https:\/\/sinoextrud.com\/what-is-an-aluminium-strip-ceiling\/\" target=\"_blank\">aluminium strip ceiling<\/a><\/li>\r\r\n<li><a href=\"https:\/\/sinoextrud.com\/what-is-a-heat-sink\/\" target=\"_blank\">what is a heat sink<\/a><\/li>\r\r\n<\/ul>","product_chanpin_chanpin":"<li><a href=\"https:\/\/sinoextrud.com\/product\/cnc-bending-aluminum-frame-profile-for-suitcase-luggage\/\" target=\"_blank\">CNC Bending Aluminum Frame Profile For Suitcase Luggage<\/a><\/li>\r\n<li><a href=\"https:\/\/sinoextrud.com\/product\/custom-high-quality-reinforced-aluminum-flood-planks-aluminum-flood-barrier-profiles\/\" target=\"_blank\">Custom High-quality Reinforced Aluminum Flood Planks Aluminum Flood Barrier Profiles<\/a><\/li>\r\n<li><a href=\"https:\/\/sinoextrud.com\/product\/custom-high-quality-6063-powder-coating-aluminum-pergola-profile\/\" target=\"_blank\">Custom High-quality 6063 Powder Coating Aluminum Pergola Profile<\/a><\/li>\r\n<li><a href=\"https:\/\/sinoextrud.com\/product\/china-high-quality-polishing-shower-enclosure-aluminum-extrusion-profile\/\" target=\"_blank\">China High-quality Polishing Shower Enclosure Aluminum Extrusion Profile<\/a><\/li>\r\n<li><a href=\"https:\/\/sinoextrud.com\/product\/aluminum-extrusion-6063-anodized-wardrobe-clothes-rod-aluminum-profile\/\" target=\"_blank\">Aluminum Extrusion 6063 Anodized Wardrobe Clothes Rod Aluminum Profile<\/a><\/li>\r\n<li><a href=\"https:\/\/sinoextrud.com\/product\/aluminum-extrusion-6063-anodized-clothes-drive-airer-aluminum-rack-profile\/\" target=\"_blank\">Aluminum Extrusion 6063 Anodized Clothes Drive Airer Aluminum Rack Profile<\/a><\/li>\r\n<li><a href=\"https:\/\/sinoextrud.com\/product\/aluminum-extrusion-baseboard-aluminum-skirting-profile\/\" target=\"_blank\">Aluminum Extrusion Baseboard Aluminum Skirting Profile<\/a><\/li>\r\n<li><a href=\"https:\/\/sinoextrud.com\/product\/aluminum-extrusion-aluminum-edge-trim-for-truck-body-cabins-profiles\/\" target=\"_blank\">Aluminum Extrusion Aluminum Edge Trim For Truck Body Cabins Profiles<\/a><\/li>\r\n<li><a href=\"https:\/\/sinoextrud.com\/product\/aluminum-extrusion-6063-powder-coating-aluminum-tile-roof-profile\/\" target=\"_blank\">Aluminum Extrusion 6063 Powder Coating Aluminum Tile Roof Profile<\/a><\/li>\r\n<li><a href=\"https:\/\/sinoextrud.com\/product\/extrusion-aluminium-tube-pipe-aluminum-polishing-style\/\" target=\"_blank\">Extrusion Aluminium Tube Pipe Aluminum Polishing Style<\/a><\/li>\r\n<li><a href=\"https:\/\/sinoextrud.com\/product\/customizable-minimalist-office-aluminum-partition-profiles\/\" target=\"_blank\">Customizable Minimalist Office Aluminum Partition Profiles<\/a><\/li>"},"feature_list":[]},"_links":{"self":[{"href":"https:\/\/sinoextrud.com\/da\/wp-json\/wp\/v2\/product\/6666","targetHints":{"allow":["GET"]}}],"collection":[{"href":"https:\/\/sinoextrud.com\/da\/wp-json\/wp\/v2\/product"}],"about":[{"href":"https:\/\/sinoextrud.com\/da\/wp-json\/wp\/v2\/types\/product"}],"wp:featuredmedia":[{"embeddable":true,"href":"https:\/\/sinoextrud.com\/da\/wp-json\/wp\/v2\/media\/6665"}],"wp:attachment":[{"href":"https:\/\/sinoextrud.com\/da\/wp-json\/wp\/v2\/media?parent=6666"}],"wp:term":[{"taxonomy":"category","embeddable":true,"href":"https:\/\/sinoextrud.com\/da\/wp-json\/wp\/v2\/categories?post=6666"}],"curies":[{"name":"wp","href":"https:\/\/api.w.org\/{rel}","templated":true}]}}