{"id":6638,"date":"2025-05-30T02:41:25","date_gmt":"2025-05-30T02:41:25","guid":{"rendered":"https:\/\/sinoextrud.com\/product\/customizable-bathroom-mirror-frame-bent-aluminum-profiles\/"},"modified":"2025-06-24T06:11:23","modified_gmt":"2025-06-24T06:11:23","slug":"spejlramme-til-badevaerelse-der-kan-tilpasses-bojede-aluminiumsprofiler","status":"publish","type":"product","link":"https:\/\/sinoextrud.com\/da\/product\/customizable-bathroom-mirror-frame-bent-aluminum-profiles\/","title":{"rendered":"Badev\u00e6relsesspejlramme, der kan tilpasses, b\u00f8jede aluminiumsprofiler"},"content":{"rendered":"<h2>Detaljer om produkter<\/h2>\n<table class=\"custom-table\">\n<tr>\n<td class=\"label\">Produktets navn<\/td>\n<td>Badev\u00e6relsesspejlramme, der kan tilpasses, b\u00f8jede aluminiumsprofiler<\/td>\n<\/tr>\n<tr>\n<td class=\"label\">Materiale<\/td>\n<td>Aluminium af h\u00f8j kvalitet<\/td>\n<\/tr>\n<tr>\n<td class=\"label\">Tilpasningsmuligheder<\/td>\n<td>Tilpassede former, st\u00f8rrelser og finish f\u00e5s (anodiseret, pulverlakeret, b\u00f8rstet)<\/td>\n<\/tr>\n<tr>\n<td class=\"label\">V\u00e6gt<\/td>\n<td>Letv\u00e6gt, nem at h\u00e5ndtere og installere<\/td>\n<\/tr>\n<tr>\n<td class=\"label\">Holdbarhed<\/td>\n<td>Korrosionsbestandig og slidst\u00e6rk<\/td>\n<\/tr>\n<tr>\n<td class=\"label\">Overfladebehandling<\/td>\n<td>Anodisering, pulverlakering, b\u00f8rstet finish<\/td>\n<\/tr>\n<tr>\n<td class=\"label\">Anvendelser<\/td>\n<td>Indramning af badev\u00e6relsesspejle i bolig- og erhvervsomr\u00e5der, specialdesign til hoteller, spaer osv.<\/td>\n<\/tr>\n<tr>\n<td class=\"label\">CNC-bearbejdningstjenester<\/td>\n<td>F\u00e5s til pr\u00e6cis sk\u00e6ring, b\u00f8jning og formning<\/td>\n<\/tr>\n<tr>\n<td class=\"label\">Kvalitetskontrol<\/td>\n<td>Strenge kvalitetssikringsprocesser, herunder materialetest og slutinspektion<\/td>\n<\/tr>\n<tr>\n<td class=\"label\">Emballage<\/td>\n<td>Beskyttende indpakning og skr\u00e6ddersyede emballagel\u00f8sninger<\/td>\n<\/tr>\n<tr>\n<td class=\"label\">ODM\/OEM-support<\/td>\n<td>Tilg\u00e6ngelig for skr\u00e6ddersyede l\u00f8sninger<\/td>\n<\/tr>\n<tr>\n<td class=\"label\">Genneml\u00f8bstid<\/td>\n<td>Typisk 4-6 uger, afh\u00e6ngigt af tilpasning og ordrest\u00f8rrelse<\/td>\n<\/tr>\n<\/table>\n<h2>Vores produktionsbase<\/h2>\n<h3>Panorama over fabrikken<\/h3>\n<p><img decoding=\"async\" src=\"\/wp-content\/uploads\/factory-01.webp\"\/><\/p>\n<h3>V\u00e6rksted til fremstilling af aluminiumst\u00e6nger<\/h3>\n<p><img decoding=\"async\" src=\"\/wp-content\/uploads\/factory-02.webp\"\/><\/p>\n<\/p>\n<p><img decoding=\"async\" src=\"\/wp-content\/uploads\/factory-03.webp\"\/><\/p>\n<h3>Lager til opbevaring af skimmelsvampe<\/h3>\n<p><img decoding=\"async\" src=\"\/wp-content\/uploads\/factory-04.webp\"\/><\/p>\n<h3>43 ekstruderingslinjer for aluminium (500-5500 ton)<\/h3>\n<p><img decoding=\"async\" src=\"\/wp-content\/uploads\/factory-05.webp\"\/><\/p>\n<p><img decoding=\"async\" src=\"\/wp-content\/uploads\/factory-06.webp\"\/><\/p>\n<p><img decoding=\"async\" src=\"\/wp-content\/uploads\/factory-07.webp\"\/><\/p>\n<h3>V\u00e6rksted for pulverlakering<\/h3>\n<p><img decoding=\"async\" src=\"\/wp-content\/uploads\/factory-09.webp\"\/><\/p>\n<h3>Anodiseringsv\u00e6rksted<\/h3>\n<p><img decoding=\"async\" src=\"\/wp-content\/uploads\/factory-10.webp\"\/><\/p>\n<h3>Workshop om dyb behandling<\/h3>\n<p><img decoding=\"async\" src=\"\/wp-content\/uploads\/factory-11.webp\"\/><\/p>\n<h3>V\u00e6rksted for CNC-pr\u00e6cisionsbearbejdning<\/h3>\n<p><img decoding=\"async\" src=\"\/wp-content\/uploads\/factory-11.5.webp\"\/><\/p>\n<h3>F\u00e6rdigvare- og eksportlager<\/h3>\n<p><img decoding=\"async\" src=\"\/wp-content\/uploads\/factory-12.webp\"\/><\/p>\n<p><img decoding=\"async\" src=\"\/wp-content\/uploads\/factory-13.webp\"\/><\/p>\n<p><img decoding=\"async\" src=\"\/wp-content\/uploads\/factory-14.webp\"\/><\/p>\n<h2>OFTE STILLEDE SP\u00d8RGSM\u00c5L<\/h2>\n<p><b>1. Hvad er tilpassede badev\u00e6relsesspejlrammer b\u00f8jede aluminiumsprofiler?<\/b><\/p>\n<p>Det er aluminiumsprofiler, der b\u00f8jes og formes for at skabe skr\u00e6ddersyede rammer til badev\u00e6relsesspejle, hvilket giver holdbarhed og designfleksibilitet.\n<\/p>\n<p><\/p>\n<p><b>2. Hvad er de vigtigste fordele ved b\u00f8jede aluminiumsprofiler til spejlrammer i badev\u00e6relset?<\/b><\/p>\n<p>De giver korrosionsbestandighed, letv\u00e6gtsstyrke, nem tilpasning, elegant \u00e6stetik og modstandsdygtighed over for fugt og luftfugtighed.\n<\/p>\n<p><\/p>\n<p><b>3. hvorfor v\u00e6lge b\u00f8jede aluminiumsprofiler til spejlrammer i badev\u00e6relset?<\/b><\/p>\n<p>Aluminium modst\u00e5r rust og korrosion, er let at fremstille i komplekse former og giver en moderne, ren finish, der er ideel til badev\u00e6relsesmilj\u00f8er.\n<\/p>\n<p><\/p>\n<p><b>4. kan badev\u00e6relsesspejlramme b\u00f8jede aluminiumsprofiler tilpasses?<\/b><\/p>\n<p>Ja, de kan tilpasses i dimensioner, b\u00f8jningsvinkler, finish, farver og designdetaljer, s\u00e5 de passer til specifikke badev\u00e6relsesstile.\n<\/p>\n<p><\/p>\n<p><b>5. Hvordan forbedrer b\u00f8jning af aluminiumsprofiler designet af spejlrammer til badev\u00e6relset?<\/b><\/p>\n<p>B\u00f8jning giver mulighed for unikke former, bl\u00f8de kurver og s\u00f8ml\u00f8se samlinger, hvilket muligg\u00f8r skr\u00e6ddersyede spejlrammedesigns, der passer til forskellige \u00e6stetiske pr\u00e6ferencer.\n<\/p>\n<p><\/p>\n<p><b>6. Er b\u00f8jede aluminiumsprofiler egnede til fugtige badev\u00e6relsesforhold?<\/b><\/p>\n<p>Ja, aluminiums korrosionsbestandighed og holdbarhed over for fugt g\u00f8r b\u00f8jede profiler ideelle til v\u00e5de og fugtige badev\u00e6relsesmilj\u00f8er.\n<\/p>\n<p><\/p>\n<p><b>7. Hvilke industrier bruger ofte bukkede aluminiumsprofiler, der kan tilpasses, til spejlrammer?<\/b><\/p>\n<p>Producenter af badev\u00e6relsesarmaturer, indretningsarkitekter, boligforhandlere og virksomheder, der fremstiller specialskabe, bruger disse profiler.\n<\/p>\n<p><\/p>\n<p><b>8. Hvordan underst\u00f8tter b\u00f8jede aluminiumsprofiler, der kan tilpasses, b\u00e6redygtigt badev\u00e6relsesdesign?<\/b><\/p>\n<p>Aluminium er 100% genanvendeligt og holdbart, hvilket reducerer affald og behov for udskiftning, samtidig med at det giver milj\u00f8venligt og langtidsholdbart badev\u00e6relsesinventar.\n<\/p>\n<p><\/p>","protected":false},"featured_media":6637,"template":"","categories":[64],"class_list":["post-6638","product","type-product","status-publish","has-post-thumbnail","hentry","category-new-trend-aluminium-products"],"meta_box":{"hilight_text_group":{"product_hilight_text":"<li>Customizable bent aluminum profiles tailored for unique bathroom mirror designs<\/li>\r\r\n<li>High-quality aluminum offers durability and corrosion resistance in humid environments<\/li>\r\r\n<li>Precision bending ensures smooth curves and consistent dimensions<\/li>\r\r\n<li>Available in various finishes to complement modern bathroom aesthetics<\/li>\r\r\n<li>Supports bulk orders with reliable supply and fast delivery<\/li>","product_chanpin_blog":"<ul>\r\r\n<li><a href=\"https:\/\/sinoextrud.com\/t-slot-v-slot-differences\/\" target=\"_blank\">t slot vs v slot<\/a><\/li>\r\r\n<li><a href=\"https:\/\/sinoextrud.com\/what-is-4040-aluminium-extrud\/\" target=\"_blank\">4040 aluminium extrusion<\/a><\/li>\r\r\n<li><a href=\"https:\/\/sinoextrud.com\/what-is-4040-aluminium-extrud\/\" target=\"_blank\">aluminum extrusions for industrial racks<\/a><\/li>\r\r\n<li><a href=\"https:\/\/sinoextrud.com\/powder-coating-aluminium-process\/\" target=\"_blank\">powder coating aluminium<\/a><\/li>\r\r\n<li><a href=\"https:\/\/sinoextrud.com\/what-is-an-aluminium-strip-ceiling\/\" target=\"_blank\">aluminium strip ceiling<\/a><\/li>\r\r\n<li><a href=\"https:\/\/sinoextrud.com\/what-is-a-heat-sink\/\" target=\"_blank\">what is a heat sink<\/a><\/li>\r\r\n<\/ul>","product_chanpin_chanpin":"<li><a href=\"https:\/\/sinoextrud.com\/product\/aluminium-kitchen-cabinet-handles\/\" target=\"_blank\">Aluminium Kitchen Cabinet Handles<\/a><\/li>\r\n<li><a href=\"https:\/\/sinoextrud.com\/product\/aluminum-shower-door-frame-parts-u-channel\/\" target=\"_blank\">Aluminum Shower Door Frame Parts U-channel<\/a><\/li>\r\n<li><a href=\"https:\/\/sinoextrud.com\/product\/aluminium-extrusion-and-aluminium-profile\/\" target=\"_blank\">Aluminium Extrusion and Aluminium Profile<\/a><\/li>\r\n<li><a href=\"https:\/\/sinoextrud.com\/product\/telescopic-aluminium-square-tube\/\" target=\"_blank\">Telescopic Aluminium Square Tube<\/a><\/li>\r\n<li><a href=\"https:\/\/sinoextrud.com\/product\/customizable-bathroom-mirror-frame-bent-aluminum-profiles\/\" target=\"_blank\">Customizable Bathroom Mirror Frame Bent Aluminum Profiles<\/a><\/li>\r\n<li><a href=\"https:\/\/sinoextrud.com\/product\/china-factory-wholesale-6063-aluminum-fence-panels\/\" target=\"_blank\">China Factory Wholesale 6063 Aluminum Fence Panels<\/a><\/li>\r\n<li><a href=\"https:\/\/sinoextrud.com\/product\/aluminum-slatwall-panel-insert-profile\/\" target=\"_blank\">Aluminum Slatwall Panel Insert Profile<\/a><\/li>\r\n<li><a href=\"https:\/\/sinoextrud.com\/product\/custom-high-quality-aluminum-shower-room-mirror-frame-aluminum-profile\/\" target=\"_blank\">Custom High-quality Aluminum Shower Room Mirror Frame Aluminum Profile<\/a><\/li>\r\n<li><a href=\"https:\/\/sinoextrud.com\/product\/20-year-warranty-6061-6063-aluminum-wood-grain-look-aluminum-extruded-square-rectangular-tube\/\" target=\"_blank\">20-Year Warranty 6061 6063 Aluminum Wood Grain Look Aluminum Extruded Square Rectangular Tube<\/a><\/li>\r\n<li><a href=\"https:\/\/sinoextrud.com\/product\/aluminum-extrusion-6005-big-size-industrial-aluminum-profile\/\" target=\"_blank\">Aluminum Extrusion 6005 Big Size Industrial Aluminum Profile<\/a><\/li>\r\n<li><a href=\"https:\/\/sinoextrud.com\/product\/aluminum-profile-clean-room-for-workshop-and-hospital\/\" target=\"_blank\">Aluminum Profile Clean Room for Workshop and Hospital<\/a><\/li>"},"feature_list":[]},"_links":{"self":[{"href":"https:\/\/sinoextrud.com\/da\/wp-json\/wp\/v2\/product\/6638","targetHints":{"allow":["GET"]}}],"collection":[{"href":"https:\/\/sinoextrud.com\/da\/wp-json\/wp\/v2\/product"}],"about":[{"href":"https:\/\/sinoextrud.com\/da\/wp-json\/wp\/v2\/types\/product"}],"wp:featuredmedia":[{"embeddable":true,"href":"https:\/\/sinoextrud.com\/da\/wp-json\/wp\/v2\/media\/6637"}],"wp:attachment":[{"href":"https:\/\/sinoextrud.com\/da\/wp-json\/wp\/v2\/media?parent=6638"}],"wp:term":[{"taxonomy":"category","embeddable":true,"href":"https:\/\/sinoextrud.com\/da\/wp-json\/wp\/v2\/categories?post=6638"}],"curies":[{"name":"wp","href":"https:\/\/api.w.org\/{rel}","templated":true}]}}