{"id":6636,"date":"2025-05-30T02:37:30","date_gmt":"2025-05-30T02:37:30","guid":{"rendered":"https:\/\/sinoextrud.com\/product\/telescopic-aluminium-square-tube\/"},"modified":"2025-06-24T06:11:23","modified_gmt":"2025-06-24T06:11:23","slug":"teleskopisk-firkantet-aluminiumsror","status":"publish","type":"product","link":"https:\/\/sinoextrud.com\/da\/product\/telescopic-aluminium-square-tube\/","title":{"rendered":"Teleskopisk firkantet aluminiumsr\u00f8r"},"content":{"rendered":"<h2>Detaljer om produkter<\/h2>\n<table class=\"custom-table\">\n<tr>\n<td class=\"label\">Produktets navn<\/td>\n<td>Teleskopisk firkantet aluminiumsr\u00f8r<\/td>\n<\/tr>\n<tr>\n<td class=\"label\">Produktsortiment<\/td>\n<td>aluminiumsprofiler til R-vinkel aluminiumsr\u00f8r, firkantet aluminiumsr\u00f8r, aluminiumsr\u00f8r osv.<\/td>\n<\/tr>\n<tr>\n<td class=\"label\">Aluminiumslegering<\/td>\n<td>5000-serien, 6000-serien, 7000-serien<\/td>\n<\/tr>\n<tr>\n<td class=\"label\">Temperament<\/td>\n<td>T5-T8<\/td>\n<\/tr>\n<tr>\n<td class=\"label\">Form<\/td>\n<td>Tilpasning<\/td>\n<\/tr>\n<tr>\n<td class=\"label\">Farve<\/td>\n<td>Tilpasning<\/td>\n<\/tr>\n<tr>\n<td class=\"label\">Overfladebehandling<\/td>\n<td>fr\u00e6set f\u00e6rdig, anodiseret, tr\u00e6korn, power coating, sandbl\u00e6sning, elektroforese, b\u00f8rstet, polering osv.<\/td>\n<\/tr>\n<tr>\n<td class=\"label\">CNC-dybbearbejdning<\/td>\n<td>sk\u00e6ring, boring, bearbejdning, stansning, bukning, gevindsk\u00e6ring og s\u00e5 videre<\/td>\n<\/tr>\n<tr>\n<td class=\"label\">Certificeringer<\/td>\n<td>CE, ISO, SGS, TUV, ROHS<\/td>\n<\/tr>\n<tr>\n<td class=\"label\">Pr\u00f8ver<\/td>\n<td>Gratis pr\u00f8ve. 1-3 dage leveret til dig.<\/td>\n<\/tr>\n<tr>\n<td class=\"label\">MOQ<\/td>\n<td>200 kg for hver profil<\/td>\n<\/tr>\n<tr>\n<td class=\"label\">Leveringstid<\/td>\n<td>Formudvikling og pr\u00f8vekonformitet er 12-15 dage, derefter er produktionsvarigheden 15-25 dage efter modtagelse af depositum fra k\u00f8ber.<\/td>\n<\/tr>\n<tr>\n<td class=\"label\">Betalingsbetingelser<\/td>\n<td>30% depositum f\u00f8r produktion og balance f\u00f8r forsendelse.<\/td>\n<\/tr>\n<\/table>\n<h2>Vores produktionsbase<\/h2>\n<h3>Panorama over fabrikken<\/h3>\n<p><img decoding=\"async\" src=\"\/wp-content\/uploads\/factory-01.webp\"\/><\/p>\n<h3>V\u00e6rksted til fremstilling af aluminiumst\u00e6nger<\/h3>\n<p><img decoding=\"async\" src=\"\/wp-content\/uploads\/factory-02.webp\"\/><\/p>\n<p><img decoding=\"async\" src=\"\/wp-content\/uploads\/factory-03.webp\"\/><\/p>\n<h3>Lager til opbevaring af skimmelsvampe<\/h3>\n<p><img decoding=\"async\" src=\"\/wp-content\/uploads\/factory-04.webp\"\/><\/p>\n<h3>43 ekstruderingslinjer for aluminium (500-5500 ton)<\/h3>\n<p><img decoding=\"async\" src=\"\/wp-content\/uploads\/factory-05.webp\"\/><\/p>\n<p><img decoding=\"async\" src=\"\/wp-content\/uploads\/factory-06.webp\"\/><\/p>\n<p><img decoding=\"async\" src=\"\/wp-content\/uploads\/factory-07.webp\"\/><\/p>\n<h3>V\u00e6rksted for pulverlakering<\/h3>\n<p><img decoding=\"async\" src=\"\/wp-content\/uploads\/factory-09.webp\"\/><\/p>\n<h3>Anodiseringsv\u00e6rksted<\/h3>\n<p><img decoding=\"async\" src=\"\/wp-content\/uploads\/factory-10.webp\"\/><\/p>\n<h3>Workshop om dyb behandling<\/h3>\n<p><img decoding=\"async\" src=\"\/wp-content\/uploads\/factory-11.webp\"\/><\/p>\n<h3>V\u00e6rksted for CNC-pr\u00e6cisionsbearbejdning<\/h3>\n<p><img decoding=\"async\" src=\"\/wp-content\/uploads\/factory-11.5.webp\"\/><\/p>\n<h3>F\u00e6rdigvare- og eksportlager<\/h3>\n<p><img decoding=\"async\" src=\"\/wp-content\/uploads\/factory-12.webp\"\/><\/p>\n<p><img decoding=\"async\" src=\"\/wp-content\/uploads\/factory-13.webp\"\/><\/p>\n<p><img decoding=\"async\" src=\"\/wp-content\/uploads\/factory-14.webp\"\/><\/p>\n<h2>OFTE STILLEDE SP\u00d8RGSM\u00c5L<\/h2>\n<p><p><b>1. Hvad er et firkantet teleskopr\u00f8r i aluminium?<\/b><\/p>\n<p>Et teleskopisk firkantet aluminiumsr\u00f8r er et s\u00e6t indlejrede firkantede aluminiumsr\u00f8r, der er designet til at glide inden i hinanden til applikationer med justerbar l\u00e6ngde.<br \/>\n<\/p><br \/>\n<br \/>\n<p><b>2. Hvad er de vigtigste fordele ved firkantede teleskopr\u00f8r i aluminium?<\/b><\/p>\n<p>De tilbyder letv\u00e6gtsstyrke, korrosionsbestandighed, j\u00e6vn glidefunktion, nem justering og holdbarhed til alsidige anvendelser.<br \/>\n<\/p><br \/>\n<br \/>\n<p><b>3. Hvorfor v\u00e6lge firkantede teleskopr\u00f8r i aluminium frem for andre materialer?<\/b><\/p>\n<p>Aluminium giver fremragende korrosionsbestandighed, er let, kr\u00e6ver minimal vedligeholdelse og giver pr\u00e6cis fremstilling til s\u00f8ml\u00f8s teleskopering.<br \/>\n<\/p><br \/>\n<br \/>\n<p><b>4. Kan teleskopiske firkantede aluminiumsr\u00f8r tilpasses?<\/b><\/p>\n<p>Ja, de kan tilpasses i st\u00f8rrelse, v\u00e6gtykkelse, legeringstype, overfladefinish og l\u00e6ngde, s\u00e5 de passer til specifikke projektbehov.<br \/>\n<\/p><br \/>\n<br \/>\n<p><b>5. Hvilke fordele har teleskopdesignet for firkantede aluminiumsr\u00f8r?<\/b><\/p>\n<p>Det teleskopiske design giver mulighed for justerbar l\u00e6ngde, kompakt opbevaring og nem montering, hvilket g\u00f8r dem ideelle til opgaver, der kr\u00e6ver variabel st\u00f8rrelse.<br \/>\n<\/p><br \/>\n<br \/>\n<p><b>6. Er firkantede teleskopr\u00f8r i aluminium egnet til udend\u00f8rs brug?<\/b><\/p>\n<p>Ja, de er modstandsdygtige over for rust og korrosion, modst\u00e5r vejrliget og bevarer deres ydeevne i barske udend\u00f8rsmilj\u00f8er.<br \/>\n<\/p><br \/>\n<br \/>\n<p><b>7. Hvilke industrier bruger ofte firkantede teleskopr\u00f8r i aluminium?<\/b><\/p>\n<p>Bygge-, bil-, rumfarts-, m\u00f8bel- og udstyrsindustrien bruger disse r\u00f8r til justerbare strukturkomponenter.<br \/>\n<\/p><br \/>\n<br \/>\n<p><b>8. Hvordan underst\u00f8tter firkantede teleskopr\u00f8r i aluminium b\u00e6redygtig produktion?<\/b><\/p>\n<p>Aluminium er fuldt genanvendeligt, og det holdbare design reducerer udskiftningsfrekvensen, hvilket fremmer milj\u00f8venlige og omkostningseffektive l\u00f8sninger.<br \/>\n<\/p><br \/><\/p>","protected":false},"featured_media":6635,"template":"","categories":[64],"class_list":["post-6636","product","type-product","status-publish","has-post-thumbnail","hentry","category-new-trend-aluminium-products"],"meta_box":{"hilight_text_group":{"product_hilight_text":"<li>Telescopic design allows adjustable length for versatile applications<\/li>\r\r\n<li>Made from high-strength aluminum with excellent corrosion resistance<\/li>\r\r\n<li>Lightweight and easy to handle for efficient installation<\/li>\r\r\n<li>Precision extrusion ensures smooth sliding and reliable fit<\/li>\r\r\n<li>Custom sizes and finishes available to meet specific project requirements<\/li>","product_chanpin_blog":"<ul>\r\r\n<li><a href=\"https:\/\/sinoextrud.com\/t-slot-v-slot-differences\/\" target=\"_blank\">t slot vs v slot<\/a><\/li>\r\r\n<li><a href=\"https:\/\/sinoextrud.com\/what-is-4040-aluminium-extrud\/\" target=\"_blank\">4040 aluminium extrusion<\/a><\/li>\r\r\n<li><a href=\"https:\/\/sinoextrud.com\/what-is-4040-aluminium-extrud\/\" target=\"_blank\">aluminum extrusions for industrial racks<\/a><\/li>\r\r\n<li><a href=\"https:\/\/sinoextrud.com\/powder-coating-aluminium-process\/\" target=\"_blank\">powder coating aluminium<\/a><\/li>\r\r\n<li><a href=\"https:\/\/sinoextrud.com\/what-is-an-aluminium-strip-ceiling\/\" target=\"_blank\">aluminium strip ceiling<\/a><\/li>\r\r\n<li><a href=\"https:\/\/sinoextrud.com\/what-is-a-heat-sink\/\" target=\"_blank\">what is a heat sink<\/a><\/li>\r\r\n<\/ul>","product_chanpin_chanpin":"<li><a href=\"https:\/\/sinoextrud.com\/product\/weather-resistant-wood-grain-aluminum-profile\/\" target=\"_blank\">Weather Resistant Wood Grain Aluminum Profile<\/a><\/li>\r\n<li><a href=\"https:\/\/sinoextrud.com\/product\/aluminium-kitchen-cabinet-handles\/\" target=\"_blank\">Aluminium Kitchen Cabinet Handles<\/a><\/li>\r\n<li><a href=\"https:\/\/sinoextrud.com\/product\/aluminum-shower-door-frame-parts-u-channel\/\" target=\"_blank\">Aluminum Shower Door Frame Parts U-channel<\/a><\/li>\r\n<li><a href=\"https:\/\/sinoextrud.com\/product\/aluminium-extrusion-and-aluminium-profile\/\" target=\"_blank\">Aluminium Extrusion and Aluminium Profile<\/a><\/li>\r\n<li><a href=\"https:\/\/sinoextrud.com\/product\/telescopic-aluminium-square-tube\/\" target=\"_blank\">Telescopic Aluminium Square Tube<\/a><\/li>\r\n<li><a href=\"https:\/\/sinoextrud.com\/product\/customizable-bathroom-mirror-frame-bent-aluminum-profiles\/\" target=\"_blank\">Customizable Bathroom Mirror Frame Bent Aluminum Profiles<\/a><\/li>\r\n<li><a href=\"https:\/\/sinoextrud.com\/product\/china-factory-wholesale-6063-aluminum-fence-panels\/\" target=\"_blank\">China Factory Wholesale 6063 Aluminum Fence Panels<\/a><\/li>\r\n<li><a href=\"https:\/\/sinoextrud.com\/product\/aluminum-slatwall-panel-insert-profile\/\" target=\"_blank\">Aluminum Slatwall Panel Insert Profile<\/a><\/li>\r\n<li><a href=\"https:\/\/sinoextrud.com\/product\/custom-high-quality-aluminum-shower-room-mirror-frame-aluminum-profile\/\" target=\"_blank\">Custom High-quality Aluminum Shower Room Mirror Frame Aluminum Profile<\/a><\/li>\r\n<li><a href=\"https:\/\/sinoextrud.com\/product\/triangle-aluminium-tube-factory-price\/\" target=\"_blank\">Triangle Aluminium Tube Factory Price<\/a><\/li>\r\n<li><a href=\"https:\/\/sinoextrud.com\/product\/aluminum-edge-trim-for-plywood\/\" target=\"_blank\">Aluminum Edge Trim For Plywood<\/a><\/li>"},"feature_list":[]},"_links":{"self":[{"href":"https:\/\/sinoextrud.com\/da\/wp-json\/wp\/v2\/product\/6636","targetHints":{"allow":["GET"]}}],"collection":[{"href":"https:\/\/sinoextrud.com\/da\/wp-json\/wp\/v2\/product"}],"about":[{"href":"https:\/\/sinoextrud.com\/da\/wp-json\/wp\/v2\/types\/product"}],"wp:featuredmedia":[{"embeddable":true,"href":"https:\/\/sinoextrud.com\/da\/wp-json\/wp\/v2\/media\/6635"}],"wp:attachment":[{"href":"https:\/\/sinoextrud.com\/da\/wp-json\/wp\/v2\/media?parent=6636"}],"wp:term":[{"taxonomy":"category","embeddable":true,"href":"https:\/\/sinoextrud.com\/da\/wp-json\/wp\/v2\/categories?post=6636"}],"curies":[{"name":"wp","href":"https:\/\/api.w.org\/{rel}","templated":true}]}}