{"id":6632,"date":"2025-05-30T02:33:02","date_gmt":"2025-05-30T02:33:02","guid":{"rendered":"https:\/\/sinoextrud.com\/product\/aluminum-shower-door-frame-parts-u-channel\/"},"modified":"2025-06-24T06:11:22","modified_gmt":"2025-06-24T06:11:22","slug":"dele-til-brusedorsramme-i-aluminium-u-skinne","status":"publish","type":"product","link":"https:\/\/sinoextrud.com\/da\/product\/aluminum-shower-door-frame-parts-u-channel\/","title":{"rendered":"Dele til brused\u00f8rsramme i aluminium U-kanal"},"content":{"rendered":"<h2>Detaljer om produkter<\/h2>\n<table class=\"custom-table\">\n<tr>\n<td class=\"label\">Vare<\/td>\n<td>Dele til brused\u00f8rsramme i aluminium U-kanal<\/td>\n<\/tr>\n<tr>\n<td class=\"label\">Temperament<\/td>\n<td>T3-T8<\/td>\n<\/tr>\n<tr>\n<td class=\"label\">Procesflow<\/td>\n<td>Udvikling af st\u00f8beforme - Aluminiumssk\u00e6rver - Opvarmning - St\u00f8bning med r\u00e5 aluminium - Overfladebehandling<\/td>\n<\/tr>\n<tr>\n<td class=\"label\">Certificering<\/td>\n<td>CE, ISO, SGS, TUV<\/td>\n<\/tr>\n<tr>\n<td class=\"label\">Anvendelse<\/td>\n<td>Byggeri, industri<\/td>\n<\/tr>\n<tr>\n<td class=\"label\">Form<\/td>\n<td>U-formet<\/td>\n<\/tr>\n<tr>\n<td class=\"label\">Overfladebehandling<\/td>\n<td>Fr\u00e6set f\u00e6rdig, anodiseret, power coating, sandbl\u00e6sning, elektroforese, b\u00f8rstet, polering osv.<\/td>\n<\/tr>\n<tr>\n<td class=\"label\">Farve<\/td>\n<td>Baseret p\u00e5 kundernes krav<\/td>\n<\/tr>\n<tr>\n<td class=\"label\">Dyb bearbejdning<\/td>\n<td>Sk\u00e6ring, boring, bearbejdning, stansning, bukning, gevindsk\u00e6ring og s\u00e5 videre<\/td>\n<\/tr>\n<tr>\n<td class=\"label\">Garanti<\/td>\n<td>ISO:9001, SONCAP, BV-certifikat, TUV, SGS eller kundernes certifikat til r\u00e5dighed<\/td>\n<\/tr>\n<tr>\n<td class=\"label\">MOQ<\/td>\n<td>200 kg for hver profil<\/td>\n<\/tr>\n<tr>\n<td class=\"label\">Leveringstid<\/td>\n<td>Skimmeludvikling og pr\u00f8vekonformation er 12-15 dage, derefter er produktionsvarigheden 15-25 dage efter modtagelse af depositum fra k\u00f8ber.<\/td>\n<\/tr>\n<tr>\n<td class=\"label\">Gratis pr\u00f8ve<\/td>\n<td>1-3 dage kan sendes<\/td>\n<\/tr>\n<\/table>\n<h2>Vores produktionsbase<\/h2>\n<h3>Panorama over fabrikken<\/h3>\n<p><img decoding=\"async\" src=\"\/wp-content\/uploads\/factory-01.webp\"\/><\/p>\n<h3>V\u00e6rksted til fremstilling af aluminiumst\u00e6nger<\/h3>\n<p><img decoding=\"async\" src=\"\/wp-content\/uploads\/factory-02.webp\"\/><\/p>\n<p><img decoding=\"async\" src=\"\/wp-content\/uploads\/factory-03.webp\"\/><\/p>\n<h3>Lager til opbevaring af skimmelsvampe<\/h3>\n<p><img decoding=\"async\" src=\"\/wp-content\/uploads\/factory-04.webp\"\/><\/p>\n<h3>43 ekstruderingslinjer for aluminium (500-5500 ton)<\/h3>\n<p><img decoding=\"async\" src=\"\/wp-content\/uploads\/factory-05.webp\"\/><\/p>\n<p><img decoding=\"async\" src=\"\/wp-content\/uploads\/factory-06.webp\"\/><\/p>\n<p><img decoding=\"async\" src=\"\/wp-content\/uploads\/factory-07.webp\"\/><\/p>\n<h3>V\u00e6rksted for pulverlakering<\/h3>\n<p><img decoding=\"async\" src=\"\/wp-content\/uploads\/factory-09.webp\"\/><\/p>\n<h3>Anodiseringsv\u00e6rksted<\/h3>\n<p><img decoding=\"async\" src=\"\/wp-content\/uploads\/factory-10.webp\"\/><\/p>\n<h3>Workshop om dyb behandling<\/h3>\n<p><img decoding=\"async\" src=\"\/wp-content\/uploads\/factory-11.webp\"\/><\/p>\n<h3>V\u00e6rksted for CNC-pr\u00e6cisionsbearbejdning<\/h3>\n<p><img decoding=\"async\" src=\"\/wp-content\/uploads\/factory-11.5.webp\"\/><\/p>\n<h3>F\u00e6rdigvare- og eksportlager<\/h3>\n<p><img decoding=\"async\" src=\"\/wp-content\/uploads\/factory-12.webp\"\/><\/p>\n<p><img decoding=\"async\" src=\"\/wp-content\/uploads\/factory-13.webp\"\/><\/p>\n<p><img decoding=\"async\" src=\"\/wp-content\/uploads\/factory-14.webp\"\/><\/p>\n<h2>OFTE STILLEDE SP\u00d8RGSM\u00c5L<\/h2>\n<p><p><b>1. Hvad er U-kanalen i aluminiumsd\u00f8rkarmen?<\/b><\/p>\n<p>Det er U-formede aluminiumsskinner, der bruges som strukturelle komponenter i brused\u00f8rsrammer til at fastg\u00f8re glaspaneler og give stabilitet.<br \/>\n<\/p><br \/>\n<br \/>\n<p><b>2. Hvad er de vigtigste fordele ved U-kanals brused\u00f8rsrammedele i aluminium?<\/b><\/p>\n<p>De tilbyder fremragende korrosionsbestandighed, letv\u00e6gtsstyrke, holdbarhed, nem installation og en elegant, moderne finish.<br \/>\n<\/p><br \/>\n<br \/>\n<p><b>3. Hvorfor v\u00e6lge U-kanaler i aluminium til brused\u00f8rsrammer?<\/b><\/p>\n<p>U-skinner i aluminium modst\u00e5r fugt og rust, hvilket sikrer langvarig ydeevne i v\u00e5de badev\u00e6relsesmilj\u00f8er med minimal vedligeholdelse.<br \/>\n<\/p><br \/>\n<br \/>\n<p><b>4. kan U-kanaler i aluminiums brused\u00f8rsramme tilpasses?<\/b><\/p>\n<p>Ja, de kan tilpasses i st\u00f8rrelse, tykkelse, l\u00e6ngde og finish, s\u00e5 de passer til forskellige brused\u00f8rsdesigns og glaspaneldimensioner.<br \/>\n<\/p><br \/>\n<br \/>\n<p><b>5. Hvordan forbedrer U-kanaldesignet brused\u00f8rens funktionalitet?<\/b><\/p>\n<p>U-formen holder glaspanelerne sikkert p\u00e5 plads, giver strukturel st\u00f8tte og hj\u00e6lper med at forhindre vandl\u00e6kage i bruseafsk\u00e6rmninger.<br \/>\n<\/p><br \/>\n<br \/>\n<p><b>6. Er U-kanals brused\u00f8rsrammer af aluminium egnet til alle typer brused\u00f8re?<\/b><\/p>\n<p>Ja, de er kompatible med indrammede, halvindrammede og rammel\u00f8se brused\u00f8rsystemer.<br \/>\n<\/p><br \/>\n<br \/>\n<p><b>7. Hvilke industrier bruger ofte U-kanaldele i aluminium til brused\u00f8rsrammer?<\/b><\/p>\n<p>Producenter af badev\u00e6relsesarmaturer, boligforbedringsfirmaer og byggefirmaer bruger disse dele til montering af brused\u00f8re af h\u00f8j kvalitet.<br \/>\n<\/p><br \/>\n<br \/>\n<p><b>8. Hvordan underst\u00f8tter U-kanaldele til brused\u00f8rsrammer i aluminium b\u00e6redygtigt badev\u00e6relsesdesign?<\/b><\/p>\n<p>Aluminium er 100% genanvendeligt og holdbart, hvilket reducerer affald og behov for udskiftning ved milj\u00f8venlig renovering af badev\u00e6relser.<br \/>\n<\/p><br \/><\/p>","protected":false},"featured_media":6631,"template":"","categories":[64],"class_list":["post-6632","product","type-product","status-publish","has-post-thumbnail","hentry","category-new-trend-aluminium-products"],"meta_box":{"hilight_text_group":{"product_hilight_text":"<li>Durable aluminum U-channel designed for secure shower door framing<\/li>\r\r\n<li>Corrosion-resistant finish ensures long-lasting performance in wet environments<\/li>\r\r\n<li>Precision manufacturing provides easy installation and tight fit<\/li>\r\r\n<li>Lightweight yet strong for efficient handling and structural support<\/li>\r\r\n<li>Available in custom sizes and finishes to match various shower designs<\/li>","product_chanpin_blog":"<ul>\r\r\n<li><a href=\"https:\/\/sinoextrud.com\/t-slot-v-slot-differences\/\" target=\"_blank\">t slot vs v slot<\/a><\/li>\r\r\n<li><a href=\"https:\/\/sinoextrud.com\/what-is-4040-aluminium-extrud\/\" target=\"_blank\">4040 aluminium extrusion<\/a><\/li>\r\r\n<li><a href=\"https:\/\/sinoextrud.com\/what-is-4040-aluminium-extrud\/\" target=\"_blank\">aluminum extrusions for industrial racks<\/a><\/li>\r\r\n<li><a href=\"https:\/\/sinoextrud.com\/powder-coating-aluminium-process\/\" target=\"_blank\">powder coating aluminium<\/a><\/li>\r\r\n<li><a href=\"https:\/\/sinoextrud.com\/what-is-an-aluminium-strip-ceiling\/\" target=\"_blank\">aluminium strip ceiling<\/a><\/li>\r\r\n<li><a href=\"https:\/\/sinoextrud.com\/what-is-a-heat-sink\/\" target=\"_blank\">what is a heat sink<\/a><\/li>\r\r\n<\/ul>","product_chanpin_chanpin":"<li><a href=\"https:\/\/sinoextrud.com\/product\/aluminum-t-shape-transition-tile-trim\/\" target=\"_blank\">Aluminum T Shape Transition Tile Trim<\/a><\/li>\r\n<li><a href=\"https:\/\/sinoextrud.com\/product\/wood-grain-aluminum-decking\/\" target=\"_blank\">Wood Grain Aluminum Decking<\/a><\/li>\r\n<li><a href=\"https:\/\/sinoextrud.com\/product\/weather-resistant-wood-grain-aluminum-profile\/\" target=\"_blank\">Weather Resistant Wood Grain Aluminum Profile<\/a><\/li>\r\n<li><a href=\"https:\/\/sinoextrud.com\/product\/aluminium-kitchen-cabinet-handles\/\" target=\"_blank\">Aluminium Kitchen Cabinet Handles<\/a><\/li>\r\n<li><a href=\"https:\/\/sinoextrud.com\/product\/aluminum-shower-door-frame-parts-u-channel\/\" target=\"_blank\">Aluminum Shower Door Frame Parts U-channel<\/a><\/li>\r\n<li><a href=\"https:\/\/sinoextrud.com\/product\/aluminium-extrusion-and-aluminium-profile\/\" target=\"_blank\">Aluminium Extrusion and Aluminium Profile<\/a><\/li>\r\n<li><a href=\"https:\/\/sinoextrud.com\/product\/telescopic-aluminium-square-tube\/\" target=\"_blank\">Telescopic Aluminium Square Tube<\/a><\/li>\r\n<li><a href=\"https:\/\/sinoextrud.com\/product\/customizable-bathroom-mirror-frame-bent-aluminum-profiles\/\" target=\"_blank\">Customizable Bathroom Mirror Frame Bent Aluminum Profiles<\/a><\/li>\r\n<li><a href=\"https:\/\/sinoextrud.com\/product\/china-factory-wholesale-6063-aluminum-fence-panels\/\" target=\"_blank\">China Factory Wholesale 6063 Aluminum Fence Panels<\/a><\/li>\r\n<li><a href=\"https:\/\/sinoextrud.com\/product\/custom-3003-aluminum-tube-bending-coolant-tubes\/\" target=\"_blank\">Custom 3003 Aluminum Tube Bending Coolant Tubes<\/a><\/li>\r\n<li><a href=\"https:\/\/sinoextrud.com\/product\/aluminum-car-pedal-anodized-silver\/\" target=\"_blank\">Aluminum Car Pedal Anodized Silver<\/a><\/li>"},"feature_list":[]},"_links":{"self":[{"href":"https:\/\/sinoextrud.com\/da\/wp-json\/wp\/v2\/product\/6632","targetHints":{"allow":["GET"]}}],"collection":[{"href":"https:\/\/sinoextrud.com\/da\/wp-json\/wp\/v2\/product"}],"about":[{"href":"https:\/\/sinoextrud.com\/da\/wp-json\/wp\/v2\/types\/product"}],"wp:featuredmedia":[{"embeddable":true,"href":"https:\/\/sinoextrud.com\/da\/wp-json\/wp\/v2\/media\/6631"}],"wp:attachment":[{"href":"https:\/\/sinoextrud.com\/da\/wp-json\/wp\/v2\/media?parent=6632"}],"wp:term":[{"taxonomy":"category","embeddable":true,"href":"https:\/\/sinoextrud.com\/da\/wp-json\/wp\/v2\/categories?post=6632"}],"curies":[{"name":"wp","href":"https:\/\/api.w.org\/{rel}","templated":true}]}}