{"id":6626,"date":"2025-05-30T02:15:44","date_gmt":"2025-05-30T02:15:44","guid":{"rendered":"https:\/\/sinoextrud.com\/product\/wood-grain-aluminum-decking\/"},"modified":"2025-06-24T06:11:19","modified_gmt":"2025-06-24T06:11:19","slug":"trae-korn-aluminium-terrassebord","status":"publish","type":"product","link":"https:\/\/sinoextrud.com\/da\/product\/wood-grain-aluminum-decking\/","title":{"rendered":"Tr\u00e6korn i aluminiumsd\u00e6k"},"content":{"rendered":"<h2>Detaljer om produkter<\/h2>\n<table class=\"custom-table\">\n<tr>\n<td class=\"label\">Produktets navn<\/td>\n<td>Tr\u00e6korn i aluminiumsd\u00e6k<\/td>\n<\/tr>\n<tr>\n<td class=\"label\">Aluminiumslegering<\/td>\n<td>1000-serien, 200-serien, 3000-serien, 5000-serien, 6000-serien, 7000-serien<\/td>\n<\/tr>\n<tr>\n<td class=\"label\">Produktsortiment<\/td>\n<td>Aluminiumsekstrudering til aluminiumsd\u00e6kbr\u00e6t, aluminiumsd\u00e6kr\u00e6kv\u00e6rk, aluminiumsd\u00e6kindramning, aluminiumsd\u00e6kgulv, aluminiumsd\u00e6k, aluminiumsd\u00e6kr\u00e6kv\u00e6rk, aluminiumsd\u00e6ksystem, aluminiumsd\u00e6kskinnesystemer<\/td>\n<\/tr>\n<tr>\n<td class=\"label\">Temperament<\/td>\n<td>T3-T8<\/td>\n<\/tr>\n<tr>\n<td class=\"label\">Garanti<\/td>\n<td>Udend\u00f8rs vejrbestandigt tr\u00e6korn, Aksu- og Menphis-tr\u00e6korn, importeret forvitrende tr\u00e6korn, 10 \u00e5rs garanti \uff0c 15 \u00e5rs garanti Udend\u00f8rs tr\u00e6korn med h\u00f8j vejrbestandighed.<\/td>\n<\/tr>\n<tr>\n<td class=\"label\">Form<\/td>\n<td>Tilpasning<\/td>\n<\/tr>\n<tr>\n<td class=\"label\">Farve<\/td>\n<td>Tilpasning<\/td>\n<\/tr>\n<tr>\n<td class=\"label\">Overfladebehandling<\/td>\n<td>fr\u00e6set f\u00e6rdig, anodiseret, tr\u00e6korn, power coating, sandbl\u00e6sning, elektroforese, b\u00f8rstet, polering osv.<\/td>\n<\/tr>\n<tr>\n<td class=\"label\">CNC-dybbearbejdning<\/td>\n<td>sk\u00e6ring, boring, bearbejdning, stansning, bukning, gevindsk\u00e6ring og s\u00e5 videre<\/td>\n<\/tr>\n<tr>\n<td class=\"label\">Certificeringer<\/td>\n<td>CE, ISO, SGS, TUV, ROHS<\/td>\n<\/tr>\n<tr>\n<td class=\"label\">Pr\u00f8ver<\/td>\n<td>Gratis pr\u00f8ve. 1-3 dage leveret til dig.<\/td>\n<\/tr>\n<tr>\n<td class=\"label\">MOQ<\/td>\n<td>200 kg for hver profil<\/td>\n<\/tr>\n<tr>\n<td class=\"label\">Leveringstid<\/td>\n<td>Formudvikling og pr\u00f8vekonformitet er 12-15 dage, derefter er produktionsvarigheden 15-25 dage efter modtagelse af depositum fra k\u00f8ber.<\/td>\n<\/tr>\n<tr>\n<td class=\"label\">Betalingsbetingelser<\/td>\n<td>30% depositum f\u00f8r produktion og balance f\u00f8r forsendelse.<br \/>osv.<\/td>\n<\/tr>\n<\/table>\n<h2>Vores produktionsbase<\/h2>\n<h3>Panorama over fabrikken<\/h3>\n<p><img decoding=\"async\" src=\"\/wp-content\/uploads\/factory-01.webp\"\/><\/p>\n<h3>V\u00e6rksted til fremstilling af aluminiumst\u00e6nger<\/h3>\n<p><img decoding=\"async\" src=\"\/wp-content\/uploads\/factory-02.webp\"\/><\/p>\n<p><img decoding=\"async\" src=\"\/wp-content\/uploads\/factory-03.webp\"\/><\/p>\n<h3>Lager til opbevaring af skimmelsvampe<\/h3>\n<p><img decoding=\"async\" src=\"\/wp-content\/uploads\/factory-04.webp\"\/><\/p>\n<h3>43 ekstruderingslinjer for aluminium (500-5500 ton)<\/h3>\n<p><img decoding=\"async\" src=\"\/wp-content\/uploads\/factory-05.webp\"\/><\/p>\n<p><img decoding=\"async\" src=\"\/wp-content\/uploads\/factory-06.webp\"\/><\/p>\n<p><img decoding=\"async\" src=\"\/wp-content\/uploads\/factory-07.webp\"\/><\/p>\n<h3>V\u00e6rksted for pulverlakering<\/h3>\n<p><img decoding=\"async\" src=\"\/wp-content\/uploads\/factory-09.webp\"\/><\/p>\n<h3>Anodiseringsv\u00e6rksted<\/h3>\n<p><img decoding=\"async\" src=\"\/wp-content\/uploads\/factory-10.webp\"\/><\/p>\n<h3>Workshop om dyb behandling<\/h3>\n<p><img decoding=\"async\" src=\"\/wp-content\/uploads\/factory-11.webp\"\/><\/p>\n<h3>V\u00e6rksted for CNC-pr\u00e6cisionsbearbejdning<\/h3>\n<p><img decoding=\"async\" src=\"\/wp-content\/uploads\/factory-11.5.webp\"\/><\/p>\n<h3>F\u00e6rdigvare- og eksportlager<\/h3>\n<p><img decoding=\"async\" src=\"\/wp-content\/uploads\/factory-12.webp\"\/><\/p>\n<p><img decoding=\"async\" src=\"\/wp-content\/uploads\/factory-13.webp\"\/><\/p>\n<p><img decoding=\"async\" src=\"\/wp-content\/uploads\/factory-14.webp\"\/><\/p>\n<h2>OFTE STILLEDE SP\u00d8RGSM\u00c5L<\/h2>\n<p><p><b>1. Hvad er aluminiumsd\u00e6k med tr\u00e6korn?<\/b><\/p>\n<p>Tr\u00e6korn i aluminium er et holdbart terrassemateriale fremstillet af aluminium med en overfladefinish, der efterligner tr\u00e6ets naturlige udseende og struktur.<br \/>\n<\/p><br \/>\n<br \/>\n<p><b>2. Hvad er de vigtigste fordele ved aluminiumsd\u00e6k med tr\u00e6korn?<\/b><\/p>\n<p>Det giver fremragende korrosionsbestandighed, letv\u00e6gtsstyrke, lav vedligeholdelse, skridsikkerhed og den \u00e6stetiske appel fra naturligt tr\u00e6.<br \/>\n<\/p><br \/>\n<br \/>\n<p><b>3. Hvorfor v\u00e6lge en aluminiumsplade med tr\u00e6korn frem for traditionelt tr\u00e6?<\/b><\/p>\n<p>Aluminiumsd\u00e6k modst\u00e5r r\u00e5d, insekter, vridning og vejrskader, hvilket giver l\u00e6ngere levetid og lettere vedligeholdelse, samtidig med at de bevarer et tr\u00e6lignende udseende.<br \/>\n<\/p><br \/>\n<br \/>\n<p><b>4. kan tr\u00e6 korn aluminium terrassebord tilpasses?<\/b><\/p>\n<p>Ja, det kan tilpasses i st\u00f8rrelse, farve, tr\u00e6struktur, finish og tykkelse, s\u00e5 det passer til forskellige arkitektoniske og landskabelige designs.<br \/>\n<\/p><br \/>\n<br \/>\n<p><b>5. Hvordan forbedrer tr\u00e6kornsfinishen aluminiumsd\u00e6k?<\/b><\/p>\n<p>Finishen giver en realistisk tr\u00e6struktur og -udseende, samtidig med at aluminiums holdbarhed, rustbestandighed og reng\u00f8ringsvenlighed bevares.<br \/>\n<\/p><br \/>\n<br \/>\n<p><b>6. Er aluminiumsd\u00e6k med tr\u00e6korn egnet til udend\u00f8rs brug?<\/b><\/p>\n<p>Ja, det er designet til at modst\u00e5 UV-eksponering, fugt og barske vejrforhold, hvilket g\u00f8r det ideelt til g\u00e5rdhaver, terrasser og poolomr\u00e5der.<br \/>\n<\/p><br \/>\n<br \/>\n<p><b>7. Hvilke industrier bruger ofte aluminiumsd\u00e6k med tr\u00e6korn?<\/b><\/p>\n<p>Boligbyggeri, kommerciel landskabspleje, g\u00e6stfrihed og rekreative faciliteter bruger denne terrasse p\u00e5 grund af dens holdbarhed og \u00e6stetik.<br \/>\n<\/p><br \/>\n<br \/>\n<p><b>8. Hvordan underst\u00f8tter aluminiumsd\u00e6k med tr\u00e6korn b\u00e6redygtigt byggeri?<\/b><\/p>\n<p>Aluminium er 100% genanvendeligt, og tr\u00e6sorter er et milj\u00f8venligt alternativ til tr\u00e6, hvilket reducerer milj\u00f8p\u00e5virkningen og afskovningen.<br \/>\n<\/p><br \/><\/p>","protected":false},"featured_media":6625,"template":"","categories":[64],"class_list":["post-6626","product","type-product","status-publish","has-post-thumbnail","hentry","category-new-trend-aluminium-products"],"meta_box":{"hilight_text_group":{"product_hilight_text":"<li>Wood grain finish provides natural aesthetic with aluminum durability<\/li>\r\r\n<li>Corrosion-resistant and weatherproof for long-lasting outdoor use<\/li>\r\r\n<li>Lightweight design simplifies installation and reduces structural load<\/li>\r\r\n<li>Low maintenance compared to traditional wood decking<\/li>\r\r\n<li>Available in custom sizes and finishes to match design preferences<\/li>","product_chanpin_blog":"<ul>\r\r\n<li><a href=\"https:\/\/sinoextrud.com\/t-slot-v-slot-differences\/\" target=\"_blank\">t slot vs v slot<\/a><\/li>\r\r\n<li><a href=\"https:\/\/sinoextrud.com\/what-is-4040-aluminium-extrud\/\" target=\"_blank\">4040 aluminium extrusion<\/a><\/li>\r\r\n<li><a href=\"https:\/\/sinoextrud.com\/what-is-4040-aluminium-extrud\/\" target=\"_blank\">aluminum extrusions for industrial racks<\/a><\/li>\r\r\n<li><a href=\"https:\/\/sinoextrud.com\/powder-coating-aluminium-process\/\" target=\"_blank\">powder coating aluminium<\/a><\/li>\r\r\n<li><a href=\"https:\/\/sinoextrud.com\/what-is-an-aluminium-strip-ceiling\/\" target=\"_blank\">aluminium strip ceiling<\/a><\/li>\r\r\n<li><a href=\"https:\/\/sinoextrud.com\/what-is-a-heat-sink\/\" target=\"_blank\">what is a heat sink<\/a><\/li>\r\r\n<\/ul>","product_chanpin_chanpin":"<li><a href=\"https:\/\/sinoextrud.com\/product\/purification-workshop-aluminum-profiles\/\" target=\"_blank\">Purification Workshop Aluminum Profiles<\/a><\/li>\r\n<li><a href=\"https:\/\/sinoextrud.com\/product\/aluminium-cladding-wall-profile\/\" target=\"_blank\">Aluminium Cladding Wall Profile<\/a><\/li>\r\n<li><a href=\"https:\/\/sinoextrud.com\/product\/medical-instrument-aluminum-profile\/\" target=\"_blank\">Medical Instrument Aluminum Profile<\/a><\/li>\r\n<li><a href=\"https:\/\/sinoextrud.com\/product\/aluminum-t-shape-transition-tile-trim\/\" target=\"_blank\">Aluminum T Shape Transition Tile Trim<\/a><\/li>\r\n<li><a href=\"https:\/\/sinoextrud.com\/product\/wood-grain-aluminum-decking\/\" target=\"_blank\">Wood Grain Aluminum Decking<\/a><\/li>\r\n<li><a href=\"https:\/\/sinoextrud.com\/product\/weather-resistant-wood-grain-aluminum-profile\/\" target=\"_blank\">Weather Resistant Wood Grain Aluminum Profile<\/a><\/li>\r\n<li><a href=\"https:\/\/sinoextrud.com\/product\/aluminium-kitchen-cabinet-handles\/\" target=\"_blank\">Aluminium Kitchen Cabinet Handles<\/a><\/li>\r\n<li><a href=\"https:\/\/sinoextrud.com\/product\/aluminum-shower-door-frame-parts-u-channel\/\" target=\"_blank\">Aluminum Shower Door Frame Parts U-channel<\/a><\/li>\r\n<li><a href=\"https:\/\/sinoextrud.com\/product\/aluminium-extrusion-and-aluminium-profile\/\" target=\"_blank\">Aluminium Extrusion and Aluminium Profile<\/a><\/li>\r\n<li><a href=\"https:\/\/sinoextrud.com\/product\/6061-aluminum-price-per-pound-best-quality-anodized-t-slot-aluminum-profile-extrusion-framing-track\/\" target=\"_blank\">6061 aluminum price per pound best quality anodized t-slot aluminum profile extrusion framing track<\/a><\/li>\r\n<li><a href=\"https:\/\/sinoextrud.com\/product\/aluminium-tube-suppliers-offer-extruded-aluminium-square-tube-profile-with-anodized-powder-coating-surface-treatment\/\" target=\"_blank\">Aluminium Tube Suppliers Offer Extruded Aluminium Square Tube Profile With Anodized Powder Coating Surface Treatment<\/a><\/li>"},"feature_list":[]},"_links":{"self":[{"href":"https:\/\/sinoextrud.com\/da\/wp-json\/wp\/v2\/product\/6626","targetHints":{"allow":["GET"]}}],"collection":[{"href":"https:\/\/sinoextrud.com\/da\/wp-json\/wp\/v2\/product"}],"about":[{"href":"https:\/\/sinoextrud.com\/da\/wp-json\/wp\/v2\/types\/product"}],"wp:featuredmedia":[{"embeddable":true,"href":"https:\/\/sinoextrud.com\/da\/wp-json\/wp\/v2\/media\/6625"}],"wp:attachment":[{"href":"https:\/\/sinoextrud.com\/da\/wp-json\/wp\/v2\/media?parent=6626"}],"wp:term":[{"taxonomy":"category","embeddable":true,"href":"https:\/\/sinoextrud.com\/da\/wp-json\/wp\/v2\/categories?post=6626"}],"curies":[{"name":"wp","href":"https:\/\/api.w.org\/{rel}","templated":true}]}}