{"id":6585,"date":"2025-05-29T09:51:28","date_gmt":"2025-05-29T09:51:28","guid":{"rendered":"https:\/\/sinoextrud.com\/product\/wood-grain-aluminum-square-tube\/"},"modified":"2025-06-24T06:11:13","modified_gmt":"2025-06-24T06:11:13","slug":"firkantede-ror-af-aluminium-med-traestruktur","status":"publish","type":"product","link":"https:\/\/sinoextrud.com\/da\/product\/wood-grain-aluminum-square-tube\/","title":{"rendered":"Firkantet r\u00f8r af aluminium med tr\u00e6korn"},"content":{"rendered":"<h2>Detaljer om produkter<\/h2>\n<table class=\"custom-table\">\n<tr>\n<td class=\"label\">Vare:<\/td>\n<td>Firkantet r\u00f8r af aluminium med tr\u00e6korn<\/td>\n<\/tr>\n<tr>\n<td class=\"label\">Oprindelsessted:<\/td>\n<td>Guangdong, Kina<\/td>\n<\/tr>\n<tr>\n<td class=\"label\">Materiale:<\/td>\n<td>Legering 6063\/6061\/6005\/6060 T5\/T6<\/td>\n<\/tr>\n<tr>\n<td class=\"label\">Overfladebehandling:<\/td>\n<td>Tr\u00e6korn<\/td>\n<\/tr>\n<tr>\n<td class=\"label\">Anvendelse:<\/td>\n<td>Udsmykning<\/td>\n<\/tr>\n<tr>\n<td class=\"label\">Legering eller ej:<\/td>\n<td>Er legeret<\/td>\n<\/tr>\n<tr>\n<td class=\"label\">Al (Min):<\/td>\n<td>99%<\/td>\n<\/tr>\n<tr>\n<td class=\"label\">Brand Name:<\/td>\n<td>Sinoextrud\/Sinoextrud<\/td>\n<\/tr>\n<tr>\n<td class=\"label\">Behandling af service:<\/td>\n<td>B\u00f8jning, svejsning, stansning, sk\u00e6ring, boring, fr\u00e6sning, samling<\/td>\n<\/tr>\n<tr>\n<td class=\"label\">MOQ:<\/td>\n<td>200 kg for hvert emne<\/td>\n<\/tr>\n<tr>\n<td class=\"label\">Certifikat og standard:<\/td>\n<td>CQM, Rohs, CE, BV, SONCAP \/ GB, ISO, JIS, AS, NZS, QUALICOAT, QUALANOD<\/td>\n<\/tr>\n<tr>\n<td class=\"label\">Karakter:<\/td>\n<td>6000-serien<\/td>\n<\/tr>\n<tr>\n<td class=\"label\">Form:<\/td>\n<td>Firkantet<\/td>\n<\/tr>\n<tr>\n<td class=\"label\">Tykkelse:<\/td>\n<td>0,8 mm ~ 30 mm<\/td>\n<\/tr>\n<tr>\n<td class=\"label\">L\u00e6ngde:<\/td>\n<td>1-9M, 5,8-6,0M<\/td>\n<\/tr>\n<tr>\n<td class=\"label\">H\u00e5rdhed:<\/td>\n<td>T6<\/td>\n<\/tr>\n<tr>\n<td class=\"label\">Temperament:<\/td>\n<td>T3 - T8<\/td>\n<\/tr>\n<tr>\n<td class=\"label\">V\u00e6ggens tykkelse:<\/td>\n<td>1-3MM<\/td>\n<\/tr>\n<tr>\n<td class=\"label\">Tolerance:<\/td>\n<td>\u00b11%<\/td>\n<\/tr>\n<tr>\n<td class=\"label\">Leveringstid:<\/td>\n<td>15-21 dage<\/td>\n<\/tr>\n<tr>\n<td class=\"label\">Garanti:<\/td>\n<td>Overfladefarven kan v\u00e6re stabil i 10~20 \u00e5r ved indend\u00f8rs brug<\/td>\n<\/tr>\n<\/table>\n<h2>Vores produktionsbase<\/h2>\n<h3>Panorama over fabrikken<\/h3>\n<p><img decoding=\"async\" src=\"\/wp-content\/uploads\/factory-01.webp\"\/><\/p>\n<h3>V\u00e6rksted til fremstilling af aluminiumst\u00e6nger<\/h3>\n<p><img decoding=\"async\" src=\"\/wp-content\/uploads\/factory-02.webp\"\/><\/p>\n<\/p>\n<p><img decoding=\"async\" src=\"\/wp-content\/uploads\/factory-03.webp\"\/><\/p>\n<h3>Lager til opbevaring af skimmelsvampe<\/h3>\n<p><img decoding=\"async\" src=\"\/wp-content\/uploads\/factory-04.webp\"\/><\/p>\n<h3>43 ekstruderingslinjer for aluminium (500-5500 ton)<\/h3>\n<p><img decoding=\"async\" src=\"\/wp-content\/uploads\/factory-05.webp\"\/><\/p>\n<p><img decoding=\"async\" src=\"\/wp-content\/uploads\/factory-06.webp\"\/><\/p>\n<p><img decoding=\"async\" src=\"\/wp-content\/uploads\/factory-07.webp\"\/><\/p>\n<h3>V\u00e6rksted for pulverlakering<\/h3>\n<p><img decoding=\"async\" src=\"\/wp-content\/uploads\/factory-09.webp\"\/><\/p>\n<h3>Anodiseringsv\u00e6rksted<\/h3>\n<p><img decoding=\"async\" src=\"\/wp-content\/uploads\/factory-10.webp\"\/><\/p>\n<h3>Workshop om dyb behandling<\/h3>\n<p><img decoding=\"async\" src=\"\/wp-content\/uploads\/factory-11.webp\"\/><\/p>\n<h3>V\u00e6rksted for CNC-pr\u00e6cisionsbearbejdning<\/h3>\n<p><img decoding=\"async\" src=\"\/wp-content\/uploads\/factory-11.5.webp\"\/><\/p>\n<h3>F\u00e6rdigvare- og eksportlager<\/h3>\n<p><img decoding=\"async\" src=\"\/wp-content\/uploads\/factory-12.webp\"\/><\/p>\n<p><img decoding=\"async\" src=\"\/wp-content\/uploads\/factory-13.webp\"\/><\/p>\n<p><img decoding=\"async\" src=\"\/wp-content\/uploads\/factory-14.webp\"\/><\/p>\n<h2>OFTE STILLEDE SP\u00d8RGSM\u00c5L<\/h2>\n<p><b>1. Hvad er et firkantet r\u00f8r af aluminium med tr\u00e6korn?<\/b><\/p>\n<p>Et firkantet aluminiumsr\u00f8r med tr\u00e6korn er en hul aluminiumsprofil med en overfladefinish, der efterligner naturlige tr\u00e6korn og kombinerer holdbarhed med \u00e6stetisk appel.\n<\/p>\n<p><\/p>\n<p><b>2. hvad er de vigtigste fordele ved firkantede r\u00f8r af aluminium med tr\u00e6korn?<\/b><\/p>\n<p>De tilbyder fremragende korrosionsbestandighed, letv\u00e6gtsstyrke, lav vedligeholdelse og en realistisk tr\u00e6struktur, der er velegnet til arkitektonisk og dekorativ brug.\n<\/p>\n<p><\/p>\n<p><b>3. Hvorfor v\u00e6lge firkantede aluminiumsr\u00f8r med tr\u00e6korn frem for naturligt tr\u00e6?<\/b><\/p>\n<p>Aluminiumsr\u00f8r modst\u00e5r r\u00e5d, insekter, fugt og vridning, hvilket giver l\u00e6ngere holdbarhed og lettere vedligeholdelse, samtidig med at det naturlige tr\u00e6udseende bevares.\n<\/p>\n<p><\/p>\n<p><b>4. kan firkantede r\u00f8r i aluminium med tr\u00e6korn tilpasses?<\/b><\/p>\n<p>Ja, de kan tilpasses i st\u00f8rrelse, v\u00e6gtykkelse, tr\u00e6m\u00f8nster, farve og l\u00e6ngde, s\u00e5 de opfylder specifikke design- og konstruktionskrav.\n<\/p>\n<p><\/p>\n<p><b>5. Hvordan forbedrer tr\u00e6kornsfinishen firkantede aluminiumsr\u00f8r?<\/b><\/p>\n<p>Finishen giver autentisk tr\u00e6\u00e6stetik og bevarer samtidig aluminiums styrke, korrosionsbestandighed og letv\u00e6gtsegenskaber.\n<\/p>\n<p><\/p>\n<p><b>6. Er firkantede aluminiumsr\u00f8r med tr\u00e6korn egnet til udend\u00f8rs brug?<\/b><\/p>\n<p>Ja, de modst\u00e5r UV-eksponering, fugt og barske vejrforhold, hvilket g\u00f8r dem ideelle til udvendig bekl\u00e6dning, hegn og dekorative anvendelser.\n<\/p>\n<p><\/p>\n<p><b>7. Hvilke industrier bruger ofte firkantede aluminiumsr\u00f8r med tr\u00e6korn?<\/b><\/p>\n<p>Byggebranchen, m\u00f8belindustrien, indretningsbranchen og landskabsarkitektbranchen bruger disse r\u00f8r p\u00e5 grund af deres kombination af sk\u00f8nhed og ydeevne.\n<\/p>\n<p><\/p>\n<p><b>8. Hvordan underst\u00f8tter firkantede aluminiumsr\u00f8r med tr\u00e6korn b\u00e6redygtigt byggeri?<\/b><\/p>\n<p>Aluminium er fuldt ud genanvendeligt, og tr\u00e6korn er et milj\u00f8venligt alternativ til tr\u00e6, som reducerer milj\u00f8p\u00e5virkningen og afskovningen.\n<\/p>\n<p><\/p>","protected":false},"featured_media":6584,"template":"","categories":[64],"class_list":["post-6585","product","type-product","status-publish","has-post-thumbnail","hentry","category-new-trend-aluminium-products"],"meta_box":{"hilight_text_group":{"product_hilight_text":"<li>Wood grain finish offers natural aesthetics combined with aluminum strength<\/li>\r\r\n<li>Lightweight square tube with excellent corrosion resistance<\/li>\r\r\n<li>Ideal for decorative and structural applications in indoor and outdoor spaces<\/li>\r\r\n<li>Precision extrusion ensures consistent dimensions and high-quality surface<\/li>\r\r\n<li>Supports custom sizes, finishes, and bulk orders for diverse project needs<\/li>","product_chanpin_blog":"<ul>\r\r\n<li><a href=\"https:\/\/sinoextrud.com\/t-slot-v-slot-differences\/\" target=\"_blank\">t slot vs v slot<\/a><\/li>\r\r\n<li><a href=\"https:\/\/sinoextrud.com\/what-is-4040-aluminium-extrud\/\" target=\"_blank\">4040 aluminium extrusion<\/a><\/li>\r\r\n<li><a href=\"https:\/\/sinoextrud.com\/what-is-4040-aluminium-extrud\/\" target=\"_blank\">aluminum extrusions for industrial racks<\/a><\/li>\r\r\n<li><a href=\"https:\/\/sinoextrud.com\/powder-coating-aluminium-process\/\" target=\"_blank\">powder coating aluminium<\/a><\/li>\r\r\n<li><a href=\"https:\/\/sinoextrud.com\/what-is-an-aluminium-strip-ceiling\/\" target=\"_blank\">aluminium strip ceiling<\/a><\/li>\r\r\n<li><a href=\"https:\/\/sinoextrud.com\/what-is-a-heat-sink\/\" target=\"_blank\">what is a heat sink<\/a><\/li>\r\r\n<\/ul>","product_chanpin_chanpin":"<li><a href=\"https:\/\/sinoextrud.com\/product\/wood-grain-finish-aluminium-profiles\/\" target=\"_blank\">Wood Grain Finish Aluminium Profiles<\/a><\/li>\r\n<li><a href=\"https:\/\/sinoextrud.com\/product\/hot-selling-high-quality-powder-coating-wood-grain-single-sided-aluminum-plate\/\" target=\"_blank\">Hot Selling High-quality Powder Coating Wood Grain Single-sided Aluminum Plate<\/a><\/li>\r\n<li><a href=\"https:\/\/sinoextrud.com\/product\/anodized-extrusion-precise-round-square-aluminum-tube\/\" target=\"_blank\">Anodized Extrusion Precise Round Square Aluminum Tube<\/a><\/li>\r\n<li><a href=\"https:\/\/sinoextrud.com\/product\/custom-aluminum-fluorocarbon-wood-grain-fence\/\" target=\"_blank\">Custom Aluminum Fluorocarbon Wood Grain Fence<\/a><\/li>\r\n<li><a href=\"https:\/\/sinoextrud.com\/product\/wood-grain-aluminum-square-tube\/\" target=\"_blank\">Wood Grain Aluminum Square Tube<\/a><\/li>\r\n<li><a href=\"https:\/\/sinoextrud.com\/product\/glass-balcony-railing-aluminum-u-channel-design\/\" target=\"_blank\">Glass Balcony Railing Aluminum U Channel Design<\/a><\/li>\r\n<li><a href=\"https:\/\/sinoextrud.com\/product\/wood-grain-bamboo-aluminum-pipe\/\" target=\"_blank\">Wood Grain Bamboo Aluminum Pipe<\/a><\/li>\r\n<li><a href=\"https:\/\/sinoextrud.com\/product\/anodized-aluminum-eectronic-equipment-enclosure\/\" target=\"_blank\">Anodized Aluminum Eectronic Equipment Enclosure<\/a><\/li>\r\n<li><a href=\"https:\/\/sinoextrud.com\/product\/aluminum-shower-frame-parts\/\" target=\"_blank\">Aluminum Shower Frame Parts<\/a><\/li>\r\n<li><a href=\"https:\/\/sinoextrud.com\/product\/aluminium-extrusion-channel-profiles\/\" target=\"_blank\">Aluminium Extrusion Channel Profiles<\/a><\/li>\r\n<li><a href=\"https:\/\/sinoextrud.com\/product\/aluminium-profile-bed-frame\/\" target=\"_blank\">Aluminium Profile Bed Frame<\/a><\/li>"},"feature_list":[]},"_links":{"self":[{"href":"https:\/\/sinoextrud.com\/da\/wp-json\/wp\/v2\/product\/6585","targetHints":{"allow":["GET"]}}],"collection":[{"href":"https:\/\/sinoextrud.com\/da\/wp-json\/wp\/v2\/product"}],"about":[{"href":"https:\/\/sinoextrud.com\/da\/wp-json\/wp\/v2\/types\/product"}],"wp:featuredmedia":[{"embeddable":true,"href":"https:\/\/sinoextrud.com\/da\/wp-json\/wp\/v2\/media\/6584"}],"wp:attachment":[{"href":"https:\/\/sinoextrud.com\/da\/wp-json\/wp\/v2\/media?parent=6585"}],"wp:term":[{"taxonomy":"category","embeddable":true,"href":"https:\/\/sinoextrud.com\/da\/wp-json\/wp\/v2\/categories?post=6585"}],"curies":[{"name":"wp","href":"https:\/\/api.w.org\/{rel}","templated":true}]}}