{"id":6579,"date":"2025-05-29T09:29:49","date_gmt":"2025-05-29T09:29:49","guid":{"rendered":"https:\/\/sinoextrud.com\/product\/hot-selling-high-quality-powder-coating-wood-grain-single-sided-aluminum-plate\/"},"modified":"2025-06-24T06:11:13","modified_gmt":"2025-06-24T06:11:13","slug":"hot-selling-hoj-kvalitet-pulverlakering-trae-korn-enkeltsidet-aluminiumsplade","status":"publish","type":"product","link":"https:\/\/sinoextrud.com\/da\/product\/hot-selling-high-quality-powder-coating-wood-grain-single-sided-aluminum-plate\/","title":{"rendered":"Hot Selling H\u00f8jkvalitets pulverlakering af tr\u00e6korn enkeltsidet aluminiumsplade"},"content":{"rendered":"<h2>Detaljer om produkter<\/h2>\n<table class=\"custom-table\">\n<tr>\n<td class=\"label\">Vare:<\/td>\n<td>Hot Selling H\u00f8jkvalitets pulverlakering af tr\u00e6korn enkeltsidet aluminiumsplade<\/td>\n<\/tr>\n<tr>\n<td class=\"label\">Temperament:<\/td>\n<td>H12,H24, H18<\/td>\n<\/tr>\n<tr>\n<td class=\"label\">St\u00f8rrelse:<\/td>\n<td>1.22*2.44m<\/td>\n<\/tr>\n<tr>\n<td class=\"label\">Tykkelse:<\/td>\n<td>1,0 mm, 2,0 mm eller tilpasset<\/td>\n<\/tr>\n<tr>\n<td class=\"label\">Tolerance:<\/td>\n<td>\u00b10,5%<\/td>\n<\/tr>\n<tr>\n<td class=\"label\">Leveringstid:<\/td>\n<td>25-30 dage<\/td>\n<\/tr>\n<tr>\n<td class=\"label\">Betalingsperiode:<\/td>\n<td>T \/ T (30% depositum), L \/ C<\/td>\n<\/tr>\n<tr>\n<td class=\"label\">Havn:<\/td>\n<td>Guangzhou, Shenzhen<\/td>\n<\/tr>\n<tr>\n<td class=\"label\">Type:<\/td>\n<td>Aluminiumsplade<\/td>\n<\/tr>\n<tr>\n<td class=\"label\">Karakter:<\/td>\n<td>1000-serien, 3000-serien, 5000-serien. 6000-serien.<\/td>\n<\/tr>\n<tr>\n<td class=\"label\">Oprindelsessted:<\/td>\n<td>Foshan, Guangdong<\/td>\n<\/tr>\n<tr>\n<td class=\"label\">Legering eller ej:<\/td>\n<td>Er legering<\/td>\n<\/tr>\n<tr>\n<td class=\"label\">Brand:<\/td>\n<td>Sinoextrud, Sinoextrud<\/td>\n<\/tr>\n<tr>\n<td class=\"label\">Overfladebehandling:<\/td>\n<td>Fr\u00e6set finish, pulverlakering, tr\u00e6korn<\/td>\n<\/tr>\n<tr>\n<td class=\"label\">MOQ:<\/td>\n<td>100 STK.<\/td>\n<\/tr>\n<tr>\n<td class=\"label\">Behandling af service:<\/td>\n<td>CNC-bearbejdning<\/td>\n<\/tr>\n<tr>\n<td class=\"label\">Farve:<\/td>\n<td>Tilpasset<\/td>\n<\/tr>\n<tr>\n<td class=\"label\">Anvendelse:<\/td>\n<td>Indend\u00f8rs og udend\u00f8rs<\/td>\n<\/tr>\n<\/table>\n<h2>Vores produktionsbase<\/h2>\n<h3>Panorama over fabrikken<\/h3>\n<p><img decoding=\"async\" src=\"\/wp-content\/uploads\/factory-01.webp\"\/><\/p>\n<h3>V\u00e6rksted til fremstilling af aluminiumst\u00e6nger<\/h3>\n<p><img decoding=\"async\" src=\"\/wp-content\/uploads\/factory-02.webp\"\/><\/p>\n<p><img decoding=\"async\" src=\"\/wp-content\/uploads\/factory-03.webp\"\/><\/p>\n<h3>Lager til opbevaring af skimmelsvampe<\/h3>\n<p><img decoding=\"async\" src=\"\/wp-content\/uploads\/factory-04.webp\"\/><\/p>\n<h3>43 ekstruderingslinjer for aluminium (500-5500 ton)<\/h3>\n<p><img decoding=\"async\" src=\"\/wp-content\/uploads\/factory-05.webp\"\/><\/p>\n<p><img decoding=\"async\" src=\"\/wp-content\/uploads\/factory-06.webp\"\/><\/p>\n<p><img decoding=\"async\" src=\"\/wp-content\/uploads\/factory-07.webp\"\/><\/p>\n<h3>V\u00e6rksted for pulverlakering<\/h3>\n<p><img decoding=\"async\" src=\"\/wp-content\/uploads\/factory-09.webp\"\/><\/p>\n<h3>Anodiseringsv\u00e6rksted<\/h3>\n<p><img decoding=\"async\" src=\"\/wp-content\/uploads\/factory-10.webp\"\/><\/p>\n<h3>Workshop om dyb behandling<\/h3>\n<p><img decoding=\"async\" src=\"\/wp-content\/uploads\/factory-11.webp\"\/><\/p>\n<h3>V\u00e6rksted for CNC-pr\u00e6cisionsbearbejdning<\/h3>\n<p><img decoding=\"async\" src=\"\/wp-content\/uploads\/factory-11.5.webp\"\/><\/p>\n<h3>F\u00e6rdigvare- og eksportlager<\/h3>\n<p><img decoding=\"async\" src=\"\/wp-content\/uploads\/factory-12.webp\"\/><\/p>\n<p><img decoding=\"async\" src=\"\/wp-content\/uploads\/factory-13.webp\"\/><\/p>\n<p><img decoding=\"async\" src=\"\/wp-content\/uploads\/factory-14.webp\"\/><\/p>\n<h2>OFTE STILLEDE SP\u00d8RGSM\u00c5L<\/h2>\n<p><p><b>1. hvad er en hot selling h\u00f8jkvalitets pulverlakering af tr\u00e6korn enkeltsidet aluminiumsplade?<\/b><\/p>\n<p>Det er en aluminiumsplade med en holdbar pulverlakering p\u00e5 den ene side, der efterligner naturlige tr\u00e6\u00e5rer og kombinerer styrke med \u00e6stetik.<br \/>\n<\/p><br \/>\n<br \/>\n<p><b>2. Hvad er de vigtigste fordele ved pulverlakering af aluminiumsplader med tr\u00e6korn?<\/b><\/p>\n<p>De giver fremragende korrosionsbestandighed, UV-beskyttelse, ridsefasthed, lav vedligeholdelse og et realistisk udseende med tr\u00e6\u00e5rer.<br \/>\n<\/p><br \/>\n<br \/>\n<p><b>3. Hvorfor v\u00e6lge enkeltsidet pulverlakering p\u00e5 aluminiumsplader med tr\u00e6korn?<\/b><\/p>\n<p>Enkeltsidet bel\u00e6gning giver en dekorativ finish af h\u00f8j kvalitet p\u00e5 den synlige side, samtidig med at omkostninger og materialeforbrug optimeres ved anvendelse p\u00e5 bagsiden.<br \/>\n<\/p><br \/>\n<br \/>\n<p><b>4. kan pulverlakering af aluminiumsplader med tr\u00e6korn tilpasses?<\/b><\/p>\n<p>Ja, de kan tilpasses i st\u00f8rrelse, tykkelse, farve, tr\u00e6m\u00f8nster og bel\u00e6gningsstruktur for at opfylde specifikke projektbehov.<br \/>\n<\/p><br \/>\n<br \/>\n<p><b>5. Hvordan forbedrer pulverlakering tr\u00e6strukturen p\u00e5 aluminiumsplader?<\/b><\/p>\n<p>Pulverlakering skaber et h\u00e5rdt, ensartet lag, der beskytter mod falmning, afskalning og milj\u00f8skader, hvilket sikrer langvarig sk\u00f8nhed.<br \/>\n<\/p><br \/>\n<br \/>\n<p><b>6. Er pulverlakerede aluminiumsplader med tr\u00e6korn egnede til udend\u00f8rs brug?<\/b><\/p>\n<p>Ja, bel\u00e6gningen giver fremragende modstandsdygtighed over for UV-str\u00e5ler, fugt og h\u00e5rdt vejr, hvilket g\u00f8r dem ideelle til udvendig bekl\u00e6dning og dekorative anvendelser.<br \/>\n<\/p><br \/>\n<br \/>\n<p><b>7. Hvilke industrier bruger ofte pulverlakerede aluminiumsplader med tr\u00e6korn?<\/b><\/p>\n<p>Bygge-, skilte-, indretnings- og m\u00f8belindustrien bruger disse plader p\u00e5 grund af deres kombination af holdbarhed og tr\u00e6lignende \u00e6stetik.<br \/>\n<\/p><br \/>\n<br \/>\n<p><b>8. Hvordan underst\u00f8tter pulverlakering af aluminiumsplader med tr\u00e6korn b\u00e6redygtigt byggeri?<\/b><\/p>\n<p>Aluminium er fuldt genanvendeligt, og pulverlakering er en milj\u00f8venlig efterbehandlingsproces, der forl\u00e6nger produktets levetid og reducerer milj\u00f8p\u00e5virkningen.<br \/>\n<\/p><br \/><\/p>","protected":false},"featured_media":6578,"template":"","categories":[65],"class_list":["post-6579","product","type-product","status-publish","has-post-thumbnail","hentry","category-wooden-grained-aluminum-profile"],"meta_box":{"hilight_text_group":{"product_hilight_text":"<li>High-quality powder coating provides durable and vibrant wood grain finish<\/li>\r\r\n<li>Single-sided aluminum plate ideal for decorative and architectural applications<\/li>\r\r\n<li>Corrosion-resistant and weatherproof for long-lasting outdoor use<\/li>\r\r\n<li>Lightweight yet strong, easy to install and maintain<\/li>\r\r\n<li>Hot selling product with reliable supply and competitive pricing<\/li>","product_chanpin_blog":"<ul>\r\r\n<li><a href=\"https:\/\/sinoextrud.com\/t-slot-v-slot-differences\/\" target=\"_blank\">t slot vs v slot<\/a><\/li>\r\r\n<li><a href=\"https:\/\/sinoextrud.com\/what-is-4040-aluminium-extrud\/\" target=\"_blank\">4040 aluminium extrusion<\/a><\/li>\r\r\n<li><a href=\"https:\/\/sinoextrud.com\/what-is-4040-aluminium-extrud\/\" target=\"_blank\">aluminum extrusions for industrial racks<\/a><\/li>\r\r\n<li><a href=\"https:\/\/sinoextrud.com\/powder-coating-aluminium-process\/\" target=\"_blank\">powder coating aluminium<\/a><\/li>\r\r\n<li><a href=\"https:\/\/sinoextrud.com\/what-is-an-aluminium-strip-ceiling\/\" target=\"_blank\">aluminium strip ceiling<\/a><\/li>\r\r\n<li><a href=\"https:\/\/sinoextrud.com\/what-is-a-heat-sink\/\" target=\"_blank\">what is a heat sink<\/a><\/li>\r\r\n<\/ul>","product_chanpin_chanpin":"<li><a href=\"https:\/\/sinoextrud.com\/product\/wood-grain-false-ceiling-aluminium-profiles\/\" target=\"_blank\">Wood Grain False Ceiling Aluminium Profiles<\/a><\/li>\r\n<li><a href=\"https:\/\/sinoextrud.com\/product\/wood-grain-finish-extruded-architectural-use-aluminium-profile\/\" target=\"_blank\">Wood grain finish extruded architectural use aluminium profile<\/a><\/li>\r\n<li><a href=\"https:\/\/sinoextrud.com\/product\/wood-grain-aluminium-extrusion-profile-for-furnitures-decoration\/\" target=\"_blank\">Wood Grain Aluminium Extrusion Profile for Furnitures Decoration<\/a><\/li>\r\n<li><a href=\"https:\/\/sinoextrud.com\/product\/wood-grain-finish-aluminium-profiles\/\" target=\"_blank\">Wood Grain Finish Aluminium Profiles<\/a><\/li>\r\n<li><a href=\"https:\/\/sinoextrud.com\/product\/hot-selling-high-quality-powder-coating-wood-grain-single-sided-aluminum-plate\/\" target=\"_blank\">Hot Selling High-quality Powder Coating Wood Grain Single-sided Aluminum Plate<\/a><\/li>\r\n<li><a href=\"https:\/\/sinoextrud.com\/product\/anodized-extrusion-precise-round-square-aluminum-tube\/\" target=\"_blank\">Anodized Extrusion Precise Round Square Aluminum Tube<\/a><\/li>\r\n<li><a href=\"https:\/\/sinoextrud.com\/product\/custom-aluminum-fluorocarbon-wood-grain-fence\/\" target=\"_blank\">Custom Aluminum Fluorocarbon Wood Grain Fence<\/a><\/li>\r\n<li><a href=\"https:\/\/sinoextrud.com\/product\/wood-grain-aluminum-square-tube\/\" target=\"_blank\">Wood Grain Aluminum Square Tube<\/a><\/li>\r\n<li><a href=\"https:\/\/sinoextrud.com\/product\/glass-balcony-railing-aluminum-u-channel-design\/\" target=\"_blank\">Glass Balcony Railing Aluminum U Channel Design<\/a><\/li>\r\n<li><a href=\"https:\/\/sinoextrud.com\/product\/wood-grain-aluminum-square-hollow-profile\/\" target=\"_blank\">Wood Grain Aluminum Square Hollow Profile<\/a><\/li>\r\n<li><a href=\"https:\/\/sinoextrud.com\/product\/aluminium-c-profile\/\" target=\"_blank\">Aluminium C Profile<\/a><\/li>"},"feature_list":[]},"_links":{"self":[{"href":"https:\/\/sinoextrud.com\/da\/wp-json\/wp\/v2\/product\/6579","targetHints":{"allow":["GET"]}}],"collection":[{"href":"https:\/\/sinoextrud.com\/da\/wp-json\/wp\/v2\/product"}],"about":[{"href":"https:\/\/sinoextrud.com\/da\/wp-json\/wp\/v2\/types\/product"}],"wp:featuredmedia":[{"embeddable":true,"href":"https:\/\/sinoextrud.com\/da\/wp-json\/wp\/v2\/media\/6578"}],"wp:attachment":[{"href":"https:\/\/sinoextrud.com\/da\/wp-json\/wp\/v2\/media?parent=6579"}],"wp:term":[{"taxonomy":"category","embeddable":true,"href":"https:\/\/sinoextrud.com\/da\/wp-json\/wp\/v2\/categories?post=6579"}],"curies":[{"name":"wp","href":"https:\/\/api.w.org\/{rel}","templated":true}]}}