{"id":6571,"date":"2025-05-29T09:09:15","date_gmt":"2025-05-29T09:09:15","guid":{"rendered":"https:\/\/sinoextrud.com\/product\/wood-grain-false-ceiling-aluminium-profiles\/"},"modified":"2025-06-24T06:11:11","modified_gmt":"2025-06-24T06:11:11","slug":"aluminiumsprofiler-til-nedhaengte-lofter-med-traestruktur","status":"publish","type":"product","link":"https:\/\/sinoextrud.com\/da\/product\/wood-grain-false-ceiling-aluminium-profiles\/","title":{"rendered":"Falske lofter med tr\u00e6korn i aluminiumsprofiler"},"content":{"rendered":"<h2>Detaljer om produkter<\/h2>\n<table class=\"custom-table\">\n<tr>\n<td class=\"label\">Produktets navn<\/td>\n<td>Falske lofter med tr\u00e6korn i aluminiumsprofiler<\/td>\n<\/tr>\n<tr>\n<td class=\"label\">Aluminiumslegering<\/td>\n<td>1000-serien, 200-serien, 3000-serien, 5000-serien, 6000-serien, 7000-serien<\/td>\n<\/tr>\n<tr>\n<td class=\"label\">Temperament<\/td>\n<td>T3-T8<\/td>\n<\/tr>\n<tr>\n<td class=\"label\">Form<\/td>\n<td>Tilpasning<\/td>\n<\/tr>\n<tr>\n<td class=\"label\">Farve<\/td>\n<td>Tilpasning<\/td>\n<\/tr>\n<tr>\n<td class=\"label\">Overfladebehandling<\/td>\n<td>fr\u00e6set f\u00e6rdig, anodiseret, tr\u00e6korn, power coating, sandbl\u00e6sning, elektroforese, b\u00f8rstet, polering osv.<\/td>\n<\/tr>\n<tr>\n<td class=\"label\">CNC-dybbearbejdning<\/td>\n<td>sk\u00e6ring, boring, bearbejdning, stansning, bukning, gevindsk\u00e6ring og s\u00e5 videre<\/td>\n<\/tr>\n<tr>\n<td class=\"label\">Certificeringer<\/td>\n<td>CE, ISO, SGS, TUV, ROHS<\/td>\n<\/tr>\n<tr>\n<td class=\"label\">Pr\u00f8ver<\/td>\n<td>Gratis pr\u00f8ve. 1-3 dage leveret til dig.<\/td>\n<\/tr>\n<tr>\n<td class=\"label\">MOQ<\/td>\n<td>200 kg for hver profil<\/td>\n<\/tr>\n<tr>\n<td class=\"label\">Leveringstid<\/td>\n<td>Formudvikling og pr\u00f8vekonformitet er 12-15 dage, derefter er produktionsvarigheden 15-25 dage efter modtagelse af depositum fra k\u00f8ber.<\/td>\n<\/tr>\n<tr>\n<td class=\"label\">Betalingsbetingelser<\/td>\n<td>30% depositum f\u00f8r produktion og balance f\u00f8r forsendelse.<\/td>\n<\/tr>\n<\/table>\n<h2>Vores produktionsbase<\/h2>\n<h3>Panorama over fabrikken<\/h3>\n<p><img decoding=\"async\" src=\"\/wp-content\/uploads\/factory-01.webp\"\/><\/p>\n<h3>V\u00e6rksted til fremstilling af aluminiumst\u00e6nger<\/h3>\n<p><img decoding=\"async\" src=\"\/wp-content\/uploads\/factory-02.webp\"\/><\/p>\n<p><img decoding=\"async\" src=\"\/wp-content\/uploads\/factory-03.webp\"\/><\/p>\n<h3>Lager til opbevaring af skimmelsvampe<\/h3>\n<p><img decoding=\"async\" src=\"\/wp-content\/uploads\/factory-04.webp\"\/><\/p>\n<h3>43 ekstruderingslinjer for aluminium (500-5500 ton)<\/h3>\n<p><img decoding=\"async\" src=\"\/wp-content\/uploads\/factory-05.webp\"\/><\/p>\n<p><img decoding=\"async\" src=\"\/wp-content\/uploads\/factory-06.webp\"\/><\/p>\n<p><img decoding=\"async\" src=\"\/wp-content\/uploads\/factory-07.webp\"\/><\/p>\n<h3>V\u00e6rksted for pulverlakering<\/h3>\n<p><img decoding=\"async\" src=\"\/wp-content\/uploads\/factory-09.webp\"\/><\/p>\n<h3>Anodiseringsv\u00e6rksted<\/h3>\n<p><img decoding=\"async\" src=\"\/wp-content\/uploads\/factory-10.webp\"\/><\/p>\n<h3>Workshop om dyb behandling<\/h3>\n<p><img decoding=\"async\" src=\"\/wp-content\/uploads\/factory-11.webp\"\/><\/p>\n<h3>V\u00e6rksted for CNC-pr\u00e6cisionsbearbejdning<\/h3>\n<p><img decoding=\"async\" src=\"\/wp-content\/uploads\/factory-11.5.webp\"\/><\/p>\n<h3>F\u00e6rdigvare- og eksportlager<\/h3>\n<p><img decoding=\"async\" src=\"\/wp-content\/uploads\/factory-12.webp\"\/><\/p>\n<p><img decoding=\"async\" src=\"\/wp-content\/uploads\/factory-13.webp\"\/><\/p>\n<p><img decoding=\"async\" src=\"\/wp-content\/uploads\/factory-14.webp\"\/><\/p>\n<h2>OFTE STILLEDE SP\u00d8RGSM\u00c5L<\/h2>\n<p><p><b>1. Hvad er aluminiumsprofiler til falske lofter med tr\u00e6korn?<\/b><\/p>\n<p>Aluminiumsprofiler til nedh\u00e6ngte lofter med tr\u00e6struktur er aluminiumsprofiler med tr\u00e6struktur, der bruges i nedh\u00e6ngte loftsystemer for at kombinere \u00e6stetik med holdbarhed.<br \/>\n<\/p><br \/>\n<br \/>\n<p><b>2. Hvad er de vigtigste fordele ved aluminiumsprofiler til falske lofter med tr\u00e6korn?<\/b><\/p>\n<p>De giver fremragende korrosionsbestandighed, letv\u00e6gtsstyrke, lav vedligeholdelse og et naturligt tr\u00e6udseende til indend\u00f8rs dekorative lofter.<br \/>\n<\/p><br \/>\n<br \/>\n<p><b>3. Hvorfor v\u00e6lge aluminiumsprofiler med tr\u00e6struktur til nedh\u00e6ngte lofter frem for naturligt tr\u00e6?<\/b><\/p>\n<p>Aluminiumsprofiler modst\u00e5r vridning, fugt, insekter og brandfare, samtidig med at de bevarer det varme udseende af tr\u00e6 med l\u00e6ngere levetid og lettere vedligeholdelse.<br \/>\n<\/p><br \/>\n<br \/>\n<p><b>4. Kan aluminiumsprofiler med falsk loft i tr\u00e6korn tilpasses?<\/b><\/p>\n<p>Ja, de kan tilpasses i st\u00f8rrelse, form, tr\u00e6struktur, farve og finish, s\u00e5 de opfylder specifikke indretnings- og arkitektoniske krav.<br \/>\n<\/p><br \/>\n<br \/>\n<p><b>5. Hvordan forbedrer tr\u00e6korns-finishen aluminiumsprofiler til nedh\u00e6ngte lofter?<\/b><\/p>\n<p>Finishen giver en realistisk tr\u00e6struktur og -farve, der forbedrer den visuelle appel, samtidig med at aluminiums holdbarhed og reng\u00f8ringsvenlighed bevares.<br \/>\n<\/p><br \/>\n<br \/>\n<p><b>6. Er aluminiumsprofiler til nedh\u00e6ngte lofter med tr\u00e6korn egnet til fugtige milj\u00f8er?<\/b><\/p>\n<p>Ja, de er modstandsdygtige over for fugt, hvilket g\u00f8r dem ideelle til k\u00f8kkener, badev\u00e6relser og andre omr\u00e5der, der er udsat for fugt.<br \/>\n<\/p><br \/>\n<br \/>\n<p><b>7. Hvilke industrier bruger ofte aluminiumsprofiler med tr\u00e6struktur til nedh\u00e6ngte lofter?<\/b><\/p>\n<p>Erhvervsbygninger, boligprojekter, hoteller og indretningsfirmaer bruger disse profiler p\u00e5 grund af deres blanding af sk\u00f8nhed og ydeevne.<br \/>\n<\/p><br \/>\n<br \/>\n<p><b>8. Hvordan underst\u00f8tter aluminiumsprofiler til nedh\u00e6ngte lofter med tr\u00e6struktur b\u00e6redygtigt byggeri?<\/b><\/p>\n<p>Aluminium er 100% genanvendeligt, og tr\u00e6sorter er et milj\u00f8venligt alternativ til tr\u00e6, der reducerer skovrydning og milj\u00f8p\u00e5virkning.<br \/>\n<\/p><br \/><\/p>","protected":false},"featured_media":6570,"template":"","categories":[65],"class_list":["post-6571","product","type-product","status-publish","has-post-thumbnail","hentry","category-wooden-grained-aluminum-profile"],"meta_box":{"hilight_text_group":{"product_hilight_text":"<li>Wood grain finish provides elegant natural look for false ceilings<\/li>\r\r\n<li>Durable aluminum profiles resist moisture, corrosion, and warping<\/li>\r\r\n<li>Lightweight design simplifies installation and reduces structural load<\/li>\r\r\n<li>Low maintenance with long-lasting aesthetic appeal<\/li>\r\r\n<li>Available in custom sizes and finishes to fit diverse interior designs<\/li>","product_chanpin_blog":"<ul>\r\r\n<li><a href=\"https:\/\/sinoextrud.com\/t-slot-v-slot-differences\/\" target=\"_blank\">t slot vs v slot<\/a><\/li>\r\r\n<li><a href=\"https:\/\/sinoextrud.com\/what-is-4040-aluminium-extrud\/\" target=\"_blank\">4040 aluminium extrusion<\/a><\/li>\r\r\n<li><a href=\"https:\/\/sinoextrud.com\/what-is-4040-aluminium-extrud\/\" target=\"_blank\">aluminum extrusions for industrial racks<\/a><\/li>\r\r\n<li><a href=\"https:\/\/sinoextrud.com\/powder-coating-aluminium-process\/\" target=\"_blank\">powder coating aluminium<\/a><\/li>\r\r\n<li><a href=\"https:\/\/sinoextrud.com\/what-is-an-aluminium-strip-ceiling\/\" target=\"_blank\">aluminium strip ceiling<\/a><\/li>\r\r\n<li><a href=\"https:\/\/sinoextrud.com\/what-is-a-heat-sink\/\" target=\"_blank\">what is a heat sink<\/a><\/li>\r\r\n<\/ul>","product_chanpin_chanpin":"<li><a href=\"https:\/\/sinoextrud.com\/product\/3d-wood-grain-aluminium-battens\/\" target=\"_blank\">3D Wood Grain Aluminium Battens<\/a><\/li>\r\n<li><a href=\"https:\/\/sinoextrud.com\/product\/commercial-handrail-systems\/\" target=\"_blank\">Commercial Handrail Systems<\/a><\/li>\r\n<li><a href=\"https:\/\/sinoextrud.com\/product\/extruded-aluminum-wood-grain-tube-profile\/\" target=\"_blank\">Extruded Aluminum Wood Grain Tube Profile<\/a><\/li>\r\n<li><a href=\"https:\/\/sinoextrud.com\/product\/wood-grain-aluminum-box-section\/\" target=\"_blank\">Wood Grain Aluminum Box Section<\/a><\/li>\r\n<li><a href=\"https:\/\/sinoextrud.com\/product\/wood-grain-false-ceiling-aluminium-profiles\/\" target=\"_blank\">Wood Grain False Ceiling Aluminium Profiles<\/a><\/li>\r\n<li><a href=\"https:\/\/sinoextrud.com\/product\/wood-grain-finish-extruded-architectural-use-aluminium-profile\/\" target=\"_blank\">Wood grain finish extruded architectural use aluminium profile<\/a><\/li>\r\n<li><a href=\"https:\/\/sinoextrud.com\/product\/wood-grain-aluminium-extrusion-profile-for-furnitures-decoration\/\" target=\"_blank\">Wood Grain Aluminium Extrusion Profile for Furnitures Decoration<\/a><\/li>\r\n<li><a href=\"https:\/\/sinoextrud.com\/product\/wood-grain-finish-aluminium-profiles\/\" target=\"_blank\">Wood Grain Finish Aluminium Profiles<\/a><\/li>\r\n<li><a href=\"https:\/\/sinoextrud.com\/product\/hot-selling-high-quality-powder-coating-wood-grain-single-sided-aluminum-plate\/\" target=\"_blank\">Hot Selling High-quality Powder Coating Wood Grain Single-sided Aluminum Plate<\/a><\/li>\r\n<li><a href=\"https:\/\/sinoextrud.com\/product\/sliding-door-aluminium-profile-bronze-colour\/\" target=\"_blank\">Sliding Door Aluminium Profile Bronze Colour<\/a><\/li>\r\n<li><a href=\"https:\/\/sinoextrud.com\/product\/composite-panel-ceiling-system\/\" target=\"_blank\">Composite Panel Ceiling System<\/a><\/li>"},"feature_list":[]},"_links":{"self":[{"href":"https:\/\/sinoextrud.com\/da\/wp-json\/wp\/v2\/product\/6571","targetHints":{"allow":["GET"]}}],"collection":[{"href":"https:\/\/sinoextrud.com\/da\/wp-json\/wp\/v2\/product"}],"about":[{"href":"https:\/\/sinoextrud.com\/da\/wp-json\/wp\/v2\/types\/product"}],"wp:featuredmedia":[{"embeddable":true,"href":"https:\/\/sinoextrud.com\/da\/wp-json\/wp\/v2\/media\/6570"}],"wp:attachment":[{"href":"https:\/\/sinoextrud.com\/da\/wp-json\/wp\/v2\/media?parent=6571"}],"wp:term":[{"taxonomy":"category","embeddable":true,"href":"https:\/\/sinoextrud.com\/da\/wp-json\/wp\/v2\/categories?post=6571"}],"curies":[{"name":"wp","href":"https:\/\/api.w.org\/{rel}","templated":true}]}}