{"id":6567,"date":"2025-05-29T09:02:59","date_gmt":"2025-05-29T09:02:59","guid":{"rendered":"https:\/\/sinoextrud.com\/product\/extruded-aluminum-wood-grain-tube-profile\/"},"modified":"2025-06-24T06:11:11","modified_gmt":"2025-06-24T06:11:11","slug":"ekstruderet-aluminium-trae-korn-rorprofil","status":"publish","type":"product","link":"https:\/\/sinoextrud.com\/da\/product\/extruded-aluminum-wood-grain-tube-profile\/","title":{"rendered":"Ekstruderet r\u00f8rprofil af aluminium med tr\u00e6korn"},"content":{"rendered":"<h2>Detaljer om produkter<\/h2>\n<table class=\"custom-table\">\n<tr>\n<td class=\"label\">Vare:<\/td>\n<td>R\u00f8rprofil af aluminium med tr\u00e6korn<\/td>\n<\/tr>\n<tr>\n<td class=\"label\">Temperament:<\/td>\n<td>T3-T8<\/td>\n<\/tr>\n<tr>\n<td class=\"label\">Legering:<\/td>\n<td>Legering<\/td>\n<\/tr>\n<tr>\n<td class=\"label\">Karakter:<\/td>\n<td>6000-serien<\/td>\n<\/tr>\n<tr>\n<td class=\"label\">L\u00e6ngde:<\/td>\n<td>1-9 meter eller tilpasset<\/td>\n<\/tr>\n<tr>\n<td class=\"label\">St\u00f8rrelse:<\/td>\n<td>Brugerdefineret<\/td>\n<\/tr>\n<tr>\n<td class=\"label\">Transportpakke:<\/td>\n<td>Beskyttelsesfilm af plast og vandfast hobbypapir<\/td>\n<\/tr>\n<tr>\n<td class=\"label\">Overfladebehandling:<\/td>\n<td>Overf\u00f8rsel af tr\u00e6korn<\/td>\n<\/tr>\n<tr>\n<td class=\"label\">Legeringsingrediens:<\/td>\n<td>6063-T5, 6061-T6, 6463-T5, 7075-T6, 6082<\/td>\n<\/tr>\n<tr>\n<td class=\"label\">Kvalitetskontrol:<\/td>\n<td>100% Inspektion f\u00f8r afsendelse<\/td>\n<\/tr>\n<tr>\n<td class=\"label\">Poleret aluminiumsprofil:<\/td>\n<td>Mekanisk polering<\/td>\n<\/tr>\n<tr>\n<td class=\"label\">Specifikation:<\/td>\n<td>ISO9001, ISO14001<\/td>\n<\/tr>\n<tr>\n<td class=\"label\">Varem\u00e6rke:<\/td>\n<td>Sinoextrud (Sinoextrud) \/ OEM<\/td>\n<\/tr>\n<tr>\n<td class=\"label\">Oprindelse:<\/td>\n<td>Foshan, Kina<\/td>\n<\/tr>\n<tr>\n<td class=\"label\">Type:<\/td>\n<td>Aluminiumsprofil til vinduer og d\u00f8re, aluminiumsprofil til dekoration, aluminiumsprofil til k\u00f8leplade, aluminiumsprofil til glasv\u00e6g, aluminiumsprofil til transport, industriel aluminiumsprofil, aluminiumsr\u00f8r med tr\u00e6korn<\/td>\n<\/tr>\n<\/table>\n<h2>Vores produktionsbase<\/h2>\n<h3>Panorama over fabrikken<\/h3>\n<p><img decoding=\"async\" src=\"\/wp-content\/uploads\/factory-01.webp\"\/><\/p>\n<h3>V\u00e6rksted til fremstilling af aluminiumst\u00e6nger<\/h3>\n<p><img decoding=\"async\" src=\"\/wp-content\/uploads\/factory-02.webp\"\/><\/p>\n<p><img decoding=\"async\" src=\"\/wp-content\/uploads\/factory-03.webp\"\/><\/p>\n<h3>Lager til opbevaring af skimmelsvampe<\/h3>\n<p><img decoding=\"async\" src=\"\/wp-content\/uploads\/factory-04.webp\"\/><\/p>\n<h3>43 ekstruderingslinjer for aluminium (500-5500 ton)<\/h3>\n<p><img decoding=\"async\" src=\"\/wp-content\/uploads\/factory-05.webp\"\/><\/p>\n<p><img decoding=\"async\" src=\"\/wp-content\/uploads\/factory-06.webp\"\/><\/p>\n<p><img decoding=\"async\" src=\"\/wp-content\/uploads\/factory-07.webp\"\/><\/p>\n<h3>V\u00e6rksted for pulverlakering<\/h3>\n<p><img decoding=\"async\" src=\"\/wp-content\/uploads\/factory-09.webp\"\/><\/p>\n<h3>Anodiseringsv\u00e6rksted<\/h3>\n<p><img decoding=\"async\" src=\"\/wp-content\/uploads\/factory-10.webp\"\/><\/p>\n<h3>Workshop om dyb behandling<\/h3>\n<p><img decoding=\"async\" src=\"\/wp-content\/uploads\/factory-11.webp\"\/><\/p>\n<h3>V\u00e6rksted for CNC-pr\u00e6cisionsbearbejdning<\/h3>\n<p><img decoding=\"async\" src=\"\/wp-content\/uploads\/factory-11.5.webp\"\/><\/p>\n<h3>F\u00e6rdigvare- og eksportlager<\/h3>\n<p><img decoding=\"async\" src=\"\/wp-content\/uploads\/factory-12.webp\"\/><\/p>\n<p><img decoding=\"async\" src=\"\/wp-content\/uploads\/factory-13.webp\"\/><\/p>\n<p><img decoding=\"async\" src=\"\/wp-content\/uploads\/factory-14.webp\"\/><\/p>\n<h2>OFTE STILLEDE SP\u00d8RGSM\u00c5L<\/h2>\n<p><p><b>1. Hvad er en ekstruderet aluminiumsr\u00f8rprofil med tr\u00e6korn?<\/b><\/p>\n<p>Det er et aluminiumsr\u00f8r skabt gennem ekstrudering med en overfladefinish, der efterligner naturlige tr\u00e6korn, og som kombinerer holdbarhed med \u00e6stetisk appel.<br \/>\n<\/p><br \/>\n<br \/>\n<p><b>2. Hvad er de vigtigste fordele ved ekstruderede aluminiumsr\u00f8rprofiler med tr\u00e6korn?<\/b><\/p>\n<p>De tilbyder fremragende korrosionsbestandighed, letv\u00e6gtsstyrke, lav vedligeholdelse og en realistisk tr\u00e6struktur, der er ideel til dekorative og strukturelle anvendelser.<br \/>\n<\/p><br \/>\n<br \/>\n<p><b>3. Hvorfor v\u00e6lge ekstruderede aluminiumsr\u00f8r med tr\u00e6korn frem for naturligt tr\u00e6?<\/b><\/p>\n<p>Aluminiumsr\u00f8r modst\u00e5r r\u00e5d, insekter, fugt og vridning, hvilket giver l\u00e6ngere levetid og lettere vedligeholdelse, samtidig med at det naturlige tr\u00e6udseende bevares.<br \/>\n<\/p><br \/>\n<br \/>\n<p><b>4. kan ekstruderet aluminium tr\u00e6 korn r\u00f8r profiler tilpasses?<\/b><\/p>\n<p>Ja, de kan tilpasses i st\u00f8rrelse, v\u00e6gtykkelse, tr\u00e6m\u00f8nster, farve og l\u00e6ngde, s\u00e5 de passer til specifikke design- og konstruktionsbehov.<br \/>\n<\/p><br \/>\n<br \/>\n<p><b>5. Hvordan forbedrer tr\u00e6kornsfinishen aluminiumsr\u00f8rprofiler?<\/b><\/p>\n<p>Finishen giver et naturligt tr\u00e6udseende, samtidig med at aluminiums rustbestandighed, styrke og letv\u00e6gtsegenskaber bevares.<br \/>\n<\/p><br \/>\n<br \/>\n<p><b>6. Er r\u00f8rprofiler af ekstruderet aluminium med tr\u00e6korn egnet til udend\u00f8rs brug?<\/b><\/p>\n<p>Ja, de modst\u00e5r UV-eksponering, fugt og h\u00e5rdt vejr, hvilket g\u00f8r dem perfekte til udvendig arkitektonisk og dekorativ brug.<br \/>\n<\/p><br \/>\n<br \/>\n<p><b>7. Hvilke industrier bruger almindeligvis ekstruderede aluminiumsr\u00f8rprofiler med tr\u00e6korn?<\/b><\/p>\n<p>Byggeri, m\u00f8belproduktion, indretning og landskabspleje bruger disse profiler p\u00e5 grund af deres kombination af sk\u00f8nhed og ydeevne.<br \/>\n<\/p><br \/>\n<br \/>\n<p><b>8. Hvordan underst\u00f8tter ekstruderede aluminiumsr\u00f8rprofiler med tr\u00e6korn b\u00e6redygtigt byggeri?<\/b><\/p>\n<p>Aluminium er fuldt ud genanvendeligt, og tr\u00e6korn er et milj\u00f8venligt alternativ til tr\u00e6, hvilket reducerer milj\u00f8p\u00e5virkningen.<br \/>\n<\/p><br \/><\/p>","protected":false},"featured_media":6566,"template":"","categories":[65],"class_list":["post-6567","product","type-product","status-publish","has-post-thumbnail","hentry","category-wooden-grained-aluminum-profile"],"meta_box":{"hilight_text_group":{"product_hilight_text":"<li>Wood grain finish offers natural aesthetic with durable aluminum strength<\/li>\r\r\n<li>Precision-extruded for consistent dimensions and high-quality surface<\/li>\r\r\n<li>Lightweight and corrosion-resistant for indoor and outdoor use<\/li>\r\r\n<li>Ideal for decorative and structural applications<\/li>\r\r\n<li>Supports custom sizes, finishes, and bulk orders<\/li>","product_chanpin_blog":"<ul>\r\r\n<li><a href=\"https:\/\/sinoextrud.com\/t-slot-v-slot-differences\/\" target=\"_blank\">t slot vs v slot<\/a><\/li>\r\r\n<li><a href=\"https:\/\/sinoextrud.com\/what-is-4040-aluminium-extrud\/\" target=\"_blank\">4040 aluminium extrusion<\/a><\/li>\r\r\n<li><a href=\"https:\/\/sinoextrud.com\/what-is-4040-aluminium-extrud\/\" target=\"_blank\">aluminum extrusions for industrial racks<\/a><\/li>\r\r\n<li><a href=\"https:\/\/sinoextrud.com\/powder-coating-aluminium-process\/\" target=\"_blank\">powder coating aluminium<\/a><\/li>\r\r\n<li><a href=\"https:\/\/sinoextrud.com\/what-is-an-aluminium-strip-ceiling\/\" target=\"_blank\">aluminium strip ceiling<\/a><\/li>\r\r\n<li><a href=\"https:\/\/sinoextrud.com\/what-is-a-heat-sink\/\" target=\"_blank\">what is a heat sink<\/a><\/li>\r\r\n<\/ul>","product_chanpin_chanpin":"<li><a href=\"https:\/\/sinoextrud.com\/product\/wood-look-aluminium-battens\/\" target=\"_blank\">Wood Look Aluminium Battens<\/a><\/li>\r\n<li><a href=\"https:\/\/sinoextrud.com\/product\/wood-finish-aluminum-tube\/\" target=\"_blank\">Wood Finish Aluminum Tube<\/a><\/li>\r\n<li><a href=\"https:\/\/sinoextrud.com\/product\/3d-wood-grain-aluminium-battens\/\" target=\"_blank\">3D Wood Grain Aluminium Battens<\/a><\/li>\r\n<li><a href=\"https:\/\/sinoextrud.com\/product\/commercial-handrail-systems\/\" target=\"_blank\">Commercial Handrail Systems<\/a><\/li>\r\n<li><a href=\"https:\/\/sinoextrud.com\/product\/extruded-aluminum-wood-grain-tube-profile\/\" target=\"_blank\">Extruded Aluminum Wood Grain Tube Profile<\/a><\/li>\r\n<li><a href=\"https:\/\/sinoextrud.com\/product\/wood-grain-aluminum-box-section\/\" target=\"_blank\">Wood Grain Aluminum Box Section<\/a><\/li>\r\n<li><a href=\"https:\/\/sinoextrud.com\/product\/wood-grain-false-ceiling-aluminium-profiles\/\" target=\"_blank\">Wood Grain False Ceiling Aluminium Profiles<\/a><\/li>\r\n<li><a href=\"https:\/\/sinoextrud.com\/product\/wood-grain-finish-extruded-architectural-use-aluminium-profile\/\" target=\"_blank\">Wood grain finish extruded architectural use aluminium profile<\/a><\/li>\r\n<li><a href=\"https:\/\/sinoextrud.com\/product\/wood-grain-aluminium-extrusion-profile-for-furnitures-decoration\/\" target=\"_blank\">Wood Grain Aluminium Extrusion Profile for Furnitures Decoration<\/a><\/li>\r\n<li><a href=\"https:\/\/sinoextrud.com\/product\/custom-decorative-hollow-alloy-rectangular-square-aluminum-tube-sizes\/\" target=\"_blank\">Custom Decorative Hollow Alloy Rectangular Square Aluminum Tube Sizes<\/a><\/li>\r\n<li><a href=\"https:\/\/sinoextrud.com\/product\/aluminum-rectangular-tubing-for-wooden-horizontal-aluminum-fence-panels-system\/\" target=\"_blank\">aluminum rectangular tubing for wooden horizontal aluminum fence panels system<\/a><\/li>"},"feature_list":[]},"_links":{"self":[{"href":"https:\/\/sinoextrud.com\/da\/wp-json\/wp\/v2\/product\/6567","targetHints":{"allow":["GET"]}}],"collection":[{"href":"https:\/\/sinoextrud.com\/da\/wp-json\/wp\/v2\/product"}],"about":[{"href":"https:\/\/sinoextrud.com\/da\/wp-json\/wp\/v2\/types\/product"}],"wp:featuredmedia":[{"embeddable":true,"href":"https:\/\/sinoextrud.com\/da\/wp-json\/wp\/v2\/media\/6566"}],"wp:attachment":[{"href":"https:\/\/sinoextrud.com\/da\/wp-json\/wp\/v2\/media?parent=6567"}],"wp:term":[{"taxonomy":"category","embeddable":true,"href":"https:\/\/sinoextrud.com\/da\/wp-json\/wp\/v2\/categories?post=6567"}],"curies":[{"name":"wp","href":"https:\/\/api.w.org\/{rel}","templated":true}]}}