{"id":6565,"date":"2025-05-29T09:00:57","date_gmt":"2025-05-29T09:00:57","guid":{"rendered":"https:\/\/sinoextrud.com\/product\/commercial-handrail-systems\/"},"modified":"2025-06-24T06:11:10","modified_gmt":"2025-06-24T06:11:10","slug":"kommercielle-gelaendersystemer","status":"publish","type":"product","link":"https:\/\/sinoextrud.com\/da\/product\/commercial-handrail-systems\/","title":{"rendered":"Kommercielle gel\u00e6ndersystemer"},"content":{"rendered":"<h2>Detaljer om produkter<\/h2>\n<table class=\"custom-table\">\n<tr>\n<td class=\"label\">Anvendelse:<\/td>\n<td>kommercielle gel\u00e6ndersystemer<\/td>\n<\/tr>\n<tr>\n<td class=\"label\">Karakter:<\/td>\n<td>6000-serien<\/td>\n<\/tr>\n<tr>\n<td class=\"label\">Teknik:<\/td>\n<td>Ekstruderede aluminiumsprofiler og cnc-bearbejdning<\/td>\n<\/tr>\n<tr>\n<td class=\"label\">Temperament:<\/td>\n<td>T3 - T8<\/td>\n<\/tr>\n<tr>\n<td class=\"label\">St\u00f8rrelser:<\/td>\n<td>80*33,2MM<\/td>\n<\/tr>\n<tr>\n<td class=\"label\">Bearbejdningstjenester:<\/td>\n<td>Boring, gevindsk\u00e6ring, nitning, montering osv.<\/td>\n<\/tr>\n<tr>\n<td class=\"label\">Varem\u00e6rke:<\/td>\n<td>Sinoextrud<\/td>\n<\/tr>\n<tr>\n<td class=\"label\">Oprindelse:<\/td>\n<td>Guangdong<\/td>\n<\/tr>\n<tr>\n<td class=\"label\">Type:<\/td>\n<td>Aluminiumsprofiler til altan, solrum, villaens \u00f8verste etage, dekoration af skillev\u00e6gge<\/td>\n<\/tr>\n<tr>\n<td class=\"label\">Form:<\/td>\n<td>Lavet som kundernes design<\/td>\n<\/tr>\n<tr>\n<td class=\"label\">Overfladebehandling:<\/td>\n<td>med tr\u00e6korn<\/td>\n<\/tr>\n<tr>\n<td class=\"label\">Certificering:<\/td>\n<td>ISO, RoHS<\/td>\n<\/tr>\n<tr>\n<td class=\"label\">L\u00e6ngde:<\/td>\n<td>Den kan sk\u00e6re efter specifikke behov<\/td>\n<\/tr>\n<tr>\n<td class=\"label\">Farver:<\/td>\n<td>tr\u00e6, brun, guld-gul<\/td>\n<\/tr>\n<tr>\n<td class=\"label\">Specifikation:<\/td>\n<td>16,8*15,1 mm<\/td>\n<\/tr>\n<tr>\n<td class=\"label\">HS-kode:<\/td>\n<td>76042990<\/td>\n<\/tr>\n<\/table>\n<h2>Vores produktionsbase<\/h2>\n<h3>Panorama over fabrikken<\/h3>\n<p><img decoding=\"async\" src=\"\/wp-content\/uploads\/factory-01.webp\"\/><\/p>\n<h3>V\u00e6rksted til fremstilling af aluminiumst\u00e6nger<\/h3>\n<p><img decoding=\"async\" src=\"\/wp-content\/uploads\/factory-02.webp\"\/><\/p>\n<p><img decoding=\"async\" src=\"\/wp-content\/uploads\/factory-03.webp\"\/><\/p>\n<h3>Lager til opbevaring af skimmelsvampe<\/h3>\n<p><img decoding=\"async\" src=\"\/wp-content\/uploads\/factory-04.webp\"\/><\/p>\n<h3>43 ekstruderingslinjer for aluminium (500-5500 ton)<\/h3>\n<p><img decoding=\"async\" src=\"\/wp-content\/uploads\/factory-05.webp\"\/><\/p>\n<p><img decoding=\"async\" src=\"\/wp-content\/uploads\/factory-06.webp\"\/><\/p>\n<p><img decoding=\"async\" src=\"\/wp-content\/uploads\/factory-07.webp\"\/><\/p>\n<h3>V\u00e6rksted for pulverlakering<\/h3>\n<p><img decoding=\"async\" src=\"\/wp-content\/uploads\/factory-09.webp\"\/><\/p>\n<h3>Anodiseringsv\u00e6rksted<\/h3>\n<p><img decoding=\"async\" src=\"\/wp-content\/uploads\/factory-10.webp\"\/><\/p>\n<h3>Workshop om dyb behandling<\/h3>\n<p><img decoding=\"async\" src=\"\/wp-content\/uploads\/factory-11.webp\"\/><\/p>\n<h3>V\u00e6rksted for CNC-pr\u00e6cisionsbearbejdning<\/h3>\n<p><img decoding=\"async\" src=\"\/wp-content\/uploads\/factory-11.5.webp\"\/><\/p>\n<h3>F\u00e6rdigvare- og eksportlager<\/h3>\n<p><img decoding=\"async\" src=\"\/wp-content\/uploads\/factory-12.webp\"\/><\/p>\n<p><img decoding=\"async\" src=\"\/wp-content\/uploads\/factory-13.webp\"\/><\/p>\n<p><img decoding=\"async\" src=\"\/wp-content\/uploads\/factory-14.webp\"\/><\/p>\n<h2>OFTE STILLEDE SP\u00d8RGSM\u00c5L<\/h2>\n<p><p><b>1. Hvad er kommercielle gel\u00e6ndersystemer?<\/b><\/p>\n<p>Kommercielle gel\u00e6ndersystemer er sikkerhedsl\u00f8sninger, der er designet til offentlige og kommercielle rum for at give st\u00f8tte, sikkerhed og overholdelse af bygningsreglementet.<br \/>\n<\/p><br \/>\n<br \/>\n<p><b>2. Hvad er de vigtigste fordele ved kommercielle gel\u00e6ndersystemer?<\/b><\/p>\n<p>De tilbyder holdbarhed, styrke, \u00e6stetisk alsidighed, korrosionsbestandighed og nem installation for at forbedre sikkerhed og design i kommercielle milj\u00f8er.<br \/>\n<\/p><br \/>\n<br \/>\n<p><b>3. Hvorfor v\u00e6lge kommercielle gel\u00e6ndersystemer til offentlige rum?<\/b><\/p>\n<p>Disse systemer opfylder strenge sikkerhedsstandarder, giver p\u00e5lidelig st\u00f8tte og kan tilpasses, s\u00e5 de passer til arkitektoniske stilarter og materialer.<br \/>\n<\/p><br \/>\n<br \/>\n<p><b>4. Kan kommercielle gel\u00e6ndersystemer tilpasses?<\/b><\/p>\n<p>Ja, de kan skr\u00e6ddersys i materiale, finish, h\u00f8jde, l\u00e6ngde og design, s\u00e5 de passer til specifikke bygningskrav og \u00e6stetiske pr\u00e6ferencer.<br \/>\n<\/p><br \/>\n<br \/>\n<p><b>5. Hvilke materialer bruges almindeligvis i kommercielle gel\u00e6ndersystemer?<\/b><\/p>\n<p>Materialerne omfatter rustfrit st\u00e5l, aluminium, glas og tr\u00e6, som hver is\u00e6r giver unikke fordele som styrke, korrosionsbestandighed og visuel appel.<br \/>\n<\/p><br \/>\n<br \/>\n<p><b>6. Er kommercielle gel\u00e6ndersystemer egnede til b\u00e5de indend\u00f8rs og udend\u00f8rs brug?<\/b><\/p>\n<p>Ja, mange systemer er designet til at modst\u00e5 vejrp\u00e5virkning og kraftig brug i forskellige milj\u00f8er.<br \/>\n<\/p><br \/>\n<br \/>\n<p><b>7. Hvordan forbedrer kommercielle gel\u00e6ndersystemer sikkerheden i bygninger?<\/b><\/p>\n<p>De giver solid st\u00f8tte og faldsikring, hj\u00e6lper med at forebygge ulykker og sikrer overholdelse af tilg\u00e6ngelighedsbestemmelserne.<br \/>\n<\/p><br \/>\n<br \/>\n<p><b>8. Hvilke brancher bruger ofte kommercielle gel\u00e6ndersystemer?<\/b><\/p>\n<p>Erhvervsbygninger, hospitaler, skoler, lufthavne, indk\u00f8bscentre og offentlige transportknudepunkter installerer ofte disse systemer af hensyn til sikkerhed og funktionalitet.<br \/>\n<\/p><br \/>\n<br \/>\n<p><b>9. Hvordan underst\u00f8tter kommercielle gel\u00e6ndersystemer b\u00e6redygtig byggepraksis?<\/b><\/p>\n<p>Mange systemer bruger genanvendelige materialer og holdbare overflader, der reducerer vedligeholdelses- og udskiftningsfrekvensen og fremmer milj\u00f8venligt byggeri.<br \/>\n<\/p><br \/><\/p>","protected":false},"featured_media":6564,"template":"","categories":[65],"class_list":["post-6565","product","type-product","status-publish","has-post-thumbnail","hentry","category-wooden-grained-aluminum-profile"],"meta_box":{"hilight_text_group":{"product_hilight_text":"<li>Robust design ensures safety and durability in commercial environments<\/li>\r\r\n<li>Made from high-quality materials with corrosion-resistant finishes<\/li>\r\r\n<li>Customizable sizes and styles to fit diverse architectural requirements<\/li>\r\r\n<li>Easy to install with modular components for efficient assembly<\/li>\r\r\n<li>Compliant with industry safety standards and building codes<\/li>","product_chanpin_blog":"<ul>\r\r\n<li><a href=\"https:\/\/sinoextrud.com\/t-slot-v-slot-differences\/\" target=\"_blank\">t slot vs v slot<\/a><\/li>\r\r\n<li><a href=\"https:\/\/sinoextrud.com\/what-is-4040-aluminium-extrud\/\" target=\"_blank\">4040 aluminium extrusion<\/a><\/li>\r\r\n<li><a href=\"https:\/\/sinoextrud.com\/what-is-4040-aluminium-extrud\/\" target=\"_blank\">aluminum extrusions for industrial racks<\/a><\/li>\r\r\n<li><a href=\"https:\/\/sinoextrud.com\/powder-coating-aluminium-process\/\" target=\"_blank\">powder coating aluminium<\/a><\/li>\r\r\n<li><a href=\"https:\/\/sinoextrud.com\/what-is-an-aluminium-strip-ceiling\/\" target=\"_blank\">aluminium strip ceiling<\/a><\/li>\r\r\n<li><a href=\"https:\/\/sinoextrud.com\/what-is-a-heat-sink\/\" target=\"_blank\">what is a heat sink<\/a><\/li>\r\r\n<\/ul>","product_chanpin_chanpin":"<li><a href=\"https:\/\/sinoextrud.com\/product\/wood-look-aluminium-cladding\/\" target=\"_blank\">Wood Look Aluminium Cladding<\/a><\/li>\r\n<li><a href=\"https:\/\/sinoextrud.com\/product\/wood-look-aluminium-battens\/\" target=\"_blank\">Wood Look Aluminium Battens<\/a><\/li>\r\n<li><a href=\"https:\/\/sinoextrud.com\/product\/wood-finish-aluminum-tube\/\" target=\"_blank\">Wood Finish Aluminum Tube<\/a><\/li>\r\n<li><a href=\"https:\/\/sinoextrud.com\/product\/3d-wood-grain-aluminium-battens\/\" target=\"_blank\">3D Wood Grain Aluminium Battens<\/a><\/li>\r\n<li><a href=\"https:\/\/sinoextrud.com\/product\/commercial-handrail-systems\/\" target=\"_blank\">Commercial Handrail Systems<\/a><\/li>\r\n<li><a href=\"https:\/\/sinoextrud.com\/product\/extruded-aluminum-wood-grain-tube-profile\/\" target=\"_blank\">Extruded Aluminum Wood Grain Tube Profile<\/a><\/li>\r\n<li><a href=\"https:\/\/sinoextrud.com\/product\/wood-grain-aluminum-box-section\/\" target=\"_blank\">Wood Grain Aluminum Box Section<\/a><\/li>\r\n<li><a href=\"https:\/\/sinoextrud.com\/product\/wood-grain-false-ceiling-aluminium-profiles\/\" target=\"_blank\">Wood Grain False Ceiling Aluminium Profiles<\/a><\/li>\r\n<li><a href=\"https:\/\/sinoextrud.com\/product\/wood-grain-finish-extruded-architectural-use-aluminium-profile\/\" target=\"_blank\">Wood grain finish extruded architectural use aluminium profile<\/a><\/li>\r\n<li><a href=\"https:\/\/sinoextrud.com\/product\/aluminum-extrud-7003-aluminum-pipe\/\" target=\"_blank\">Aluminum Extrusion 7003 Aluminum Pipe<\/a><\/li>\r\n<li><a href=\"https:\/\/sinoextrud.com\/product\/alu-squ-tube-in-wood-grain-painting\/\" target=\"_blank\">Alu squ tube In Wood Grain Painting<\/a><\/li>"},"feature_list":[]},"_links":{"self":[{"href":"https:\/\/sinoextrud.com\/da\/wp-json\/wp\/v2\/product\/6565","targetHints":{"allow":["GET"]}}],"collection":[{"href":"https:\/\/sinoextrud.com\/da\/wp-json\/wp\/v2\/product"}],"about":[{"href":"https:\/\/sinoextrud.com\/da\/wp-json\/wp\/v2\/types\/product"}],"wp:featuredmedia":[{"embeddable":true,"href":"https:\/\/sinoextrud.com\/da\/wp-json\/wp\/v2\/media\/6564"}],"wp:attachment":[{"href":"https:\/\/sinoextrud.com\/da\/wp-json\/wp\/v2\/media?parent=6565"}],"wp:term":[{"taxonomy":"category","embeddable":true,"href":"https:\/\/sinoextrud.com\/da\/wp-json\/wp\/v2\/categories?post=6565"}],"curies":[{"name":"wp","href":"https:\/\/api.w.org\/{rel}","templated":true}]}}