{"id":6555,"date":"2025-05-29T08:45:43","date_gmt":"2025-05-29T08:45:43","guid":{"rendered":"https:\/\/sinoextrud.com\/product\/natural-wood-grain-aluminium-square-tube\/"},"modified":"2025-06-24T06:11:09","modified_gmt":"2025-06-24T06:11:09","slug":"firkantet-ror-af-aluminium-med-naturligt-traekorn","status":"publish","type":"product","link":"https:\/\/sinoextrud.com\/da\/product\/natural-wood-grain-aluminium-square-tube\/","title":{"rendered":"Firkantet aluminiumsr\u00f8r med naturligt tr\u00e6korn"},"content":{"rendered":"<h2>Detaljer om produkter<\/h2>\n<table class=\"custom-table\">\n<tr>\n<td class=\"label\">Vare<\/td>\n<td>Firkantet r\u00f8r i aluminium med naturligt tr\u00e6korn \/ Firkantet r\u00f8r i aluminium med naturligt brunt tr\u00e6korn<\/td>\n<\/tr>\n<tr>\n<td class=\"label\">Form<\/td>\n<td>firkantet,<\/td>\n<\/tr>\n<tr>\n<td class=\"label\">Anvendelse<\/td>\n<td>dekorationer, industri, byggeri og s\u00e5 videre<\/td>\n<\/tr>\n<tr>\n<td class=\"label\">Farver<\/td>\n<td>Tr\u00e6korn<\/td>\n<\/tr>\n<tr>\n<td class=\"label\">Dyb proces<\/td>\n<td>CNC, boring, fr\u00e6sning, sk\u00e6ring, svejsning, bukning, samling<\/td>\n<\/tr>\n<tr>\n<td class=\"label\">MOQ<\/td>\n<td>200 kg for hvert emne<\/td>\n<\/tr>\n<tr>\n<td class=\"label\">Detaljer om emballage<\/td>\n<td>(1) Indvendigt: pakket med beskyttende plastfilm for at beskytte hvert stykke<\/td>\n<\/tr>\n<tr>\n<td class=\"label\">Betalingsbetingelser<\/td>\n<td>T \/ T 30% for depositum, balance f\u00f8r forsendelse.<\/td>\n<\/tr>\n<tr>\n<td class=\"label\">Afregningsperiode<\/td>\n<td>Afregn efter endelig faktisk v\u00e6gt eller efter teoretisk v\u00e6gt.<\/td>\n<\/tr>\n<tr>\n<td class=\"label\">Garanti<\/td>\n<td>Overfladefarven kan v\u00e6re stabil i 10~20 \u00e5r ved indend\u00f8rs brug.<\/td>\n<\/tr>\n<\/table>\n<h2>Vores produktionsbase<\/h2>\n<h3>Panorama over fabrikken<\/h3>\n<p><img decoding=\"async\" src=\"\/wp-content\/uploads\/factory-01.webp\"\/><\/p>\n<h3>V\u00e6rksted til fremstilling af aluminiumst\u00e6nger<\/h3>\n<p><img decoding=\"async\" src=\"\/wp-content\/uploads\/factory-02.webp\"\/><\/p>\n<p><img decoding=\"async\" src=\"\/wp-content\/uploads\/factory-03.webp\"\/><\/p>\n<h3>Lager til opbevaring af skimmelsvampe<\/h3>\n<p><img decoding=\"async\" src=\"\/wp-content\/uploads\/factory-04.webp\"\/><\/p>\n<h3>43 ekstruderingslinjer for aluminium (500-5500 ton)<\/h3>\n<p><img decoding=\"async\" src=\"\/wp-content\/uploads\/factory-05.webp\"\/><\/p>\n<p><img decoding=\"async\" src=\"\/wp-content\/uploads\/factory-06.webp\"\/><\/p>\n<p><img decoding=\"async\" src=\"\/wp-content\/uploads\/factory-07.webp\"\/><\/p>\n<h3>V\u00e6rksted for pulverlakering<\/h3>\n<p><img decoding=\"async\" src=\"\/wp-content\/uploads\/factory-09.webp\"\/><\/p>\n<h3>Anodiseringsv\u00e6rksted<\/h3>\n<p><img decoding=\"async\" src=\"\/wp-content\/uploads\/factory-10.webp\"\/><\/p>\n<h3>Workshop om dyb behandling<\/h3>\n<p><img decoding=\"async\" src=\"\/wp-content\/uploads\/factory-11.webp\"\/><\/p>\n<h3>V\u00e6rksted for CNC-pr\u00e6cisionsbearbejdning<\/h3>\n<p><img decoding=\"async\" src=\"\/wp-content\/uploads\/factory-11.5.webp\"\/><\/p>\n<h3>F\u00e6rdigvare- og eksportlager<\/h3>\n<p><img decoding=\"async\" src=\"\/wp-content\/uploads\/factory-12.webp\"\/><\/p>\n<p><img decoding=\"async\" src=\"\/wp-content\/uploads\/factory-13.webp\"\/><\/p>\n<p><img decoding=\"async\" src=\"\/wp-content\/uploads\/factory-14.webp\"\/><\/p>\n<h2>OFTE STILLEDE SP\u00d8RGSM\u00c5L<\/h2>\n<p><p><b>1. Hvad er et firkantet r\u00f8r af aluminium med naturligt tr\u00e6korn?<\/b><\/p>\n<p>Det er et firkantet aluminiumsr\u00f8r med en naturlig tr\u00e6kornfinish, der kombinerer aluminiums styrke og holdbarhed med tr\u00e6ets \u00e6stetiske appel.<br \/>\n<\/p><br \/>\n<br \/>\n<p><b>2. Hvad er de vigtigste fordele ved firkantede aluminiumsr\u00f8r med naturligt tr\u00e6korn?<\/b><\/p>\n<p>De er korrosionsbestandige, lette, har lav vedligeholdelse og en realistisk tr\u00e6struktur, der er ideel til arkitektoniske og dekorative anvendelser.<br \/>\n<\/p><br \/>\n<br \/>\n<p><b>3. Hvorfor v\u00e6lge firkantede aluminiumsr\u00f8r med naturligt tr\u00e6korn frem for \u00e6gte tr\u00e6?<\/b><\/p>\n<p>Aluminiumsr\u00f8r modst\u00e5r r\u00e5d, insekter, fugt og vridning, hvilket giver en l\u00e6ngere levetid og reduceret vedligeholdelse, samtidig med at de bevarer et tr\u00e6lignende udseende.<br \/>\n<\/p><br \/>\n<br \/>\n<p><b>4. kan firkantede r\u00f8r i aluminium med naturligt tr\u00e6korn tilpasses?<\/b><\/p>\n<p>Ja, disse r\u00f8r kan tilpasses i dimensioner, v\u00e6gtykkelse, tr\u00e6m\u00f8nster, farve og l\u00e6ngde, s\u00e5 de passer til specifikke design- og konstruktionsbehov.<br \/>\n<\/p><br \/>\n<br \/>\n<p><b>5. Hvordan forbedrer den naturlige tr\u00e6kornsfinish firkantede aluminiumsr\u00f8r?<\/b><\/p>\n<p>Finishen giver et varmt, naturligt tr\u00e6look, samtidig med at aluminiums holdbarhed, rustbestandighed og letv\u00e6gtsegenskaber bevares.<br \/>\n<\/p><br \/>\n<br \/>\n<p><b>6. Er firkantede aluminiumsr\u00f8r med naturligt tr\u00e6korn egnet til udend\u00f8rs brug?<\/b><\/p>\n<p>Ja, de modst\u00e5r UV-eksponering, fugt og barske vejrforhold, hvilket g\u00f8r dem perfekte til udvendig bekl\u00e6dning, hegn og dekorative strukturer.<br \/>\n<\/p><br \/>\n<br \/>\n<p><b>7. Hvilke industrier bruger ofte firkantede aluminiumsr\u00f8r med naturlige tr\u00e6korn?<\/b><\/p>\n<p>Byggeri, indretning, m\u00f8belproduktion og landskabsarkitektur bruger disse r\u00f8r p\u00e5 grund af deres kombination af sk\u00f8nhed og ydeevne.<br \/>\n<\/p><br \/>\n<br \/>\n<p><b>8. Hvordan underst\u00f8tter firkantede aluminiumsr\u00f8r med naturlig tr\u00e6struktur b\u00e6redygtigt byggeri?<\/b><\/p>\n<p>Aluminium er fuldt genanvendeligt, og den tr\u00e6agtige finish er et milj\u00f8venligt alternativ til tr\u00e6, som hj\u00e6lper med at reducere milj\u00f8p\u00e5virkningen.<br \/>\n<\/p><br \/><\/p>","protected":false},"featured_media":6554,"template":"","categories":[65],"class_list":["post-6555","product","type-product","status-publish","has-post-thumbnail","hentry","category-wooden-grained-aluminum-profile"],"meta_box":{"hilight_text_group":{"product_hilight_text":"<li>Natural wood grain finish combines aesthetic appeal with aluminum durability<\/li>\r\r\n<li>Lightweight square tube offers high strength and corrosion resistance<\/li>\r\r\n<li>Ideal for decorative and structural applications in indoor and outdoor settings<\/li>\r\r\n<li>Precision extrusion ensures consistent dimensions and quality<\/li>\r\r\n<li>Supports custom sizes and bulk orders for various project requirements<\/li>","product_chanpin_blog":"<ul>\r\r\n<li><a href=\"https:\/\/sinoextrud.com\/t-slot-v-slot-differences\/\" target=\"_blank\">t slot vs v slot<\/a><\/li>\r\r\n<li><a href=\"https:\/\/sinoextrud.com\/what-is-4040-aluminium-extrud\/\" target=\"_blank\">4040 aluminium extrusion<\/a><\/li>\r\r\n<li><a href=\"https:\/\/sinoextrud.com\/what-is-4040-aluminium-extrud\/\" target=\"_blank\">aluminum extrusions for industrial racks<\/a><\/li>\r\r\n<li><a href=\"https:\/\/sinoextrud.com\/powder-coating-aluminium-process\/\" target=\"_blank\">powder coating aluminium<\/a><\/li>\r\r\n<li><a href=\"https:\/\/sinoextrud.com\/what-is-an-aluminium-strip-ceiling\/\" target=\"_blank\">aluminium strip ceiling<\/a><\/li>\r\r\n<li><a href=\"https:\/\/sinoextrud.com\/what-is-a-heat-sink\/\" target=\"_blank\">what is a heat sink<\/a><\/li>\r\r\n<\/ul>","product_chanpin_chanpin":"<li><a href=\"https:\/\/sinoextrud.com\/product\/custom-wood-grain-aluminium-profiles\/\" target=\"_blank\">Custom Wood Grain Aluminium Profiles<\/a><\/li>\r\n<li><a href=\"https:\/\/sinoextrud.com\/product\/wood-grain-aluminum-square-hollow-profile\/\" target=\"_blank\">Wood Grain Aluminum Square Hollow Profile<\/a><\/li>\r\n<li><a href=\"https:\/\/sinoextrud.com\/product\/wood-look-aluminum-soffit\/\" target=\"_blank\">Wood Look Aluminum Soffit<\/a><\/li>\r\n<li><a href=\"https:\/\/sinoextrud.com\/product\/wood-look-aluminium-slats\/\" target=\"_blank\">Wood Look Aluminium Slats<\/a><\/li>\r\n<li><a href=\"https:\/\/sinoextrud.com\/product\/natural-wood-grain-aluminium-square-tube\/\" target=\"_blank\">Natural Wood Grain Aluminium Square Tube<\/a><\/li>\r\n<li><a href=\"https:\/\/sinoextrud.com\/product\/wood-look-aluminium-cladding\/\" target=\"_blank\">Wood Look Aluminium Cladding<\/a><\/li>\r\n<li><a href=\"https:\/\/sinoextrud.com\/product\/wood-look-aluminium-battens\/\" target=\"_blank\">Wood Look Aluminium Battens<\/a><\/li>\r\n<li><a href=\"https:\/\/sinoextrud.com\/product\/wood-finish-aluminum-tube\/\" target=\"_blank\">Wood Finish Aluminum Tube<\/a><\/li>\r\n<li><a href=\"https:\/\/sinoextrud.com\/product\/3d-wood-grain-aluminium-battens\/\" target=\"_blank\">3D Wood Grain Aluminium Battens<\/a><\/li>\r\n<li><a href=\"https:\/\/sinoextrud.com\/product\/60x60-aluminium-t-slot-frame-profile-extrusion-open-mold-industrial-track-coated-white-matte-v-slot\/\" target=\"_blank\">60\u00c3\u201460 aluminium t-slot frame profile extrusion open mold industrial track coated white matte v slot<\/a><\/li>\r\n<li><a href=\"https:\/\/sinoextrud.com\/product\/aluminum-cnc-machining\/\" target=\"_blank\">Aluminum cnc machining<\/a><\/li>"},"feature_list":[]},"_links":{"self":[{"href":"https:\/\/sinoextrud.com\/da\/wp-json\/wp\/v2\/product\/6555","targetHints":{"allow":["GET"]}}],"collection":[{"href":"https:\/\/sinoextrud.com\/da\/wp-json\/wp\/v2\/product"}],"about":[{"href":"https:\/\/sinoextrud.com\/da\/wp-json\/wp\/v2\/types\/product"}],"wp:featuredmedia":[{"embeddable":true,"href":"https:\/\/sinoextrud.com\/da\/wp-json\/wp\/v2\/media\/6554"}],"wp:attachment":[{"href":"https:\/\/sinoextrud.com\/da\/wp-json\/wp\/v2\/media?parent=6555"}],"wp:term":[{"taxonomy":"category","embeddable":true,"href":"https:\/\/sinoextrud.com\/da\/wp-json\/wp\/v2\/categories?post=6555"}],"curies":[{"name":"wp","href":"https:\/\/api.w.org\/{rel}","templated":true}]}}