{"id":6553,"date":"2025-05-29T08:12:31","date_gmt":"2025-05-29T08:12:31","guid":{"rendered":"https:\/\/sinoextrud.com\/product\/wood-look-aluminium-slats\/"},"modified":"2025-06-24T06:11:09","modified_gmt":"2025-06-24T06:11:09","slug":"aluminiumslameller-med-traelook","status":"publish","type":"product","link":"https:\/\/sinoextrud.com\/da\/product\/wood-look-aluminium-slats\/","title":{"rendered":"Aluminiumslameller med tr\u00e6look"},"content":{"rendered":"<h2>Detaljer om produkter<\/h2>\n<table class=\"custom-table\">\n<tr>\n<td class=\"label\">Materiale<\/td>\n<td>Aluminiumslegering af h\u00f8j kvalitet<\/td>\n<\/tr>\n<tr>\n<td class=\"label\">Overfladebehandling og garanti<\/td>\n<td>almindelig spr\u00f8jtning med tr\u00e6kornsmaling (10 \u00e5r), AKSU speciel spr\u00f8jtning med tr\u00e6kornsmaling (15 \u00e5r)<\/td>\n<\/tr>\n<tr>\n<td class=\"label\">St\u00f8rrelse<\/td>\n<td>Den generelle bredde er 2 tommer (ca. 5 cm) eller 2,5 tommer (ca. 6,3 cm). Tilpas l\u00e6ngden efter de faktiske behov. Accepter tilpassede ordrer.<\/td>\n<\/tr>\n<tr>\n<td class=\"label\">Tykkelse<\/td>\n<td>Generelt 0,008 tommer (ca. 0,2 mm) til 0,02 tommer (ca. 0,5 mm). Accepterer tilpassede ordrer.<\/td>\n<\/tr>\n<tr>\n<td class=\"label\">Farve<\/td>\n<td>naturlig, klar, realistisk imiteret tr\u00e6struktur, s\u00e5som tr\u00e6look, mahogni-look, kirseb\u00e6rtr\u00e6-look, valn\u00f8d-look osv.<\/td>\n<\/tr>\n<tr>\n<td class=\"label\">\u00c5bnings- og lukningsmetode<\/td>\n<td>manuel betjening eller elektrisk kontrol<\/td>\n<\/tr>\n<tr>\n<td class=\"label\">Funktioner<\/td>\n<td>Modstandsdygtig over for kemisk korrosion. Modstandsdygtig over for fysiske ridser. Insektsikker. Vandt\u00e6t. Let at reng\u00f8re. Ikke let at falme. Intet behov for regelm\u00e6ssig maling.<\/td>\n<\/tr>\n<\/table>\n<h2>Vores produktionsbase<\/h2>\n<h3>Panorama over fabrikken<\/h3>\n<p><img decoding=\"async\" src=\"\/wp-content\/uploads\/factory-01.webp\"\/><\/p>\n<h3>V\u00e6rksted til fremstilling af aluminiumst\u00e6nger<\/h3>\n<p><img decoding=\"async\" src=\"\/wp-content\/uploads\/factory-02.webp\"\/><\/p>\n<p><img decoding=\"async\" src=\"\/wp-content\/uploads\/factory-03.webp\"\/><\/p>\n<h3>Lager til opbevaring af skimmelsvampe<\/h3>\n<p><img decoding=\"async\" src=\"\/wp-content\/uploads\/factory-04.webp\"\/><\/p>\n<h3>43 ekstruderingslinjer for aluminium (500-5500 ton)<\/h3>\n<p><img decoding=\"async\" src=\"\/wp-content\/uploads\/factory-05.webp\"\/><\/p>\n<p><img decoding=\"async\" src=\"\/wp-content\/uploads\/factory-06.webp\"\/><\/p>\n<p><img decoding=\"async\" src=\"\/wp-content\/uploads\/factory-07.webp\"\/><\/p>\n<h3>V\u00e6rksted for pulverlakering<\/h3>\n<p><img decoding=\"async\" src=\"\/wp-content\/uploads\/factory-09.webp\"\/><\/p>\n<h3>Anodiseringsv\u00e6rksted<\/h3>\n<p><img decoding=\"async\" src=\"\/wp-content\/uploads\/factory-10.webp\"\/><\/p>\n<h3>Workshop om dyb behandling<\/h3>\n<p><img decoding=\"async\" src=\"\/wp-content\/uploads\/factory-11.webp\"\/><\/p>\n<h3>V\u00e6rksted for CNC-pr\u00e6cisionsbearbejdning<\/h3>\n<p><img decoding=\"async\" src=\"\/wp-content\/uploads\/factory-11.5.webp\"\/><\/p>\n<h3>F\u00e6rdigvare- og eksportlager<\/h3>\n<p><img decoding=\"async\" src=\"\/wp-content\/uploads\/factory-12.webp\"\/><\/p>\n<p><img decoding=\"async\" src=\"\/wp-content\/uploads\/factory-13.webp\"\/><\/p>\n<p><img decoding=\"async\" src=\"\/wp-content\/uploads\/factory-14.webp\"\/><\/p>\n<h2>OFTE STILLEDE SP\u00d8RGSM\u00c5L<\/h2>\n<p><p><b>1. Hvad er aluminiumslameller i tr\u00e6look?<\/b><\/p>\n<p>Aluminiumslameller med tr\u00e6look er aluminiumspaneler designet med en overfladefinish, der efterligner naturlige tr\u00e6korn, og som bruges til dekorativ og funktionel bekl\u00e6dning eller indhegning.<br \/>\n<\/p><br \/>\n<br \/>\n<p><b>2. Hvad er de vigtigste fordele ved aluminiumslameller med tr\u00e6look?<\/b><\/p>\n<p>De giver fremragende korrosionsbestandighed, letv\u00e6gtsstyrke, lav vedligeholdelse og et realistisk tr\u00e6udseende, der er velegnet til b\u00e5de indend\u00f8rs og udend\u00f8rs brug.<br \/>\n<\/p><br \/>\n<br \/>\n<p><b>3. Hvorfor v\u00e6lge aluminiumslameller med tr\u00e6look frem for naturligt tr\u00e6?<\/b><\/p>\n<p>Aluminiumslameller modst\u00e5r r\u00e5d, insekter, vridning og vejrskader, hvilket giver l\u00e6ngere levetid og lettere vedligeholdelse end naturligt tr\u00e6.<br \/>\n<\/p><br \/>\n<br \/>\n<p><b>4. Kan aluminiumslameller med tr\u00e6look tilpasses?<\/b><\/p>\n<p>Ja, de kan tilpasses i st\u00f8rrelse, farve, tr\u00e6struktur og finish, s\u00e5 de opfylder specifikke design- og arkitektoniske krav.<br \/>\n<\/p><br \/>\n<br \/>\n<p><b>5. Hvordan fremh\u00e6ver tr\u00e6looket aluminiumslamellerne?<\/b><\/p>\n<p>Finishen giver autentisk tr\u00e6\u00e6stetik, samtidig med at aluminiums holdbarhed, vejrbestandighed og reng\u00f8ringsvenlighed bevares.<br \/>\n<\/p><br \/>\n<br \/>\n<p><b>6. Er aluminiumslameller med tr\u00e6look egnet til udend\u00f8rs brug?<\/b><\/p>\n<p>Ja, de er designet til at modst\u00e5 UV-str\u00e5ler, fugt og temperatur\u00e6ndringer, hvilket g\u00f8r dem ideelle til udvendig bekl\u00e6dning, indhegning og afsk\u00e6rmning.<br \/>\n<\/p><br \/>\n<br \/>\n<p><b>7. Hvilke industrier bruger ofte aluminiumslameller i tr\u00e6look?<\/b><\/p>\n<p>Bygge-, landskabs-, indretnings- og arkitektfirmaer bruger disse lameller for deres kombination af visuel appel og holdbarhed.<br \/>\n<\/p><br \/>\n<br \/>\n<p><b>8. Hvordan underst\u00f8tter aluminiumslameller med tr\u00e6look b\u00e6redygtigt design?<\/b><\/p>\n<p>Aluminium er fuldt genanvendeligt, og tr\u00e6look-finish er et milj\u00f8venligt alternativ til tr\u00e6, som reducerer milj\u00f8p\u00e5virkning og skovrydning.<br \/>\n<\/p><br \/><\/p>","protected":false},"featured_media":6552,"template":"","categories":[65],"class_list":["post-6553","product","type-product","status-publish","has-post-thumbnail","hentry","category-wooden-grained-aluminum-profile"],"meta_box":{"hilight_text_group":{"product_hilight_text":"<li>Wood look finish provides natural beauty with the durability of aluminum<\/li>\r\r\n<li>Resistant to rot, insects, and weathering for long-lasting performance<\/li>\r\r\n<li>Lightweight and easy to install for versatile architectural applications<\/li>\r\r\n<li>Low maintenance compared to traditional wood slats<\/li>\r\r\n<li>Available in custom sizes, colors, and finishes to fit design needs<\/li>","product_chanpin_blog":"<ul>\r\r\n<li><a href=\"https:\/\/sinoextrud.com\/t-slot-v-slot-differences\/\" target=\"_blank\">t slot vs v slot<\/a><\/li>\r\r\n<li><a href=\"https:\/\/sinoextrud.com\/what-is-4040-aluminium-extrud\/\" target=\"_blank\">4040 aluminium extrusion<\/a><\/li>\r\r\n<li><a href=\"https:\/\/sinoextrud.com\/what-is-4040-aluminium-extrud\/\" target=\"_blank\">aluminum extrusions for industrial racks<\/a><\/li>\r\r\n<li><a href=\"https:\/\/sinoextrud.com\/powder-coating-aluminium-process\/\" target=\"_blank\">powder coating aluminium<\/a><\/li>\r\r\n<li><a href=\"https:\/\/sinoextrud.com\/what-is-an-aluminium-strip-ceiling\/\" target=\"_blank\">aluminium strip ceiling<\/a><\/li>\r\r\n<li><a href=\"https:\/\/sinoextrud.com\/what-is-a-heat-sink\/\" target=\"_blank\">what is a heat sink<\/a><\/li>\r\r\n<\/ul>","product_chanpin_chanpin":"<li><a href=\"https:\/\/sinoextrud.com\/product\/pvdf-coating-aluminum-profile\/\" target=\"_blank\">PVDF Coating Aluminum Profile<\/a><\/li>\r\n<li><a href=\"https:\/\/sinoextrud.com\/product\/custom-wood-grain-aluminium-profiles\/\" target=\"_blank\">Custom Wood Grain Aluminium Profiles<\/a><\/li>\r\n<li><a href=\"https:\/\/sinoextrud.com\/product\/wood-grain-aluminum-square-hollow-profile\/\" target=\"_blank\">Wood Grain Aluminum Square Hollow Profile<\/a><\/li>\r\n<li><a href=\"https:\/\/sinoextrud.com\/product\/wood-look-aluminum-soffit\/\" target=\"_blank\">Wood Look Aluminum Soffit<\/a><\/li>\r\n<li><a href=\"https:\/\/sinoextrud.com\/product\/wood-look-aluminium-slats\/\" target=\"_blank\">Wood Look Aluminium Slats<\/a><\/li>\r\n<li><a href=\"https:\/\/sinoextrud.com\/product\/natural-wood-grain-aluminium-square-tube\/\" target=\"_blank\">Natural Wood Grain Aluminium Square Tube<\/a><\/li>\r\n<li><a href=\"https:\/\/sinoextrud.com\/product\/wood-look-aluminium-cladding\/\" target=\"_blank\">Wood Look Aluminium Cladding<\/a><\/li>\r\n<li><a href=\"https:\/\/sinoextrud.com\/product\/wood-look-aluminium-battens\/\" target=\"_blank\">Wood Look Aluminium Battens<\/a><\/li>\r\n<li><a href=\"https:\/\/sinoextrud.com\/product\/wood-finish-aluminum-tube\/\" target=\"_blank\">Wood Finish Aluminum Tube<\/a><\/li>\r\n<li><a href=\"https:\/\/sinoextrud.com\/product\/cabinet-aluminum-profile\/\" target=\"_blank\">Cabinet Aluminum Profile<\/a><\/li>\r\n<li><a href=\"https:\/\/sinoextrud.com\/product\/300mm-aluminium-louvre-extrusion\/\" target=\"_blank\">300mm Aluminium Louvre Extrusion<\/a><\/li>"},"feature_list":[]},"_links":{"self":[{"href":"https:\/\/sinoextrud.com\/da\/wp-json\/wp\/v2\/product\/6553","targetHints":{"allow":["GET"]}}],"collection":[{"href":"https:\/\/sinoextrud.com\/da\/wp-json\/wp\/v2\/product"}],"about":[{"href":"https:\/\/sinoextrud.com\/da\/wp-json\/wp\/v2\/types\/product"}],"wp:featuredmedia":[{"embeddable":true,"href":"https:\/\/sinoextrud.com\/da\/wp-json\/wp\/v2\/media\/6552"}],"wp:attachment":[{"href":"https:\/\/sinoextrud.com\/da\/wp-json\/wp\/v2\/media?parent=6553"}],"wp:term":[{"taxonomy":"category","embeddable":true,"href":"https:\/\/sinoextrud.com\/da\/wp-json\/wp\/v2\/categories?post=6553"}],"curies":[{"name":"wp","href":"https:\/\/api.w.org\/{rel}","templated":true}]}}