{"id":6551,"date":"2025-05-29T08:03:14","date_gmt":"2025-05-29T08:03:14","guid":{"rendered":"https:\/\/sinoextrud.com\/product\/wood-look-aluminum-soffit\/"},"modified":"2025-06-24T06:11:08","modified_gmt":"2025-06-24T06:11:08","slug":"traeudseende-aluminium-soffit","status":"publish","type":"product","link":"https:\/\/sinoextrud.com\/da\/product\/wood-look-aluminum-soffit\/","title":{"rendered":"Tr\u00e6look aluminiumsloft"},"content":{"rendered":"<h2>Detaljer om produkter<\/h2>\n<table class=\"custom-table\">\n<tr>\n<td class=\"label\">Materiale<\/td>\n<td>Aluminiumslegering af h\u00f8j kvalitet<\/td>\n<\/tr>\n<tr>\n<td class=\"label\">Overfladebehandling og garanti<\/td>\n<td>almindelig spr\u00f8jtning med tr\u00e6kornsmaling (10 \u00e5r), AKSU speciel spr\u00f8jtning med tr\u00e6kornsmaling (15 \u00e5r)<\/td>\n<\/tr>\n<tr>\n<td class=\"label\">L\u00e6ngde<\/td>\n<td>Generelt 10 fod (ca. 3 meter) eller 12 fod (ca. 3,6 meter). Du kan tilpasse l\u00e6ngden.<\/td>\n<\/tr>\n<tr>\n<td class=\"label\">Bredde<\/td>\n<td>generelt 6 tommer (ca. 15 cm). accepterer tilpassede ordrer. Du kan tilpasse bredden.<\/td>\n<\/tr>\n<tr>\n<td class=\"label\">Tykkelse<\/td>\n<td>Generelt 0,019 tommer (ca. 0,48 mm) eller 0,024 tommer (ca. 0,61 mm). Du kan tilpasse tykkelsen.<\/td>\n<\/tr>\n<tr>\n<td class=\"label\">Farve<\/td>\n<td>tr\u00e6-look, mahogni-look, kirseb\u00e6rtr\u00e6-look, valn\u00f8dde-look osv.<\/td>\n<\/tr>\n<tr>\n<td class=\"label\">Installationsmetode<\/td>\n<td>Monteres p\u00e5 husets tagudh\u00e6ng gennem et rillesystem eller et h\u00e6ngesystem<\/td>\n<\/tr>\n<tr>\n<td class=\"label\">Funktioner<\/td>\n<td>Det kan modst\u00e5 kemisk korrosion, fysiske ridser, vand, ild og falmning.<\/td>\n<\/tr>\n<\/table>\n<h2>Vores produktionsbase<\/h2>\n<h3>Panorama over fabrikken<\/h3>\n<p><img decoding=\"async\" src=\"\/wp-content\/uploads\/factory-01.webp\"\/><\/p>\n<h3>V\u00e6rksted til fremstilling af aluminiumst\u00e6nger<\/h3>\n<p><img decoding=\"async\" src=\"\/wp-content\/uploads\/factory-02.webp\"\/><\/p>\n<\/p>\n<p><img decoding=\"async\" src=\"\/wp-content\/uploads\/factory-03.webp\"\/><\/p>\n<h3>Lager til opbevaring af skimmelsvampe<\/h3>\n<p><img decoding=\"async\" src=\"\/wp-content\/uploads\/factory-04.webp\"\/><\/p>\n<h3>43 ekstruderingslinjer for aluminium (500-5500 ton)<\/h3>\n<p><img decoding=\"async\" src=\"\/wp-content\/uploads\/factory-05.webp\"\/><\/p>\n<p><img decoding=\"async\" src=\"\/wp-content\/uploads\/factory-06.webp\"\/><\/p>\n<p><img decoding=\"async\" src=\"\/wp-content\/uploads\/factory-07.webp\"\/><\/p>\n<h3>V\u00e6rksted for pulverlakering<\/h3>\n<p><img decoding=\"async\" src=\"\/wp-content\/uploads\/factory-09.webp\"\/><\/p>\n<h3>Anodiseringsv\u00e6rksted<\/h3>\n<p><img decoding=\"async\" src=\"\/wp-content\/uploads\/factory-10.webp\"\/><\/p>\n<h3>Workshop om dyb behandling<\/h3>\n<p><img decoding=\"async\" src=\"\/wp-content\/uploads\/factory-11.webp\"\/><\/p>\n<h3>V\u00e6rksted for CNC-pr\u00e6cisionsbearbejdning<\/h3>\n<p><img decoding=\"async\" src=\"\/wp-content\/uploads\/factory-11.5.webp\"\/><\/p>\n<h3>F\u00e6rdigvare- og eksportlager<\/h3>\n<p><img decoding=\"async\" src=\"\/wp-content\/uploads\/factory-12.webp\"\/><\/p>\n<p><img decoding=\"async\" src=\"\/wp-content\/uploads\/factory-13.webp\"\/><\/p>\n<p><img decoding=\"async\" src=\"\/wp-content\/uploads\/factory-14.webp\"\/><\/p>\n<h2>OFTE STILLEDE SP\u00d8RGSM\u00c5L<\/h2>\n<p><b>1. Hvad er aluminiumsloft i tr\u00e6look?<\/b><\/p>\n<p>Aluminiumsundertag med tr\u00e6look er et aluminiumspanel, der er designet til at efterligne udseendet af naturligt tr\u00e6, og som bruges i tagudh\u00e6ng og under tag.\n<\/p>\n<p><\/p>\n<p><b>2. Hvad er de vigtigste fordele ved etageadskillelse i aluminium med tr\u00e6look?<\/b><\/p>\n<p>Det giver overlegen holdbarhed, korrosionsbestandighed, lav vedligeholdelse og en realistisk tr\u00e6kornsfinish, der forbedrer den arkitektoniske \u00e6stetik.\n<\/p>\n<p><\/p>\n<p><b>3. Hvorfor v\u00e6lge aluminiumsloft i tr\u00e6look frem for \u00e6gte tr\u00e6?<\/b><\/p>\n<p>Aluminiumslofter modst\u00e5r r\u00e5d, insekter, fugt og vridning, hvilket giver en l\u00e6ngere levetid og mindre vedligeholdelse sammenlignet med naturligt tr\u00e6.\n<\/p>\n<p><\/p>\n<p><b>4. Kan aluminiumslofter i tr\u00e6look tilpasses?<\/b><\/p>\n<p>Ja, de kan tilpasses i st\u00f8rrelse, tr\u00e6struktur, farve og finish, s\u00e5 de passer til specifikke designpr\u00e6ferencer og arkitektoniske stilarter.\n<\/p>\n<p><\/p>\n<p><b>5. Hvordan forbedrer tr\u00e6look-finishen aluminiumsloftets ydeevne?<\/b><\/p>\n<p>Finishen giver en naturlig tr\u00e6\u00e6stetik, samtidig med at aluminiums styrke, vejrbestandighed og reng\u00f8ringsvenlighed bevares.\n<\/p>\n<p><\/p>\n<p><b>6. Er aluminiumsudh\u00e6ng i tr\u00e6look egnet til udend\u00f8rs brug?<\/b><\/p>\n<p>De er absolut designet til at modst\u00e5 UV-str\u00e5ler, fugt og temperatursvingninger, hvilket g\u00f8r dem ideelle til udvendige etageadskillelser.\n<\/p>\n<p><\/p>\n<p><b>7. Hvilke industrier bruger ofte aluminiumslofter med tr\u00e6look?<\/b><\/p>\n<p>Boligbyggeri, erhvervsbygninger og arkitektoniske designfirmaer bruger disse soffitter for deres kombination af sk\u00f8nhed og holdbarhed.\n<\/p>\n<p><\/p>\n<p><b>8. Hvordan underst\u00f8tter tr\u00e6udseende i aluminium b\u00e6redygtig byggepraksis?<\/b><\/p>\n<p>Aluminium er 100% genanvendeligt, og tr\u00e6look-finish er et milj\u00f8venligt alternativ til \u00e6gte tr\u00e6, hvilket reducerer skovrydning og milj\u00f8p\u00e5virkning.\n<\/p>\n<p><\/p>","protected":false},"featured_media":6550,"template":"","categories":[65],"class_list":["post-6551","product","type-product","status-publish","has-post-thumbnail","hentry","category-wooden-grained-aluminum-profile"],"meta_box":{"hilight_text_group":{"product_hilight_text":"<li>Wood look finish offers natural aesthetic with low maintenance benefits<\/li>\r\r\n<li>Durable aluminum construction resists rot, insects, and weather damage<\/li>\r\r\n<li>Lightweight and easy to install for efficient soffit applications<\/li>\r\r\n<li>Corrosion-resistant and suitable for various outdoor environments<\/li>\r\r\n<li>Available in custom sizes and colors to match architectural styles<\/li>","product_chanpin_blog":"<ul>\r\r\n<li><a href=\"https:\/\/sinoextrud.com\/t-slot-v-slot-differences\/\" target=\"_blank\">t slot vs v slot<\/a><\/li>\r\r\n<li><a href=\"https:\/\/sinoextrud.com\/what-is-4040-aluminium-extrud\/\" target=\"_blank\">4040 aluminium extrusion<\/a><\/li>\r\r\n<li><a href=\"https:\/\/sinoextrud.com\/what-is-4040-aluminium-extrud\/\" target=\"_blank\">aluminum extrusions for industrial racks<\/a><\/li>\r\r\n<li><a href=\"https:\/\/sinoextrud.com\/powder-coating-aluminium-process\/\" target=\"_blank\">powder coating aluminium<\/a><\/li>\r\r\n<li><a href=\"https:\/\/sinoextrud.com\/what-is-an-aluminium-strip-ceiling\/\" target=\"_blank\">aluminium strip ceiling<\/a><\/li>\r\r\n<li><a href=\"https:\/\/sinoextrud.com\/what-is-a-heat-sink\/\" target=\"_blank\">what is a heat sink<\/a><\/li>\r\r\n<\/ul>","product_chanpin_chanpin":"<li><a href=\"https:\/\/sinoextrud.com\/product\/fluorocarbon-coating-aluminium-extrusions-anti-fluorite-pvdf-aluminium-profile\/\" target=\"_blank\">Fluorocarbon coating aluminium extrusions Anti fluorite PVDF aluminium profile<\/a><\/li>\r\n<li><a href=\"https:\/\/sinoextrud.com\/product\/pvdf-coating-aluminum-profile\/\" target=\"_blank\">PVDF Coating Aluminum Profile<\/a><\/li>\r\n<li><a href=\"https:\/\/sinoextrud.com\/product\/custom-wood-grain-aluminium-profiles\/\" target=\"_blank\">Custom Wood Grain Aluminium Profiles<\/a><\/li>\r\n<li><a href=\"https:\/\/sinoextrud.com\/product\/wood-grain-aluminum-square-hollow-profile\/\" target=\"_blank\">Wood Grain Aluminum Square Hollow Profile<\/a><\/li>\r\n<li><a href=\"https:\/\/sinoextrud.com\/product\/wood-look-aluminum-soffit\/\" target=\"_blank\">Wood Look Aluminum Soffit<\/a><\/li>\r\n<li><a href=\"https:\/\/sinoextrud.com\/product\/wood-look-aluminium-slats\/\" target=\"_blank\">Wood Look Aluminium Slats<\/a><\/li>\r\n<li><a href=\"https:\/\/sinoextrud.com\/product\/natural-wood-grain-aluminium-square-tube\/\" target=\"_blank\">Natural Wood Grain Aluminium Square Tube<\/a><\/li>\r\n<li><a href=\"https:\/\/sinoextrud.com\/product\/wood-look-aluminium-cladding\/\" target=\"_blank\">Wood Look Aluminium Cladding<\/a><\/li>\r\n<li><a href=\"https:\/\/sinoextrud.com\/product\/wood-look-aluminium-battens\/\" target=\"_blank\">Wood Look Aluminium Battens<\/a><\/li>\r\n<li><a href=\"https:\/\/sinoextrud.com\/product\/cnc-aluminum-bar-profile-for-instrument\/\" target=\"_blank\">CNC Aluminum Bar Profile For Instrument<\/a><\/li>\r\n<li><a href=\"https:\/\/sinoextrud.com\/product\/aluminium-window-extrusion-profile\/\" target=\"_blank\">Aluminium Window Extrusion Profile<\/a><\/li>"},"feature_list":[]},"_links":{"self":[{"href":"https:\/\/sinoextrud.com\/da\/wp-json\/wp\/v2\/product\/6551","targetHints":{"allow":["GET"]}}],"collection":[{"href":"https:\/\/sinoextrud.com\/da\/wp-json\/wp\/v2\/product"}],"about":[{"href":"https:\/\/sinoextrud.com\/da\/wp-json\/wp\/v2\/types\/product"}],"wp:featuredmedia":[{"embeddable":true,"href":"https:\/\/sinoextrud.com\/da\/wp-json\/wp\/v2\/media\/6550"}],"wp:attachment":[{"href":"https:\/\/sinoextrud.com\/da\/wp-json\/wp\/v2\/media?parent=6551"}],"wp:term":[{"taxonomy":"category","embeddable":true,"href":"https:\/\/sinoextrud.com\/da\/wp-json\/wp\/v2\/categories?post=6551"}],"curies":[{"name":"wp","href":"https:\/\/api.w.org\/{rel}","templated":true}]}}