{"id":6547,"date":"2025-05-29T07:38:09","date_gmt":"2025-05-29T07:38:09","guid":{"rendered":"https:\/\/sinoextrud.com\/product\/custom-wood-grain-aluminium-profiles\/"},"modified":"2025-06-24T06:11:08","modified_gmt":"2025-06-24T06:11:08","slug":"specialfremstillede-aluminiumsprofiler-med-traestruktur","status":"publish","type":"product","link":"https:\/\/sinoextrud.com\/da\/product\/custom-wood-grain-aluminium-profiles\/","title":{"rendered":"Specialfremstillede aluminiumsprofiler med tr\u00e6korn"},"content":{"rendered":"<h2>Detaljer om produkter<\/h2>\n<table class=\"custom-table\">\n<tr>\n<td class=\"label\">Tr\u00e6korn<\/td>\n<td>naturlig, smuk tr\u00e6struktur (specialfremstillet)<\/td>\n<\/tr>\n<tr>\n<td class=\"label\">Overfladefinish<\/td>\n<td>speciel pulverlakering, almindelig tr\u00e6kornlakering eller ultraholdbare Aksu-specialbel\u00e6gninger<\/td>\n<\/tr>\n<tr>\n<td class=\"label\">Anvendelser<\/td>\n<td>Hegn, terrasser, facadebekl\u00e6dning, sk\u00e6rme, porte, r\u00e6kv\u00e6rk, bekl\u00e6dning, stolper, etageadskillelser, indhegning, pergolaer, lameller osv.<\/td>\n<\/tr>\n<tr>\n<td class=\"label\">Garanti<\/td>\n<td>10-15 \u00e5r<\/td>\n<\/tr>\n<tr>\n<td class=\"label\">Aluminiumsbekl\u00e6dning med tr\u00e6look<\/td>\n<td>Aluminiumslister med tr\u00e6look<\/td>\n<\/tr>\n<tr>\n<td class=\"label\">Aluminiumslameller med tr\u00e6look<\/td>\n<td>Lameller i aluminium med tr\u00e6look<\/td>\n<\/tr>\n<tr>\n<td class=\"label\">Sk\u00e6rme i aluminium med tr\u00e6look<\/td>\n<td>Aluminiumsbekl\u00e6dning med tr\u00e6look<\/td>\n<\/tr>\n<tr>\n<td class=\"label\">Soffitter i aluminium med tr\u00e6look<\/td>\n<td>Aluminiumsr\u00f8r med tr\u00e6look<\/td>\n<\/tr>\n<\/table>\n<h2>Vores produktionsbase<\/h2>\n<h3>Panorama over fabrikken<\/h3>\n<p><img decoding=\"async\" src=\"\/wp-content\/uploads\/factory-01.webp\"\/><\/p>\n<h3>V\u00e6rksted til fremstilling af aluminiumst\u00e6nger<\/h3>\n<p><img decoding=\"async\" src=\"\/wp-content\/uploads\/factory-02.webp\"\/><\/p>\n<p><img decoding=\"async\" src=\"\/wp-content\/uploads\/factory-03.webp\"\/><\/p>\n<h3>Lager til opbevaring af skimmelsvampe<\/h3>\n<p><img decoding=\"async\" src=\"\/wp-content\/uploads\/factory-04.webp\"\/><\/p>\n<h3>43 ekstruderingslinjer for aluminium (500-5500 ton)<\/h3>\n<p><img decoding=\"async\" src=\"\/wp-content\/uploads\/factory-05.webp\"\/><\/p>\n<p><img decoding=\"async\" src=\"\/wp-content\/uploads\/factory-06.webp\"\/><\/p>\n<p><img decoding=\"async\" src=\"\/wp-content\/uploads\/factory-07.webp\"\/><\/p>\n<h3>V\u00e6rksted for pulverlakering<\/h3>\n<p><img decoding=\"async\" src=\"\/wp-content\/uploads\/factory-09.webp\"\/><\/p>\n<h3>Anodiseringsv\u00e6rksted<\/h3>\n<p><img decoding=\"async\" src=\"\/wp-content\/uploads\/factory-10.webp\"\/><\/p>\n<h3>Workshop om dyb behandling<\/h3>\n<p><img decoding=\"async\" src=\"\/wp-content\/uploads\/factory-11.webp\"\/><\/p>\n<h3>V\u00e6rksted for CNC-pr\u00e6cisionsbearbejdning<\/h3>\n<p><img decoding=\"async\" src=\"\/wp-content\/uploads\/factory-11.5.webp\"\/><\/p>\n<h3>F\u00e6rdigvare- og eksportlager<\/h3>\n<p><img decoding=\"async\" src=\"\/wp-content\/uploads\/factory-12.webp\"\/><\/p>\n<p><img decoding=\"async\" src=\"\/wp-content\/uploads\/factory-13.webp\"\/><\/p>\n<p><img decoding=\"async\" src=\"\/wp-content\/uploads\/factory-14.webp\"\/><\/p>\n<h2>OFTE STILLEDE SP\u00d8RGSM\u00c5L<\/h2>\n<p><p><b>1. Hvad er specialfremstillede aluminiumsprofiler med tr\u00e6korn?<\/b><\/p>\n<p>Specialfremstillede aluminiumsprofiler med tr\u00e6struktur er aluminiumsprofiler med en tr\u00e6lignende overfladefinish, der er skr\u00e6ddersyet til specifikke m\u00e5l og designkrav.<br \/>\n<\/p><br \/>\n<br \/>\n<p><b>2. Hvad er de vigtigste fordele ved specialfremstillede aluminiumsprofiler med tr\u00e6korn?<\/b><\/p>\n<p>De kombinerer aluminiums holdbarhed og korrosionsbestandighed med naturtr\u00e6ets \u00e6stetiske appel og giver lav vedligeholdelse og langvarig sk\u00f8nhed.<br \/>\n<\/p><br \/>\n<br \/>\n<p><b>3. Hvorfor v\u00e6lge aluminiumsprofiler med tr\u00e6struktur frem for \u00e6gte tr\u00e6?<\/b><\/p>\n<p>Aluminiumsprofiler er lettere, mere holdbare, vejrbestandige og kr\u00e6ver mindre vedligeholdelse, samtidig med at de giver et realistisk tr\u00e6udseende.<br \/>\n<\/p><br \/>\n<br \/>\n<p><b>4. Kan aluminiumsprofiler med tr\u00e6struktur skr\u00e6ddersys til specifikke projekter?<\/b><\/p>\n<p>Ja, de kan tilpasses i st\u00f8rrelse, form, kornm\u00f8nster, farve og finish, s\u00e5 de passer til unikke arkitektoniske og designm\u00e6ssige behov.<br \/>\n<\/p><br \/>\n<br \/>\n<p><b>5. Hvordan forbedrer tr\u00e6kornsfinishen aluminiumsprofiler?<\/b><\/p>\n<p>Finishen giver en naturlig tr\u00e6struktur og -udseende, hvilket forbedrer den visuelle appel uden at g\u00e5 p\u00e5 kompromis med aluminiums styrke og korrosionsbestandighed.<br \/>\n<\/p><br \/>\n<br \/>\n<p><b>6. Er specialfremstillede aluminiumsprofiler med tr\u00e6korn egnet til udend\u00f8rs brug?<\/b><\/p>\n<p>Ja, de modst\u00e5r UV-str\u00e5ler, fugt og vejrlig, hvilket g\u00f8r dem ideelle til udvendig bekl\u00e6dning, hegn og dekorative anvendelser.<br \/>\n<\/p><br \/>\n<br \/>\n<p><b>7. Hvilke industrier bruger ofte specialfremstillede aluminiumsprofiler med tr\u00e6struktur?<\/b><\/p>\n<p>Arkitektur, indretningsdesign, m\u00f8belproduktion og byggeindustrien bruger disse profiler p\u00e5 grund af deres blanding af \u00e6stetik og ydeevne.<br \/>\n<\/p><br \/>\n<br \/>\n<p><b>8. Hvordan underst\u00f8tter specialfremstillede aluminiumsprofiler med tr\u00e6struktur b\u00e6redygtig byggepraksis?<\/b><\/p>\n<p>Aluminium er 100% genanvendeligt, og tr\u00e6korn-finish er et milj\u00f8venligt alternativ til \u00e6gte tr\u00e6, hvilket reducerer skovrydning og milj\u00f8p\u00e5virkning.<br \/>\n<\/p><br \/><\/p>","protected":false},"featured_media":6546,"template":"","categories":[65],"class_list":["post-6547","product","type-product","status-publish","has-post-thumbnail","hentry","category-wooden-grained-aluminum-profile"],"meta_box":{"hilight_text_group":{"product_hilight_text":"<li>Custom wood grain finish combines natural aesthetics with aluminum durability<\/li>\r\r\n<li>High-quality extrusion ensures consistent dimensions and surface texture<\/li>\r\r\n<li>Corrosion-resistant and suitable for indoor and outdoor applications<\/li>\r\r\n<li>Available in various sizes and profiles to meet project specifications<\/li>\r\r\n<li>Supports bulk orders and OEM customization with reliable supply<\/li>","product_chanpin_blog":"<ul>\r\r\n<li><a href=\"https:\/\/sinoextrud.com\/t-slot-v-slot-differences\/\" target=\"_blank\">t slot vs v slot<\/a><\/li>\r\r\n<li><a href=\"https:\/\/sinoextrud.com\/what-is-4040-aluminium-extrud\/\" target=\"_blank\">4040 aluminium extrusion<\/a><\/li>\r\r\n<li><a href=\"https:\/\/sinoextrud.com\/what-is-4040-aluminium-extrud\/\" target=\"_blank\">aluminum extrusions for industrial racks<\/a><\/li>\r\r\n<li><a href=\"https:\/\/sinoextrud.com\/powder-coating-aluminium-process\/\" target=\"_blank\">powder coating aluminium<\/a><\/li>\r\r\n<li><a href=\"https:\/\/sinoextrud.com\/what-is-an-aluminium-strip-ceiling\/\" target=\"_blank\">aluminium strip ceiling<\/a><\/li>\r\r\n<li><a href=\"https:\/\/sinoextrud.com\/what-is-a-heat-sink\/\" target=\"_blank\">what is a heat sink<\/a><\/li>\r\r\n<\/ul>","product_chanpin_chanpin":"<li><a href=\"https:\/\/sinoextrud.com\/product\/fluorocarbon-coated-aluminium-extrusions\/\" target=\"_blank\">Fluorocarbon Coated Aluminium Extrusions<\/a><\/li>\r\n<li><a href=\"https:\/\/sinoextrud.com\/product\/aluminum-rectangular-tubing-for-wooden-horizontal-aluminum-fence-panels-system\/\" target=\"_blank\">aluminum rectangular tubing for wooden horizontal aluminum fence panels system<\/a><\/li>\r\n<li><a href=\"https:\/\/sinoextrud.com\/product\/fluorocarbon-coating-aluminium-extrusions-anti-fluorite-pvdf-aluminium-profile\/\" target=\"_blank\">Fluorocarbon coating aluminium extrusions Anti fluorite PVDF aluminium profile<\/a><\/li>\r\n<li><a href=\"https:\/\/sinoextrud.com\/product\/pvdf-coating-aluminum-profile\/\" target=\"_blank\">PVDF Coating Aluminum Profile<\/a><\/li>\r\n<li><a href=\"https:\/\/sinoextrud.com\/product\/custom-wood-grain-aluminium-profiles\/\" target=\"_blank\">Custom Wood Grain Aluminium Profiles<\/a><\/li>\r\n<li><a href=\"https:\/\/sinoextrud.com\/product\/wood-grain-aluminum-square-hollow-profile\/\" target=\"_blank\">Wood Grain Aluminum Square Hollow Profile<\/a><\/li>\r\n<li><a href=\"https:\/\/sinoextrud.com\/product\/wood-look-aluminum-soffit\/\" target=\"_blank\">Wood Look Aluminum Soffit<\/a><\/li>\r\n<li><a href=\"https:\/\/sinoextrud.com\/product\/wood-look-aluminium-slats\/\" target=\"_blank\">Wood Look Aluminium Slats<\/a><\/li>\r\n<li><a href=\"https:\/\/sinoextrud.com\/product\/natural-wood-grain-aluminium-square-tube\/\" target=\"_blank\">Natural Wood Grain Aluminium Square Tube<\/a><\/li>\r\n<li><a href=\"https:\/\/sinoextrud.com\/product\/aluminium-door-frame-extrusions\/\" target=\"_blank\">Aluminium Door Frame Extrusions<\/a><\/li>\r\n<li><a href=\"https:\/\/sinoextrud.com\/product\/standard-aluminium-extrusion-profiles-windows-and-doors\/\" target=\"_blank\">Standard Aluminium Extrusion Profiles Windows And Doors<\/a><\/li>"},"feature_list":[]},"_links":{"self":[{"href":"https:\/\/sinoextrud.com\/da\/wp-json\/wp\/v2\/product\/6547","targetHints":{"allow":["GET"]}}],"collection":[{"href":"https:\/\/sinoextrud.com\/da\/wp-json\/wp\/v2\/product"}],"about":[{"href":"https:\/\/sinoextrud.com\/da\/wp-json\/wp\/v2\/types\/product"}],"wp:featuredmedia":[{"embeddable":true,"href":"https:\/\/sinoextrud.com\/da\/wp-json\/wp\/v2\/media\/6546"}],"wp:attachment":[{"href":"https:\/\/sinoextrud.com\/da\/wp-json\/wp\/v2\/media?parent=6547"}],"wp:term":[{"taxonomy":"category","embeddable":true,"href":"https:\/\/sinoextrud.com\/da\/wp-json\/wp\/v2\/categories?post=6547"}],"curies":[{"name":"wp","href":"https:\/\/api.w.org\/{rel}","templated":true}]}}