{"id":6539,"date":"2025-05-29T07:19:45","date_gmt":"2025-05-29T07:19:45","guid":{"rendered":"https:\/\/sinoextrud.com\/product\/fluorocarbon-coated-aluminium-extrusions\/"},"modified":"2025-06-24T06:11:07","modified_gmt":"2025-06-24T06:11:07","slug":"fluorcarbonbelagte-aluminiumsprofiler","status":"publish","type":"product","link":"https:\/\/sinoextrud.com\/da\/product\/fluorocarbon-coated-aluminium-extrusions\/","title":{"rendered":"Fluorcarbonbelagte aluminiumsekstruderinger"},"content":{"rendered":"<h2>Detaljer om produkter<\/h2>\n<table class=\"custom-table\">\n<tr>\n<td class=\"label\">Serie af forh\u00e6ngsv\u00e6gge<\/td>\n<td>D\u00f8r- og vinduesserie<\/td>\n<\/tr>\n<tr>\n<td class=\"label\">80-200-serien af glasfacader<\/td>\n<td>GR50-, 508-, 55-, 65- og 65A-serien af brudte broprofiler til vinduessystemer<\/td>\n<\/tr>\n<tr>\n<td class=\"label\">Punktunderst\u00f8ttede facadev\u00e6gge<\/td>\n<td>GR85-, 958-, 90-, 95- og 966-serien af kn\u00e6kkede broprofiler til glidesystemer<\/td>\n<\/tr>\n<tr>\n<td class=\"label\">Varmeisolerende gardinv\u00e6gge med brudte broer<\/td>\n<td>YG868, 968, 90A, 50B, 50C, 50E og andre serier til almindelige skyde- og vinduessystemer<\/td>\n<\/tr>\n<tr>\n<td class=\"label\">Industrielle profiler<\/td>\n<td>Aluminiumsplade<\/td>\n<\/tr>\n<tr>\n<td class=\"label\">Profiler til biler<\/td>\n<td>CNC-bearbejdning, PVDF-bel\u00e6gning, presning til r\u00e5dighed for tilpasset design<\/td>\n<\/tr>\n<\/table>\n<h2>Vores produktionsbase<\/h2>\n<h3>Panorama over fabrikken<\/h3>\n<p><img decoding=\"async\" src=\"\/wp-content\/uploads\/factory-01.webp\"\/><\/p>\n<h3>V\u00e6rksted til fremstilling af aluminiumst\u00e6nger<\/h3>\n<p><img decoding=\"async\" src=\"\/wp-content\/uploads\/factory-02.webp\"\/><\/p>\n<p><img decoding=\"async\" src=\"\/wp-content\/uploads\/factory-03.webp\"\/><\/p>\n<h3>Lager til opbevaring af skimmelsvampe<\/h3>\n<p><img decoding=\"async\" src=\"\/wp-content\/uploads\/factory-04.webp\"\/><\/p>\n<h3>43 ekstruderingslinjer for aluminium (500-5500 ton)<\/h3>\n<p><img decoding=\"async\" src=\"\/wp-content\/uploads\/factory-05.webp\"\/><\/p>\n<p><img decoding=\"async\" src=\"\/wp-content\/uploads\/factory-06.webp\"\/><\/p>\n<p><img decoding=\"async\" src=\"\/wp-content\/uploads\/factory-07.webp\"\/><\/p>\n<h3>V\u00e6rksted for pulverlakering<\/h3>\n<p><img decoding=\"async\" src=\"\/wp-content\/uploads\/factory-09.webp\"\/><\/p>\n<h3>Anodiseringsv\u00e6rksted<\/h3>\n<p><img decoding=\"async\" src=\"\/wp-content\/uploads\/factory-10.webp\"\/><\/p>\n<h3>Workshop om dyb behandling<\/h3>\n<p><img decoding=\"async\" src=\"\/wp-content\/uploads\/factory-11.webp\"\/><\/p>\n<h3>V\u00e6rksted for CNC-pr\u00e6cisionsbearbejdning<\/h3>\n<p><img decoding=\"async\" src=\"\/wp-content\/uploads\/factory-11.5.webp\"\/><\/p>\n<h3>F\u00e6rdigvare- og eksportlager<\/h3>\n<p><img decoding=\"async\" src=\"\/wp-content\/uploads\/factory-12.webp\"\/><\/p>\n<p><img decoding=\"async\" src=\"\/wp-content\/uploads\/factory-13.webp\"\/><\/p>\n<p><img decoding=\"async\" src=\"\/wp-content\/uploads\/factory-14.webp\"\/><\/p>\n<h2>OFTE STILLEDE SP\u00d8RGSM\u00c5L<\/h2>\n<p><p><b>1. Hvad er fluorcarbonbelagte aluminiumsprofiler?<\/b><\/p>\n<p>Fluorcarbonbelagte aluminiumsprofiler er aluminiumsprofiler, der er behandlet med en fluorcarbonfinish, som giver overlegen holdbarhed, korrosionsbestandighed og \u00e6stetisk appel.<br \/>\n<\/p><br \/>\n<br \/>\n<p><b>2. Hvad er de vigtigste fordele ved fluorcarbonbelagte aluminiumsprofiler?<\/b><\/p>\n<p>De giver fremragende UV-bestandighed, vejrbestandighed, farvefastholdelse, kemikaliebestandighed og en glat, langtidsholdbar finish, der er ideel til udvendige anvendelser.<br \/>\n<\/p><br \/>\n<br \/>\n<p><b>3. Hvorfor v\u00e6lge fluorcarbonbel\u00e6gning til aluminiumsprofiler?<\/b><\/p>\n<p>Fluorcarbonbel\u00e6gninger giver overlegen beskyttelse mod milj\u00f8faktorer, reducerer vedligeholdelsesomkostningerne og bevarer levende farver i \u00e5revis sammenlignet med andre overfladebehandlinger.<br \/>\n<\/p><br \/>\n<br \/>\n<p><b>4. Kan fluorcarbonbelagte aluminiumsprofiler tilpasses?<\/b><\/p>\n<p>Ja, de kan tilpasses i legeringskvalitet, profilform, st\u00f8rrelse, bel\u00e6gningsfarve og finish for at opfylde specifikke arkitektoniske og industrielle krav.<br \/>\n<\/p><br \/>\n<br \/>\n<p><b>5. Hvordan forbedrer fluorcarbon-bel\u00e6gning ydeevnen for aluminiumsprofiler?<\/b><\/p>\n<p>Bel\u00e6gningen danner et h\u00e5rdt, fleksibelt lag, der modst\u00e5r falmning, kridtning, revner og afskalning, hvilket forbedrer profilernes levetid og udseende.<br \/>\n<\/p><br \/>\n<br \/>\n<p><b>6. Er fluorcarbonbelagte aluminiumsprofiler egnede til udend\u00f8rs brug?<\/b><\/p>\n<p>Ja, de er meget modstandsdygtige over for UV-str\u00e5ler, fugt, forurening og temperatursvingninger, hvilket g\u00f8r dem ideelle til udvendige facader, vinduer og d\u00f8re.<br \/>\n<\/p><br \/>\n<br \/>\n<p><b>7. Hvilke industrier bruger ofte fluorcarbonbelagte aluminiumsprofiler?<\/b><\/p>\n<p>Bygge-, bil-, rumfarts-, skilte- og arkitekturindustrien bruger disse profiler p\u00e5 grund af deres holdbarhed og f\u00f8rsteklasses finish.<br \/>\n<\/p><br \/>\n<br \/>\n<p><b>8. Hvordan underst\u00f8tter fluorcarbonbel\u00e6gning b\u00e6redygtig produktion?<\/b><\/p>\n<p>Fluorcarbonbel\u00e6gninger forl\u00e6nger produktets levetid, reducerer vedligeholdelsen, og aluminium er fuldt genanvendeligt, hvilket bidrager til milj\u00f8venlige byggemetoder.<br \/>\n<\/p><br \/><\/p>","protected":false},"featured_media":6538,"template":"","categories":[63],"class_list":["post-6539","product","type-product","status-publish","has-post-thumbnail","hentry","category-fluorocarbon-coating-profile"],"meta_box":{"hilight_text_group":{"product_hilight_text":"<li>Fluorocarbon coating offers exceptional weather and UV resistance<\/li>\r\r\n<li>Durable finish maintains color and gloss for extended periods<\/li>\r\r\n<li>High-quality aluminum extrusions with precise dimensions<\/li>\r\r\n<li>Ideal for architectural and industrial applications requiring long-lasting surfaces<\/li>\r\r\n<li>Supports custom profiles, sizes, and bulk production orders<\/li>","product_chanpin_blog":"<ul>\r\r\n<li><a href=\"https:\/\/sinoextrud.com\/t-slot-v-slot-differences\/\" target=\"_blank\">t slot vs v slot<\/a><\/li>\r\r\n<li><a href=\"https:\/\/sinoextrud.com\/what-is-4040-aluminium-extrud\/\" target=\"_blank\">4040 aluminium extrusion<\/a><\/li>\r\r\n<li><a href=\"https:\/\/sinoextrud.com\/what-is-4040-aluminium-extrud\/\" target=\"_blank\">aluminum extrusions for industrial racks<\/a><\/li>\r\r\n<li><a href=\"https:\/\/sinoextrud.com\/powder-coating-aluminium-process\/\" target=\"_blank\">powder coating aluminium<\/a><\/li>\r\r\n<li><a href=\"https:\/\/sinoextrud.com\/what-is-an-aluminium-strip-ceiling\/\" target=\"_blank\">aluminium strip ceiling<\/a><\/li>\r\r\n<li><a href=\"https:\/\/sinoextrud.com\/what-is-a-heat-sink\/\" target=\"_blank\">what is a heat sink<\/a><\/li>\r\r\n<\/ul>","product_chanpin_chanpin":"<li><a href=\"https:\/\/sinoextrud.com\/product\/aluminium-extrusion-press-line-profile-wooden-grained-coating-color-oem\/\" target=\"_blank\">Aluminium Extrusion Press Line profile wooden grained coating color OEM for Door Curtain Wall Ceiling<\/a><\/li>\r\n<li><a href=\"https:\/\/sinoextrud.com\/product\/pvdf-coating-aluminum-profile-curtain-wall\/\" target=\"_blank\">PVDF Coating Aluminum profile Curtain Wall<\/a><\/li>\r\n<li><a href=\"https:\/\/sinoextrud.com\/product\/soundproofed-watertigh\/\" target=\"_blank\">Soundproofed Watertight Wind resistant occulting frame powder coated Facade Cladding and Glass wall aluminium profile<\/a><\/li>\r\n<li><a href=\"https:\/\/sinoextrud.com\/product\/eco-friendly-water-borne-fluorocarbon-spraying-decorative-aluminum-profile-for-outdoor-project\/\" target=\"_blank\">ECO-Friendly Water-borne Fluorocarbon Spraying Decorative Aluminum Profile For Outdoor Project<\/a><\/li>\r\n<li><a href=\"https:\/\/sinoextrud.com\/product\/fluorocarbon-coated-aluminium-extrusions\/\" target=\"_blank\">Fluorocarbon Coated Aluminium Extrusions<\/a><\/li>\r\n<li><a href=\"https:\/\/sinoextrud.com\/product\/aluminum-rectangular-tubing-for-wooden-horizontal-aluminum-fence-panels-system\/\" target=\"_blank\">aluminum rectangular tubing for wooden horizontal aluminum fence panels system<\/a><\/li>\r\n<li><a href=\"https:\/\/sinoextrud.com\/product\/fluorocarbon-coating-aluminium-extrusions-anti-fluorite-pvdf-aluminium-profile\/\" target=\"_blank\">Fluorocarbon coating aluminium extrusions Anti fluorite PVDF aluminium profile<\/a><\/li>\r\n<li><a href=\"https:\/\/sinoextrud.com\/product\/pvdf-coating-aluminum-profile\/\" target=\"_blank\">PVDF Coating Aluminum Profile<\/a><\/li>\r\n<li><a href=\"https:\/\/sinoextrud.com\/product\/custom-wood-grain-aluminium-profiles\/\" target=\"_blank\">Custom Wood Grain Aluminium Profiles<\/a><\/li>\r\n<li><a href=\"https:\/\/sinoextrud.com\/product\/aluminium-extrusion-tube\/\" target=\"_blank\">Aluminium Extrusion Tube<\/a><\/li>\r\n<li><a href=\"https:\/\/sinoextrud.com\/product\/l-aluminum-profile-for-glass-railing\/\" target=\"_blank\">L Aluminum Profile For Glass Railing<\/a><\/li>"},"feature_list":[]},"_links":{"self":[{"href":"https:\/\/sinoextrud.com\/da\/wp-json\/wp\/v2\/product\/6539","targetHints":{"allow":["GET"]}}],"collection":[{"href":"https:\/\/sinoextrud.com\/da\/wp-json\/wp\/v2\/product"}],"about":[{"href":"https:\/\/sinoextrud.com\/da\/wp-json\/wp\/v2\/types\/product"}],"wp:featuredmedia":[{"embeddable":true,"href":"https:\/\/sinoextrud.com\/da\/wp-json\/wp\/v2\/media\/6538"}],"wp:attachment":[{"href":"https:\/\/sinoextrud.com\/da\/wp-json\/wp\/v2\/media?parent=6539"}],"wp:term":[{"taxonomy":"category","embeddable":true,"href":"https:\/\/sinoextrud.com\/da\/wp-json\/wp\/v2\/categories?post=6539"}],"curies":[{"name":"wp","href":"https:\/\/api.w.org\/{rel}","templated":true}]}}