{"id":6535,"date":"2025-05-29T07:07:27","date_gmt":"2025-05-29T07:07:27","guid":{"rendered":"https:\/\/sinoextrud.com\/product\/soundproofed-watertight-wind-resistant-occulting-frame-powder-coated-facade-cladding-and-glass-wall-aluminium-profile\/"},"modified":"2025-06-24T06:11:05","modified_gmt":"2025-06-24T06:11:05","slug":"lydisoleret-vandhaette","status":"publish","type":"product","link":"https:\/\/sinoextrud.com\/da\/product\/soundproofed-watertigh\/","title":{"rendered":"Lydisoleret, vandt\u00e6t, vindbestandig, pulverlakeret ramme Facadebekl\u00e6dning og glasv\u00e6gsprofil i aluminium"},"content":{"rendered":"<h2>Detaljer om produkter<\/h2>\n<table class=\"custom-table\">\n<tr>\n<td class=\"label\">Titel<\/td>\n<td>Lydisoleret, vandt\u00e6t, vindbestandig, pulverlakeret ramme Facadebekl\u00e6dning og glasv\u00e6gsprofil i aluminium<\/td>\n<\/tr>\n<\/table>\n<h2>Vores produktionsbase<\/h2>\n<h3>Panorama over fabrikken<\/h3>\n<p><img decoding=\"async\" src=\"\/wp-content\/uploads\/factory-01.webp\"\/><\/p>\n<h3>V\u00e6rksted til fremstilling af aluminiumst\u00e6nger<\/h3>\n<p><img decoding=\"async\" src=\"\/wp-content\/uploads\/factory-02.webp\"\/><\/p>\n<\/p>\n<p><img decoding=\"async\" src=\"\/wp-content\/uploads\/factory-03.webp\"\/><\/p>\n<h3>Lager til opbevaring af skimmelsvampe<\/h3>\n<p><img decoding=\"async\" src=\"\/wp-content\/uploads\/factory-04.webp\"\/><\/p>\n<h3>43 ekstruderingslinjer for aluminium (500-5500 ton)<\/h3>\n<p><img decoding=\"async\" src=\"\/wp-content\/uploads\/factory-05.webp\"\/><\/p>\n<p><img decoding=\"async\" src=\"\/wp-content\/uploads\/factory-06.webp\"\/><\/p>\n<p><img decoding=\"async\" src=\"\/wp-content\/uploads\/factory-07.webp\"\/><\/p>\n<h3>V\u00e6rksted for pulverlakering<\/h3>\n<p><img decoding=\"async\" src=\"\/wp-content\/uploads\/factory-09.webp\"\/><\/p>\n<h3>Anodiseringsv\u00e6rksted<\/h3>\n<p><img decoding=\"async\" src=\"\/wp-content\/uploads\/factory-10.webp\"\/><\/p>\n<h3>Workshop om dyb behandling<\/h3>\n<p><img decoding=\"async\" src=\"\/wp-content\/uploads\/factory-11.webp\"\/><\/p>\n<h3>V\u00e6rksted for CNC-pr\u00e6cisionsbearbejdning<\/h3>\n<p><img decoding=\"async\" src=\"\/wp-content\/uploads\/factory-11.5.webp\"\/><\/p>\n<h3>F\u00e6rdigvare- og eksportlager<\/h3>\n<p><img decoding=\"async\" src=\"\/wp-content\/uploads\/factory-12.webp\"\/><\/p>\n<p><img decoding=\"async\" src=\"\/wp-content\/uploads\/factory-13.webp\"\/><\/p>\n<p><img decoding=\"async\" src=\"\/wp-content\/uploads\/factory-14.webp\"\/><\/p>\n<h2>OFTE STILLEDE SP\u00d8RGSM\u00c5L<\/h2>\n<p><b>1. Hvad er de vigtigste fordele ved lydisolerede facadebekl\u00e6dningssystemer i aluminium?<\/b><\/p>\n<p>Lydisolerede facadebekl\u00e6dningssystemer i aluminium reducerer st\u00f8jforureningen betydeligt og forbedrer den indvendige komfort i bolig- og erhvervsbygninger.\n<\/p>\n<p><\/p>\n<p><b>2. Hvordan forbedrer en vandt\u00e6t aluminiumsprofil bygningens ydeevne?<\/b><\/p>\n<p>Vandt\u00e6tte aluminiumsprofiler forhindrer vandindtr\u00e6ngning, beskytter klimask\u00e6rmen og forbedrer konstruktionens levetid under alle vejrforhold.\n<\/p>\n<p><\/p>\n<p><b>3. Hvorfor v\u00e6lge vindbestandige glasv\u00e6gssystemer i aluminium til h\u00f8jhuse?<\/b><\/p>\n<p>Vindbestandige glasv\u00e6gssystemer i aluminium giver overlegen strukturel integritet og sikkerhed i h\u00f8je bygninger, der er udsat for st\u00e6rk vind.\n<\/p>\n<p><\/p>\n<p><b>4. Hvad er fordelen ved et skjult rammedesign i facadesystemer?<\/b><\/p>\n<p>Et skjult rammedesign giver et slankt, moderne udseende ved at skjule rammen, hvilket underst\u00f8tter minimalistisk arkitektonisk \u00e6stetik.\n<\/p>\n<p><\/p>\n<p><b>5. Hvordan forbedrer pulverlakering aluminiumsprofilers holdbarhed?<\/b><\/p>\n<p>Pulverlakering af aluminiumsprofiler giver en korrosionsbestandig finish, der sikrer langvarig farvebevarelse og modstandsdygtighed over for barske milj\u00f8er.\n<\/p>\n<p><\/p>\n<p><b>6. Er facadebekl\u00e6dning i aluminium milj\u00f8venlig?<\/b><\/p>\n<p>Ja, facadebekl\u00e6dning af aluminium er let, genanvendeligt og energieffektivt, hvilket g\u00f8r det til et b\u00e6redygtigt valg til moderne byggeri.\n<\/p>\n<p><\/p>\n<p><b>7. Hvilke typer projekter har gavn af modul\u00e6re aluminiumsprofiler?<\/b><\/p>\n<p>Modul\u00e6re aluminiumprofilsystemer er ideelle til erhvervs-, bolig- og industriprojekter, der kr\u00e6ver hurtig, effektiv installation og nem vedligeholdelse.\n<\/p>\n<p><\/p>\n<p><b>8. Kan disse aluminiumsprofiler bruges til b\u00e5de glas- og metalfacader?<\/b><\/p>\n<p>Ja, aluminiumsprofilerne er kompatible med b\u00e5de glas- og metalfacader, hvilket giver fleksibilitet til forskellige arkitektoniske anvendelser.\n<\/p>\n<p><\/p>","protected":false},"featured_media":6533,"template":"","categories":[63],"class_list":["post-6535","product","type-product","status-publish","has-post-thumbnail","hentry","category-fluorocarbon-coating-profile"],"meta_box":{"hilight_text_group":{"product_hilight_text":"<li>High sealing performance: soundproof and watertight for enhanced comfort and weather resistance<\/li>\r\r\n<li>Strong wind resistance: suitable for high-rise and extreme weather conditions<\/li>\r\r\n<li>Occulting frame design: delivers a modern, minimalist architectural aesthetic<\/li>\r\r\n<li>Powder-coated surface: corrosion-resistant and durable with long-lasting appearance<\/li>\r\r\n<li>Modular system: easy installation and maintenance for improved construction efficiency<\/li>\r\r\n<li>Compatible with glass and metal curtain walls: versatile for various building types<\/li>\r\r\n<li>Aluminum profile: lightweight, high-strength, and environmentally friendly<\/li>","product_chanpin_blog":"<ul>\r\r\n<li><a href=\"https:\/\/sinoextrud.com\/t-slot-v-slot-differences\/\" target=\"_blank\">t slot vs v slot<\/a><\/li>\r\r\n<li><a href=\"https:\/\/sinoextrud.com\/what-is-4040-aluminium-extrud\/\" target=\"_blank\">4040 aluminium extrusion<\/a><\/li>\r\r\n<li><a href=\"https:\/\/sinoextrud.com\/what-is-4040-aluminium-extrud\/\" target=\"_blank\">aluminum extrusions for industrial racks<\/a><\/li>\r\r\n<li><a href=\"https:\/\/sinoextrud.com\/powder-coating-aluminium-process\/\" target=\"_blank\">powder coating aluminium<\/a><\/li>\r\r\n<li><a href=\"https:\/\/sinoextrud.com\/what-is-an-aluminium-strip-ceiling\/\" target=\"_blank\">aluminium strip ceiling<\/a><\/li>\r\r\n<li><a href=\"https:\/\/sinoextrud.com\/what-is-a-heat-sink\/\" target=\"_blank\">what is a heat sink<\/a><\/li>\r\r\n<\/ul>","product_chanpin_chanpin":"<li><a href=\"https:\/\/sinoextrud.com\/product\/aluminum-square-tube-in-wooden-grain\/\" target=\"_blank\">Aluminum Square Tube In Wooden Grain<\/a><\/li>\r\n<li><a href=\"https:\/\/sinoextrud.com\/product\/alu-squ-tube-in-wood-grain-painting\/\" target=\"_blank\">Alu squ tube In Wood Grain Painting<\/a><\/li>\r\n<li><a href=\"https:\/\/sinoextrud.com\/product\/aluminium-extrusion-press-line-profile-wooden-grained-coating-color-oem\/\" target=\"_blank\">Aluminium Extrusion Press Line profile wooden grained coating color OEM for Door Curtain Wall Ceiling<\/a><\/li>\r\n<li><a href=\"https:\/\/sinoextrud.com\/product\/pvdf-coating-aluminum-profile-curtain-wall\/\" target=\"_blank\">PVDF Coating Aluminum profile Curtain Wall<\/a><\/li>\r\n<li><a href=\"https:\/\/sinoextrud.com\/product\/soundproofed-watertigh\/\" target=\"_blank\">Soundproofed Watertight Wind resistant occulting frame powder coated Facade Cladding and Glass wall aluminium profile<\/a><\/li>\r\n<li><a href=\"https:\/\/sinoextrud.com\/product\/eco-friendly-water-borne-fluorocarbon-spraying-decorative-aluminum-profile-for-outdoor-project\/\" target=\"_blank\">ECO-Friendly Water-borne Fluorocarbon Spraying Decorative Aluminum Profile For Outdoor Project<\/a><\/li>\r\n<li><a href=\"https:\/\/sinoextrud.com\/product\/fluorocarbon-coated-aluminium-extrusions\/\" target=\"_blank\">Fluorocarbon Coated Aluminium Extrusions<\/a><\/li>\r\n<li><a href=\"https:\/\/sinoextrud.com\/product\/aluminum-rectangular-tubing-for-wooden-horizontal-aluminum-fence-panels-system\/\" target=\"_blank\">aluminum rectangular tubing for wooden horizontal aluminum fence panels system<\/a><\/li>\r\n<li><a href=\"https:\/\/sinoextrud.com\/product\/fluorocarbon-coating-aluminium-extrusions-anti-fluorite-pvdf-aluminium-profile\/\" target=\"_blank\">Fluorocarbon coating aluminium extrusions Anti fluorite PVDF aluminium profile<\/a><\/li>\r\n<li><a href=\"https:\/\/sinoextrud.com\/product\/curved-extruded-aluminum-6063-alloy-anodizing\/\" target=\"_blank\">Curved Extruded Aluminum 6063 Alloy Anodizing<\/a><\/li>\r\n<li><a href=\"https:\/\/sinoextrud.com\/product\/aluminum-profile-solar-panel-structure\/\" target=\"_blank\">Aluminum Profile Solar Panel Structure<\/a><\/li>"},"feature_list":[]},"_links":{"self":[{"href":"https:\/\/sinoextrud.com\/da\/wp-json\/wp\/v2\/product\/6535","targetHints":{"allow":["GET"]}}],"collection":[{"href":"https:\/\/sinoextrud.com\/da\/wp-json\/wp\/v2\/product"}],"about":[{"href":"https:\/\/sinoextrud.com\/da\/wp-json\/wp\/v2\/types\/product"}],"wp:featuredmedia":[{"embeddable":true,"href":"https:\/\/sinoextrud.com\/da\/wp-json\/wp\/v2\/media\/6533"}],"wp:attachment":[{"href":"https:\/\/sinoextrud.com\/da\/wp-json\/wp\/v2\/media?parent=6535"}],"wp:term":[{"taxonomy":"category","embeddable":true,"href":"https:\/\/sinoextrud.com\/da\/wp-json\/wp\/v2\/categories?post=6535"}],"curies":[{"name":"wp","href":"https:\/\/api.w.org\/{rel}","templated":true}]}}