{"id":6530,"date":"2025-05-29T06:55:49","date_gmt":"2025-05-29T06:55:49","guid":{"rendered":"https:\/\/sinoextrud.com\/product\/aluminium-extrusion-press-line-profile-wooden-grained-coating-color-oem-for-door-curtain-wall-ceiling\/"},"modified":"2025-06-24T06:11:05","modified_gmt":"2025-06-24T06:11:05","slug":"aluminium-ekstrudering-presselinje-profil-trae-kornet-belaegning-farve-oem","status":"publish","type":"product","link":"https:\/\/sinoextrud.com\/da\/product\/aluminium-extrusion-press-line-profile-wooden-grained-coating-color-oem\/","title":{"rendered":"Aluminium ekstrudering Press Line profil tr\u00e6 kornet bel\u00e6gning farve OEM til d\u00f8r gardin v\u00e6g loft"},"content":{"rendered":"<h2>Detaljer om produkter<\/h2>\n<table class=\"custom-table\">\n<tr>\n<td class=\"label\">Vare<\/td>\n<td>Aluminium ekstrudering Press Line profil tr\u00e6 kornet bel\u00e6gning farve OEM til d\u00f8r gardin v\u00e6g loft<\/td>\n<\/tr>\n<tr>\n<td class=\"label\">Materiale<\/td>\n<td>Aluminium i 6000-serien<\/td>\n<\/tr>\n<tr>\n<td class=\"label\">Temperament<\/td>\n<td>T4,T5,T6<\/td>\n<\/tr>\n<tr>\n<td class=\"label\">St\u00f8rrelse\/tykkelse<\/td>\n<td>Generelle profilers tykkelse fra 0,8 til 5,0 mm, l\u00e6ngde fra 1 m til 9 m eller tilpasset; anodiseringsbeskyttelsesfilmtykkelse fra 8 ~ 25 um, pulverlakering fra 40 ~ 120 um.<\/td>\n<\/tr>\n<tr>\n<td class=\"label\">Form<\/td>\n<td>Firkantet, rund, rektangul\u00e6r, tilpasset<\/td>\n<\/tr>\n<tr>\n<td class=\"label\">Anvendelse<\/td>\n<td>I m\u00f8bler, vinduer og d\u00f8re, dekorationer, industri, byggeri og s\u00e5 videre<\/td>\n<\/tr>\n<tr>\n<td class=\"label\">Overfladebehandling<\/td>\n<td>pulverlakering, elektroforese, tr\u00e6korn, anodiseret, b\u00f8rstet, polering<\/td>\n<\/tr>\n<tr>\n<td class=\"label\">Farver<\/td>\n<td>Ref pulverlakering farveark og tilpasset farve tilg\u00e6ngelig<\/td>\n<\/tr>\n<tr>\n<td class=\"label\">Dyb proces<\/td>\n<td>DCNC, boring, fr\u00e6sning, sk\u00e6ring, svejsning, b\u00f8jning, samling<\/td>\n<\/tr>\n<tr>\n<td class=\"label\">Certifikat<\/td>\n<td>CQM, SGS, CE, BV, SONCAP \/ GB, ISO, JIS, AS, NZS, QUALICOAT, QUOLANOD tilg\u00e6ngelig<\/td>\n<\/tr>\n<\/table>\n<h2>Vores produktionsbase<\/h2>\n<h3>Panorama over fabrikken<\/h3>\n<p><img decoding=\"async\" src=\"\/wp-content\/uploads\/factory-01.webp\"\/><\/p>\n<h3>V\u00e6rksted til fremstilling af aluminiumst\u00e6nger<\/h3>\n<p><img decoding=\"async\" src=\"\/wp-content\/uploads\/factory-02.webp\"\/><\/p>\n<\/p>\n<p><img decoding=\"async\" src=\"\/wp-content\/uploads\/factory-03.webp\"\/><\/p>\n<h3>Lager til opbevaring af skimmelsvampe<\/h3>\n<p><img decoding=\"async\" src=\"\/wp-content\/uploads\/factory-04.webp\"\/><\/p>\n<h3>43 ekstruderingslinjer for aluminium (500-5500 ton)<\/h3>\n<p><img decoding=\"async\" src=\"\/wp-content\/uploads\/factory-05.webp\"\/><\/p>\n<p><img decoding=\"async\" src=\"\/wp-content\/uploads\/factory-06.webp\"\/><\/p>\n<p><img decoding=\"async\" src=\"\/wp-content\/uploads\/factory-07.webp\"\/><\/p>\n<h3>V\u00e6rksted for pulverlakering<\/h3>\n<p><img decoding=\"async\" src=\"\/wp-content\/uploads\/factory-09.webp\"\/><\/p>\n<h3>Anodiseringsv\u00e6rksted<\/h3>\n<p><img decoding=\"async\" src=\"\/wp-content\/uploads\/factory-10.webp\"\/><\/p>\n<h3>Workshop om dyb behandling<\/h3>\n<p><img decoding=\"async\" src=\"\/wp-content\/uploads\/factory-11.webp\"\/><\/p>\n<h3>V\u00e6rksted for CNC-pr\u00e6cisionsbearbejdning<\/h3>\n<p><img decoding=\"async\" src=\"\/wp-content\/uploads\/factory-11.5.webp\"\/><\/p>\n<h3>F\u00e6rdigvare- og eksportlager<\/h3>\n<p><img decoding=\"async\" src=\"\/wp-content\/uploads\/factory-12.webp\"\/><\/p>\n<p><img decoding=\"async\" src=\"\/wp-content\/uploads\/factory-13.webp\"\/><\/p>\n<p><img decoding=\"async\" src=\"\/wp-content\/uploads\/factory-14.webp\"\/><\/p>\n<h2>OFTE STILLEDE SP\u00d8RGSM\u00c5L<\/h2>\n<p><b>1. hvad bruges Aluminium Extrusion Press Line-profil med tr\u00e6kornbel\u00e6gningsfarve OEM til?<\/b><\/p>\n<p>Det bruges til fremstilling af d\u00f8rkarme, gardinv\u00e6gge og loftspaneler, der kr\u00e6ver en holdbar aluminiumsprofil med en elegant tr\u00e6kornfinish.\n<\/p>\n<p><\/p>\n<p><b>2. Hvad er de vigtigste fordele ved tr\u00e6kornbel\u00e6gning p\u00e5 aluminiumsprofiler?<\/b><\/p>\n<p>Bel\u00e6gning med tr\u00e6korn giver et naturligt tr\u00e6udseende med forbedret korrosionsbestandighed, UV-beskyttelse, ridsefasthed og lav vedligeholdelse.\n<\/p>\n<p><\/p>\n<p><b>3. Hvorfor v\u00e6lge OEM-aluminiumprofiler med tr\u00e6kornbel\u00e6gning?<\/b><\/p>\n<p>OEM-profiler sikrer tilpassede dimensioner, farver og finish, der er skr\u00e6ddersyet til specifikke arkitektoniske designs og projektkrav.\n<\/p>\n<p><\/p>\n<p><b>4. Hvordan gavner presselinjeprocessen ekstruderede aluminiumsprofiler med tr\u00e6kornbel\u00e6gning?<\/b><\/p>\n<p>Presselinjen muligg\u00f8r h\u00f8j pr\u00e6cision og ensartethed i profilformerne, hvilket sikrer ensartet p\u00e5f\u00f8ring af bel\u00e6gning og overlegen overfladekvalitet.\n<\/p>\n<p><\/p>\n<p><b>5. Er aluminiumsprofiler med tr\u00e6sorteret bel\u00e6gning egnet til udend\u00f8rs brug?<\/b><\/p>\n<p>Ja, disse profiler modst\u00e5r fugt, UV-str\u00e5ler og vejrlig, hvilket g\u00f8r dem ideelle til yderd\u00f8re, gardinv\u00e6gge og lofter.\n<\/p>\n<p><\/p>\n<p><b>6. Kan ekstruderingsprofiler af aluminium med tr\u00e6kornbel\u00e6gning tilpasses?<\/b><\/p>\n<p>Ja, de kan tilpasses i profildesign, bel\u00e6gningsfarve, tr\u00e6m\u00f8nster, l\u00e6ngde og legeringskvalitet til forskellige konstruktionsbehov.\n<\/p>\n<p><\/p>\n<p><b>7. Hvilke industrier bruger almindeligvis aluminiumprofiler med tr\u00e6kornbel\u00e6gning?<\/b><\/p>\n<p>Byggeri, arkitektonisk design, indretning og erhvervsbyggeri bruger disse profiler p\u00e5 grund af deres holdbarhed og \u00e6stetiske appel.\n<\/p>\n<p><\/p>\n<p><b>8. Hvordan underst\u00f8tter en bel\u00e6gning med tr\u00e6korn p\u00e5 aluminiumsprofiler b\u00e6redygtigt byggeri?<\/b><\/p>\n<p>Aluminium er 100% genanvendeligt, og bel\u00e6gningsprocessen er milj\u00f8venlig, hvilket giver et b\u00e6redygtigt alternativ til naturligt tr\u00e6 i byggeprojekter.\n<\/p>\n<p><\/p>","protected":false},"featured_media":6529,"template":"","categories":[63],"class_list":["post-6530","product","type-product","status-publish","has-post-thumbnail","hentry","category-fluorocarbon-coating-profile"],"meta_box":{"hilight_text_group":{"product_hilight_text":"<li>Advanced extrusion press line ensures high precision and consistency<\/li>\r\r\n<li>Wood grain coating provides natural aesthetic with durable finish<\/li>\r\r\n<li>Custom color options available for OEM door, curtain wall, and ceiling profiles<\/li>\r\r\n<li>Corrosion-resistant aluminum ideal for indoor and outdoor architectural use<\/li>\r\r\n<li>Supports bulk production with reliable quality and timely delivery<\/li>","product_chanpin_blog":"<ul>\r\r\n<li><a href=\"https:\/\/sinoextrud.com\/t-slot-v-slot-differences\/\" target=\"_blank\">t slot vs v slot<\/a><\/li>\r\r\n<li><a href=\"https:\/\/sinoextrud.com\/what-is-4040-aluminium-extrud\/\" target=\"_blank\">4040 aluminium extrusion<\/a><\/li>\r\r\n<li><a href=\"https:\/\/sinoextrud.com\/what-is-4040-aluminium-extrud\/\" target=\"_blank\">aluminum extrusions for industrial racks<\/a><\/li>\r\r\n<li><a href=\"https:\/\/sinoextrud.com\/powder-coating-aluminium-process\/\" target=\"_blank\">powder coating aluminium<\/a><\/li>\r\r\n<li><a href=\"https:\/\/sinoextrud.com\/what-is-an-aluminium-strip-ceiling\/\" target=\"_blank\">aluminium strip ceiling<\/a><\/li>\r\r\n<li><a href=\"https:\/\/sinoextrud.com\/what-is-a-heat-sink\/\" target=\"_blank\">what is a heat sink<\/a><\/li>\r\r\n<\/ul>","product_chanpin_chanpin":"<li><a href=\"https:\/\/sinoextrud.com\/product\/elictrophoresis-matte-gold-aluminium-profile-cad\/\" target=\"_blank\">Elictrophoresis matte gold aluminium profile cad download section price per ton extrusions for windows and doors construction<\/a><\/li>\r\n<li><a href=\"https:\/\/sinoextrud.com\/product\/electrophoretic-wood-surface-aluminum-square-pipe\/\" target=\"_blank\">Electrophoretic wood surface-aluminum Square Pipe<\/a><\/li>\r\n<li><a href=\"https:\/\/sinoextrud.com\/product\/aluminum-square-tube-in-wooden-grain\/\" target=\"_blank\">Aluminum Square Tube In Wooden Grain<\/a><\/li>\r\n<li><a href=\"https:\/\/sinoextrud.com\/product\/alu-squ-tube-in-wood-grain-painting\/\" target=\"_blank\">Alu squ tube In Wood Grain Painting<\/a><\/li>\r\n<li><a href=\"https:\/\/sinoextrud.com\/product\/aluminium-extrusion-press-line-profile-wooden-grained-coating-color-oem\/\" target=\"_blank\">Aluminium Extrusion Press Line profile wooden grained coating color OEM for Door Curtain Wall Ceiling<\/a><\/li>\r\n<li><a href=\"https:\/\/sinoextrud.com\/product\/pvdf-coating-aluminum-profile-curtain-wall\/\" target=\"_blank\">PVDF Coating Aluminum profile Curtain Wall<\/a><\/li>\r\n<li><a href=\"https:\/\/sinoextrud.com\/product\/soundproofed-watertigh\/\" target=\"_blank\">Soundproofed Watertight Wind resistant occulting frame powder coated Facade Cladding and Glass wall aluminium profile<\/a><\/li>\r\n<li><a href=\"https:\/\/sinoextrud.com\/product\/eco-friendly-water-borne-fluorocarbon-spraying-decorative-aluminum-profile-for-outdoor-project\/\" target=\"_blank\">ECO-Friendly Water-borne Fluorocarbon Spraying Decorative Aluminum Profile For Outdoor Project<\/a><\/li>\r\n<li><a href=\"https:\/\/sinoextrud.com\/product\/fluorocarbon-coated-aluminium-extrusions\/\" target=\"_blank\">Fluorocarbon Coated Aluminium Extrusions<\/a><\/li>\r\n<li><a href=\"https:\/\/sinoextrud.com\/product\/industrial-t-slot-aluminum-profile\/\" target=\"_blank\">Industrial T Slot Aluminum Profile<\/a><\/li>\r\n<li><a href=\"https:\/\/sinoextrud.com\/product\/aluminum-t-bar-extrusion\/\" target=\"_blank\">Aluminum T Bar Extrusion<\/a><\/li>"},"feature_list":[]},"_links":{"self":[{"href":"https:\/\/sinoextrud.com\/da\/wp-json\/wp\/v2\/product\/6530","targetHints":{"allow":["GET"]}}],"collection":[{"href":"https:\/\/sinoextrud.com\/da\/wp-json\/wp\/v2\/product"}],"about":[{"href":"https:\/\/sinoextrud.com\/da\/wp-json\/wp\/v2\/types\/product"}],"wp:featuredmedia":[{"embeddable":true,"href":"https:\/\/sinoextrud.com\/da\/wp-json\/wp\/v2\/media\/6529"}],"wp:attachment":[{"href":"https:\/\/sinoextrud.com\/da\/wp-json\/wp\/v2\/media?parent=6530"}],"wp:term":[{"taxonomy":"category","embeddable":true,"href":"https:\/\/sinoextrud.com\/da\/wp-json\/wp\/v2\/categories?post=6530"}],"curies":[{"name":"wp","href":"https:\/\/api.w.org\/{rel}","templated":true}]}}