{"id":6528,"date":"2025-05-29T06:51:59","date_gmt":"2025-05-29T06:51:59","guid":{"rendered":"https:\/\/sinoextrud.com\/product\/alu-squ-tube-in-wood-grain-painting\/"},"modified":"2025-06-24T06:11:05","modified_gmt":"2025-06-24T06:11:05","slug":"alu-squ-ror-i-traekornsmaling","status":"publish","type":"product","link":"https:\/\/sinoextrud.com\/da\/product\/alu-squ-tube-in-wood-grain-painting\/","title":{"rendered":"Alu-r\u00f8r i tr\u00e6strukturmaleri"},"content":{"rendered":"<h2>Detaljer om produkter<\/h2>\n<table class=\"custom-table\">\n<tr>\n<td class=\"label\">Produktets navn<\/td>\n<td>Alu-r\u00f8r i tr\u00e6strukturmaleri<\/td>\n<\/tr>\n<tr>\n<td class=\"label\">Garanti<\/td>\n<td>Udend\u00f8rs vejrbestandigt tr\u00e6korn, Aksu- og Menphis-tr\u00e6korn, importeret forvitrende tr\u00e6korn, 10 \u00e5rs garanti \uff0c 15 \u00e5rs garanti Udend\u00f8rs tr\u00e6korn med h\u00f8j vejrbestandighed.<\/td>\n<\/tr>\n<tr>\n<td class=\"label\">St\u00f8rrelse:<\/td>\n<td>tilpasset<\/td>\n<\/tr>\n<tr>\n<td class=\"label\">Form<\/td>\n<td>firkantet<\/td>\n<\/tr>\n<tr>\n<td class=\"label\">Produktionsmetode<\/td>\n<td>Ekstrudering af aluminium<\/td>\n<\/tr>\n<tr>\n<td class=\"label\">Forarbejdning<\/td>\n<td>Boring, gevindsk\u00e6ring, polering, fr\u00e6sning, lasersk\u00e6ring, cnc-bearbejdning, affasning, afgratning<\/td>\n<\/tr>\n<tr>\n<td class=\"label\">Tolerance<\/td>\n<td>0,01 mm<\/td>\n<\/tr>\n<tr>\n<td class=\"label\">Overfladebehandling<\/td>\n<td>anodiseret, pulverlakering, plettering, elektroforese<\/td>\n<\/tr>\n<tr>\n<td class=\"label\">Farve<\/td>\n<td>naturligt skinnende tr\u00e6korn<\/td>\n<\/tr>\n<tr>\n<td class=\"label\">Pr\u00f8ve<\/td>\n<td>Tilg\u00e6ngelig<\/td>\n<\/tr>\n<tr>\n<td class=\"label\">HS-kode:<\/td>\n<td>7604210000<\/td>\n<\/tr>\n<\/table>\n<h2>Vores produktionsbase<\/h2>\n<h3>Panorama over fabrikken<\/h3>\n<p><img decoding=\"async\" src=\"\/wp-content\/uploads\/factory-01.webp\"\/><\/p>\n<h3>V\u00e6rksted til fremstilling af aluminiumst\u00e6nger<\/h3>\n<p><img decoding=\"async\" src=\"\/wp-content\/uploads\/factory-02.webp\"\/><\/p>\n<p><img decoding=\"async\" src=\"\/wp-content\/uploads\/factory-03.webp\"\/><\/p>\n<h3>Lager til opbevaring af skimmelsvampe<\/h3>\n<p><img decoding=\"async\" src=\"\/wp-content\/uploads\/factory-04.webp\"\/><\/p>\n<h3>43 ekstruderingslinjer for aluminium (500-5500 ton)<\/h3>\n<p><img decoding=\"async\" src=\"\/wp-content\/uploads\/factory-05.webp\"\/><\/p>\n<p><img decoding=\"async\" src=\"\/wp-content\/uploads\/factory-06.webp\"\/><\/p>\n<p><img decoding=\"async\" src=\"\/wp-content\/uploads\/factory-07.webp\"\/><\/p>\n<h3>V\u00e6rksted for pulverlakering<\/h3>\n<p><img decoding=\"async\" src=\"\/wp-content\/uploads\/factory-09.webp\"\/><\/p>\n<h3>Anodiseringsv\u00e6rksted<\/h3>\n<p><img decoding=\"async\" src=\"\/wp-content\/uploads\/factory-10.webp\"\/><\/p>\n<h3>Workshop om dyb behandling<\/h3>\n<p><img decoding=\"async\" src=\"\/wp-content\/uploads\/factory-11.webp\"\/><\/p>\n<h3>V\u00e6rksted for CNC-pr\u00e6cisionsbearbejdning<\/h3>\n<p><img decoding=\"async\" src=\"\/wp-content\/uploads\/factory-11.5.webp\"\/><\/p>\n<h3>F\u00e6rdigvare- og eksportlager<\/h3>\n<p><img decoding=\"async\" src=\"\/wp-content\/uploads\/factory-12.webp\"\/><\/p>\n<p><img decoding=\"async\" src=\"\/wp-content\/uploads\/factory-13.webp\"\/><\/p>\n<p><img decoding=\"async\" src=\"\/wp-content\/uploads\/factory-14.webp\"\/><\/p>\n<h2>OFTE STILLEDE SP\u00d8RGSM\u00c5L<\/h2>\n<p><p><b>1. Hvad er alu squ-r\u00f8r i tr\u00e6kornsmaling?<\/b><\/p>\n<p>Alu squ tube i tr\u00e6kornsmaling refererer til firkantede aluminiumsr\u00f8r, der er f\u00e6rdigbehandlet med en tr\u00e6kornsmaling, der replikerer udseendet af naturligt tr\u00e6, samtidig med at aluminiums holdbarhed opretholdes.<br \/>\n<\/p><br \/>\n<br \/>\n<p><b>2. Hvad er de vigtigste fordele ved alu squ-r\u00f8r i tr\u00e6kornsmaling?<\/b><\/p>\n<p>Det kombinerer aluminiums letv\u00e6gtsstyrke og korrosionsbestandighed med en attraktiv tr\u00e6lignende finish, der er vedligeholdelsesfri og vejrbestandig.<br \/>\n<\/p><br \/>\n<br \/>\n<p><b>3. Hvorfor v\u00e6lge tr\u00e6kornsmaling til firkantede aluminiumsr\u00f8r?<\/b><\/p>\n<p>Maling af tr\u00e6korn giver et realistisk tr\u00e6udseende med forbedret beskyttelse mod UV-str\u00e5ler, ridser og korrosion, ideelt til b\u00e5de indend\u00f8rs og udend\u00f8rs brug.<br \/>\n<\/p><br \/>\n<br \/>\n<p><b>4. Kan alu squ-r\u00f8r med tr\u00e6kornsmaling tilpasses?<\/b><\/p>\n<p>Ja, disse r\u00f8r kan tilpasses i st\u00f8rrelse, v\u00e6gtykkelse, tr\u00e6m\u00f8nster, farve og finish, s\u00e5 de opfylder specifikke arkitektoniske og designm\u00e6ssige behov.<br \/>\n<\/p><br \/>\n<br \/>\n<p><b>5. Hvordan forbedrer maling af tr\u00e6korn ydeevnen for firkantede aluminiumsr\u00f8r?<\/b><\/p>\n<p>Malingen tilf\u00f8jer et beskyttende lag, der forhindrer rust, falmning og overfladeskader, samtidig med at den giver r\u00f8ret en elegant tr\u00e6lignende \u00e6stetik.<br \/>\n<\/p><br \/>\n<br \/>\n<p><b>6. Er alu-r\u00f8r med tr\u00e6strukturmaling egnet til udend\u00f8rs brug?<\/b><\/p>\n<p>Ja, de har en fremragende modstandsdygtighed over for fugt, UV-eksponering og h\u00e5rdt vejr, hvilket g\u00f8r dem perfekte til udend\u00f8rsm\u00f8bler, hegn og bygningsfacader.<br \/>\n<\/p><br \/>\n<br \/>\n<p><b>7. Hvilke industrier bruger alu-r\u00f8r med tr\u00e6kornsmaling?<\/b><\/p>\n<p>Bygge-, m\u00f8bel-, landskabs- og indretningsindustrien bruger disse produkter p\u00e5 grund af deres blanding af holdbarhed og \u00e6stetik i naturligt tr\u00e6.<br \/>\n<\/p><br \/>\n<br \/>\n<p><b>8. Hvordan underst\u00f8tter alu squ tube i tr\u00e6maling b\u00e6redygtigt byggeri?<\/b><\/p>\n<p>Aluminium kan genbruges, og tr\u00e6maling er et b\u00e6redygtigt alternativ til naturligt tr\u00e6, hvilket reducerer eftersp\u00f8rgslen efter tr\u00e6 og milj\u00f8p\u00e5virkningen.<br \/>\n<\/p><br \/><\/p>","protected":false},"featured_media":6527,"template":"","categories":[62],"class_list":["post-6528","product","type-product","status-publish","has-post-thumbnail","hentry","category-electrophoresis-aluminum-profile"],"meta_box":{"hilight_text_group":{"product_hilight_text":"<li>Wood grain painting offers premium natural wood appearance with aluminum strength<\/li>\r\r\n<li>Corrosion-resistant and lightweight aluminum square tube for versatile use<\/li>\r\r\n<li>Durable finish suitable for indoor and outdoor decorative applications<\/li>\r\r\n<li>Precision extrusion ensures uniform dimensions and high-quality surface<\/li>\r\r\n<li>Custom sizes and bulk orders available to meet diverse project needs<\/li>","product_chanpin_blog":"<ul>\r\r\n<li><a href=\"https:\/\/sinoextrud.com\/t-slot-v-slot-differences\/\" target=\"_blank\">t slot vs v slot<\/a><\/li>\r\r\n<li><a href=\"https:\/\/sinoextrud.com\/what-is-4040-aluminium-extrud\/\" target=\"_blank\">4040 aluminium extrusion<\/a><\/li>\r\r\n<li><a href=\"https:\/\/sinoextrud.com\/what-is-4040-aluminium-extrud\/\" target=\"_blank\">aluminum extrusions for industrial racks<\/a><\/li>\r\r\n<li><a href=\"https:\/\/sinoextrud.com\/powder-coating-aluminium-process\/\" target=\"_blank\">powder coating aluminium<\/a><\/li>\r\r\n<li><a href=\"https:\/\/sinoextrud.com\/what-is-an-aluminium-strip-ceiling\/\" target=\"_blank\">aluminium strip ceiling<\/a><\/li>\r\r\n<li><a href=\"https:\/\/sinoextrud.com\/what-is-a-heat-sink\/\" target=\"_blank\">what is a heat sink<\/a><\/li>\r\r\n<\/ul>","product_chanpin_chanpin":"<li><a href=\"https:\/\/sinoextrud.com\/product\/electrophoresis-aluminum-profile-wood-grain\/\" target=\"_blank\">Electrophoresis Aluminum Profile Wood Grain<\/a><\/li>\r\n<li><a href=\"https:\/\/sinoextrud.com\/product\/elictrophoresis-matte-gold-aluminium-profile-cad\/\" target=\"_blank\">Elictrophoresis matte gold aluminium profile cad download section price per ton extrusions for windows and doors construction<\/a><\/li>\r\n<li><a href=\"https:\/\/sinoextrud.com\/product\/electrophoretic-wood-surface-aluminum-square-pipe\/\" target=\"_blank\">Electrophoretic wood surface-aluminum Square Pipe<\/a><\/li>\r\n<li><a href=\"https:\/\/sinoextrud.com\/product\/aluminum-square-tube-in-wooden-grain\/\" target=\"_blank\">Aluminum Square Tube In Wooden Grain<\/a><\/li>\r\n<li><a href=\"https:\/\/sinoextrud.com\/product\/alu-squ-tube-in-wood-grain-painting\/\" target=\"_blank\">Alu squ tube In Wood Grain Painting<\/a><\/li>\r\n<li><a href=\"https:\/\/sinoextrud.com\/product\/aluminium-extrusion-press-line-profile-wooden-grained-coating-color-oem\/\" target=\"_blank\">Aluminium Extrusion Press Line profile wooden grained coating color OEM for Door Curtain Wall Ceiling<\/a><\/li>\r\n<li><a href=\"https:\/\/sinoextrud.com\/product\/pvdf-coating-aluminum-profile-curtain-wall\/\" target=\"_blank\">PVDF Coating Aluminum profile Curtain Wall<\/a><\/li>\r\n<li><a href=\"https:\/\/sinoextrud.com\/product\/soundproofed-watertigh\/\" target=\"_blank\">Soundproofed Watertight Wind resistant occulting frame powder coated Facade Cladding and Glass wall aluminium profile<\/a><\/li>\r\n<li><a href=\"https:\/\/sinoextrud.com\/product\/eco-friendly-water-borne-fluorocarbon-spraying-decorative-aluminum-profile-for-outdoor-project\/\" target=\"_blank\">ECO-Friendly Water-borne Fluorocarbon Spraying Decorative Aluminum Profile For Outdoor Project<\/a><\/li>\r\n<li><a href=\"https:\/\/sinoextrud.com\/product\/anodizing-aluminium-section-sliding-window\/\" target=\"_blank\">Anodizing Aluminium Section Sliding Window<\/a><\/li>\r\n<li><a href=\"https:\/\/sinoextrud.com\/product\/aluminum-shutter-extrusion-profiles\/\" target=\"_blank\">Aluminum Shutter Extrusion Profiles<\/a><\/li>"},"feature_list":[]},"_links":{"self":[{"href":"https:\/\/sinoextrud.com\/da\/wp-json\/wp\/v2\/product\/6528","targetHints":{"allow":["GET"]}}],"collection":[{"href":"https:\/\/sinoextrud.com\/da\/wp-json\/wp\/v2\/product"}],"about":[{"href":"https:\/\/sinoextrud.com\/da\/wp-json\/wp\/v2\/types\/product"}],"wp:featuredmedia":[{"embeddable":true,"href":"https:\/\/sinoextrud.com\/da\/wp-json\/wp\/v2\/media\/6527"}],"wp:attachment":[{"href":"https:\/\/sinoextrud.com\/da\/wp-json\/wp\/v2\/media?parent=6528"}],"wp:term":[{"taxonomy":"category","embeddable":true,"href":"https:\/\/sinoextrud.com\/da\/wp-json\/wp\/v2\/categories?post=6528"}],"curies":[{"name":"wp","href":"https:\/\/api.w.org\/{rel}","templated":true}]}}