{"id":6520,"date":"2025-05-29T06:39:15","date_gmt":"2025-05-29T06:39:15","guid":{"rendered":"https:\/\/sinoextrud.com\/product\/electrophoresis-aluminum-profile-wood-grain\/"},"modified":"2025-06-24T06:11:04","modified_gmt":"2025-06-24T06:11:04","slug":"elektroforese-aluminiumsprofil-trae-korn","status":"publish","type":"product","link":"https:\/\/sinoextrud.com\/da\/product\/electrophoresis-aluminum-profile-wood-grain\/","title":{"rendered":"Elektroforese Aluminiumsprofil Tr\u00e6korn"},"content":{"rendered":"<h2>Detaljer om produkter<\/h2>\n<table class=\"custom-table\">\n<tr>\n<td class=\"label\">Model nr:<\/td>\n<td>6000-serien<\/td>\n<\/tr>\n<tr>\n<td class=\"label\">Overfladebehandling:<\/td>\n<td>Tr\u00e6korn, tilpasset<\/td>\n<\/tr>\n<tr>\n<td class=\"label\">Legeringsingrediens:<\/td>\n<td>6063<\/td>\n<\/tr>\n<tr>\n<td class=\"label\">Certificering:<\/td>\n<td>CE, SONCAP, ISO, CIQ, ROHS, TUV, SGS<\/td>\n<\/tr>\n<tr>\n<td class=\"label\">Poleret aluminiumsprofil:<\/td>\n<td>Mekanisk polering<\/td>\n<\/tr>\n<tr>\n<td class=\"label\">Materiale:<\/td>\n<td>6063-T5, 6061-T6, 6463-T5, 7075-T6, 6082<\/td>\n<\/tr>\n<tr>\n<td class=\"label\">Overfladebehandling:<\/td>\n<td>Elektroforese<\/td>\n<\/tr>\n<tr>\n<td class=\"label\">Dyb proces:<\/td>\n<td>CNC, boring, gevindsk\u00e6ring, stansning, sk\u00e6ring, bukning<\/td>\n<\/tr>\n<tr>\n<td class=\"label\">Farve:<\/td>\n<td>tr\u00e6korn (forskellige farver er tilg\u00e6ngelige)<\/td>\n<\/tr>\n<tr>\n<td class=\"label\">Gurantee:<\/td>\n<td>10-20 \u00e5r<\/td>\n<\/tr>\n<tr>\n<td class=\"label\">Produkt:<\/td>\n<td>Elektroforese Aluminiumsprofil Tr\u00e6korn<\/td>\n<\/tr>\n<tr>\n<td class=\"label\">Indskibningshavn:<\/td>\n<td>Foshan, Guangdong, Kina<\/td>\n<\/tr>\n<tr>\n<td class=\"label\">Betaling:<\/td>\n<td>T \/ T 30% for depositum, balance f\u00f8r levering<\/td>\n<\/tr>\n<tr>\n<td class=\"label\">Oprindelse:<\/td>\n<td>Kina<\/td>\n<\/tr>\n<tr>\n<td class=\"label\">HS-kode:<\/td>\n<td>7604210000<\/td>\n<\/tr>\n<\/table>\n<h2>Vores produktionsbase<\/h2>\n<h3>Panorama over fabrikken<\/h3>\n<p><img decoding=\"async\" src=\"\/wp-content\/uploads\/factory-01.webp\"\/><\/p>\n<h3>V\u00e6rksted til fremstilling af aluminiumst\u00e6nger<\/h3>\n<p><img decoding=\"async\" src=\"\/wp-content\/uploads\/factory-02.webp\"\/><\/p>\n<p><img decoding=\"async\" src=\"\/wp-content\/uploads\/factory-03.webp\"\/><\/p>\n<h3>Lager til opbevaring af skimmelsvampe<\/h3>\n<p><img decoding=\"async\" src=\"\/wp-content\/uploads\/factory-04.webp\"\/><\/p>\n<h3>43 ekstruderingslinjer for aluminium (500-5500 ton)<\/h3>\n<p><img decoding=\"async\" src=\"\/wp-content\/uploads\/factory-05.webp\"\/><\/p>\n<p><img decoding=\"async\" src=\"\/wp-content\/uploads\/factory-06.webp\"\/><\/p>\n<p><img decoding=\"async\" src=\"\/wp-content\/uploads\/factory-07.webp\"\/><\/p>\n<h3>V\u00e6rksted for pulverlakering<\/h3>\n<p><img decoding=\"async\" src=\"\/wp-content\/uploads\/factory-09.webp\"\/><\/p>\n<h3>Anodiseringsv\u00e6rksted<\/h3>\n<p><img decoding=\"async\" src=\"\/wp-content\/uploads\/factory-10.webp\"\/><\/p>\n<h3>Workshop om dyb behandling<\/h3>\n<p><img decoding=\"async\" src=\"\/wp-content\/uploads\/factory-11.webp\"\/><\/p>\n<h3>V\u00e6rksted for CNC-pr\u00e6cisionsbearbejdning<\/h3>\n<p><img decoding=\"async\" src=\"\/wp-content\/uploads\/factory-11.5.webp\"\/><\/p>\n<h3>F\u00e6rdigvare- og eksportlager<\/h3>\n<p><img decoding=\"async\" src=\"\/wp-content\/uploads\/factory-12.webp\"\/><\/p>\n<p><img decoding=\"async\" src=\"\/wp-content\/uploads\/factory-13.webp\"\/><\/p>\n<p><img decoding=\"async\" src=\"\/wp-content\/uploads\/factory-14.webp\"\/><\/p>\n<h2>OFTE STILLEDE SP\u00d8RGSM\u00c5L<\/h2>\n<p><p><b>1. Hvad er en elektroforese-aluminiumsprofil med tr\u00e6korn?<\/b><\/p>\n<p>Det er en aluminiumsekstrudering, der er behandlet med en elektroforetisk bel\u00e6gning, som efterligner udseendet af naturlige tr\u00e6korn, samtidig med at den har aluminiums holdbarhed.<br \/>\n<\/p><br \/>\n<br \/>\n<p><b>2. Hvad er de vigtigste fordele ved elektroforese af aluminiumprofiler med tr\u00e6korn?<\/b><\/p>\n<p>Disse profiler kombinerer aluminiums korrosionsbestandighed og styrke med en realistisk tr\u00e6kornfinish, der giver \u00e6stetisk appel og langvarig ydeevne.<br \/>\n<\/p><br \/>\n<br \/>\n<p><b>3. Hvorfor v\u00e6lge elektroforese-bel\u00e6gning til aluminiumsprofiler med tr\u00e6korn?<\/b><\/p>\n<p>Elektroforese-bel\u00e6gning sikrer ensartet d\u00e6kning, st\u00e6rk vedh\u00e6ftning og overlegen beskyttelse mod falmning, afskalning og korrosion sammenlignet med traditionel tr\u00e6beskyttelse.<br \/>\n<\/p><br \/>\n<br \/>\n<p><b>4. kan elektroforese aluminiumsprofiler tr\u00e6 korn tilpasses?<\/b><\/p>\n<p>Ja, de kan tilpasses i st\u00f8rrelse, form, farveintensitet og kornm\u00f8nster for at opfylde specifikke design- og arkitektoniske krav.<br \/>\n<\/p><br \/>\n<br \/>\n<p><b>5. Hvordan forbedrer tr\u00e6kornsfinishen aluminiumsprofiler?<\/b><\/p>\n<p>Finishen giver et naturligt, varmt udseende som tr\u00e6, samtidig med at aluminiums lette v\u00e6gt, rustbestandighed og lave vedligeholdelse bevares.<br \/>\n<\/p><br \/>\n<br \/>\n<p><b>6. Er elektroforese-aluminiumprofiler med tr\u00e6korn egnede til udend\u00f8rs brug?<\/b><\/p>\n<p>Ja, de er meget modstandsdygtige over for UV-str\u00e5ler, fugt og vejrforhold, hvilket g\u00f8r dem ideelle til udvendige arkitektoniske og dekorative anvendelser.<br \/>\n<\/p><br \/>\n<br \/>\n<p><b>7. Hvilke industrier bruger ofte elektroforese af aluminiumprofiler med tr\u00e6korn?<\/b><\/p>\n<p>Bygge-, m\u00f8bel-, indretnings- og facadeindustrien bruger disse profiler til at kombinere holdbarhed med elegant tr\u00e6\u00e6stetik.<br \/>\n<\/p><br \/>\n<br \/>\n<p><b>8. Hvordan underst\u00f8tter elektroforese af aluminiumprofiler med tr\u00e6korn b\u00e6redygtigt design?<\/b><\/p>\n<p>Aluminium er 100% genanvendeligt, og den elektroforetiske bel\u00e6gningsproces er milj\u00f8venlig og tilbyder et b\u00e6redygtigt alternativ til naturligt tr\u00e6.<br \/>\n<\/p><br \/><\/p>","protected":false},"featured_media":6519,"template":"","categories":[62],"class_list":["post-6520","product","type-product","status-publish","has-post-thumbnail","hentry","category-electrophoresis-aluminum-profile"],"meta_box":{"hilight_text_group":{"product_hilight_text":"<li>Electrophoresis coating provides durable corrosion and wear resistance<\/li>\r\r\n<li>Realistic wood grain finish adds natural aesthetic to aluminum profiles<\/li>\r\r\n<li>Lightweight yet strong, suitable for architectural and decorative use<\/li>\r\r\n<li>High-precision extrusion ensures consistent dimensions and quality<\/li>\r\r\n<li>Supports custom sizes, colors, and bulk orders for large projects<\/li>","product_chanpin_blog":"<ul>\r\r\n<li><a href=\"https:\/\/sinoextrud.com\/t-slot-v-slot-differences\/\" target=\"_blank\">t slot vs v slot<\/a><\/li>\r\r\n<li><a href=\"https:\/\/sinoextrud.com\/what-is-4040-aluminium-extrud\/\" target=\"_blank\">4040 aluminium extrusion<\/a><\/li>\r\r\n<li><a href=\"https:\/\/sinoextrud.com\/what-is-4040-aluminium-extrud\/\" target=\"_blank\">aluminum extrusions for industrial racks<\/a><\/li>\r\r\n<li><a href=\"https:\/\/sinoextrud.com\/powder-coating-aluminium-process\/\" target=\"_blank\">powder coating aluminium<\/a><\/li>\r\r\n<li><a href=\"https:\/\/sinoextrud.com\/what-is-an-aluminium-strip-ceiling\/\" target=\"_blank\">aluminium strip ceiling<\/a><\/li>\r\r\n<li><a href=\"https:\/\/sinoextrud.com\/what-is-a-heat-sink\/\" target=\"_blank\">what is a heat sink<\/a><\/li>\r\r\n<\/ul>","product_chanpin_chanpin":"<li><a href=\"https:\/\/sinoextrud.com\/product\/electrophoretic-grain-square-tube-rosewood\/\" target=\"_blank\">Electrophoretic Grain Square Tube Rosewood<\/a><\/li>\r\n<li><a href=\"https:\/\/sinoextrud.com\/product\/electrophoresis-surface-aluminum-profiles\/\" target=\"_blank\">Electrophoresis Surface Aluminum Profiles<\/a><\/li>\r\n<li><a href=\"https:\/\/sinoextrud.com\/product\/golden-electrophoresis-aluminum-profile\/\" target=\"_blank\">Golden Electrophoresis Aluminum Profile<\/a><\/li>\r\n<li><a href=\"https:\/\/sinoextrud.com\/product\/aluminum-profile-with-pvdf-coating\/\" target=\"_blank\">Aluminum Profile With PVDF Coating<\/a><\/li>\r\n<li><a href=\"https:\/\/sinoextrud.com\/product\/electrophoresis-aluminum-profile-wood-grain\/\" target=\"_blank\">Electrophoresis Aluminum Profile Wood Grain<\/a><\/li>\r\n<li><a href=\"https:\/\/sinoextrud.com\/product\/elictrophoresis-matte-gold-aluminium-profile-cad\/\" target=\"_blank\">Elictrophoresis matte gold aluminium profile cad download section price per ton extrusions for windows and doors construction<\/a><\/li>\r\n<li><a href=\"https:\/\/sinoextrud.com\/product\/electrophoretic-wood-surface-aluminum-square-pipe\/\" target=\"_blank\">Electrophoretic wood surface-aluminum Square Pipe<\/a><\/li>\r\n<li><a href=\"https:\/\/sinoextrud.com\/product\/aluminum-square-tube-in-wooden-grain\/\" target=\"_blank\">Aluminum Square Tube In Wooden Grain<\/a><\/li>\r\n<li><a href=\"https:\/\/sinoextrud.com\/product\/alu-squ-tube-in-wood-grain-painting\/\" target=\"_blank\">Alu squ tube In Wood Grain Painting<\/a><\/li>\r\n<li><a href=\"https:\/\/sinoextrud.com\/product\/the-hexagonal-type-ceiling-system\/\" target=\"_blank\">The Hexagonal Type Ceiling System (Hexagonal Ceiling)<\/a><\/li>\r\n<li><a href=\"https:\/\/sinoextrud.com\/product\/aluminum-extrusion-aluminum-cladding-profile-wood-look-grain-aluminum-panels\/\" target=\"_blank\">Aluminum Extrusion Aluminum Cladding Profile Wood Look Grain Aluminum Panels<\/a><\/li>"},"feature_list":[]},"_links":{"self":[{"href":"https:\/\/sinoextrud.com\/da\/wp-json\/wp\/v2\/product\/6520","targetHints":{"allow":["GET"]}}],"collection":[{"href":"https:\/\/sinoextrud.com\/da\/wp-json\/wp\/v2\/product"}],"about":[{"href":"https:\/\/sinoextrud.com\/da\/wp-json\/wp\/v2\/types\/product"}],"wp:featuredmedia":[{"embeddable":true,"href":"https:\/\/sinoextrud.com\/da\/wp-json\/wp\/v2\/media\/6519"}],"wp:attachment":[{"href":"https:\/\/sinoextrud.com\/da\/wp-json\/wp\/v2\/media?parent=6520"}],"wp:term":[{"taxonomy":"category","embeddable":true,"href":"https:\/\/sinoextrud.com\/da\/wp-json\/wp\/v2\/categories?post=6520"}],"curies":[{"name":"wp","href":"https:\/\/api.w.org\/{rel}","templated":true}]}}