{"id":6518,"date":"2025-05-29T06:35:55","date_gmt":"2025-05-29T06:35:55","guid":{"rendered":"https:\/\/sinoextrud.com\/product\/aluminum-profile-with-pvdf-coating\/"},"modified":"2025-06-24T06:11:04","modified_gmt":"2025-06-24T06:11:04","slug":"aluminiumsprofil-med-pvdf-belaegning","status":"publish","type":"product","link":"https:\/\/sinoextrud.com\/da\/product\/aluminum-profile-with-pvdf-coating\/","title":{"rendered":"Aluminiumsprofil med PVDF-bel\u00e6gning"},"content":{"rendered":"<h2>Detaljer om produkter<\/h2>\n<table class=\"custom-table\">\n<tr>\n<td class=\"label\">Specifikationer<\/td>\n<td>Aluminiumsprofil med PVDF-bel\u00e6gning<\/td>\n<\/tr>\n<tr>\n<td class=\"label\">Almindelig aluminiumslegering<\/td>\n<td>6063,6061,6060,6005,6082<\/td>\n<\/tr>\n<tr>\n<td class=\"label\">S\u00e6rlig aluminiumslegering<\/td>\n<td>6063A,6061F,5050,5052<\/td>\n<\/tr>\n<tr>\n<td class=\"label\">Overfladebehandling<\/td>\n<td>Power coating \uff0c Hvid, sort, brun, r\u00f8d, gr\u00f8n og alle andre farver, kan lave farvepr\u00f8ver i henhold til kundens krav<\/td>\n<\/tr>\n<tr>\n<td class=\"label\">Anodisering<\/td>\n<td>S\u00f8lv, Brozen, Champagne, Sort, Guld osv., med mikro fra 8-25<br \/>Elektroforese og tr\u00e6korn<\/td>\n<\/tr>\n<tr>\n<td class=\"label\">MOQ<\/td>\n<td>200KGS<\/td>\n<\/tr>\n<tr>\n<td class=\"label\">Pakke<\/td>\n<td>krympefolie, plastikpose, kraftpapir, papirindpakning, tr\u00e6palle mod ekstra betaling osv.<\/td>\n<\/tr>\n<tr>\n<td class=\"label\">Betaling<\/td>\n<td>T \/ T, L \/ C, 30% forudbetaling<\/td>\n<\/tr>\n<tr>\n<td class=\"label\">Levering<\/td>\n<td>15-25 dage<\/td>\n<\/tr>\n<\/table>\n<h2>Vores produktionsbase<\/h2>\n<h3>Panorama over fabrikken<\/h3>\n<p><img decoding=\"async\" src=\"\/wp-content\/uploads\/factory-01.webp\"\/><\/p>\n<h3>V\u00e6rksted til fremstilling af aluminiumst\u00e6nger<\/h3>\n<p><img decoding=\"async\" src=\"\/wp-content\/uploads\/factory-02.webp\"\/><\/p>\n<\/p>\n<p><img decoding=\"async\" src=\"\/wp-content\/uploads\/factory-03.webp\"\/><\/p>\n<h3>Lager til opbevaring af skimmelsvampe<\/h3>\n<p><img decoding=\"async\" src=\"\/wp-content\/uploads\/factory-04.webp\"\/><\/p>\n<h3>43 ekstruderingslinjer for aluminium (500-5500 ton)<\/h3>\n<p><img decoding=\"async\" src=\"\/wp-content\/uploads\/factory-05.webp\"\/><\/p>\n<p><img decoding=\"async\" src=\"\/wp-content\/uploads\/factory-06.webp\"\/><\/p>\n<p><img decoding=\"async\" src=\"\/wp-content\/uploads\/factory-07.webp\"\/><\/p>\n<h3>V\u00e6rksted for pulverlakering<\/h3>\n<p><img decoding=\"async\" src=\"\/wp-content\/uploads\/factory-09.webp\"\/><\/p>\n<h3>Anodiseringsv\u00e6rksted<\/h3>\n<p><img decoding=\"async\" src=\"\/wp-content\/uploads\/factory-10.webp\"\/><\/p>\n<h3>Workshop om dyb behandling<\/h3>\n<p><img decoding=\"async\" src=\"\/wp-content\/uploads\/factory-11.webp\"\/><\/p>\n<h3>V\u00e6rksted for CNC-pr\u00e6cisionsbearbejdning<\/h3>\n<p><img decoding=\"async\" src=\"\/wp-content\/uploads\/factory-11.5.webp\"\/><\/p>\n<h3>F\u00e6rdigvare- og eksportlager<\/h3>\n<p><img decoding=\"async\" src=\"\/wp-content\/uploads\/factory-12.webp\"\/><\/p>\n<p><img decoding=\"async\" src=\"\/wp-content\/uploads\/factory-13.webp\"\/><\/p>\n<p><img decoding=\"async\" src=\"\/wp-content\/uploads\/factory-14.webp\"\/><\/p>\n<h2>OFTE STILLEDE SP\u00d8RGSM\u00c5L<\/h2>\n<p><b>1. Hvad er en aluminiumsprofil med PVDF-bel\u00e6gning?<\/b><\/p>\n<p>En aluminiumsprofil med PVDF-bel\u00e6gning er en aluminiumsekstrudering, der er behandlet med en polyvinylidenfluorid-finish, som giver overlegen vejrbestandighed og \u00e6stetisk holdbarhed.\n<\/p>\n<p><\/p>\n<p><b>2. Hvad er de vigtigste fordele ved aluminiumsprofiler med PVDF-bel\u00e6gning?<\/b><\/p>\n<p>De giver fremragende UV-bestandighed, korrosionsbeskyttelse, farvefastholdelse og en glat, holdbar overflade, der er velegnet til barske udend\u00f8rsmilj\u00f8er.\n<\/p>\n<p><\/p>\n<p><b>3. Hvorfor v\u00e6lge PVDF-bel\u00e6gning frem for andre overfladebehandlinger til aluminiumsprofiler?<\/b><\/p>\n<p>PVDF-bel\u00e6gning giver bedre kemisk modstandsdygtighed, vejrbestandighed og l\u00e6ngerevarende farvestabilitet sammenlignet med pulverlakering og anodisering.\n<\/p>\n<p><\/p>\n<p><b>4. Kan aluminiumsprofiler med PVDF-bel\u00e6gning tilpasses?<\/b><\/p>\n<p>Ja, de kan tilpasses i form, st\u00f8rrelse, legeringskvalitet og bel\u00e6gningsfarve for at opfylde specifikke arkitektoniske og industrielle krav.\n<\/p>\n<p><\/p>\n<p><b>5. Hvordan forbedrer PVDF-bel\u00e6gning aluminiumsprofilers ydeevne?<\/b><\/p>\n<p>PVDF danner en h\u00e5rd, fleksibel film, der modst\u00e5r kridtning, falmning, revnedannelse og afskalning, hvilket sikrer langvarig beskyttelse og visuel appel.\n<\/p>\n<p><\/p>\n<p><b>6. Er aluminiumsprofiler med PVDF-bel\u00e6gning egnede til udend\u00f8rs brug?<\/b><\/p>\n<p>Ja, PVDF-belagte aluminiumsprofiler udm\u00e6rker sig i udend\u00f8rs omgivelser p\u00e5 grund af deres modstandsdygtighed over for UV-str\u00e5ler, fugt, forurenende stoffer og temperatursvingninger.\n<\/p>\n<p><\/p>\n<p><b>7. Hvilke industrier bruger ofte aluminiumsprofiler med PVDF-bel\u00e6gning?<\/b><\/p>\n<p>Bygge-, bil-, skilte- og rumfartsindustrien bruger disse profiler p\u00e5 grund af deres holdbarhed, korrosionsbestandighed og \u00e6stetiske kvaliteter.\n<\/p>\n<p><\/p>\n<p><b>8. Hvordan underst\u00f8tter brugen af aluminiumsprofiler med PVDF-bel\u00e6gning b\u00e6redygtigt byggeri?<\/b><\/p>\n<p>Aluminium er fuldt genanvendeligt, og PVDF-bel\u00e6gninger har lav milj\u00f8p\u00e5virkning og lang levetid, hvilket reducerer behovet for vedligeholdelse og udskiftning.\n<\/p>\n<p><\/p>","protected":false},"featured_media":6517,"template":"","categories":[62],"class_list":["post-6518","product","type-product","status-publish","has-post-thumbnail","hentry","category-electrophoresis-aluminum-profile"],"meta_box":{"hilight_text_group":{"product_hilight_text":"<li>PVDF coating offers exceptional weather and UV resistance<\/li>\r\r\n<li>Maintains vibrant color and finish for extended outdoor durability<\/li>\r\r\n<li>High-quality aluminum profile with precise extrusion standards<\/li>\r\r\n<li>Ideal for architectural facades, windows, and decorative applications<\/li>\r\r\n<li>Supports custom profiles, colors, and bulk manufacturing orders<\/li>","product_chanpin_blog":"<ul>\r\r\n<li><a href=\"https:\/\/sinoextrud.com\/t-slot-v-slot-differences\/\" target=\"_blank\">t slot vs v slot<\/a><\/li>\r\r\n<li><a href=\"https:\/\/sinoextrud.com\/what-is-4040-aluminium-extrud\/\" target=\"_blank\">4040 aluminium extrusion<\/a><\/li>\r\r\n<li><a href=\"https:\/\/sinoextrud.com\/what-is-4040-aluminium-extrud\/\" target=\"_blank\">aluminum extrusions for industrial racks<\/a><\/li>\r\r\n<li><a href=\"https:\/\/sinoextrud.com\/powder-coating-aluminium-process\/\" target=\"_blank\">powder coating aluminium<\/a><\/li>\r\r\n<li><a href=\"https:\/\/sinoextrud.com\/what-is-an-aluminium-strip-ceiling\/\" target=\"_blank\">aluminium strip ceiling<\/a><\/li>\r\r\n<li><a href=\"https:\/\/sinoextrud.com\/what-is-a-heat-sink\/\" target=\"_blank\">what is a heat sink<\/a><\/li>\r\r\n<\/ul>","product_chanpin_chanpin":"<li><a href=\"https:\/\/sinoextrud.com\/product\/extrusion-aluminum-profile-for-powder-coating-window-and-door-alloy-6063\/\" target=\"_blank\">Extrusion Aluminum Profile For Powder Coating Window and Door Alloy 6063<\/a><\/li>\r\n<li><a href=\"https:\/\/sinoextrud.com\/product\/electrophoretic-grain-square-tube-rosewood\/\" target=\"_blank\">Electrophoretic Grain Square Tube Rosewood<\/a><\/li>\r\n<li><a href=\"https:\/\/sinoextrud.com\/product\/electrophoresis-surface-aluminum-profiles\/\" target=\"_blank\">Electrophoresis Surface Aluminum Profiles<\/a><\/li>\r\n<li><a href=\"https:\/\/sinoextrud.com\/product\/golden-electrophoresis-aluminum-profile\/\" target=\"_blank\">Golden Electrophoresis Aluminum Profile<\/a><\/li>\r\n<li><a href=\"https:\/\/sinoextrud.com\/product\/aluminum-profile-with-pvdf-coating\/\" target=\"_blank\">Aluminum Profile With PVDF Coating<\/a><\/li>\r\n<li><a href=\"https:\/\/sinoextrud.com\/product\/electrophoresis-aluminum-profile-wood-grain\/\" target=\"_blank\">Electrophoresis Aluminum Profile Wood Grain<\/a><\/li>\r\n<li><a href=\"https:\/\/sinoextrud.com\/product\/elictrophoresis-matte-gold-aluminium-profile-cad\/\" target=\"_blank\">Elictrophoresis matte gold aluminium profile cad download section price per ton extrusions for windows and doors construction<\/a><\/li>\r\n<li><a href=\"https:\/\/sinoextrud.com\/product\/electrophoretic-wood-surface-aluminum-square-pipe\/\" target=\"_blank\">Electrophoretic wood surface-aluminum Square Pipe<\/a><\/li>\r\n<li><a href=\"https:\/\/sinoextrud.com\/product\/aluminum-square-tube-in-wooden-grain\/\" target=\"_blank\">Aluminum Square Tube In Wooden Grain<\/a><\/li>\r\n<li><a href=\"https:\/\/sinoextrud.com\/product\/aluminium-profile-for-clean-room\/\" target=\"_blank\">Aluminium Profile For Clean Room<\/a><\/li>\r\n<li><a href=\"https:\/\/sinoextrud.com\/product\/cnc-industrial-aluminum-profiler\/\" target=\"_blank\">CNC Industrial Aluminum Profiler<\/a><\/li>"},"feature_list":[]},"_links":{"self":[{"href":"https:\/\/sinoextrud.com\/da\/wp-json\/wp\/v2\/product\/6518","targetHints":{"allow":["GET"]}}],"collection":[{"href":"https:\/\/sinoextrud.com\/da\/wp-json\/wp\/v2\/product"}],"about":[{"href":"https:\/\/sinoextrud.com\/da\/wp-json\/wp\/v2\/types\/product"}],"wp:featuredmedia":[{"embeddable":true,"href":"https:\/\/sinoextrud.com\/da\/wp-json\/wp\/v2\/media\/6517"}],"wp:attachment":[{"href":"https:\/\/sinoextrud.com\/da\/wp-json\/wp\/v2\/media?parent=6518"}],"wp:term":[{"taxonomy":"category","embeddable":true,"href":"https:\/\/sinoextrud.com\/da\/wp-json\/wp\/v2\/categories?post=6518"}],"curies":[{"name":"wp","href":"https:\/\/api.w.org\/{rel}","templated":true}]}}