{"id":6516,"date":"2025-05-29T06:28:30","date_gmt":"2025-05-29T06:28:30","guid":{"rendered":"https:\/\/sinoextrud.com\/product\/golden-electrophoresis-aluminum-profile\/"},"modified":"2025-06-24T06:11:04","modified_gmt":"2025-06-24T06:11:04","slug":"gylden-elektroforese-aluminiumsprofil","status":"publish","type":"product","link":"https:\/\/sinoextrud.com\/da\/product\/golden-electrophoresis-aluminum-profile\/","title":{"rendered":"Golden Electrophoresis aluminiumsprofil"},"content":{"rendered":"<h2>Detaljer om produkter<\/h2>\n<table class=\"custom-table\">\n<tr>\n<td class=\"label\">Vare<\/td>\n<td>Gylden elektroforese-aluminiumprofil<\/td>\n<\/tr>\n<tr>\n<td class=\"label\">Materiale<\/td>\n<td>Aluminium i 6000-serien<\/td>\n<\/tr>\n<tr>\n<td class=\"label\">Temperament<\/td>\n<td>T4, T5, T6<\/td>\n<\/tr>\n<tr>\n<td class=\"label\">St\u00f8rrelse \/ tykkelse<\/td>\n<td>Generelle profilers tykkelse: 0,8-5,0 mm, l\u00e6ngde: 3-6 m;<br \/>Anodiseringsbeskyttelsesfilmens tykkelse: 8~25 um, pulverlakering: 40 ~ 120 um.<\/td>\n<\/tr>\n<tr>\n<td class=\"label\">Form<\/td>\n<td>tilpasset<\/td>\n<\/tr>\n<tr>\n<td class=\"label\">Anvendelse<\/td>\n<td>I m\u00f8bler, vinduer og d\u00f8re, dekorationer, industri, byggeri og s\u00e5 videre<\/td>\n<\/tr>\n<tr>\n<td class=\"label\">Overfladebehandling<\/td>\n<td>Fr\u00e6sning, pulverlakering, anodisering, PVDF, tr\u00e6korn, poleret, b\u00f8rstet osv.<\/td>\n<\/tr>\n<tr>\n<td class=\"label\">Farver<\/td>\n<td>Ref pulverlakering farveark og tilpasset farve tilg\u00e6ngelig<\/td>\n<\/tr>\n<tr>\n<td class=\"label\">Dyb proces<\/td>\n<td>CNC, boring, fr\u00e6sning, sk\u00e6ring, svejsning, bukning, samling<\/td>\n<\/tr>\n<tr>\n<td class=\"label\">MOQ<\/td>\n<td>200 kg for hver vare<\/td>\n<\/tr>\n<tr>\n<td class=\"label\">Pakkeoplysninger<\/td>\n<td>(1) Indvendigt: pakket med beskyttende plastfilm til beskyttelse af hvert stykke<\/td>\n<\/tr>\n<tr>\n<td class=\"label\"><\/td>\n<td>(2) Udenfor: Indpakning til bundter af waterproofcraftpaper<\/td>\n<\/tr>\n<tr>\n<td class=\"label\">Leveringstid<\/td>\n<td>(1) Formudvikling og pr\u00f8vetestning: 12-18 dage.<\/td>\n<\/tr>\n<tr>\n<td class=\"label\"><\/td>\n<td>(2) Masseproduktion afsluttet: 20-30 dage efter at pr\u00f8ven er bekr\u00e6ftet af k\u00f8beren.<\/td>\n<\/tr>\n<tr>\n<td class=\"label\">FOB-havn<\/td>\n<td>FOB SHENZHEN \/ GUANGZHOU \/ FOSHAN<\/td>\n<\/tr>\n<tr>\n<td class=\"label\">betalingsbetingelser<\/td>\n<td>T \/ T 30%for depositum, balance f\u00f8r forsendelse.<\/td>\n<\/tr>\n<tr>\n<td class=\"label\">forligsperiode<\/td>\n<td>Opkr\u00e6vning efter endelig faktisk v\u00e6gt eller efter teoretisk v\u00e6gt.<\/td>\n<\/tr>\n<tr>\n<td class=\"label\">produktionskapacitet<\/td>\n<td>5000 tons om m\u00e5neden, 60000 tons om \u00e5ret.<\/td>\n<\/tr>\n<tr>\n<td class=\"label\">Certifikat og standard<\/td>\n<td>CQM, SGS, CE, BV, SONCAP \/ GB, ISO, JIS, AS, NZS, QUALICOAT, QUOLANOD tilg\u00e6ngelig<\/td>\n<\/tr>\n<\/table>\n<h2>Vores produktionsbase<\/h2>\n<h3>Panorama over fabrikken<\/h3>\n<p><img decoding=\"async\" src=\"\/wp-content\/uploads\/factory-01.webp\"\/><\/p>\n<h3>V\u00e6rksted til fremstilling af aluminiumst\u00e6nger<\/h3>\n<p><img decoding=\"async\" src=\"\/wp-content\/uploads\/factory-02.webp\"\/><\/p>\n<\/p>\n<p><img decoding=\"async\" src=\"\/wp-content\/uploads\/factory-03.webp\"\/><\/p>\n<h3>Lager til opbevaring af skimmelsvampe<\/h3>\n<p><img decoding=\"async\" src=\"\/wp-content\/uploads\/factory-04.webp\"\/><\/p>\n<h3>43 ekstruderingslinjer for aluminium (500-5500 ton)<\/h3>\n<p><img decoding=\"async\" src=\"\/wp-content\/uploads\/factory-05.webp\"\/><\/p>\n<p><img decoding=\"async\" src=\"\/wp-content\/uploads\/factory-06.webp\"\/><\/p>\n<p><img decoding=\"async\" src=\"\/wp-content\/uploads\/factory-07.webp\"\/><\/p>\n<h3>V\u00e6rksted for pulverlakering<\/h3>\n<p><img decoding=\"async\" src=\"\/wp-content\/uploads\/factory-09.webp\"\/><\/p>\n<h3>Anodiseringsv\u00e6rksted<\/h3>\n<p><img decoding=\"async\" src=\"\/wp-content\/uploads\/factory-10.webp\"\/><\/p>\n<h3>Workshop om dyb behandling<\/h3>\n<p><img decoding=\"async\" src=\"\/wp-content\/uploads\/factory-11.webp\"\/><\/p>\n<h3>V\u00e6rksted for CNC-pr\u00e6cisionsbearbejdning<\/h3>\n<p><img decoding=\"async\" src=\"\/wp-content\/uploads\/factory-11.5.webp\"\/><\/p>\n<h3>F\u00e6rdigvare- og eksportlager<\/h3>\n<p><img decoding=\"async\" src=\"\/wp-content\/uploads\/factory-12.webp\"\/><\/p>\n<p><img decoding=\"async\" src=\"\/wp-content\/uploads\/factory-13.webp\"\/><\/p>\n<p><img decoding=\"async\" src=\"\/wp-content\/uploads\/factory-14.webp\"\/><\/p>\n<h2>OFTE STILLEDE SP\u00d8RGSM\u00c5L<\/h2>\n<p><b>1. Hvad er en gylden elektroforese-aluminiumprofil?<\/b><\/p>\n<p>En gylden elektroforese-aluminiumprofil er en aluminiumprofil belagt med en gylden elektroforese-finish, der giver forbedret korrosionsbestandighed og et luksuri\u00f8st udseende.\n<\/p>\n<p><\/p>\n<p><b>2. Hvad er de vigtigste fordele ved gyldne elektroforese-aluminiumsprofiler?<\/b><\/p>\n<p>De giver fremragende korrosionsbestandighed, ensartet bel\u00e6gning, st\u00e6rk vedh\u00e6ftning, UV-beskyttelse og en attraktiv guldfinish, der holder i \u00e5revis.\n<\/p>\n<p><\/p>\n<p><b>3. Hvorfor v\u00e6lge elektroforese-bel\u00e6gning til aluminiumsprofiler?<\/b><\/p>\n<p>Elektroforese-bel\u00e6gning sikrer j\u00e6vn d\u00e6kning p\u00e5 komplekse former, overlegen holdbarhed og modstandsdygtighed over for afskalning og falmning sammenlignet med traditionelle bel\u00e6gninger.\n<\/p>\n<p><\/p>\n<p><b>4. Kan gyldne elektroforese-aluminiumsprofiler tilpasses?<\/b><\/p>\n<p>Ja, disse profiler kan tilpasses i form, st\u00f8rrelse, legeringstype og elektroforetisk farveintensitet for at opfylde specifikke design- og funktionskrav.\n<\/p>\n<p><\/p>\n<p><b>5. Hvordan forbedrer den gyldne elektroforese-finish aluminiumsprofilens ydeevne?<\/b><\/p>\n<p>Finishen danner et beskyttende lag, der beskytter mod oxidering, ridser og milj\u00f8skader, samtidig med at det \u00e6stetiske udtryk bevares.\n<\/p>\n<p><\/p>\n<p><b>6. Er gyldne elektroforese-aluminiumsprofiler egnede til udend\u00f8rs brug?<\/b><\/p>\n<p>Ja, den elektroforetiske bel\u00e6gning giver fremragende vejrbestandighed, UV-stabilitet og korrosionsbeskyttelse til udvendige anvendelser.\n<\/p>\n<p><\/p>\n<p><b>7. Hvilke industrier bruger ofte gyldne elektroforese-aluminiumprofiler?<\/b><\/p>\n<p>Arkitekt-, indretnings-, bil- og elektronikindustrien bruger disse profiler p\u00e5 grund af deres kombination af holdbarhed og elegant guldudseende.\n<\/p>\n<p><\/p>\n<p><b>8. Hvordan underst\u00f8tter den gyldne elektroforese-aluminiumsprofil b\u00e6redygtig produktion?<\/b><\/p>\n<p>Den elektroforetiske proces er milj\u00f8venlig med lave emissioner, og aluminium er fuldt genanvendeligt, hvilket fremmer b\u00e6redygtig produktion og reducerer milj\u00f8p\u00e5virkningen.\n<\/p>\n<p><\/p>","protected":false},"featured_media":6515,"template":"","categories":[62],"class_list":["post-6516","product","type-product","status-publish","has-post-thumbnail","hentry","category-electrophoresis-aluminum-profile"],"meta_box":{"hilight_text_group":{"product_hilight_text":"<li>Elegant golden electrophoresis finish enhances visual appeal and luxury<\/li>\r\r\n<li>Provides excellent corrosion resistance and surface durability<\/li>\r\r\n<li>High-quality aluminum profile with precise extrusion dimensions<\/li>\r\r\n<li>Ideal for premium architectural and decorative applications<\/li>\r\r\n<li>Supports custom sizes and bulk orders with consistent quality<\/li>","product_chanpin_blog":"<ul>\r\r\n<li><a href=\"https:\/\/sinoextrud.com\/t-slot-v-slot-differences\/\" target=\"_blank\">t slot vs v slot<\/a><\/li>\r\r\n<li><a href=\"https:\/\/sinoextrud.com\/what-is-4040-aluminium-extrud\/\" target=\"_blank\">4040 aluminium extrusion<\/a><\/li>\r\r\n<li><a href=\"https:\/\/sinoextrud.com\/what-is-4040-aluminium-extrud\/\" target=\"_blank\">aluminum extrusions for industrial racks<\/a><\/li>\r\r\n<li><a href=\"https:\/\/sinoextrud.com\/powder-coating-aluminium-process\/\" target=\"_blank\">powder coating aluminium<\/a><\/li>\r\r\n<li><a href=\"https:\/\/sinoextrud.com\/what-is-an-aluminium-strip-ceiling\/\" target=\"_blank\">aluminium strip ceiling<\/a><\/li>\r\r\n<li><a href=\"https:\/\/sinoextrud.com\/what-is-a-heat-sink\/\" target=\"_blank\">what is a heat sink<\/a><\/li>\r\r\n<\/ul>","product_chanpin_chanpin":"<li><a href=\"https:\/\/sinoextrud.com\/product\/aluminium-6063\/\" target=\"_blank\">Aluminium 6063<\/a><\/li>\r\n<li><a href=\"https:\/\/sinoextrud.com\/product\/extrusion-aluminum-profile-for-powder-coating-window-and-door-alloy-6063\/\" target=\"_blank\">Extrusion Aluminum Profile For Powder Coating Window and Door Alloy 6063<\/a><\/li>\r\n<li><a href=\"https:\/\/sinoextrud.com\/product\/electrophoretic-grain-square-tube-rosewood\/\" target=\"_blank\">Electrophoretic Grain Square Tube Rosewood<\/a><\/li>\r\n<li><a href=\"https:\/\/sinoextrud.com\/product\/electrophoresis-surface-aluminum-profiles\/\" target=\"_blank\">Electrophoresis Surface Aluminum Profiles<\/a><\/li>\r\n<li><a href=\"https:\/\/sinoextrud.com\/product\/golden-electrophoresis-aluminum-profile\/\" target=\"_blank\">Golden Electrophoresis Aluminum Profile<\/a><\/li>\r\n<li><a href=\"https:\/\/sinoextrud.com\/product\/aluminum-profile-with-pvdf-coating\/\" target=\"_blank\">Aluminum Profile With PVDF Coating<\/a><\/li>\r\n<li><a href=\"https:\/\/sinoextrud.com\/product\/electrophoresis-aluminum-profile-wood-grain\/\" target=\"_blank\">Electrophoresis Aluminum Profile Wood Grain<\/a><\/li>\r\n<li><a href=\"https:\/\/sinoextrud.com\/product\/elictrophoresis-matte-gold-aluminium-profile-cad\/\" target=\"_blank\">Elictrophoresis matte gold aluminium profile cad download section price per ton extrusions for windows and doors construction<\/a><\/li>\r\n<li><a href=\"https:\/\/sinoextrud.com\/product\/electrophoretic-wood-surface-aluminum-square-pipe\/\" target=\"_blank\">Electrophoretic wood surface-aluminum Square Pipe<\/a><\/li>\r\n<li><a href=\"https:\/\/sinoextrud.com\/product\/extrude-6000-series-aluminium-bar\/\" target=\"_blank\">Extrude 6000 Series Aluminium bar<\/a><\/li>\r\n<li><a href=\"https:\/\/sinoextrud.com\/product\/cnc-machining-aluminum-signal-plate\/\" target=\"_blank\">CNC Machining Aluminum Signal Plate<\/a><\/li>"},"feature_list":[]},"_links":{"self":[{"href":"https:\/\/sinoextrud.com\/da\/wp-json\/wp\/v2\/product\/6516","targetHints":{"allow":["GET"]}}],"collection":[{"href":"https:\/\/sinoextrud.com\/da\/wp-json\/wp\/v2\/product"}],"about":[{"href":"https:\/\/sinoextrud.com\/da\/wp-json\/wp\/v2\/types\/product"}],"wp:featuredmedia":[{"embeddable":true,"href":"https:\/\/sinoextrud.com\/da\/wp-json\/wp\/v2\/media\/6515"}],"wp:attachment":[{"href":"https:\/\/sinoextrud.com\/da\/wp-json\/wp\/v2\/media?parent=6516"}],"wp:term":[{"taxonomy":"category","embeddable":true,"href":"https:\/\/sinoextrud.com\/da\/wp-json\/wp\/v2\/categories?post=6516"}],"curies":[{"name":"wp","href":"https:\/\/api.w.org\/{rel}","templated":true}]}}