{"id":6510,"date":"2025-05-29T03:54:58","date_gmt":"2025-05-29T03:54:58","guid":{"rendered":"https:\/\/sinoextrud.com\/product\/extrusion-aluminum-profile-for-powder-coating-window-and-door-alloy-6063\/"},"modified":"2025-06-24T06:11:03","modified_gmt":"2025-06-24T06:11:03","slug":"ekstruderet-aluminiumsprofil-til-pulverlakering-af-vinduer-og-dore-legering-6063","status":"publish","type":"product","link":"https:\/\/sinoextrud.com\/da\/product\/extrusion-aluminum-profile-for-powder-coating-window-and-door-alloy-6063\/","title":{"rendered":"Ekstruderet aluminiumsprofil til pulverlakering af vinduer og d\u00f8re Legering 6063"},"content":{"rendered":"<h2>Detaljer om produkter<\/h2>\n<table class=\"custom-table\">\n<tr>\n<td class=\"label\">Navn:<\/td>\n<td>Pulverlakering af vinduer og d\u00f8re,Ekstruderet aluminiumsprofil til pulverlakering af vinduer og d\u00f8re,Legering 6063<\/td>\n<\/tr>\n<tr>\n<td class=\"label\">Materiale:<\/td>\n<td>Legering-6063-T5, 6061-T6<\/td>\n<\/tr>\n<tr>\n<td class=\"label\">Overfladebehandling:<\/td>\n<td>Anodisering, pulverlakering,<br \/>F\u00e6rdigbehandlet,F\u00e6rdigbehandlet tr\u00e6<\/td>\n<\/tr>\n<tr>\n<td class=\"label\">Mulighed for farve:<\/td>\n<td>S\u00f8lv, champage, bronze, guld, sort, sandbel\u00e6gning, mat s\u00f8lv eller tilpasset<\/td>\n<\/tr>\n<tr>\n<td class=\"label\">Filmstandard:<\/td>\n<td>Anodiseret: 7-23 mikron<br \/>Pulverlakering: 40-120 mikron<br \/>Elektroforesefilm :12-25 mikron<\/td>\n<\/tr>\n<tr>\n<td class=\"label\">MOQ:<\/td>\n<td>10-12Tons\/1*20\u2032, 20-23Tons\/1*40\u2032<\/td>\n<\/tr>\n<tr>\n<td class=\"label\">L\u00e6ngde:<\/td>\n<td>5.8-6M eller tilpasset<\/td>\n<\/tr>\n<tr>\n<td class=\"label\">Konfigurationer:<\/td>\n<td>Skydevinduer\/skyded\u00f8re<br \/>Karmvinduer\/Svingd\u00f8re<br \/>Markise Vinduer.<br \/>Reparation af Windows.<br \/>Folded\u00f8re<\/td>\n<\/tr>\n<\/table>\n<h2>Vores produktionsbase<\/h2>\n<h3>Panorama over fabrikken<\/h3>\n<p><img decoding=\"async\" src=\"\/wp-content\/uploads\/factory-01.webp\"\/><\/p>\n<h3>V\u00e6rksted til fremstilling af aluminiumst\u00e6nger<\/h3>\n<p><img decoding=\"async\" src=\"\/wp-content\/uploads\/factory-02.webp\"\/><\/p>\n<p><img decoding=\"async\" src=\"\/wp-content\/uploads\/factory-03.webp\"\/><\/p>\n<h3>Lager til opbevaring af skimmelsvampe<\/h3>\n<p><img decoding=\"async\" src=\"\/wp-content\/uploads\/factory-04.webp\"\/><\/p>\n<h3>43 ekstruderingslinjer for aluminium (500-5500 ton)<\/h3>\n<p><img decoding=\"async\" src=\"\/wp-content\/uploads\/factory-05.webp\"\/><\/p>\n<p><img decoding=\"async\" src=\"\/wp-content\/uploads\/factory-06.webp\"\/><\/p>\n<p><img decoding=\"async\" src=\"\/wp-content\/uploads\/factory-07.webp\"\/><\/p>\n<h3>V\u00e6rksted for pulverlakering<\/h3>\n<p><img decoding=\"async\" src=\"\/wp-content\/uploads\/factory-09.webp\"\/><\/p>\n<h3>Anodiseringsv\u00e6rksted<\/h3>\n<p><img decoding=\"async\" src=\"\/wp-content\/uploads\/factory-10.webp\"\/><\/p>\n<h3>Workshop om dyb behandling<\/h3>\n<p><img decoding=\"async\" src=\"\/wp-content\/uploads\/factory-11.webp\"\/><\/p>\n<h3>V\u00e6rksted for CNC-pr\u00e6cisionsbearbejdning<\/h3>\n<p><img decoding=\"async\" src=\"\/wp-content\/uploads\/factory-11.5.webp\"\/><\/p>\n<h3>F\u00e6rdigvare- og eksportlager<\/h3>\n<p><img decoding=\"async\" src=\"\/wp-content\/uploads\/factory-12.webp\"\/><\/p>\n<p><img decoding=\"async\" src=\"\/wp-content\/uploads\/factory-13.webp\"\/><\/p>\n<p><img decoding=\"async\" src=\"\/wp-content\/uploads\/factory-14.webp\"\/><\/p>\n<h2>OFTE STILLEDE SP\u00d8RGSM\u00c5L<\/h2>\n<p><p><b>1. Hvad er 6063-legering i ekstruderingsprofiler af aluminium?<\/b><\/p>\n<p>6063-legeringen er et korrosionsbestandigt aluminiumsmateriale med h\u00f8j styrke, som ofte bruges i ekstruderingsprofiler til vinduer og d\u00f8re p\u00e5 grund af den fremragende overfladefinish og holdbarhed.<br \/>\n<\/p><br \/>\n<br \/>\n<p><b>2. Hvorfor v\u00e6lge ekstruderede aluminiumsprofiler til pulverlakering?<\/b><\/p>\n<p>Ekstruderede aluminiumsprofiler er ideelle til pulverlakering, fordi de giver en glat, ensartet overflade, der forbedrer bel\u00e6gningens vedh\u00e6ftning og holdbarhed.<br \/>\n<\/p><br \/>\n<br \/>\n<p><b>3. Hvad er de vigtigste fordele ved pulverlakerede vindues- og d\u00f8rkarme i aluminium?<\/b><\/p>\n<p>Pulverlakerede aluminiumsrammer giver forbedret vejrbestandighed, farvestabilitet og et slankt, moderne udseende, der passer til arkitektoniske anvendelser.<br \/>\n<\/p><br \/>\n<br \/>\n<p><b>4. Kan 6063 aluminiumsprofiler tilpasses til unikke vindues- og d\u00f8rdesigns?<\/b><\/p>\n<p>Ja, 6063-aluminiumsprofiler kan ekstruderes i tilpassede former og st\u00f8rrelser for at opfylde specifikke design- og projektkrav.<br \/>\n<\/p><br \/>\n<br \/>\n<p><b>5. Hvordan forbedrer 6063 aluminium vindues- og d\u00f8rsystemers ydeevne?<\/b><\/p>\n<p>6063-aluminium har en fremragende varmeledningsevne, strukturel stabilitet og korrosionsbestandighed, hvilket forbedrer vindues- og d\u00f8rsystemernes samlede ydeevne.<br \/>\n<\/p><br \/>\n<br \/>\n<p><b>6. Er ekstruderingsprofiler af aluminium velegnede til b\u00e5de bolig- og erhvervsbrug?<\/b><\/p>\n<p>Ekstruderingsprofiler i aluminium fremstillet af 6063-legering bruges i vid udstr\u00e6kning til vinduer og d\u00f8re i b\u00e5de boliger og erhverv p\u00e5 grund af deres styrke og alsidighed.<br \/>\n<\/p><br \/>\n<br \/>\n<p><b>7. Er 6063 aluminiumsprofil kompatibel med moderne arkitektonisk design?<\/b><\/p>\n<p>Ja, 6063 aluminiumsprofiler underst\u00f8tter slanke, minimale designs og kan pulverlakeres i forskellige farver, s\u00e5 de passer til moderne arkitektoniske stilarter.<br \/>\n<\/p><br \/>\n<br \/>\n<p><b>8. Hvor l\u00e6nge holder pulverlakerede vindues- og d\u00f8rprofiler i aluminium?<\/b><\/p>\n<p>Pulverlakerede aluminiumsprofiler er langtidsholdbare, kan modst\u00e5 barske vejrforhold og bevare deres finish i mange \u00e5r med minimal vedligeholdelse.<br \/>\n<\/p><br \/>\n<br \/>\n<p><b>9. Er 6063 aluminiumsprofiler milj\u00f8venlige?<\/b><\/p>\n<p>Ja, de er fuldt genanvendelige, RoHS-kompatible og bidrager til b\u00e6redygtig byggepraksis.<br \/>\n<\/p><br \/>\n<br \/>\n<p><b>10. Hvad g\u00f8r aluminiumsprofiler nemme at installere i vindues- og d\u00f8rsystemer?<\/b><\/p>\n<p>Aluminiumprofilernes h\u00f8je m\u00e5ln\u00f8jagtighed og lette v\u00e6gt g\u00f8r dem nemme at transportere, h\u00e5ndtere og installere effektivt p\u00e5 stedet.<br \/>\n<\/p><br \/><\/p>","protected":false},"featured_media":6509,"template":"","categories":[61],"class_list":["post-6510","product","type-product","status-publish","has-post-thumbnail","hentry","category-powder-coating-aluminum-profile"],"meta_box":{"hilight_text_group":{"product_hilight_text":"<li>Made of 6063 aluminum alloy with high strength and excellent corrosion resistance<\/li>\r\r\n<li>Designed for powder coating with uniform surface and strong adhesion<\/li>\r\r\n<li>Ideal for various high-end window and door systems with stable structure<\/li>\r\r\n<li>Custom mold design available to meet diverse project requirements<\/li>\r\r\n<li>High-precision extrusion process ensures accurate dimensions and easy installation<\/li>\r\r\n<li>Eco-friendly material compliant with RoHS, suitable for international markets<\/li>","product_chanpin_blog":"<ul>\r\r\n<li><a href=\"https:\/\/sinoextrud.com\/t-slot-v-slot-differences\/\" target=\"_blank\">t slot vs v slot<\/a><\/li>\r\r\n<li><a href=\"https:\/\/sinoextrud.com\/what-is-4040-aluminium-extrud\/\" target=\"_blank\">4040 aluminium extrusion<\/a><\/li>\r\r\n<li><a href=\"https:\/\/sinoextrud.com\/what-is-4040-aluminium-extrud\/\" target=\"_blank\">aluminum extrusions for industrial racks<\/a><\/li>\r\r\n<li><a href=\"https:\/\/sinoextrud.com\/powder-coating-aluminium-process\/\" target=\"_blank\">powder coating aluminium<\/a><\/li>\r\r\n<li><a href=\"https:\/\/sinoextrud.com\/what-is-an-aluminium-strip-ceiling\/\" target=\"_blank\">aluminium strip ceiling<\/a><\/li>\r\r\n<li><a href=\"https:\/\/sinoextrud.com\/what-is-a-heat-sink\/\" target=\"_blank\">what is a heat sink<\/a><\/li>\r\r\n<\/ul>","product_chanpin_chanpin":"<li><a href=\"https:\/\/sinoextrud.com\/product\/powder-coated-extrusions-aluminum-corrosion-resistant-for-10-years-in-door\/\" target=\"_blank\">Powder Coated Extrusions Aluminum Corrosion Resistant For 10 Years In Door<\/a><\/li>\r\n<li><a href=\"https:\/\/sinoextrud.com\/product\/powder-coating-surface-aluminum-profile\/\" target=\"_blank\">Powder Coating Surface Aluminum Profile<\/a><\/li>\r\n<li><a href=\"https:\/\/sinoextrud.com\/product\/customized-powder-coated-tube-decorative-anodized-aluminum-louver-fence-panel-for-modern-garden\/\" target=\"_blank\">Customized Powder Coated Tube Decorative Anodized Aluminum Louver Fence Panel For Modern Garden<\/a><\/li>\r\n<li><a href=\"https:\/\/sinoextrud.com\/product\/aluminium-6063\/\" target=\"_blank\">Aluminium 6063<\/a><\/li>\r\n<li><a href=\"https:\/\/sinoextrud.com\/product\/extrusion-aluminum-profile-for-powder-coating-window-and-door-alloy-6063\/\" target=\"_blank\">Extrusion Aluminum Profile For Powder Coating Window and Door Alloy 6063<\/a><\/li>\r\n<li><a href=\"https:\/\/sinoextrud.com\/product\/electrophoretic-grain-square-tube-rosewood\/\" target=\"_blank\">Electrophoretic Grain Square Tube Rosewood<\/a><\/li>\r\n<li><a href=\"https:\/\/sinoextrud.com\/product\/electrophoresis-surface-aluminum-profiles\/\" target=\"_blank\">Electrophoresis Surface Aluminum Profiles<\/a><\/li>\r\n<li><a href=\"https:\/\/sinoextrud.com\/product\/golden-electrophoresis-aluminum-profile\/\" target=\"_blank\">Golden Electrophoresis Aluminum Profile<\/a><\/li>\r\n<li><a href=\"https:\/\/sinoextrud.com\/product\/aluminum-profile-with-pvdf-coating\/\" target=\"_blank\">Aluminum Profile With PVDF Coating<\/a><\/li>\r\n<li><a href=\"https:\/\/sinoextrud.com\/product\/glazing-channels-extrusions\/\" target=\"_blank\">Glazing Channels Extrusions<\/a><\/li>\r\n<li><a href=\"https:\/\/sinoextrud.com\/product\/aluminum-triangle-tube-profile\/\" target=\"_blank\">Aluminum Triangle Tube Profile<\/a><\/li>"},"feature_list":[]},"_links":{"self":[{"href":"https:\/\/sinoextrud.com\/da\/wp-json\/wp\/v2\/product\/6510","targetHints":{"allow":["GET"]}}],"collection":[{"href":"https:\/\/sinoextrud.com\/da\/wp-json\/wp\/v2\/product"}],"about":[{"href":"https:\/\/sinoextrud.com\/da\/wp-json\/wp\/v2\/types\/product"}],"wp:featuredmedia":[{"embeddable":true,"href":"https:\/\/sinoextrud.com\/da\/wp-json\/wp\/v2\/media\/6509"}],"wp:attachment":[{"href":"https:\/\/sinoextrud.com\/da\/wp-json\/wp\/v2\/media?parent=6510"}],"wp:term":[{"taxonomy":"category","embeddable":true,"href":"https:\/\/sinoextrud.com\/da\/wp-json\/wp\/v2\/categories?post=6510"}],"curies":[{"name":"wp","href":"https:\/\/api.w.org\/{rel}","templated":true}]}}