{"id":6503,"date":"2025-05-29T03:48:35","date_gmt":"2025-05-29T03:48:35","guid":{"rendered":"https:\/\/sinoextrud.com\/product\/customized-powder-coated-tube-decorative-anodized-aluminum-louver-fence-panel-for-modern-garden\/"},"modified":"2025-06-24T06:11:02","modified_gmt":"2025-06-24T06:11:02","slug":"tilpasset-pulverlakeret-ror-dekorativt-anodiseret-aluminium-louver-hegn-panel-til-moderne-have","status":"publish","type":"product","link":"https:\/\/sinoextrud.com\/da\/product\/customized-powder-coated-tube-decorative-anodized-aluminum-louver-fence-panel-for-modern-garden\/","title":{"rendered":"Tilpasset pulverlakeret r\u00f8r dekorativt anodiseret aluminiumshegnpanel til moderne have"},"content":{"rendered":"<h2>Detaljer om produkter<\/h2>\n<table class=\"custom-table\">\n<tr>\n<td class=\"label\">Vare:<\/td>\n<td>Tilpasset pulverlakeret r\u00f8r dekorativt anodiseret aluminiumshegnpanel til moderne have<\/td>\n<\/tr>\n<tr>\n<td class=\"label\">Temperament:<\/td>\n<td>T3-T8<\/td>\n<\/tr>\n<tr>\n<td class=\"label\">Form:<\/td>\n<td>Firkantet, rund, oval eller tilpasset<\/td>\n<\/tr>\n<tr>\n<td class=\"label\">Tolerance:<\/td>\n<td>\u00b10,5%<\/td>\n<\/tr>\n<tr>\n<td class=\"label\">Funktion:<\/td>\n<td>Vandt\u00e6t<\/td>\n<\/tr>\n<tr>\n<td class=\"label\">Leveringstid:<\/td>\n<td>25-30 dage<\/td>\n<\/tr>\n<tr>\n<td class=\"label\">Betalingsperiode:<\/td>\n<td>T \/ T (30% depositum), L \/ C<\/td>\n<\/tr>\n<tr>\n<td class=\"label\">Havn:<\/td>\n<td>Guangzhou, Shenzhen<\/td>\n<\/tr>\n<tr>\n<td class=\"label\">Type:<\/td>\n<td>Hegnspaneler af massivt aluminium<\/td>\n<\/tr>\n<tr>\n<td class=\"label\">Karakter:<\/td>\n<td>6000 serie 6063<\/td>\n<\/tr>\n<tr>\n<td class=\"label\">Oprindelsessted:<\/td>\n<td>Foshan, Guangdong<\/td>\n<\/tr>\n<tr>\n<td class=\"label\">Legering eller ej:<\/td>\n<td>Er legering<\/td>\n<\/tr>\n<tr>\n<td class=\"label\">Brand:<\/td>\n<td> Sinoextrud<\/td>\n<\/tr>\n<tr>\n<td class=\"label\">Overfladebehandling:<\/td>\n<td>pulverlakering, elektroforese, tr\u00e6korn, anodiseret, b\u00f8rstet, polering<\/td>\n<\/tr>\n<tr>\n<td class=\"label\">MOQ:<\/td>\n<td>200 kg<\/td>\n<\/tr>\n<tr>\n<td class=\"label\">Behandling af service:<\/td>\n<td>CNC-bearbejdning<\/td>\n<\/tr>\n<tr>\n<td class=\"label\">L\u00e6ngde::<\/td>\n<td>1-9m eller tilpasset<\/td>\n<\/tr>\n<tr>\n<td class=\"label\">Anvendelse:<\/td>\n<td>Havehegn, motorvejshegn, sportshegn, landbrugshegn<\/td>\n<\/tr>\n<\/table>\n<h2>Vores produktionsbase<\/h2>\n<h3>Panorama over fabrikken<\/h3>\n<p><img decoding=\"async\" src=\"\/wp-content\/uploads\/factory-01.webp\"\/><\/p>\n<h3>V\u00e6rksted til fremstilling af aluminiumst\u00e6nger<\/h3>\n<p><img decoding=\"async\" src=\"\/wp-content\/uploads\/factory-02.webp\"\/><\/p>\n<\/p>\n<p><img decoding=\"async\" src=\"\/wp-content\/uploads\/factory-03.webp\"\/><\/p>\n<h3>Lager til opbevaring af skimmelsvampe<\/h3>\n<p><img decoding=\"async\" src=\"\/wp-content\/uploads\/factory-04.webp\"\/><\/p>\n<h3>43 ekstruderingslinjer for aluminium (500-5500 ton)<\/h3>\n<p><img decoding=\"async\" src=\"\/wp-content\/uploads\/factory-05.webp\"\/><\/p>\n<p><img decoding=\"async\" src=\"\/wp-content\/uploads\/factory-06.webp\"\/><\/p>\n<p><img decoding=\"async\" src=\"\/wp-content\/uploads\/factory-07.webp\"\/><\/p>\n<h3>V\u00e6rksted for pulverlakering<\/h3>\n<p><img decoding=\"async\" src=\"\/wp-content\/uploads\/factory-09.webp\"\/><\/p>\n<h3>Anodiseringsv\u00e6rksted<\/h3>\n<p><img decoding=\"async\" src=\"\/wp-content\/uploads\/factory-10.webp\"\/><\/p>\n<h3>Workshop om dyb behandling<\/h3>\n<p><img decoding=\"async\" src=\"\/wp-content\/uploads\/factory-11.webp\"\/><\/p>\n<h3>V\u00e6rksted for CNC-pr\u00e6cisionsbearbejdning<\/h3>\n<p><img decoding=\"async\" src=\"\/wp-content\/uploads\/factory-11.5.webp\"\/><\/p>\n<h3>F\u00e6rdigvare- og eksportlager<\/h3>\n<p><img decoding=\"async\" src=\"\/wp-content\/uploads\/factory-12.webp\"\/><\/p>\n<p><img decoding=\"async\" src=\"\/wp-content\/uploads\/factory-13.webp\"\/><\/p>\n<p><img decoding=\"async\" src=\"\/wp-content\/uploads\/factory-14.webp\"\/><\/p>\n<h2>OFTE STILLEDE SP\u00d8RGSM\u00c5L<\/h2>\n<p><b>1. hvad er et tilpasset pulverlakeret r\u00f8r dekorativt anodiseret aluminium louver hegn panel?<\/b><\/p>\n<p>Det er et specialdesignet hegnspanel i aluminium med pulverlakerede r\u00f8r og anodiserede lameller, der giver holdbarhed og \u00e6stetisk appel til moderne havehegn.\n<\/p>\n<p><\/p>\n<p><b>2. Hvad er de vigtigste fordele ved pulverlakerede og anodiserede aluminiumshegnpaneler?<\/b><\/p>\n<p>De giver fremragende korrosionsbestandighed, UV-beskyttelse, ridsefasthed og et slankt, moderne udseende, der er ideelt til udend\u00f8rs milj\u00f8er.\n<\/p>\n<p><\/p>\n<p><b>3. hvorfor v\u00e6lge tilpassede pulverlakerede r\u00f8r og anodiserede aluminiumslameller til havehegn?<\/b><\/p>\n<p>Tilpasning giver mulighed for pr\u00e6cis dimensionering, farvetilpasning og designfleksibilitet, hvilket sikrer, at hegnspanelet passer til enhver moderne havestil.\n<\/p>\n<p><\/p>\n<p><b>4. Hvordan forbedrer pulverlakering hegnspaneler af aluminiumslameller?<\/b><\/p>\n<p>Pulverlakering giver en h\u00e5rd, ensartet finish, der beskytter mod vejrlig, falmning og fysiske skader, hvilket forl\u00e6nger hegnspanelets levetid.\n<\/p>\n<p><\/p>\n<p><b>5. Hvilke fordele giver anodisering af aluminiumslameller?<\/b><\/p>\n<p>Anodisering skaber et h\u00e5rdt, korrosionsbestandigt oxidlag, der forbedrer holdbarheden, farvefastholdelsen og ridsefastheden, s\u00e5 de holder l\u00e6nge udend\u00f8rs.\n<\/p>\n<p><\/p>\n<p><b>6. Er disse dekorative hegnspaneler af aluminium egnet til udend\u00f8rs brug?<\/b><\/p>\n<p>Ja, kombinationen af pulverlakering og anodisering g\u00f8r dem meget modstandsdygtige over for fugt, UV-str\u00e5ler og milj\u00f8forurening, hvilket er ideelt til haver.\n<\/p>\n<p><\/p>\n<p><b>7. Kan hegnspanelerne tilpasses til specifikke havedesigns?<\/b><\/p>\n<p>Ja, paneler kan skr\u00e6ddersys i dimensioner, farve, lamelvinkel og r\u00f8rtykkelse for at opfylde unikke designpr\u00e6ferencer og funktionelle behov.\n<\/p>\n<p><\/p>\n<p><b>8. Hvordan underst\u00f8tter skr\u00e6ddersyede, pulverlakerede, anodiserede aluminiumspaneler b\u00e6redygtig landskabspleje?<\/b><\/p>\n<p>Aluminium er 100% genanvendeligt, og pulverlakering og anodisering er milj\u00f8venlige efterbehandlingsprocesser, der minimerer milj\u00f8p\u00e5virkningen og samtidig sikrer holdbarheden.\n<\/p>\n<p><\/p>","protected":false},"featured_media":6502,"template":"","categories":[61],"class_list":["post-6503","product","type-product","status-publish","has-post-thumbnail","hentry","category-powder-coating-aluminum-profile"],"meta_box":{"hilight_text_group":{"product_hilight_text":"<li>Custom powder-coated tubes offer enhanced corrosion resistance and vibrant colors<\/li>\r\r\n<li>Decorative anodized aluminum provides durable, scratch-resistant finish<\/li>\r\r\n<li>Modern louver design ensures privacy while allowing airflow<\/li>\r\r\n<li>Lightweight and strong, ideal for contemporary garden fencing solutions<\/li>\r\r\n<li>Supports tailored sizes and bulk orders with reliable manufacturing<\/li>","product_chanpin_blog":"<ul>\r\r\n<li><a href=\"https:\/\/sinoextrud.com\/t-slot-v-slot-differences\/\" target=\"_blank\">t slot vs v slot<\/a><\/li>\r\r\n<li><a href=\"https:\/\/sinoextrud.com\/what-is-4040-aluminium-extrud\/\" target=\"_blank\">4040 aluminium extrusion<\/a><\/li>\r\r\n<li><a href=\"https:\/\/sinoextrud.com\/what-is-4040-aluminium-extrud\/\" target=\"_blank\">aluminum extrusions for industrial racks<\/a><\/li>\r\r\n<li><a href=\"https:\/\/sinoextrud.com\/powder-coating-aluminium-process\/\" target=\"_blank\">powder coating aluminium<\/a><\/li>\r\r\n<li><a href=\"https:\/\/sinoextrud.com\/what-is-an-aluminium-strip-ceiling\/\" target=\"_blank\">aluminium strip ceiling<\/a><\/li>\r\r\n<li><a href=\"https:\/\/sinoextrud.com\/what-is-a-heat-sink\/\" target=\"_blank\">what is a heat sink<\/a><\/li>\r\r\n<\/ul>","product_chanpin_chanpin":"<li><a href=\"https:\/\/sinoextrud.com\/product\/powder-coated-aluminium-extrusion\/\" target=\"_blank\">Powder Coated Aluminium Extrusion<\/a><\/li>\r\n<li><a href=\"https:\/\/sinoextrud.com\/product\/aluminium-extrusion-profile-with-pvdf-coating\/\" target=\"_blank\">Aluminium Extrusion Profile With PVDF Coating<\/a><\/li>\r\n<li><a href=\"https:\/\/sinoextrud.com\/product\/powder-coated-extrusions-aluminum-corrosion-resistant-for-10-years-in-door\/\" target=\"_blank\">Powder Coated Extrusions Aluminum Corrosion Resistant For 10 Years In Door<\/a><\/li>\r\n<li><a href=\"https:\/\/sinoextrud.com\/product\/powder-coating-surface-aluminum-profile\/\" target=\"_blank\">Powder Coating Surface Aluminum Profile<\/a><\/li>\r\n<li><a href=\"https:\/\/sinoextrud.com\/product\/customized-powder-coated-tube-decorative-anodized-aluminum-louver-fence-panel-for-modern-garden\/\" target=\"_blank\">Customized Powder Coated Tube Decorative Anodized Aluminum Louver Fence Panel For Modern Garden<\/a><\/li>\r\n<li><a href=\"https:\/\/sinoextrud.com\/product\/aluminium-6063\/\" target=\"_blank\">Aluminium 6063<\/a><\/li>\r\n<li><a href=\"https:\/\/sinoextrud.com\/product\/extrusion-aluminum-profile-for-powder-coating-window-and-door-alloy-6063\/\" target=\"_blank\">Extrusion Aluminum Profile For Powder Coating Window and Door Alloy 6063<\/a><\/li>\r\n<li><a href=\"https:\/\/sinoextrud.com\/product\/electrophoretic-grain-square-tube-rosewood\/\" target=\"_blank\">Electrophoretic Grain Square Tube Rosewood<\/a><\/li>\r\n<li><a href=\"https:\/\/sinoextrud.com\/product\/electrophoresis-surface-aluminum-profiles\/\" target=\"_blank\">Electrophoresis Surface Aluminum Profiles<\/a><\/li>\r\n<li><a href=\"https:\/\/sinoextrud.com\/product\/aluminum-extruded-profile-f-channel\/\" target=\"_blank\">Aluminum Extruded Profile F Channel<\/a><\/li>\r\n<li><a href=\"https:\/\/sinoextrud.com\/product\/aluminum-u-shape-channel-profile\/\" target=\"_blank\">Aluminum U Shape Channel Profile<\/a><\/li>"},"feature_list":[]},"_links":{"self":[{"href":"https:\/\/sinoextrud.com\/da\/wp-json\/wp\/v2\/product\/6503","targetHints":{"allow":["GET"]}}],"collection":[{"href":"https:\/\/sinoextrud.com\/da\/wp-json\/wp\/v2\/product"}],"about":[{"href":"https:\/\/sinoextrud.com\/da\/wp-json\/wp\/v2\/types\/product"}],"wp:featuredmedia":[{"embeddable":true,"href":"https:\/\/sinoextrud.com\/da\/wp-json\/wp\/v2\/media\/6502"}],"wp:attachment":[{"href":"https:\/\/sinoextrud.com\/da\/wp-json\/wp\/v2\/media?parent=6503"}],"wp:term":[{"taxonomy":"category","embeddable":true,"href":"https:\/\/sinoextrud.com\/da\/wp-json\/wp\/v2\/categories?post=6503"}],"curies":[{"name":"wp","href":"https:\/\/api.w.org\/{rel}","templated":true}]}}