{"id":6501,"date":"2025-05-29T03:46:16","date_gmt":"2025-05-29T03:46:16","guid":{"rendered":"https:\/\/sinoextrud.com\/product\/powder-coating-surface-aluminum-profile\/"},"modified":"2025-06-24T06:11:01","modified_gmt":"2025-06-24T06:11:01","slug":"pulverlakering-af-overflade-aluminiumsprofil","status":"publish","type":"product","link":"https:\/\/sinoextrud.com\/da\/product\/powder-coating-surface-aluminum-profile\/","title":{"rendered":"Pulverlakering af overflade p\u00e5 aluminiumsprofil"},"content":{"rendered":"<h2>Detaljer om produkter<\/h2>\n<table class=\"custom-table\">\n<tr>\n<td class=\"label\">Vare<\/td>\n<td>Pulverlakeret overflade af aluminiumsprofil<\/td>\n<\/tr>\n<tr>\n<td class=\"label\">Form<\/td>\n<td>firkantet, rund, tilpasset<\/td>\n<\/tr>\n<tr>\n<td class=\"label\">Anvendelse<\/td>\n<td>dekorationer, industri, byggeri og s\u00e5 videre<\/td>\n<\/tr>\n<tr>\n<td class=\"label\">Farver<\/td>\n<td>Tr\u00e6korn<\/td>\n<\/tr>\n<tr>\n<td class=\"label\">Dyb proces<\/td>\n<td>CNC, boring, fr\u00e6sning, sk\u00e6ring, svejsning, bukning, samling<\/td>\n<\/tr>\n<tr>\n<td class=\"label\">MOQ<\/td>\n<td>200 kg for hvert emne<\/td>\n<\/tr>\n<tr>\n<td class=\"label\">Detaljer om emballage<\/td>\n<td>(1) Indvendigt: pakket med beskyttende plastfilm for at beskytte hvert stykke<\/td>\n<\/tr>\n<tr>\n<td class=\"label\">OEM<\/td>\n<td>Ja<\/td>\n<\/tr>\n<tr>\n<td class=\"label\">Katalog<\/td>\n<td>tilg\u00e6ngelig<\/td>\n<\/tr>\n<tr>\n<td class=\"label\">Garanti<\/td>\n<td>Overfladefarven kan v\u00e6re stabil i 10~20 \u00e5r ved indend\u00f8rs brug.<\/td>\n<\/tr>\n<\/table>\n<h2>Vores produktionsbase<\/h2>\n<h3>Panorama over fabrikken<\/h3>\n<p><img decoding=\"async\" src=\"\/wp-content\/uploads\/factory-01.webp\"\/><\/p>\n<h3>V\u00e6rksted til fremstilling af aluminiumst\u00e6nger<\/h3>\n<p><img decoding=\"async\" src=\"\/wp-content\/uploads\/factory-02.webp\"\/><\/p>\n<p><img decoding=\"async\" src=\"\/wp-content\/uploads\/factory-03.webp\"\/><\/p>\n<h3>Lager til opbevaring af skimmelsvampe<\/h3>\n<p><img decoding=\"async\" src=\"\/wp-content\/uploads\/factory-04.webp\"\/><\/p>\n<h3>43 ekstruderingslinjer for aluminium (500-5500 ton)<\/h3>\n<p><img decoding=\"async\" src=\"\/wp-content\/uploads\/factory-05.webp\"\/><\/p>\n<p><img decoding=\"async\" src=\"\/wp-content\/uploads\/factory-06.webp\"\/><\/p>\n<p><img decoding=\"async\" src=\"\/wp-content\/uploads\/factory-07.webp\"\/><\/p>\n<h3>V\u00e6rksted for pulverlakering<\/h3>\n<p><img decoding=\"async\" src=\"\/wp-content\/uploads\/factory-09.webp\"\/><\/p>\n<h3>Anodiseringsv\u00e6rksted<\/h3>\n<p><img decoding=\"async\" src=\"\/wp-content\/uploads\/factory-10.webp\"\/><\/p>\n<h3>Workshop om dyb behandling<\/h3>\n<p><img decoding=\"async\" src=\"\/wp-content\/uploads\/factory-11.webp\"\/><\/p>\n<h3>V\u00e6rksted for CNC-pr\u00e6cisionsbearbejdning<\/h3>\n<p><img decoding=\"async\" src=\"\/wp-content\/uploads\/factory-11.5.webp\"\/><\/p>\n<h3>F\u00e6rdigvare- og eksportlager<\/h3>\n<p><img decoding=\"async\" src=\"\/wp-content\/uploads\/factory-12.webp\"\/><\/p>\n<p><img decoding=\"async\" src=\"\/wp-content\/uploads\/factory-13.webp\"\/><\/p>\n<p><img decoding=\"async\" src=\"\/wp-content\/uploads\/factory-14.webp\"\/><\/p>\n<h2>OFTE STILLEDE SP\u00d8RGSM\u00c5L<\/h2>\n<p><p><b>1. Hvad er en aluminiumsprofil med pulverlakering?<\/b><\/p>\n<p>En aluminiumsprofil med pulverlakering er en aluminiumsprofil, der er behandlet med en holdbar pulverlakering, som forbedrer korrosionsbestandigheden og det \u00e6stetiske udtryk.<br \/>\n<\/p><br \/>\n<br \/>\n<p><b>2. Hvad er de vigtigste fordele ved pulverlakering af aluminiumsprofiler?<\/b><\/p>\n<p>Pulverlakering giver overlegen korrosionsbestandighed, ridsefasthed, UV-beskyttelse og en ensartet, langtidsholdbar finish, der bevarer sin farve og struktur.<br \/>\n<\/p><br \/>\n<br \/>\n<p><b>3. Hvorfor v\u00e6lge pulverlakering frem for andre efterbehandlingsmetoder til aluminiumsprofiler?<\/b><\/p>\n<p>Pulverlakering er milj\u00f8venlig, producerer mindre affald, giver en tykkere og mere j\u00e6vn bel\u00e6gning og giver forbedret holdbarhed sammenlignet med traditionelle flydende malinger.<br \/>\n<\/p><br \/>\n<br \/>\n<p><b>4. Kan pulverlakerede aluminiumsprofiler tilpasses?<\/b><\/p>\n<p>Ja, pulverlakerede aluminiumsprofiler kan tilpasses i farve, tekstur, glansniveau og tykkelse for at opfylde specifikke design- og funktionskrav.<br \/>\n<\/p><br \/>\n<br \/>\n<p><b>5. Hvilke overfladebehandlinger kan man f\u00e5 med pulverlakering af aluminiumsprofiler?<\/b><\/p>\n<p>Pulverlakering tilbyder en bred vifte af farver og overflader, f.eks. matte, blanke og strukturerede overflader, der forbedrer beskyttelsen og det visuelle indtryk.<br \/>\n<\/p><br \/>\n<br \/>\n<p><b>6. Er pulverlakerede aluminiumsprofiler egnede til udend\u00f8rs brug?<\/b><\/p>\n<p>Ja, pulverlakerede aluminiumsprofiler giver fremragende vejrbestandighed og beskytter mod UV-str\u00e5ler, fugt og korrosion i udend\u00f8rs milj\u00f8er.<br \/>\n<\/p><br \/>\n<br \/>\n<p><b>7. Hvordan bidrager pulverlakering til b\u00e6redygtig fremstilling af aluminiumsprofiler?<\/b><\/p>\n<p>Pulverlakering er en energieffektiv proces med lav VOC, og aluminium er 100% genanvendeligt, hvilket g\u00f8r pulverlakerede profiler til et milj\u00f8venligt byggemateriale.<br \/>\n<\/p><br \/>\n<br \/>\n<p><b>8. Hvilke industrier bruger ofte pulverlakerede aluminiumsprofiler?<\/b><\/p>\n<p>Industrier som byggeri, bilindustri, m\u00f8bler, elektronik og skiltning bruger pulverlakerede aluminiumsprofiler p\u00e5 grund af deres holdbarhed, \u00e6stetik og korrosionsbestandighed.<br \/>\n<\/p><br \/><\/p>","protected":false},"featured_media":6500,"template":"","categories":[61],"class_list":["post-6501","product","type-product","status-publish","has-post-thumbnail","hentry","category-powder-coating-aluminum-profile"],"meta_box":{"hilight_text_group":{"product_hilight_text":"<li>Powder coating provides a durable, corrosion-resistant surface finish<\/li>\r\r\n<li>Available in a wide range of colors for aesthetic customization<\/li>\r\r\n<li>Enhances aluminum profile\u00e2\u20ac\u2122s resistance to wear and UV damage<\/li>\r\r\n<li>Lightweight and strong, suitable for architectural and industrial uses<\/li>\r\r\n<li>Supports custom sizes and bulk orders with consistent quality<\/li>","product_chanpin_blog":"<ul>\r\r\n<li><a href=\"https:\/\/sinoextrud.com\/t-slot-v-slot-differences\/\" target=\"_blank\">t slot vs v slot<\/a><\/li>\r\r\n<li><a href=\"https:\/\/sinoextrud.com\/what-is-4040-aluminium-extrud\/\" target=\"_blank\">4040 aluminium extrusion<\/a><\/li>\r\r\n<li><a href=\"https:\/\/sinoextrud.com\/what-is-4040-aluminium-extrud\/\" target=\"_blank\">aluminum extrusions for industrial racks<\/a><\/li>\r\r\n<li><a href=\"https:\/\/sinoextrud.com\/powder-coating-aluminium-process\/\" target=\"_blank\">powder coating aluminium<\/a><\/li>\r\r\n<li><a href=\"https:\/\/sinoextrud.com\/what-is-an-aluminium-strip-ceiling\/\" target=\"_blank\">aluminium strip ceiling<\/a><\/li>\r\r\n<li><a href=\"https:\/\/sinoextrud.com\/what-is-a-heat-sink\/\" target=\"_blank\">what is a heat sink<\/a><\/li>\r\r\n<\/ul>","product_chanpin_chanpin":"<li><a href=\"https:\/\/sinoextrud.com\/product\/aluminum-tube-coated-powder-price-per-kg-for-lowes-aluminum-pipe-fence-china\/\" target=\"_blank\">aluminum tube coated powder price per kg for lowes aluminum pipe fence china<\/a><\/li>\r\n<li><a href=\"https:\/\/sinoextrud.com\/product\/powder-coated-aluminium-extrusion\/\" target=\"_blank\">Powder Coated Aluminium Extrusion<\/a><\/li>\r\n<li><a href=\"https:\/\/sinoextrud.com\/product\/aluminium-extrusion-profile-with-pvdf-coating\/\" target=\"_blank\">Aluminium Extrusion Profile With PVDF Coating<\/a><\/li>\r\n<li><a href=\"https:\/\/sinoextrud.com\/product\/powder-coated-extrusions-aluminum-corrosion-resistant-for-10-years-in-door\/\" target=\"_blank\">Powder Coated Extrusions Aluminum Corrosion Resistant For 10 Years In Door<\/a><\/li>\r\n<li><a href=\"https:\/\/sinoextrud.com\/product\/powder-coating-surface-aluminum-profile\/\" target=\"_blank\">Powder Coating Surface Aluminum Profile<\/a><\/li>\r\n<li><a href=\"https:\/\/sinoextrud.com\/product\/customized-powder-coated-tube-decorative-anodized-aluminum-louver-fence-panel-for-modern-garden\/\" target=\"_blank\">Customized Powder Coated Tube Decorative Anodized Aluminum Louver Fence Panel For Modern Garden<\/a><\/li>\r\n<li><a href=\"https:\/\/sinoextrud.com\/product\/aluminium-6063\/\" target=\"_blank\">Aluminium 6063<\/a><\/li>\r\n<li><a href=\"https:\/\/sinoextrud.com\/product\/extrusion-aluminum-profile-for-powder-coating-window-and-door-alloy-6063\/\" target=\"_blank\">Extrusion Aluminum Profile For Powder Coating Window and Door Alloy 6063<\/a><\/li>\r\n<li><a href=\"https:\/\/sinoextrud.com\/product\/electrophoretic-grain-square-tube-rosewood\/\" target=\"_blank\">Electrophoretic Grain Square Tube Rosewood<\/a><\/li>\r\n<li><a href=\"https:\/\/sinoextrud.com\/product\/v-slot-aluminum-profile-factory-bulk-business\/\" target=\"_blank\">v-slot aluminum profile Factory bulk business<\/a><\/li>\r\n<li><a href=\"https:\/\/sinoextrud.com\/product\/6000-series-alloy-extruded-aluminium-profile-for-industrial-solar-panel-frame-structure\/\" target=\"_blank\">6000 Series Alloy Extruded Aluminium Profile For Industrial Solar Panel Frame Structure<\/a><\/li>"},"feature_list":[]},"_links":{"self":[{"href":"https:\/\/sinoextrud.com\/da\/wp-json\/wp\/v2\/product\/6501","targetHints":{"allow":["GET"]}}],"collection":[{"href":"https:\/\/sinoextrud.com\/da\/wp-json\/wp\/v2\/product"}],"about":[{"href":"https:\/\/sinoextrud.com\/da\/wp-json\/wp\/v2\/types\/product"}],"wp:featuredmedia":[{"embeddable":true,"href":"https:\/\/sinoextrud.com\/da\/wp-json\/wp\/v2\/media\/6500"}],"wp:attachment":[{"href":"https:\/\/sinoextrud.com\/da\/wp-json\/wp\/v2\/media?parent=6501"}],"wp:term":[{"taxonomy":"category","embeddable":true,"href":"https:\/\/sinoextrud.com\/da\/wp-json\/wp\/v2\/categories?post=6501"}],"curies":[{"name":"wp","href":"https:\/\/api.w.org\/{rel}","templated":true}]}}