{"id":6493,"date":"2025-05-29T03:36:00","date_gmt":"2025-05-29T03:36:00","guid":{"rendered":"https:\/\/sinoextrud.com\/product\/aluminum-tube-coated-powder-price-per-kg-for-lowes-aluminum-pipe-fence-china\/"},"modified":"2025-06-24T06:11:00","modified_gmt":"2025-06-24T06:11:00","slug":"aluminiumsror-belagt-pulver-pris-pr-kg-for-lowes-aluminiumsror-hegn-kina","status":"publish","type":"product","link":"https:\/\/sinoextrud.com\/da\/product\/aluminum-tube-coated-powder-price-per-kg-for-lowes-aluminum-pipe-fence-china\/","title":{"rendered":"aluminiumsr\u00f8r belagt pulver pris pr. kg for lowes aluminiumsr\u00f8r hegn Kina"},"content":{"rendered":"<h2>Detaljer om produkter<\/h2>\n<table class=\"custom-table\">\n<tr>\n<td class=\"label\">Vare<\/td>\n<td>aluminiumsr\u00f8r belagt pulver pris pr. kg for lowes aluminiumsr\u00f8r hegn Kina<\/td>\n<\/tr>\n<tr>\n<td class=\"label\">Anvendelse:<\/td>\n<td>Aluminiumshegn Kina<\/td>\n<\/tr>\n<tr>\n<td class=\"label\">Karakter:<\/td>\n<td>6000-serien<\/td>\n<\/tr>\n<tr>\n<td class=\"label\">Overflade:<\/td>\n<td>Fr\u00e6set finish, anodiseret, pulverlakeret<\/td>\n<\/tr>\n<tr>\n<td class=\"label\">Model nr:<\/td>\n<td>6061 6063 6082 6463<\/td>\n<\/tr>\n<tr>\n<td class=\"label\">Type:<\/td>\n<td>Aluminiumsprofiler<\/td>\n<\/tr>\n<tr>\n<td class=\"label\">Er legeret:<\/td>\n<td>Legering<\/td>\n<\/tr>\n<tr>\n<td class=\"label\">Proces:<\/td>\n<td>Ekstrudering<\/td>\n<\/tr>\n<tr>\n<td class=\"label\">HS-kode:<\/td>\n<td>7604299000<\/td>\n<\/tr>\n<tr>\n<td class=\"label\">Anvendelse:<\/td>\n<td>profiler af aluminiumsr\u00f8r<\/td>\n<\/tr>\n<tr>\n<td class=\"label\">Teknik:<\/td>\n<td>Ekstruderet<\/td>\n<\/tr>\n<tr>\n<td class=\"label\">Temperament:<\/td>\n<td>T3 - T8<\/td>\n<\/tr>\n<tr>\n<td class=\"label\">Varem\u00e6rke:<\/td>\n<td>Sinoextrud<\/td>\n<\/tr>\n<tr>\n<td class=\"label\">Oprindelse:<\/td>\n<td>Guangdong, Kina<\/td>\n<\/tr>\n<tr>\n<td class=\"label\">Form:<\/td>\n<td>Firkantet<\/td>\n<\/tr>\n<tr>\n<td class=\"label\">Certificering:<\/td>\n<td>ASTM, GB\/T, EN<\/td>\n<\/tr>\n<tr>\n<td class=\"label\">Specifikation:<\/td>\n<td>30*20mm<\/td>\n<\/tr>\n<tr>\n<td class=\"label\">MOQ:<\/td>\n<td>200 kg for hver profil<\/td>\n<\/tr>\n<\/table>\n<h2>Vores produktionsbase<\/h2>\n<h3>Panorama over fabrikken<\/h3>\n<p><img decoding=\"async\" src=\"\/wp-content\/uploads\/factory-01.webp\"\/><\/p>\n<h3>V\u00e6rksted til fremstilling af aluminiumst\u00e6nger<\/h3>\n<p><img decoding=\"async\" src=\"\/wp-content\/uploads\/factory-02.webp\"\/><\/p>\n<p><img decoding=\"async\" src=\"\/wp-content\/uploads\/factory-03.webp\"\/><\/p>\n<h3>Lager til opbevaring af skimmelsvampe<\/h3>\n<p><img decoding=\"async\" src=\"\/wp-content\/uploads\/factory-04.webp\"\/><\/p>\n<h3>43 ekstruderingslinjer for aluminium (500-5500 ton)<\/h3>\n<p><img decoding=\"async\" src=\"\/wp-content\/uploads\/factory-05.webp\"\/><\/p>\n<p><img decoding=\"async\" src=\"\/wp-content\/uploads\/factory-06.webp\"\/><\/p>\n<p><img decoding=\"async\" src=\"\/wp-content\/uploads\/factory-07.webp\"\/><\/p>\n<h3>V\u00e6rksted for pulverlakering<\/h3>\n<p><img decoding=\"async\" src=\"\/wp-content\/uploads\/factory-09.webp\"\/><\/p>\n<h3>Anodiseringsv\u00e6rksted<\/h3>\n<p><img decoding=\"async\" src=\"\/wp-content\/uploads\/factory-10.webp\"\/><\/p>\n<h3>Workshop om dyb behandling<\/h3>\n<p><img decoding=\"async\" src=\"\/wp-content\/uploads\/factory-11.webp\"\/><\/p>\n<h3>V\u00e6rksted for CNC-pr\u00e6cisionsbearbejdning<\/h3>\n<p><img decoding=\"async\" src=\"\/wp-content\/uploads\/factory-11.5.webp\"\/><\/p>\n<h3>F\u00e6rdigvare- og eksportlager<\/h3>\n<p><img decoding=\"async\" src=\"\/wp-content\/uploads\/factory-12.webp\"\/><\/p>\n<p><img decoding=\"async\" src=\"\/wp-content\/uploads\/factory-13.webp\"\/><\/p>\n<p><img decoding=\"async\" src=\"\/wp-content\/uploads\/factory-14.webp\"\/><\/p>\n<h2>OFTE STILLEDE SP\u00d8RGSM\u00c5L<\/h2>\n<p><p><b>1. hvad er den typiske aluminiumsr\u00f8rbelagte pulverpris pr. kg for Lowe's aluminiumsr\u00f8rhegn fra Kina?<\/b><\/p>\n<p>Prisen varierer afh\u00e6ngigt af specifikationerne, men tilbyder generelt konkurrencedygtige priser pr. kg p\u00e5 grund af direkte indk\u00f8b fra kinesiske producenter, hvilket sikrer omkostningseffektive hegnsl\u00f8sninger.<br \/>\n<\/p><br \/>\n<br \/>\n<p><b>2. Hvad er fordelene ved pulverlakerede aluminiumsr\u00f8r til hegn?<\/b><\/p>\n<p>Pulverlakering giver fremragende korrosionsbestandighed, UV-beskyttelse og en holdbar finish, der forl\u00e6nger levetiden for aluminiumsr\u00f8rhegn med minimal vedligeholdelse.<br \/>\n<\/p><br \/>\n<br \/>\n<p><b>3. hvorfor v\u00e6lge pulverlakering af aluminiumsr\u00f8r til Lowe's aluminiumsr\u00f8rhegn?<\/b><\/p>\n<p>Pulverlakering forbedrer den \u00e6stetiske appel med en r\u00e6kke forskellige farver, forbedrer vejrbestandigheden og giver en milj\u00f8venlig efterbehandling med lavt VOC-indhold sammenlignet med traditionel maling.<br \/>\n<\/p><br \/>\n<br \/>\n<p><b>4. Hvordan p\u00e5virker indk\u00f8b af pulverlakerede aluminiumsr\u00f8r fra Kina prisen?<\/b><\/p>\n<p>Kinesiske leverand\u00f8rer tilbyder lavere produktionsomkostninger og mulighed for masseproduktion, hvilket giver overkommelige priser pr. kg uden at g\u00e5 p\u00e5 kompromis med kvaliteten af Lowes aluminiumsr\u00f8rhegn.<br \/>\n<\/p><br \/>\n<br \/>\n<p><b>5. Kan pulverlakerede hegn af aluminiumsr\u00f8r tilpasses?<\/b><\/p>\n<p>Ja, de kan tilpasses i r\u00f8rdiameter, v\u00e6gtykkelse, pulverlakeringsfarve og finish for at opfylde specifikke krav til design og holdbarhed.<br \/>\n<\/p><br \/>\n<br \/>\n<p><b>6. Er pulverlakerede aluminiumsr\u00f8r velegnede til udend\u00f8rs indhegning?<\/b><\/p>\n<p>Absolut, pulverlakerede aluminiumsr\u00f8r modst\u00e5r rust, falmning og slid, hvilket g\u00f8r dem ideelle til holdbare og vedligeholdelsesfattige udend\u00f8rs hegnsinstallationer.<br \/>\n<\/p><br \/>\n<br \/>\n<p><b>7. Hvordan underst\u00f8tter pulverlakeringsprocessen b\u00e6redygtige hegnsprodukter?<\/b><\/p>\n<p>Pulverlakering er en milj\u00f8venlig proces med lavt spild, og aluminiums genanvendelighed sikrer, at pulverlakerede aluminiumshegn bidrager til en b\u00e6redygtig byggepraksis.<br \/>\n<\/p><br \/>\n<br \/>\n<p><b>8. Hvilke faktorer p\u00e5virker den endelige pris p\u00e5 pulverlakerede aluminiumsr\u00f8r til hegn?<\/b><\/p>\n<p>Faktorerne omfatter legeringskvalitet, r\u00f8rdimensioner, bel\u00e6gningstykkelse, farvevalg, ordrem\u00e6ngde og forsendelseslogistik fra Kina til destinationsmarkedet.<br \/>\n<\/p><br \/><\/p>","protected":false},"featured_media":6492,"template":"","categories":[61],"class_list":["post-6493","product","type-product","status-publish","has-post-thumbnail","hentry","category-powder-coating-aluminum-profile"],"meta_box":{"hilight_text_group":{"product_hilight_text":"<li>Competitive powder-coated aluminum tubes priced per kg for cost efficiency<\/li>\r\r\n<li>Durable coating enhances corrosion resistance and extends product life<\/li>\r\r\n<li>Ideal for aluminum pipe fences with attractive finish and low maintenance<\/li>\r\r\n<li>Manufactured in China with high-quality standards and bulk supply capacity<\/li>\r\r\n<li>Supports custom sizes, colors, and fast delivery for large projects<\/li>","product_chanpin_blog":"<ul>\r\r\n<li><a href=\"https:\/\/sinoextrud.com\/t-slot-v-slot-differences\/\" target=\"_blank\">t slot vs v slot<\/a><\/li>\r\r\n<li><a href=\"https:\/\/sinoextrud.com\/what-is-4040-aluminium-extrud\/\" target=\"_blank\">4040 aluminium extrusion<\/a><\/li>\r\r\n<li><a href=\"https:\/\/sinoextrud.com\/what-is-4040-aluminium-extrud\/\" target=\"_blank\">aluminum extrusions for industrial racks<\/a><\/li>\r\r\n<li><a href=\"https:\/\/sinoextrud.com\/powder-coating-aluminium-process\/\" target=\"_blank\">powder coating aluminium<\/a><\/li>\r\r\n<li><a href=\"https:\/\/sinoextrud.com\/what-is-an-aluminium-strip-ceiling\/\" target=\"_blank\">aluminium strip ceiling<\/a><\/li>\r\r\n<li><a href=\"https:\/\/sinoextrud.com\/what-is-a-heat-sink\/\" target=\"_blank\">what is a heat sink<\/a><\/li>\r\r\n<\/ul>","product_chanpin_chanpin":"<li><a href=\"https:\/\/sinoextrud.com\/product\/anodized-aluminum-tubes\/\" target=\"_blank\">Anodized Aluminum Tubes<\/a><\/li>\r\n<li><a href=\"https:\/\/sinoextrud.com\/product\/6061-oval-aluminum-tubing\/\" target=\"_blank\">6061 Oval Aluminum Tubing<\/a><\/li>\r\n<li><a href=\"https:\/\/sinoextrud.com\/product\/extruded-aluminum-rectangular-tubing\/\" target=\"_blank\">Extruded Aluminum Rectangular Tubing<\/a><\/li>\r\n<li><a href=\"https:\/\/sinoextrud.com\/product\/power-coating-standard-aluminium-profiles\/\" target=\"_blank\">Power Coating Standard Aluminium Profiles<\/a><\/li>\r\n<li><a href=\"https:\/\/sinoextrud.com\/product\/aluminum-tube-coated-powder-price-per-kg-for-lowes-aluminum-pipe-fence-china\/\" target=\"_blank\">aluminum tube coated powder price per kg for lowes aluminum pipe fence china<\/a><\/li>\r\n<li><a href=\"https:\/\/sinoextrud.com\/product\/powder-coated-aluminium-extrusion\/\" target=\"_blank\">Powder Coated Aluminium Extrusion<\/a><\/li>\r\n<li><a href=\"https:\/\/sinoextrud.com\/product\/aluminium-extrusion-profile-with-pvdf-coating\/\" target=\"_blank\">Aluminium Extrusion Profile With PVDF Coating<\/a><\/li>\r\n<li><a href=\"https:\/\/sinoextrud.com\/product\/powder-coated-extrusions-aluminum-corrosion-resistant-for-10-years-in-door\/\" target=\"_blank\">Powder Coated Extrusions Aluminum Corrosion Resistant For 10 Years In Door<\/a><\/li>\r\n<li><a href=\"https:\/\/sinoextrud.com\/product\/powder-coating-surface-aluminum-profile\/\" target=\"_blank\">Powder Coating Surface Aluminum Profile<\/a><\/li>\r\n<li><a href=\"https:\/\/sinoextrud.com\/product\/cnc-machined-6063-heavy-duty-industrial-part\/\" target=\"_blank\">CNC Machined 6063 Heavy-duty Industrial Part<\/a><\/li>\r\n<li><a href=\"https:\/\/sinoextrud.com\/product\/aluminium-profile-h\/\" target=\"_blank\">Aluminium Profile H<\/a><\/li>"},"feature_list":[]},"_links":{"self":[{"href":"https:\/\/sinoextrud.com\/da\/wp-json\/wp\/v2\/product\/6493","targetHints":{"allow":["GET"]}}],"collection":[{"href":"https:\/\/sinoextrud.com\/da\/wp-json\/wp\/v2\/product"}],"about":[{"href":"https:\/\/sinoextrud.com\/da\/wp-json\/wp\/v2\/types\/product"}],"wp:featuredmedia":[{"embeddable":true,"href":"https:\/\/sinoextrud.com\/da\/wp-json\/wp\/v2\/media\/6492"}],"wp:attachment":[{"href":"https:\/\/sinoextrud.com\/da\/wp-json\/wp\/v2\/media?parent=6493"}],"wp:term":[{"taxonomy":"category","embeddable":true,"href":"https:\/\/sinoextrud.com\/da\/wp-json\/wp\/v2\/categories?post=6493"}],"curies":[{"name":"wp","href":"https:\/\/api.w.org\/{rel}","templated":true}]}}