{"id":6491,"date":"2025-05-29T03:32:56","date_gmt":"2025-05-29T03:32:56","guid":{"rendered":"https:\/\/sinoextrud.com\/product\/power-coating-standard-aluminium-profiles\/"},"modified":"2025-06-24T06:11:00","modified_gmt":"2025-06-24T06:11:00","slug":"power-coating-af-standard-aluminiumsprofiler","status":"publish","type":"product","link":"https:\/\/sinoextrud.com\/da\/product\/power-coating-standard-aluminium-profiles\/","title":{"rendered":"Power Coating af standard aluminiumsprofiler"},"content":{"rendered":"<h2>Detaljer om produkter<\/h2>\n<table class=\"custom-table\">\n<tr>\n<td class=\"label\">Navn<\/td>\n<td>Power coating af standard aluminiumsprofiler, Standard aluminiumsprofiler<\/td>\n<\/tr>\n<tr>\n<td class=\"label\">Brand<\/td>\n<td>Sinoextrud\/Sinoextrud<\/td>\n<\/tr>\n<tr>\n<td class=\"label\">Kategori<\/td>\n<td>Ekstrudering af aluminium<\/td>\n<\/tr>\n<tr>\n<td class=\"label\">Materiale<\/td>\n<td>6061 er meget udbredt. 6063, 6463, 6005, 6082 er ogs\u00e5 tilg\u00e6ngelige.<\/td>\n<\/tr>\n<tr>\n<td class=\"label\">Temperament<\/td>\n<td>T5-T8<\/td>\n<\/tr>\n<tr>\n<td class=\"label\">L\u00e6ngde<\/td>\n<td>5,8 m for 20 fod, 5,9 m \/ 6,0 m for 40'GP, eller tilpasning<\/td>\n<\/tr>\n<tr>\n<td class=\"label\">St\u00f8rrelse (mm)<\/td>\n<td>Forskellige st\u00f8rrelser er tilg\u00e6ngelige, kundetegning er tilg\u00e6ngelig<\/td>\n<\/tr>\n<tr>\n<td class=\"label\">Form<\/td>\n<td>Som p\u00e5 tegningen<\/td>\n<\/tr>\n<tr>\n<td class=\"label\">Overfladebehandling<\/td>\n<td>Power coating; fr\u00e6set f\u00e6rdig, anodiseret, sandbl\u00e6sning, elektroforese er ogs\u00e5 tilg\u00e6ngelig<\/td>\n<\/tr>\n<tr>\n<td class=\"label\">Farve<\/td>\n<td>Vi kan tilpasse farverne baseret p\u00e5 kundernes pr\u00f8ver<\/td>\n<\/tr>\n<tr>\n<td class=\"label\">Garanti<\/td>\n<td>BV, TUV, ISO<\/td>\n<\/tr>\n<tr>\n<td class=\"label\">Standard<\/td>\n<td>Middel og h\u00f8j kvalitet<\/td>\n<\/tr>\n<tr>\n<td class=\"label\">MOQ<\/td>\n<td>200 kg for hver genstand<\/td>\n<\/tr>\n<tr>\n<td class=\"label\">Fra<\/td>\n<td>Guangdong, Kina<\/td>\n<\/tr>\n<tr>\n<td class=\"label\">Anvendelse<\/td>\n<td>Lysboks af aluminiumsprofiler, reklameramme<\/td>\n<\/tr>\n<\/table>\n<h2>Vores produktionsbase<\/h2>\n<h3>Panorama over fabrikken<\/h3>\n<p><img decoding=\"async\" src=\"\/wp-content\/uploads\/factory-01.webp\"\/><\/p>\n<h3>V\u00e6rksted til fremstilling af aluminiumst\u00e6nger<\/h3>\n<p><img decoding=\"async\" src=\"\/wp-content\/uploads\/factory-02.webp\"\/><\/p>\n<p><img decoding=\"async\" src=\"\/wp-content\/uploads\/factory-03.webp\"\/><\/p>\n<h3>Lager til opbevaring af skimmelsvampe<\/h3>\n<p><img decoding=\"async\" src=\"\/wp-content\/uploads\/factory-04.webp\"\/><\/p>\n<h3>43 ekstruderingslinjer for aluminium (500-5500 ton)<\/h3>\n<p><img decoding=\"async\" src=\"\/wp-content\/uploads\/factory-05.webp\"\/><\/p>\n<p><img decoding=\"async\" src=\"\/wp-content\/uploads\/factory-06.webp\"\/><\/p>\n<p><img decoding=\"async\" src=\"\/wp-content\/uploads\/factory-07.webp\"\/><\/p>\n<h3>V\u00e6rksted for pulverlakering<\/h3>\n<p><img decoding=\"async\" src=\"\/wp-content\/uploads\/factory-09.webp\"\/><\/p>\n<h3>Anodiseringsv\u00e6rksted<\/h3>\n<p><img decoding=\"async\" src=\"\/wp-content\/uploads\/factory-10.webp\"\/><\/p>\n<h3>Workshop om dyb behandling<\/h3>\n<p><img decoding=\"async\" src=\"\/wp-content\/uploads\/factory-11.webp\"\/><\/p>\n<h3>V\u00e6rksted for CNC-pr\u00e6cisionsbearbejdning<\/h3>\n<p><img decoding=\"async\" src=\"\/wp-content\/uploads\/factory-11.5.webp\"\/><\/p>\n<h3>F\u00e6rdigvare- og eksportlager<\/h3>\n<p><img decoding=\"async\" src=\"\/wp-content\/uploads\/factory-12.webp\"\/><\/p>\n<p><img decoding=\"async\" src=\"\/wp-content\/uploads\/factory-13.webp\"\/><\/p>\n<p><img decoding=\"async\" src=\"\/wp-content\/uploads\/factory-14.webp\"\/><\/p>\n<h2>OFTE STILLEDE SP\u00d8RGSM\u00c5L<\/h2>\n<p><p><b>1. Hvad bruges pulverlakering af standard aluminiumsprofiler til?<\/b><\/p>\n<p>Pulverlakering af standard aluminiumsprofiler bruges i byggeriet, bilindustrien, m\u00f8belindustrien og i arkitekturen for at forbedre holdbarheden og det \u00e6stetiske udtryk.<br \/>\n<\/p><br \/>\n<br \/>\n<p><b>2. Hvad er de vigtigste fordele ved pulverlakering af standard aluminiumsprofiler?<\/b><\/p>\n<p>Pulverlakering giver en h\u00e5rd, ensartet finish, der giver overlegen korrosionsbestandighed, ridsefasthed og UV-beskyttelse.<br \/>\n<\/p><br \/>\n<br \/>\n<p><b>3. Hvorfor v\u00e6lge pulverlakering frem for andre efterbehandlingsmetoder til aluminiumsprofiler?<\/b><\/p>\n<p>Pulverlakering er milj\u00f8venlig, producerer mindre affald, giver en tykkere og mere j\u00e6vn bel\u00e6gning og giver bedre holdbarhed end flydende maling.<br \/>\n<\/p><br \/>\n<br \/>\n<p><b>4. Kan pulverlakerede aluminiumsprofiler tilpasses?<\/b><\/p>\n<p>Ja, pulverlakerede aluminiumsprofiler kan tilpasses i farve, tekstur, glansniveau og tykkelse, s\u00e5 de opfylder specifikke krav til design og ydeevne.<br \/>\n<\/p><br \/>\n<br \/>\n<p><b>5. Hvilke overfladebehandlinger kan man f\u00e5 med pulverlakering af aluminiumsprofiler?<\/b><\/p>\n<p>Pulverlakering tilbyder en bred vifte af farver, finish som mat, blank og struktureret overflade for at forbedre profilens udseende og beskyttelse.<br \/>\n<\/p><br \/>\n<br \/>\n<p><b>6. Er pulverlakerede aluminiumsprofiler egnede til udend\u00f8rs brug?<\/b><\/p>\n<p>Ja, pulverlakerede aluminiumsprofiler giver fremragende vejrbestandighed og beskytter mod UV-str\u00e5ler, fugt og korrosion i udend\u00f8rs milj\u00f8er.<br \/>\n<\/p><br \/>\n<br \/>\n<p><b>7. Hvordan forbedrer pulverlakering b\u00e6redygtigheden af aluminiumsprofiler?<\/b><\/p>\n<p>Pulverlakering er en lav-VOC, energieffektiv proces, og aluminium er 100% genanvendeligt, hvilket g\u00f8r pulverlakerede profiler til et milj\u00f8venligt byggemateriale.<br \/>\n<\/p><br \/>\n<br \/>\n<p><b>8. Hvilke industrier bruger ofte pulverlakerede standard aluminiumsprofiler?<\/b><\/p>\n<p>Industrier som byggeri, bilindustri, m\u00f8bler og elektronik bruger pulverlakerede aluminiumsprofiler p\u00e5 grund af deres holdbarhed, \u00e6stetik og korrosionsbestandighed.<br \/>\n<\/p><br \/><\/p>","protected":false},"featured_media":6490,"template":"","categories":[61],"class_list":["post-6491","product","type-product","status-publish","has-post-thumbnail","hentry","category-powder-coating-aluminum-profile"],"meta_box":{"hilight_text_group":{"product_hilight_text":"<li>High-quality powder coating provides excellent corrosion and wear resistance<\/li>\r\r\n<li>Available in standard aluminum profile shapes and sizes<\/li>\r\r\n<li>Durable finish with vibrant colors for aesthetic appeal<\/li>\r\r\n<li>Lightweight and strong, suitable for construction and industrial use<\/li>\r\r\n<li>Supports bulk supply with consistent quality and timely delivery<\/li>","product_chanpin_blog":"<ul>\r\r\n<li><a href=\"https:\/\/sinoextrud.com\/t-slot-v-slot-differences\/\" target=\"_blank\">t slot vs v slot<\/a><\/li>\r\r\n<li><a href=\"https:\/\/sinoextrud.com\/what-is-4040-aluminium-extrud\/\" target=\"_blank\">4040 aluminium extrusion<\/a><\/li>\r\r\n<li><a href=\"https:\/\/sinoextrud.com\/what-is-4040-aluminium-extrud\/\" target=\"_blank\">aluminum extrusions for industrial racks<\/a><\/li>\r\r\n<li><a href=\"https:\/\/sinoextrud.com\/powder-coating-aluminium-process\/\" target=\"_blank\">powder coating aluminium<\/a><\/li>\r\r\n<li><a href=\"https:\/\/sinoextrud.com\/what-is-an-aluminium-strip-ceiling\/\" target=\"_blank\">aluminium strip ceiling<\/a><\/li>\r\r\n<li><a href=\"https:\/\/sinoextrud.com\/what-is-a-heat-sink\/\" target=\"_blank\">what is a heat sink<\/a><\/li>\r\r\n<\/ul>","product_chanpin_chanpin":"<li><a href=\"https:\/\/sinoextrud.com\/product\/china-aluminum-extrusion-6061-6063-anodized-aluminum-pipe\/\" target=\"_blank\">China Aluminum Extrusion 6061 6063 Anodized Aluminum Pipe<\/a><\/li>\r\n<li><a href=\"https:\/\/sinoextrud.com\/product\/anodized-aluminum-tubes\/\" target=\"_blank\">Anodized Aluminum Tubes<\/a><\/li>\r\n<li><a href=\"https:\/\/sinoextrud.com\/product\/6061-oval-aluminum-tubing\/\" target=\"_blank\">6061 Oval Aluminum Tubing<\/a><\/li>\r\n<li><a href=\"https:\/\/sinoextrud.com\/product\/extruded-aluminum-rectangular-tubing\/\" target=\"_blank\">Extruded Aluminum Rectangular Tubing<\/a><\/li>\r\n<li><a href=\"https:\/\/sinoextrud.com\/product\/power-coating-standard-aluminium-profiles\/\" target=\"_blank\">Power Coating Standard Aluminium Profiles<\/a><\/li>\r\n<li><a href=\"https:\/\/sinoextrud.com\/product\/aluminum-tube-coated-powder-price-per-kg-for-lowes-aluminum-pipe-fence-china\/\" target=\"_blank\">aluminum tube coated powder price per kg for lowes aluminum pipe fence china<\/a><\/li>\r\n<li><a href=\"https:\/\/sinoextrud.com\/product\/powder-coated-aluminium-extrusion\/\" target=\"_blank\">Powder Coated Aluminium Extrusion<\/a><\/li>\r\n<li><a href=\"https:\/\/sinoextrud.com\/product\/aluminium-extrusion-profile-with-pvdf-coating\/\" target=\"_blank\">Aluminium Extrusion Profile With PVDF Coating<\/a><\/li>\r\n<li><a href=\"https:\/\/sinoextrud.com\/product\/powder-coated-extrusions-aluminum-corrosion-resistant-for-10-years-in-door\/\" target=\"_blank\">Powder Coated Extrusions Aluminum Corrosion Resistant For 10 Years In Door<\/a><\/li>\r\n<li><a href=\"https:\/\/sinoextrud.com\/product\/wood-grain-aluminum-square-tube\/\" target=\"_blank\">Wood Grain Aluminum Square Tube<\/a><\/li>\r\n<li><a href=\"https:\/\/sinoextrud.com\/product\/cutting-aluminum-extrusion\/\" target=\"_blank\">Cutting Aluminum Extrusion<\/a><\/li>"},"feature_list":[]},"_links":{"self":[{"href":"https:\/\/sinoextrud.com\/da\/wp-json\/wp\/v2\/product\/6491","targetHints":{"allow":["GET"]}}],"collection":[{"href":"https:\/\/sinoextrud.com\/da\/wp-json\/wp\/v2\/product"}],"about":[{"href":"https:\/\/sinoextrud.com\/da\/wp-json\/wp\/v2\/types\/product"}],"wp:featuredmedia":[{"embeddable":true,"href":"https:\/\/sinoextrud.com\/da\/wp-json\/wp\/v2\/media\/6490"}],"wp:attachment":[{"href":"https:\/\/sinoextrud.com\/da\/wp-json\/wp\/v2\/media?parent=6491"}],"wp:term":[{"taxonomy":"category","embeddable":true,"href":"https:\/\/sinoextrud.com\/da\/wp-json\/wp\/v2\/categories?post=6491"}],"curies":[{"name":"wp","href":"https:\/\/api.w.org\/{rel}","templated":true}]}}