{"id":6484,"date":"2025-05-29T03:05:24","date_gmt":"2025-05-29T03:05:24","guid":{"rendered":"https:\/\/sinoextrud.com\/product\/extruded-aluminum-rectangular-tubing\/"},"modified":"2025-06-24T06:11:00","modified_gmt":"2025-06-24T06:11:00","slug":"rektangulaere-ror-af-ekstruderet-aluminium","status":"publish","type":"product","link":"https:\/\/sinoextrud.com\/da\/product\/extruded-aluminum-rectangular-tubing\/","title":{"rendered":"Rektangul\u00e6re r\u00f8r af ekstruderet aluminium"},"content":{"rendered":"<h2>Detaljer om produkter<\/h2>\n<table class=\"custom-table\">\n<tr>\n<td class=\"label\">Materiale:<\/td>\n<td>firkantet aluminiumslegering<\/td>\n<\/tr>\n<tr>\n<td class=\"label\">Specifikationer:<\/td>\n<td>Breddeomr\u00e5det er 25-150 mm, og sideh\u00f8jdeomr\u00e5det er 30-300 mm.<\/td>\n<\/tr>\n<tr>\n<td class=\"label\">Tykkelse:<\/td>\n<td>0,8-10,0 mm<\/td>\n<\/tr>\n<tr>\n<td class=\"label\">L\u00e6ngde:<\/td>\n<td>Den generelle l\u00e6ngde er 6 m, og den kan tilpasses efter kundens behov.<\/td>\n<\/tr>\n<tr>\n<td class=\"label\">Proces:<\/td>\n<td>pultrudering eller ekstrudering<\/td>\n<\/tr>\n<tr>\n<td class=\"label\">Bel\u00e6gning:<\/td>\n<td>pulverlakering, anodiseret bel\u00e6gning, tr\u00e6korn, polering, b\u00f8rstet, sandbl\u00e6sning osv.<\/td>\n<\/tr>\n<tr>\n<td class=\"label\">Farve:<\/td>\n<td>kan justeres i henhold til kundens krav<\/td>\n<\/tr>\n<tr>\n<td class=\"label\">Brandsikring:<\/td>\n<td>Ingen forbr\u00e6nding, velegnet til milj\u00f8er med h\u00f8je temperaturer<\/td>\n<\/tr>\n<tr>\n<td class=\"label\">Bem\u00e6rkninger:<\/td>\n<td>Tykkelsen p\u00e5 den buede aluminiumsfirkant er 1,2 mm-3,0 mm<\/td>\n<\/tr>\n<\/table>\n<h2>Vores produktionsbase<\/h2>\n<h3>Panorama over fabrikken<\/h3>\n<p><img decoding=\"async\" src=\"\/wp-content\/uploads\/factory-01.webp\"\/><\/p>\n<h3>V\u00e6rksted til fremstilling af aluminiumst\u00e6nger<\/h3>\n<p><img decoding=\"async\" src=\"\/wp-content\/uploads\/factory-02.webp\"\/><\/p>\n<p><img decoding=\"async\" src=\"\/wp-content\/uploads\/factory-03.webp\"\/><\/p>\n<h3>Lager til opbevaring af skimmelsvampe<\/h3>\n<p><img decoding=\"async\" src=\"\/wp-content\/uploads\/factory-04.webp\"\/><\/p>\n<h3>43 ekstruderingslinjer for aluminium (500-5500 ton)<\/h3>\n<p><img decoding=\"async\" src=\"\/wp-content\/uploads\/factory-05.webp\"\/><\/p>\n<p><img decoding=\"async\" src=\"\/wp-content\/uploads\/factory-06.webp\"\/><\/p>\n<p><img decoding=\"async\" src=\"\/wp-content\/uploads\/factory-07.webp\"\/><\/p>\n<h3>V\u00e6rksted for pulverlakering<\/h3>\n<p><img decoding=\"async\" src=\"\/wp-content\/uploads\/factory-09.webp\"\/><\/p>\n<h3>Anodiseringsv\u00e6rksted<\/h3>\n<p><img decoding=\"async\" src=\"\/wp-content\/uploads\/factory-10.webp\"\/><\/p>\n<h3>Workshop om dyb behandling<\/h3>\n<p><img decoding=\"async\" src=\"\/wp-content\/uploads\/factory-11.webp\"\/><\/p>\n<h3>V\u00e6rksted for CNC-pr\u00e6cisionsbearbejdning<\/h3>\n<p><img decoding=\"async\" src=\"\/wp-content\/uploads\/factory-11.5.webp\"\/><\/p>\n<h3>F\u00e6rdigvare- og eksportlager<\/h3>\n<p><img decoding=\"async\" src=\"\/wp-content\/uploads\/factory-12.webp\"\/><\/p>\n<p><img decoding=\"async\" src=\"\/wp-content\/uploads\/factory-13.webp\"\/><\/p>\n<p><img decoding=\"async\" src=\"\/wp-content\/uploads\/factory-14.webp\"\/><\/p>\n<h2>OFTE STILLEDE SP\u00d8RGSM\u00c5L<\/h2>\n<p><p><b>1. Hvad bruges ekstruderede rektangul\u00e6re aluminiumsr\u00f8r til?<\/b><\/p>\n<p>Ekstruderede rektangul\u00e6re aluminiumsr\u00f8r bruges i vid udstr\u00e6kning til byggeri, bilrammer, m\u00f8bler og industrielle anvendelser p\u00e5 grund af deres styrke og lette egenskaber.<br \/>\n<\/p><br \/>\n<br \/>\n<p><b>2. Hvad er de vigtigste fordele ved ekstruderede rektangul\u00e6re aluminiumsr\u00f8r?<\/b><\/p>\n<p>Rektangul\u00e6re r\u00f8r af ekstruderet aluminium har et h\u00f8jt styrke\/v\u00e6gt-forhold, fremragende korrosionsbestandighed, pr\u00e6cise dimensionstolerancer og er nemme at fremstille.<br \/>\n<\/p><br \/>\n<br \/>\n<p><b>3. Hvorfor v\u00e6lge rektangul\u00e6re r\u00f8r af ekstruderet aluminium frem for andre materialer?<\/b><\/p>\n<p>Aluminiumsr\u00f8r er lettere end st\u00e5l, mere korrosionsbestandige og lettere at bearbejde og svejse, hvilket reducerer installationstiden og vedligeholdelsesomkostningerne.<br \/>\n<\/p><br \/>\n<br \/>\n<p><b>4. kan ekstruderede rektangul\u00e6re aluminiumsr\u00f8r tilpasses?<\/b><\/p>\n<p>Ja, den kan tilpasses i st\u00f8rrelse, v\u00e6gtykkelse, legeringstype og overfladefinish, s\u00e5 den opfylder specifikke design- og konstruktionskrav.<br \/>\n<\/p><br \/>\n<br \/>\n<p><b>5. Hvilke overfladebehandlinger er tilg\u00e6ngelige for ekstruderede rektangul\u00e6re aluminiumsr\u00f8r?<\/b><\/p>\n<p>Almindelige overflader omfatter anodisering, pulverlakering og fr\u00e6sning, som forbedrer holdbarheden, korrosionsbeskyttelsen og det \u00e6stetiske udtryk.<br \/>\n<\/p><br \/>\n<br \/>\n<p><b>6. Er rektangul\u00e6re r\u00f8r af ekstruderet aluminium egnet til udend\u00f8rs brug?<\/b><\/p>\n<p>Ja, med den rette overfladebehandling kan ekstruderede rektangul\u00e6re aluminiumsr\u00f8r modst\u00e5 UV-eksponering, fugt og barske vejrforhold.<br \/>\n<\/p><br \/>\n<br \/>\n<p><b>7. Hvordan underst\u00f8tter ekstruderede rektangul\u00e6re aluminiumsr\u00f8r b\u00e6redygtig produktion?<\/b><\/p>\n<p>Aluminium er 100% genanvendeligt og energieffektivt at producere, og ekstrudering minimerer affald, hvilket g\u00f8r det til en milj\u00f8venlig mulighed for gr\u00f8nt byggeri.<br \/>\n<\/p><br \/><\/p>","protected":false},"featured_media":6483,"template":"","categories":[60],"class_list":["post-6484","product","type-product","status-publish","has-post-thumbnail","hentry","category-general-tubes-and-bars"],"meta_box":{"hilight_text_group":{"product_hilight_text":"<li>Precision-extruded rectangular tubing with consistent dimensions<\/li>\r\r\n<li>Made from high-quality aluminum for strength and corrosion resistance<\/li>\r\r\n<li>Lightweight design ideal for structural and architectural applications<\/li>\r\r\n<li>Available in various sizes, wall thicknesses, and custom finishes<\/li>\r\r\n<li>Supports bulk orders and OEM customization for diverse industries<\/li>","product_chanpin_blog":"<ul>\r\r\n<li><a href=\"https:\/\/sinoextrud.com\/t-slot-v-slot-differences\/\" target=\"_blank\">t slot vs v slot<\/a><\/li>\r\r\n<li><a href=\"https:\/\/sinoextrud.com\/what-is-4040-aluminium-extrud\/\" target=\"_blank\">4040 aluminium extrusion<\/a><\/li>\r\r\n<li><a href=\"https:\/\/sinoextrud.com\/what-is-4040-aluminium-extrud\/\" target=\"_blank\">aluminum extrusions for industrial racks<\/a><\/li>\r\r\n<li><a href=\"https:\/\/sinoextrud.com\/powder-coating-aluminium-process\/\" target=\"_blank\">powder coating aluminium<\/a><\/li>\r\r\n<li><a href=\"https:\/\/sinoextrud.com\/what-is-an-aluminium-strip-ceiling\/\" target=\"_blank\">aluminium strip ceiling<\/a><\/li>\r\r\n<li><a href=\"https:\/\/sinoextrud.com\/what-is-a-heat-sink\/\" target=\"_blank\">what is a heat sink<\/a><\/li>\r\r\n<\/ul>","product_chanpin_chanpin":"<li><a href=\"https:\/\/sinoextrud.com\/product\/custom-large-diameter-extruded-aluminum-pipe\/\" target=\"_blank\">Custom Large Diameter Extruded Aluminum Pipe<\/a><\/li>\r\n<li><a href=\"https:\/\/sinoextrud.com\/product\/china-aluminum-extrusion-6061-6063-anodized-aluminum-pipe\/\" target=\"_blank\">China Aluminum Extrusion 6061 6063 Anodized Aluminum Pipe<\/a><\/li>\r\n<li><a href=\"https:\/\/sinoextrud.com\/product\/anodized-aluminum-tubes\/\" target=\"_blank\">Anodized Aluminum Tubes<\/a><\/li>\r\n<li><a href=\"https:\/\/sinoextrud.com\/product\/6061-oval-aluminum-tubing\/\" target=\"_blank\">6061 Oval Aluminum Tubing<\/a><\/li>\r\n<li><a href=\"https:\/\/sinoextrud.com\/product\/extruded-aluminum-rectangular-tubing\/\" target=\"_blank\">Extruded Aluminum Rectangular Tubing<\/a><\/li>\r\n<li><a href=\"https:\/\/sinoextrud.com\/product\/power-coating-standard-aluminium-profiles\/\" target=\"_blank\">Power Coating Standard Aluminium Profiles<\/a><\/li>\r\n<li><a href=\"https:\/\/sinoextrud.com\/product\/aluminum-tube-coated-powder-price-per-kg-for-lowes-aluminum-pipe-fence-china\/\" target=\"_blank\">aluminum tube coated powder price per kg for lowes aluminum pipe fence china<\/a><\/li>\r\n<li><a href=\"https:\/\/sinoextrud.com\/product\/powder-coated-aluminium-extrusion\/\" target=\"_blank\">Powder Coated Aluminium Extrusion<\/a><\/li>\r\n<li><a href=\"https:\/\/sinoextrud.com\/product\/aluminium-extrusion-profile-with-pvdf-coating\/\" target=\"_blank\">Aluminium Extrusion Profile With PVDF Coating<\/a><\/li>\r\n<li><a href=\"https:\/\/sinoextrud.com\/product\/aluminium-gate-fence\/\" target=\"_blank\">Aluminium gate fence<\/a><\/li>\r\n<li><a href=\"https:\/\/sinoextrud.com\/product\/round-aluminum-tube\/\" target=\"_blank\">Round Aluminum Tube<\/a><\/li>"},"feature_list":[]},"_links":{"self":[{"href":"https:\/\/sinoextrud.com\/da\/wp-json\/wp\/v2\/product\/6484","targetHints":{"allow":["GET"]}}],"collection":[{"href":"https:\/\/sinoextrud.com\/da\/wp-json\/wp\/v2\/product"}],"about":[{"href":"https:\/\/sinoextrud.com\/da\/wp-json\/wp\/v2\/types\/product"}],"wp:featuredmedia":[{"embeddable":true,"href":"https:\/\/sinoextrud.com\/da\/wp-json\/wp\/v2\/media\/6483"}],"wp:attachment":[{"href":"https:\/\/sinoextrud.com\/da\/wp-json\/wp\/v2\/media?parent=6484"}],"wp:term":[{"taxonomy":"category","embeddable":true,"href":"https:\/\/sinoextrud.com\/da\/wp-json\/wp\/v2\/categories?post=6484"}],"curies":[{"name":"wp","href":"https:\/\/api.w.org\/{rel}","templated":true}]}}