{"id":6474,"date":"2025-05-29T02:50:06","date_gmt":"2025-05-29T02:50:06","guid":{"rendered":"https:\/\/sinoextrud.com\/product\/aluminum-square-tube-powder-coating-6063-t5-extruded-profiles\/"},"modified":"2025-06-24T06:10:59","modified_gmt":"2025-06-24T06:10:59","slug":"firkantet-aluminiumsror-pulverlakering-6063-t5-ekstruderede-profiler","status":"publish","type":"product","link":"https:\/\/sinoextrud.com\/da\/product\/aluminum-square-tube-powder-coating-6063-t5-extruded-profiles\/","title":{"rendered":"firkantet aluminiumsr\u00f8r pulverlakering 6063 t5 ekstruderede profiler"},"content":{"rendered":"<h2>Detaljer om produkter<\/h2>\n<table class=\"custom-table\">\n<tr>\n<td class=\"label\">Overfladebehandling:<\/td>\n<td> Pulverlakering af aluminium<\/td>\n<\/tr>\n<tr>\n<td class=\"label\">Leveringstid:<\/td>\n<td> 20 dage efter modtagelse af depositum<\/td>\n<\/tr>\n<tr>\n<td class=\"label\">Betalingsperiode:<\/td>\n<td> T \/ T, 30% Udbetaling, mens saldoen skal betales<\/td>\n<\/tr>\n<tr>\n<td class=\"label\">Garanti:<\/td>\n<td> Overfladefarven kan holde i 10~20 \u00e5r<\/td>\n<\/tr>\n<tr>\n<td class=\"label\">Materiale:<\/td>\n<td> 6063-T5, 6061-T6, 6463-T5, 7075-T6, 6082<\/td>\n<\/tr>\n<tr>\n<td class=\"label\">Varem\u00e6rke:<\/td>\n<td> OEM<\/td>\n<\/tr>\n<tr>\n<td class=\"label\">Specifikation:<\/td>\n<td> 1m-9m eller tilpasset st\u00f8rrelse<\/td>\n<\/tr>\n<tr>\n<td class=\"label\">HS-kode:<\/td>\n<td> 76042100<\/td>\n<\/tr>\n<tr>\n<td class=\"label\">Form:<\/td>\n<td> Firkantet, tilpasset<\/td>\n<\/tr>\n<tr>\n<td class=\"label\">Karakter:<\/td>\n<td> 6000-serien<\/td>\n<\/tr>\n<tr>\n<td class=\"label\">Temperament:<\/td>\n<td> T3 - T8<\/td>\n<\/tr>\n<tr>\n<td class=\"label\">Farver:<\/td>\n<td> Pulverlakering<\/td>\n<\/tr>\n<tr>\n<td class=\"label\">MOQ:<\/td>\n<td> 200 kg for hver vare<\/td>\n<\/tr>\n<tr>\n<td class=\"label\">Transportpakke:<\/td>\n<td> Plastfilm eller polybag, vandt\u00e6t h\u00e5ndv\u00e6rkspapir<\/td>\n<\/tr>\n<tr>\n<td class=\"label\">Oprindelse:<\/td>\n<td> Foshan, Kina<\/td>\n<\/tr>\n<\/table>\n<h2>Vores produktionsbase<\/h2>\n<h3>Panorama over fabrikken<\/h3>\n<p><img decoding=\"async\" src=\"\/wp-content\/uploads\/factory-01.webp\"\/><\/p>\n<h3>V\u00e6rksted til fremstilling af aluminiumst\u00e6nger<\/h3>\n<p><img decoding=\"async\" src=\"\/wp-content\/uploads\/factory-02.webp\"\/><\/p>\n<\/p>\n<p><img decoding=\"async\" src=\"\/wp-content\/uploads\/factory-03.webp\"\/><\/p>\n<h3>Lager til opbevaring af skimmelsvampe<\/h3>\n<p><img decoding=\"async\" src=\"\/wp-content\/uploads\/factory-04.webp\"\/><\/p>\n<h3>43 ekstruderingslinjer for aluminium (500-5500 ton)<\/h3>\n<p><img decoding=\"async\" src=\"\/wp-content\/uploads\/factory-05.webp\"\/><\/p>\n<p><img decoding=\"async\" src=\"\/wp-content\/uploads\/factory-06.webp\"\/><\/p>\n<p><img decoding=\"async\" src=\"\/wp-content\/uploads\/factory-07.webp\"\/><\/p>\n<h3>V\u00e6rksted for pulverlakering<\/h3>\n<p><img decoding=\"async\" src=\"\/wp-content\/uploads\/factory-09.webp\"\/><\/p>\n<h3>Anodiseringsv\u00e6rksted<\/h3>\n<p><img decoding=\"async\" src=\"\/wp-content\/uploads\/factory-10.webp\"\/><\/p>\n<h3>Workshop om dyb behandling<\/h3>\n<p><img decoding=\"async\" src=\"\/wp-content\/uploads\/factory-11.webp\"\/><\/p>\n<h3>V\u00e6rksted for CNC-pr\u00e6cisionsbearbejdning<\/h3>\n<p><img decoding=\"async\" src=\"\/wp-content\/uploads\/factory-11.5.webp\"\/><\/p>\n<h3>F\u00e6rdigvare- og eksportlager<\/h3>\n<p><img decoding=\"async\" src=\"\/wp-content\/uploads\/factory-12.webp\"\/><\/p>\n<p><img decoding=\"async\" src=\"\/wp-content\/uploads\/factory-13.webp\"\/><\/p>\n<p><img decoding=\"async\" src=\"\/wp-content\/uploads\/factory-14.webp\"\/><\/p>\n<h2>OFTE STILLEDE SP\u00d8RGSM\u00c5L<\/h2>\n<p><b>1. Hvad bruges ekstruderede profiler af firkantet aluminiumsr\u00f8r med pulverlakering 6063 T5 til?<\/b><\/p>\n<p>Disse profiler bruges i vid udstr\u00e6kning inden for byggeri, bilindustri, m\u00f8bler og arkitektur p\u00e5 grund af deres styrke, holdbarhed og \u00e6stetiske finish.\n<\/p>\n<p><\/p>\n<p><b>2. hvad er de vigtigste fordele ved aluminium firkantet r\u00f8r pulverlakering 6063 T5 ekstruderede profiler?<\/b><\/p>\n<p>De har et h\u00f8jt styrke\/v\u00e6gt-forhold, fremragende korrosionsbestandighed og en holdbar, levende pulverlakeret overflade, der \u00f8ger levetiden.\n<\/p>\n<p><\/p>\n<p><b>3. Hvorfor v\u00e6lge 6063 T5-legering til ekstruderede firkantede aluminiumsr\u00f8r?<\/b><\/p>\n<p>6063 T5-legeringen har overlegne mekaniske egenskaber, god bearbejdelighed og fremragende korrosionsbestandighed, hvilket g\u00f8r den ideel til strukturelle og dekorative anvendelser.\n<\/p>\n<p><\/p>\n<p><b>4. Hvordan gavner pulverlakering firkantede aluminiumsr\u00f8r 6063 T5 ekstruderede profiler?<\/b><\/p>\n<p>Pulverlakering giver en h\u00e5rd, ensartet finish, der modst\u00e5r ridser, UV-skader og korrosion, hvilket forbedrer b\u00e5de holdbarhed og udseende.\n<\/p>\n<p><\/p>\n<p><b>5. kan firkantet aluminiumsr\u00f8r pulverlakering 6063 T5 ekstruderede profiler tilpasses?<\/b><\/p>\n<p>Ja, disse profiler kan tilpasses i st\u00f8rrelse, v\u00e6gtykkelse, farve og finish, s\u00e5 de opfylder specifikke projektkrav.\n<\/p>\n<p><\/p>\n<p><b>6. Er pulverlakerede 6063 T5 firkantede aluminiumsr\u00f8r egnede til udend\u00f8rs brug?<\/b><\/p>\n<p>Ja, pulverlakeringen giver forbedret beskyttelse mod vejr, UV-str\u00e5ler og fugt, hvilket g\u00f8r dem ideelle til udend\u00f8rs milj\u00f8er.\n<\/p>\n<p><\/p>\n<p><b>7. Hvordan underst\u00f8tter pulverlakering af firkantede aluminiumsr\u00f8r 6063 T5 b\u00e6redygtigt byggeri?<\/b><\/p>\n<p>6063 T5 aluminium er 100% genanvendeligt, og pulverlakering er en milj\u00f8venlig efterbehandlingsproces, der bidrager til b\u00e6redygtig byggepraksis.\n<\/p>\n<p><\/p>\n<p><b>8. Hvilke industrier har mest gavn af pulverlakering af firkantede aluminiumsr\u00f8r 6063 T5 ekstruderede profiler?<\/b><\/p>\n<p>Brancher som byggeri, transport, m\u00f8belproduktion og arkitektonisk design er afh\u00e6ngige af disse profilers styrke, holdbarhed og \u00e6stetik.\n<\/p>\n<p><\/p>","protected":false},"featured_media":6473,"template":"","categories":[60],"class_list":["post-6474","product","type-product","status-publish","has-post-thumbnail","hentry","category-general-tubes-and-bars"],"meta_box":{"hilight_text_group":{"product_hilight_text":"<li>Made from 6063 T5 aluminum alloy for high strength and durability<\/li>\r\r\n<li>Powder coating provides excellent corrosion resistance and vibrant finish<\/li>\r\r\n<li>Precision extruded square tube profiles with consistent dimensions<\/li>\r\r\n<li>Lightweight design suitable for structural and decorative applications<\/li>\r\r\n<li>Supports custom sizes, colors, and bulk orders with reliable supply<\/li>","product_chanpin_blog":"<ul>\r\r\n<li><a href=\"https:\/\/sinoextrud.com\/t-slot-v-slot-differences\/\" target=\"_blank\">t slot vs v slot<\/a><\/li>\r\r\n<li><a href=\"https:\/\/sinoextrud.com\/what-is-4040-aluminium-extrud\/\" target=\"_blank\">4040 aluminium extrusion<\/a><\/li>\r\r\n<li><a href=\"https:\/\/sinoextrud.com\/what-is-4040-aluminium-extrud\/\" target=\"_blank\">aluminum extrusions for industrial racks<\/a><\/li>\r\r\n<li><a href=\"https:\/\/sinoextrud.com\/powder-coating-aluminium-process\/\" target=\"_blank\">powder coating aluminium<\/a><\/li>\r\r\n<li><a href=\"https:\/\/sinoextrud.com\/what-is-an-aluminium-strip-ceiling\/\" target=\"_blank\">aluminium strip ceiling<\/a><\/li>\r\r\n<li><a href=\"https:\/\/sinoextrud.com\/what-is-a-heat-sink\/\" target=\"_blank\">what is a heat sink<\/a><\/li>\r\r\n<\/ul>","product_chanpin_chanpin":"<li><a href=\"https:\/\/sinoextrud.com\/product\/3003-aluminum-tube-and-pipe\/\" target=\"_blank\">3003 Aluminum Tube And Pipe<\/a><\/li>\r\n<li><a href=\"https:\/\/sinoextrud.com\/product\/triangle-champagne-aluminum-extruded-tube\/\" target=\"_blank\">Triangle Champagne Aluminum Extruded Tube<\/a><\/li>\r\n<li><a href=\"https:\/\/sinoextrud.com\/product\/6063-aluminum-pipe-fire-hydrant-aluminum-profile\/\" target=\"_blank\">6063 Aluminum Pipe Fire Hydrant Aluminum Profile<\/a><\/li>\r\n<li><a href=\"https:\/\/sinoextrud.com\/product\/aluminum-extrusion-electrophoresis-aluminum-tube\/\" target=\"_blank\">Aluminum Extrusion Electrophoresis Aluminum Tube<\/a><\/li>\r\n<li><a href=\"https:\/\/sinoextrud.com\/product\/aluminum-square-tube-powder-coating-6063-t5-extruded-profiles\/\" target=\"_blank\">aluminum square tube powder coating 6063 t5 extruded profiles<\/a><\/li>\r\n<li><a href=\"https:\/\/sinoextrud.com\/product\/custom-large-diameter-extruded-aluminum-pipe\/\" target=\"_blank\">Custom Large Diameter Extruded Aluminum Pipe<\/a><\/li>\r\n<li><a href=\"https:\/\/sinoextrud.com\/product\/china-aluminum-extrusion-6061-6063-anodized-aluminum-pipe\/\" target=\"_blank\">China Aluminum Extrusion 6061 6063 Anodized Aluminum Pipe<\/a><\/li>\r\n<li><a href=\"https:\/\/sinoextrud.com\/product\/anodized-aluminum-tubes\/\" target=\"_blank\">Anodized Aluminum Tubes<\/a><\/li>\r\n<li><a href=\"https:\/\/sinoextrud.com\/product\/6061-oval-aluminum-tubing\/\" target=\"_blank\">6061 Oval Aluminum Tubing<\/a><\/li>\r\n<li><a href=\"https:\/\/sinoextrud.com\/product\/color-anodized-structural-aluminum-extrusions-profile-for-window-frame-extruded-aluminium-alloys-6063\/\" target=\"_blank\">Color Anodized structural aluminum extrusions Profile for Window Frame extruded aluminium alloys 6063<\/a><\/li>\r\n<li><a href=\"https:\/\/sinoextrud.com\/product\/double-angle-aluminium-extrusion\/\" target=\"_blank\">Double Angle Aluminium Extrusion<\/a><\/li>"},"feature_list":[]},"_links":{"self":[{"href":"https:\/\/sinoextrud.com\/da\/wp-json\/wp\/v2\/product\/6474","targetHints":{"allow":["GET"]}}],"collection":[{"href":"https:\/\/sinoextrud.com\/da\/wp-json\/wp\/v2\/product"}],"about":[{"href":"https:\/\/sinoextrud.com\/da\/wp-json\/wp\/v2\/types\/product"}],"wp:featuredmedia":[{"embeddable":true,"href":"https:\/\/sinoextrud.com\/da\/wp-json\/wp\/v2\/media\/6473"}],"wp:attachment":[{"href":"https:\/\/sinoextrud.com\/da\/wp-json\/wp\/v2\/media?parent=6474"}],"wp:term":[{"taxonomy":"category","embeddable":true,"href":"https:\/\/sinoextrud.com\/da\/wp-json\/wp\/v2\/categories?post=6474"}],"curies":[{"name":"wp","href":"https:\/\/api.w.org\/{rel}","templated":true}]}}