{"id":6462,"date":"2025-05-29T02:29:17","date_gmt":"2025-05-29T02:29:17","guid":{"rendered":"https:\/\/sinoextrud.com\/product\/40-x-40-aluminium-extrusion\/"},"modified":"2025-06-24T06:10:57","modified_gmt":"2025-06-24T06:10:57","slug":"40-x-40-aluminiumsprofiler","status":"publish","type":"product","link":"https:\/\/sinoextrud.com\/da\/product\/40-x-40-aluminium-extrusion\/","title":{"rendered":"40 X 40 Ekstruderet aluminium"},"content":{"rendered":"<h2>Detaljer om produkter<\/h2>\n<table class=\"custom-table\">\n<tr>\n<td class=\"label\">Model nr:<\/td>\n<td> 40\u00d740 almindeligt r\u00f8r<\/td>\n<\/tr>\n<tr>\n<td class=\"label\">Overfladebehandling:<\/td>\n<td> som kr\u00e6vet<\/td>\n<\/tr>\n<tr>\n<td class=\"label\">Legering:<\/td>\n<td> Legering<\/td>\n<\/tr>\n<tr>\n<td class=\"label\">Materiale:<\/td>\n<td> AA6061\/6063<\/td>\n<\/tr>\n<tr>\n<td class=\"label\">Legnth:<\/td>\n<td> op til 6000 mm<\/td>\n<\/tr>\n<tr>\n<td class=\"label\">H\u00f8jde eller diameter:<\/td>\n<td> op til 150 mm<\/td>\n<\/tr>\n<tr>\n<td class=\"label\">Aluminium Temperatur:<\/td>\n<td> T5\/T6<\/td>\n<\/tr>\n<tr>\n<td class=\"label\">Pakkem\u00e5de:<\/td>\n<td> Den bedst egnede m\u00e5de at pakke p\u00e5<\/td>\n<\/tr>\n<tr>\n<td class=\"label\">Transportpakke:<\/td>\n<td> Den bedst egnede m\u00e5de at pakke p\u00e5<\/td>\n<\/tr>\n<tr>\n<td class=\"label\">HS-kode:<\/td>\n<td> 7608100000<\/td>\n<\/tr>\n<tr>\n<td class=\"label\">Form:<\/td>\n<td> Flere slags<\/td>\n<\/tr>\n<tr>\n<td class=\"label\">Karakter:<\/td>\n<td> 6000-serien<\/td>\n<\/tr>\n<tr>\n<td class=\"label\">Temperament:<\/td>\n<td> T6<\/td>\n<\/tr>\n<tr>\n<td class=\"label\">Bredde eller diameter:<\/td>\n<td> op til 150 mm<\/td>\n<\/tr>\n<tr>\n<td class=\"label\">V\u00e6ggens tykkelse:<\/td>\n<td> op til 10 mm<\/td>\n<\/tr>\n<tr>\n<td class=\"label\">Overfladefinish:<\/td>\n<td> Original, maling, pulverlakering, zinkbel\u00e6gning<\/td>\n<\/tr>\n<tr>\n<td class=\"label\">Anvendelse:<\/td>\n<td> Varmeveksler og industrielle omr\u00e5der<\/td>\n<\/tr>\n<tr>\n<td class=\"label\">Oprindelse:<\/td>\n<td> Guangdong, Kina<\/td>\n<\/tr>\n<\/table>\n<h2>Vores produktionsbase<\/h2>\n<h3>Panorama over fabrikken<\/h3>\n<p><img decoding=\"async\" src=\"\/wp-content\/uploads\/factory-01.webp\"\/><\/p>\n<h3>V\u00e6rksted til fremstilling af aluminiumst\u00e6nger<\/h3>\n<p><img decoding=\"async\" src=\"\/wp-content\/uploads\/factory-02.webp\"\/><\/p>\n<p><img decoding=\"async\" src=\"\/wp-content\/uploads\/factory-03.webp\"\/><\/p>\n<h3>Lager til opbevaring af skimmelsvampe<\/h3>\n<p><img decoding=\"async\" src=\"\/wp-content\/uploads\/factory-04.webp\"\/><\/p>\n<h3>43 ekstruderingslinjer for aluminium (500-5500 ton)<\/h3>\n<p><img decoding=\"async\" src=\"\/wp-content\/uploads\/factory-05.webp\"\/><\/p>\n<p><img decoding=\"async\" src=\"\/wp-content\/uploads\/factory-06.webp\"\/><\/p>\n<p><img decoding=\"async\" src=\"\/wp-content\/uploads\/factory-07.webp\"\/><\/p>\n<h3>V\u00e6rksted for pulverlakering<\/h3>\n<p><img decoding=\"async\" src=\"\/wp-content\/uploads\/factory-09.webp\"\/><\/p>\n<h3>Anodiseringsv\u00e6rksted<\/h3>\n<p><img decoding=\"async\" src=\"\/wp-content\/uploads\/factory-10.webp\"\/><\/p>\n<h3>Workshop om dyb behandling<\/h3>\n<p><img decoding=\"async\" src=\"\/wp-content\/uploads\/factory-11.webp\"\/><\/p>\n<h3>V\u00e6rksted for CNC-pr\u00e6cisionsbearbejdning<\/h3>\n<p><img decoding=\"async\" src=\"\/wp-content\/uploads\/factory-11.5.webp\"\/><\/p>\n<h3>F\u00e6rdigvare- og eksportlager<\/h3>\n<p><img decoding=\"async\" src=\"\/wp-content\/uploads\/factory-12.webp\"\/><\/p>\n<p><img decoding=\"async\" src=\"\/wp-content\/uploads\/factory-13.webp\"\/><\/p>\n<p><img decoding=\"async\" src=\"\/wp-content\/uploads\/factory-14.webp\"\/><\/p>\n<h2>OFTE STILLEDE SP\u00d8RGSM\u00c5L<\/h2>\n<p><p><b>1. Hvad bruges 40 X 40 aluminiumsekstrudering til?<\/b><\/p>\n<p>40 X 40 aluminiumekstrudering bruges i vid udstr\u00e6kning til modul\u00e6re rammer, maskinafsk\u00e6rmninger, arbejdsstationer og reolsystemer p\u00e5 grund af dets standardiserede T-notdesign og alsidighed.<br \/>\n<\/p><br \/>\n<br \/>\n<p><b>2. Hvad er de vigtigste fordele ved 40 X 40 aluminiumsekstrudering?<\/b><\/p>\n<p>40 X 40 aluminiumsekstrudering giver et fremragende forhold mellem styrke og v\u00e6gt, korrosionsbestandighed, pr\u00e6cise tolerancer og nem montering med kompatible stik.<br \/>\n<\/p><br \/>\n<br \/>\n<p><b>3. Hvorfor v\u00e6lge 40 X 40 aluminiumsekstrudering til modul\u00e6r indramning?<\/b><\/p>\n<p>T-noten p\u00e5 40 X 40 aluminiumsekstrudering muligg\u00f8r v\u00e6rkt\u00f8jsfri montering, fleksibel omplacering af paneler og hurtig integration af tilbeh\u00f8r til hurtig udbygning.<br \/>\n<\/p><br \/>\n<br \/>\n<p><b>4. Kan 40 X 40 aluminiumsekstrudering tilpasses?<\/b><\/p>\n<p>Ja, 40 X 40 Aluminium Extrusion kan sk\u00e6res til i l\u00e6ngden, bearbejdes med brugerdefinerede hulm\u00f8nstre og parres med forskellige overfladebehandlinger for at opfylde specifikke designbehov.<br \/>\n<\/p><br \/>\n<br \/>\n<p><b>5. Hvilke overfladebehandlinger er tilg\u00e6ngelige for 40 X 40 aluminiumsekstrudering?<\/b><\/p>\n<p>Almindelige overflader til 40 X 40 aluminiumekstrudering omfatter anodiseret, pulverlakeret og fr\u00e6set finish, hvilket forbedrer holdbarheden, \u00e6stetikken og korrosionsbeskyttelsen.<br \/>\n<\/p><br \/>\n<br \/>\n<p><b>6. Er 40 X 40 aluminiumsekstruderinger egnede til kraftig brug?<\/b><\/p>\n<p>Ja, n\u00e5r de kombineres med de rigtige T-notbef\u00e6stelser og forst\u00e6rkninger, kan 40 X 40 aluminiumsekstruderinger b\u00e6re betydelige belastninger i industrielle anvendelser.<br \/>\n<\/p><br \/>\n<br \/>\n<p><b>7. Hvordan underst\u00f8tter 40 X 40 Aluminium Extrusion b\u00e6redygtigt design?<\/b><\/p>\n<p>40 X 40 Aluminium Extrusion er 100% genanvendeligt og energieffektivt at producere, hvilket reducerer materialespild og underst\u00f8tter milj\u00f8venligt, modul\u00e6rt byggeri.<br \/>\n<\/p><br \/><\/p>","protected":false},"featured_media":6461,"template":"","categories":[60],"class_list":["post-6462","product","type-product","status-publish","has-post-thumbnail","hentry","category-general-tubes-and-bars"],"meta_box":{"hilight_text_group":{"product_hilight_text":"<li>Standard 40x40 profile ideal for versatile structural and framing solutions<\/li>\r\r\n<li>Made from high-strength aluminum alloy with excellent corrosion resistance<\/li>\r\r\n<li>Precision extrusion ensures consistent dimensions and smooth finish<\/li>\r\r\n<li>Compatible with a wide range of connectors and modular accessories<\/li>\r\r\n<li>Supports custom lengths and surface treatments for diverse applications<\/li>","product_chanpin_blog":"<ul>\r\r\n<li><a href=\"https:\/\/sinoextrud.com\/t-slot-v-slot-differences\/\" target=\"_blank\">t slot vs v slot<\/a><\/li>\r\r\n<li><a href=\"https:\/\/sinoextrud.com\/what-is-4040-aluminium-extrud\/\" target=\"_blank\">4040 aluminium extrusion<\/a><\/li>\r\r\n<li><a href=\"https:\/\/sinoextrud.com\/what-is-4040-aluminium-extrud\/\" target=\"_blank\">aluminum extrusions for industrial racks<\/a><\/li>\r\r\n<li><a href=\"https:\/\/sinoextrud.com\/powder-coating-aluminium-process\/\" target=\"_blank\">powder coating aluminium<\/a><\/li>\r\r\n<li><a href=\"https:\/\/sinoextrud.com\/what-is-an-aluminium-strip-ceiling\/\" target=\"_blank\">aluminium strip ceiling<\/a><\/li>\r\r\n<li><a href=\"https:\/\/sinoextrud.com\/what-is-a-heat-sink\/\" target=\"_blank\">what is a heat sink<\/a><\/li>\r\r\n<\/ul>","product_chanpin_chanpin":"<li><a href=\"https:\/\/sinoextrud.com\/product\/oval-aluminum-tube\/\" target=\"_blank\">Oval Aluminum Tube<\/a><\/li>\r\n<li><a href=\"https:\/\/sinoextrud.com\/product\/triangle-aluminum-profile\/\" target=\"_blank\">Triangle Aluminum Profile<\/a><\/li>\r\n<li><a href=\"https:\/\/sinoextrud.com\/product\/extruded-aluminium-round-tube\/\" target=\"_blank\">Extruded Aluminium Round Tube<\/a><\/li>\r\n<li><a href=\"https:\/\/sinoextrud.com\/product\/u-shaped-aluminum-extrusion\/\" target=\"_blank\">U Shaped Aluminum Extrusion<\/a><\/li>\r\n<li><a href=\"https:\/\/sinoextrud.com\/product\/40-x-40-aluminium-extrusion\/\" target=\"_blank\">40 X 40 Aluminium Extrusion<\/a><\/li>\r\n<li><a href=\"https:\/\/sinoextrud.com\/product\/aluminium-bars\/\" target=\"_blank\">Aluminium Bars<\/a><\/li>\r\n<li><a href=\"https:\/\/sinoextrud.com\/product\/3003-aluminum-tube-and-pipe\/\" target=\"_blank\">3003 Aluminum Tube And Pipe<\/a><\/li>\r\n<li><a href=\"https:\/\/sinoextrud.com\/product\/triangle-champagne-aluminum-extruded-tube\/\" target=\"_blank\">Triangle Champagne Aluminum Extruded Tube<\/a><\/li>\r\n<li><a href=\"https:\/\/sinoextrud.com\/product\/6063-aluminum-pipe-fire-hydrant-aluminum-profile\/\" target=\"_blank\">6063 Aluminum Pipe Fire Hydrant Aluminum Profile<\/a><\/li>\r\n<li><a href=\"https:\/\/sinoextrud.com\/product\/aerospace-aluminum-extrusions\/\" target=\"_blank\">Aerospace Aluminum Extrusions<\/a><\/li>\r\n<li><a href=\"https:\/\/sinoextrud.com\/product\/anodized-aluminium-profile-value-frame-extrusion\/\" target=\"_blank\">Anodized Aluminium Profile Value Frame Extrusion<\/a><\/li>"},"feature_list":[]},"_links":{"self":[{"href":"https:\/\/sinoextrud.com\/da\/wp-json\/wp\/v2\/product\/6462","targetHints":{"allow":["GET"]}}],"collection":[{"href":"https:\/\/sinoextrud.com\/da\/wp-json\/wp\/v2\/product"}],"about":[{"href":"https:\/\/sinoextrud.com\/da\/wp-json\/wp\/v2\/types\/product"}],"wp:featuredmedia":[{"embeddable":true,"href":"https:\/\/sinoextrud.com\/da\/wp-json\/wp\/v2\/media\/6461"}],"wp:attachment":[{"href":"https:\/\/sinoextrud.com\/da\/wp-json\/wp\/v2\/media?parent=6462"}],"wp:term":[{"taxonomy":"category","embeddable":true,"href":"https:\/\/sinoextrud.com\/da\/wp-json\/wp\/v2\/categories?post=6462"}],"curies":[{"name":"wp","href":"https:\/\/api.w.org\/{rel}","templated":true}]}}