{"id":6454,"date":"2025-05-29T02:12:00","date_gmt":"2025-05-29T02:12:00","guid":{"rendered":"https:\/\/sinoextrud.com\/product\/oval-aluminum-tube\/"},"modified":"2025-06-24T06:10:56","modified_gmt":"2025-06-24T06:10:56","slug":"ovalt-aluminiumsror","status":"publish","type":"product","link":"https:\/\/sinoextrud.com\/da\/product\/oval-aluminum-tube\/","title":{"rendered":"Ovalt aluminiumsr\u00f8r"},"content":{"rendered":"<h2>Detaljer om produkter<\/h2>\n<table class=\"custom-table\">\n<tr>\n<td class=\"label\">Vare:<\/td>\n<td>Ovalt aluminiumsr\u00f8r, ovalt aluminiumsr\u00f8r<\/td>\n<\/tr>\n<tr>\n<td class=\"label\">Materiale:<\/td>\n<td>100% aluminiumsprofillegering:6063-T5,6061-T6,6463-T5,6082<\/td>\n<\/tr>\n<tr>\n<td class=\"label\">Brand:<\/td>\n<td>Sinoextrud<\/td>\n<\/tr>\n<tr>\n<td class=\"label\">St\u00f8rrelse:<\/td>\n<td>1m-9mortilpasset st\u00f8rrelse<\/td>\n<\/tr>\n<tr>\n<td class=\"label\">Farver:<\/td>\n<td>Anodiseret, woodgrain, pulverlakering, anodiseret poleret og b\u00f8rstet, elektroforese, flourcarbonpulverlakering osv.<\/td>\n<\/tr>\n<tr>\n<td class=\"label\">MOQ:<\/td>\n<td>200 kg for hver profil<\/td>\n<\/tr>\n<tr>\n<td class=\"label\">OEM-service:<\/td>\n<td>baseret p\u00e5 kundedesignede tegninger eller pr\u00f8ver<\/td>\n<\/tr>\n<tr>\n<td class=\"label\">Certificering tilg\u00e6ngelig:<\/td>\n<td>ISO, TUV, SGS<\/td>\n<\/tr>\n<tr>\n<td class=\"label\">Emballagedetaljer:<\/td>\n<td>(1) Indvendigt: pakket med beskyttende plastfilm til beskyttelse af hver profil<br \/>(2) Udenfor: pakket med vandt\u00e6t kunstpapir<\/td>\n<\/tr>\n<tr>\n<td class=\"label\">Leveringstid:<\/td>\n<td>(1) Formudvikling og stikpr\u00f8vetest: 12-18 dage.<br \/>(2) Produktionsvarighed: 25-30 dage efter, at pr\u00f8ven er bekr\u00e6ftet af k\u00f8beren.<\/td>\n<\/tr>\n<tr>\n<td class=\"label\">Betalingsbetingelser:<\/td>\n<td>T\/T, 30%downpayment, mens saldoen udbetales f\u00f8r levering.<\/td>\n<\/tr>\n<tr>\n<td class=\"label\">Forligsperiode:<\/td>\n<td>Den endelige betaling skal v\u00e6re baseret p\u00e5 den endelige fysiske vejning.<\/td>\n<\/tr>\n<tr>\n<td class=\"label\">Produktionskapacitet:<\/td>\n<td>2400-3000Metrictones pr. m\u00e5ned.<\/td>\n<\/tr>\n<tr>\n<td class=\"label\">Produktionsgaranti:<\/td>\n<td>Overfladefarven kan holde i 10-20 \u00e5r ved indend\u00f8rs brug.<\/td>\n<\/tr>\n<tr>\n<td class=\"label\">Havn:<\/td>\n<td>Shenzhen, Guangzhou, Foshan<\/td>\n<\/tr>\n<\/table>\n<h2>Vores produktionsbase<\/h2>\n<h3>Panorama over fabrikken<\/h3>\n<p><img decoding=\"async\" src=\"\/wp-content\/uploads\/factory-01.webp\"\/><\/p>\n<h3>V\u00e6rksted til fremstilling af aluminiumst\u00e6nger<\/h3>\n<p><img decoding=\"async\" src=\"\/wp-content\/uploads\/factory-02.webp\"\/><\/p>\n<\/p>\n<p><img decoding=\"async\" src=\"\/wp-content\/uploads\/factory-03.webp\"\/><\/p>\n<h3>Lager til opbevaring af skimmelsvampe<\/h3>\n<p><img decoding=\"async\" src=\"\/wp-content\/uploads\/factory-04.webp\"\/><\/p>\n<h3>43 ekstruderingslinjer for aluminium (500-5500 ton)<\/h3>\n<p><img decoding=\"async\" src=\"\/wp-content\/uploads\/factory-05.webp\"\/><\/p>\n<p><img decoding=\"async\" src=\"\/wp-content\/uploads\/factory-06.webp\"\/><\/p>\n<p><img decoding=\"async\" src=\"\/wp-content\/uploads\/factory-07.webp\"\/><\/p>\n<h3>V\u00e6rksted for pulverlakering<\/h3>\n<p><img decoding=\"async\" src=\"\/wp-content\/uploads\/factory-09.webp\"\/><\/p>\n<h3>Anodiseringsv\u00e6rksted<\/h3>\n<p><img decoding=\"async\" src=\"\/wp-content\/uploads\/factory-10.webp\"\/><\/p>\n<h3>Workshop om dyb behandling<\/h3>\n<p><img decoding=\"async\" src=\"\/wp-content\/uploads\/factory-11.webp\"\/><\/p>\n<h3>V\u00e6rksted for CNC-pr\u00e6cisionsbearbejdning<\/h3>\n<p><img decoding=\"async\" src=\"\/wp-content\/uploads\/factory-11.5.webp\"\/><\/p>\n<h3>F\u00e6rdigvare- og eksportlager<\/h3>\n<p><img decoding=\"async\" src=\"\/wp-content\/uploads\/factory-12.webp\"\/><\/p>\n<p><img decoding=\"async\" src=\"\/wp-content\/uploads\/factory-13.webp\"\/><\/p>\n<p><img decoding=\"async\" src=\"\/wp-content\/uploads\/factory-14.webp\"\/><\/p>\n<h2>OFTE STILLEDE SP\u00d8RGSM\u00c5L<\/h2>\n<p><b>1. Hvad bruges et ovalt aluminiumsr\u00f8r til?<\/b><\/p>\n<p>Ovale aluminiumsr\u00f8r bruges i m\u00f8belrammer, bilbekl\u00e6dning, marine r\u00e6kv\u00e6rk og arkitektoniske accenter p\u00e5 grund af deres unikke form og lette styrke.\n<\/p>\n<p><\/p>\n<p><b>2. Hvad er fordelene ved ovale aluminiumsr\u00f8r?<\/b><\/p>\n<p>Ovale aluminiumsr\u00f8r giver et fremragende forhold mellem styrke og v\u00e6gt, korrosionsbestandighed og et elegant udseende, hvilket g\u00f8r dem ideelle til b\u00e5de strukturelle og dekorative form\u00e5l.\n<\/p>\n<p><\/p>\n<p><b>3. Hvorfor v\u00e6lge et ovalt aluminiumsr\u00f8r frem for runde eller firkantede profiler?<\/b><\/p>\n<p>Ovale aluminiumsr\u00f8r giver et str\u00f8mlinet udseende, forbedret aerodynamik og alsidige monteringsmuligheder, der forbedrer b\u00e5de design og ydeevne.\n<\/p>\n<p><\/p>\n<p><b>4. kan ovale aluminiumsr\u00f8r tilpasses?<\/b><\/p>\n<p>Ja, ovale aluminiumsr\u00f8r kan tilpasses i dimensioner, v\u00e6gtykkelse, legeringskvalitet og overfladefinish for at opfylde specifikke tekniske og \u00e6stetiske krav.\n<\/p>\n<p><\/p>\n<p><b>5. Hvilke overfladebehandlinger kan man f\u00e5 til ovale aluminiumsr\u00f8r?<\/b><\/p>\n<p>Almindelige overflader til ovale aluminiumsr\u00f8r omfatter anodisering, pulverlakering og fr\u00e6sning, som forbedrer holdbarheden, korrosionsbeskyttelsen og det visuelle indtryk.\n<\/p>\n<p><\/p>\n<p><b>6. Er ovale aluminiumsr\u00f8r egnede til udend\u00f8rs brug?<\/b><\/p>\n<p>Ja, ovale aluminiumsr\u00f8r med anodiserede eller pulverlakerede overflader modst\u00e5r UV-eksponering, fugt og h\u00e5rdt vejr, hvilket g\u00f8r dem ideelle til udend\u00f8rs og marine milj\u00f8er.\n<\/p>\n<p><\/p>\n<p><b>7. Hvordan underst\u00f8tter ovale aluminiumsr\u00f8r b\u00e6redygtigt design?<\/b><\/p>\n<p>Ovale aluminiumsr\u00f8r er 100% genanvendelige, energieffektive at producere, og deres lette natur reducerer materialeforbrug og transportudledninger.\n<\/p>\n<p><\/p>\n<p><b>8. Hvilke industrier bruger ofte ovale aluminiumsr\u00f8r?<\/b><\/p>\n<p>Industrier som bil-, marine-, m\u00f8bel- og byggeindustrien udnytter ovale aluminiumsr\u00f8r for deres kombination af styrke, \u00e6stetik og korrosionsbestandighed.\n<\/p>\n<p><\/p>","protected":false},"featured_media":6453,"template":"","categories":[60],"class_list":["post-6454","product","type-product","status-publish","has-post-thumbnail","hentry","category-general-tubes-and-bars"],"meta_box":{"hilight_text_group":{"product_hilight_text":"<li>Sleek oval design ideal for aesthetic and functional applications<\/li>\r\r\n<li>Lightweight yet strong aluminum construction with excellent corrosion resistance<\/li>\r\r\n<li>Available in various sizes, wall thicknesses, and finishes<\/li>\r\r\n<li>Easy to fabricate, cut, and weld for custom projects<\/li>\r\r\n<li>Supports bulk orders and OEM customization<\/li>","product_chanpin_blog":"<ul>\r\r\n<li><a href=\"https:\/\/sinoextrud.com\/t-slot-v-slot-differences\/\" target=\"_blank\">t slot vs v slot<\/a><\/li>\r\r\n<li><a href=\"https:\/\/sinoextrud.com\/what-is-4040-aluminium-extrud\/\" target=\"_blank\">4040 aluminium extrusion<\/a><\/li>\r\r\n<li><a href=\"https:\/\/sinoextrud.com\/what-is-4040-aluminium-extrud\/\" target=\"_blank\">aluminum extrusions for industrial racks<\/a><\/li>\r\r\n<li><a href=\"https:\/\/sinoextrud.com\/powder-coating-aluminium-process\/\" target=\"_blank\">powder coating aluminium<\/a><\/li>\r\r\n<li><a href=\"https:\/\/sinoextrud.com\/what-is-an-aluminium-strip-ceiling\/\" target=\"_blank\">aluminium strip ceiling<\/a><\/li>\r\r\n<li><a href=\"https:\/\/sinoextrud.com\/what-is-a-heat-sink\/\" target=\"_blank\">what is a heat sink<\/a><\/li>\r\r\n<\/ul>","product_chanpin_chanpin":"<li><a href=\"https:\/\/sinoextrud.com\/product\/aluminum-u-profile\/\" target=\"_blank\">Aluminum U Profile<\/a><\/li>\r\n<li><a href=\"https:\/\/sinoextrud.com\/product\/short-run-custom-aluminum-extrusions\/\" target=\"_blank\">Short Run Custom Aluminum Extrusions<\/a><\/li>\r\n<li><a href=\"https:\/\/sinoextrud.com\/product\/thick-wall-large-diameter-aluminium-pipe\/\" target=\"_blank\">Thick Wall Large Diameter Aluminium Pipe<\/a><\/li>\r\n<li><a href=\"https:\/\/sinoextrud.com\/product\/triangle-aluminium-tube-factory-price\/\" target=\"_blank\">Triangle Aluminium Tube Factory Price<\/a><\/li>\r\n<li><a href=\"https:\/\/sinoextrud.com\/product\/oval-aluminum-tube\/\" target=\"_blank\">Oval Aluminum Tube<\/a><\/li>\r\n<li><a href=\"https:\/\/sinoextrud.com\/product\/triangle-aluminum-profile\/\" target=\"_blank\">Triangle Aluminum Profile<\/a><\/li>\r\n<li><a href=\"https:\/\/sinoextrud.com\/product\/extruded-aluminium-round-tube\/\" target=\"_blank\">Extruded Aluminium Round Tube<\/a><\/li>\r\n<li><a href=\"https:\/\/sinoextrud.com\/product\/u-shaped-aluminum-extrusion\/\" target=\"_blank\">U Shaped Aluminum Extrusion<\/a><\/li>\r\n<li><a href=\"https:\/\/sinoextrud.com\/product\/40-x-40-aluminium-extrusion\/\" target=\"_blank\">40 X 40 Aluminium Extrusion<\/a><\/li>\r\n<li><a href=\"https:\/\/sinoextrud.com\/product\/aluminium-profile\/\" target=\"_blank\">Aluminium profile<\/a><\/li>\r\n<li><a href=\"https:\/\/sinoextrud.com\/product\/custom-made-modern-wood-grain-color-kitchen-cabinet-aluminium-extrusion-profile\/\" target=\"_blank\">Custom made modern wood grain color kitchen cabinet aluminium extrusion profile<\/a><\/li>"},"feature_list":[]},"_links":{"self":[{"href":"https:\/\/sinoextrud.com\/da\/wp-json\/wp\/v2\/product\/6454","targetHints":{"allow":["GET"]}}],"collection":[{"href":"https:\/\/sinoextrud.com\/da\/wp-json\/wp\/v2\/product"}],"about":[{"href":"https:\/\/sinoextrud.com\/da\/wp-json\/wp\/v2\/types\/product"}],"wp:featuredmedia":[{"embeddable":true,"href":"https:\/\/sinoextrud.com\/da\/wp-json\/wp\/v2\/media\/6453"}],"wp:attachment":[{"href":"https:\/\/sinoextrud.com\/da\/wp-json\/wp\/v2\/media?parent=6454"}],"wp:term":[{"taxonomy":"category","embeddable":true,"href":"https:\/\/sinoextrud.com\/da\/wp-json\/wp\/v2\/categories?post=6454"}],"curies":[{"name":"wp","href":"https:\/\/api.w.org\/{rel}","templated":true}]}}