{"id":6444,"date":"2025-05-29T01:57:14","date_gmt":"2025-05-29T01:57:14","guid":{"rendered":"https:\/\/sinoextrud.com\/product\/aluminum-u-profile\/"},"modified":"2025-06-24T06:10:54","modified_gmt":"2025-06-24T06:10:54","slug":"u-profil-i-aluminium","status":"publish","type":"product","link":"https:\/\/sinoextrud.com\/da\/product\/aluminum-u-profile\/","title":{"rendered":"U-profil i aluminium"},"content":{"rendered":"<h2>Detaljer om produkter<\/h2>\n<table class=\"custom-table\">\n<tr>\n<td class=\"label\">Produktets navn<\/td>\n<td>Ekstruderet firkantet r\u00f8r i aluminium<\/td>\n<\/tr>\n<tr>\n<td class=\"label\">Materiale<\/td>\n<td>6000\/7000-serien<\/td>\n<\/tr>\n<tr>\n<td class=\"label\">Karakter<\/td>\n<td>6063T3-T8<\/td>\n<\/tr>\n<tr>\n<td class=\"label\">Udvendig diameter<\/td>\n<td>Tilpasset<\/td>\n<\/tr>\n<tr>\n<td class=\"label\">L\u00e6ngde<\/td>\n<td>efter behov, standard: 1m-9m<\/td>\n<\/tr>\n<tr>\n<td class=\"label\">Tykkelse<\/td>\n<td>tilpasset<\/td>\n<\/tr>\n<tr>\n<td class=\"label\">Form<\/td>\n<td>Rund, firkantet, rektangul\u00e6r osv.<\/td>\n<\/tr>\n<tr>\n<td class=\"label\">Standard<\/td>\n<td>DIN GB ISO JIS BA ANSI<\/td>\n<\/tr>\n<tr>\n<td class=\"label\">Overfladebehandlinger<\/td>\n<td>Anodisering, polering, pulverlakering, elektroforese, sandbl\u00e6sning, bel\u00e6gningsfilm osv.<\/td>\n<\/tr>\n<tr>\n<td class=\"label\">Levering<\/td>\n<td>20-25 dage<\/td>\n<\/tr>\n<\/table>\n<h2>Vores produktionsbase<\/h2>\n<h3>Panorama over fabrikken<\/h3>\n<p><img decoding=\"async\" src=\"\/wp-content\/uploads\/factory-01.webp\"\/><\/p>\n<h3>V\u00e6rksted til fremstilling af aluminiumst\u00e6nger<\/h3>\n<p><img decoding=\"async\" src=\"\/wp-content\/uploads\/factory-02.webp\"\/><\/p>\n<p><img decoding=\"async\" src=\"\/wp-content\/uploads\/factory-03.webp\"\/><\/p>\n<h3>Lager til opbevaring af skimmelsvampe<\/h3>\n<p><img decoding=\"async\" src=\"\/wp-content\/uploads\/factory-04.webp\"\/><\/p>\n<h3>43 ekstruderingslinjer for aluminium (500-5500 ton)<\/h3>\n<p><img decoding=\"async\" src=\"\/wp-content\/uploads\/factory-05.webp\"\/><\/p>\n<p><img decoding=\"async\" src=\"\/wp-content\/uploads\/factory-06.webp\"\/><\/p>\n<p><img decoding=\"async\" src=\"\/wp-content\/uploads\/factory-07.webp\"\/><\/p>\n<h3>V\u00e6rksted for pulverlakering<\/h3>\n<p><img decoding=\"async\" src=\"\/wp-content\/uploads\/factory-09.webp\"\/><\/p>\n<h3>Anodiseringsv\u00e6rksted<\/h3>\n<p><img decoding=\"async\" src=\"\/wp-content\/uploads\/factory-10.webp\"\/><\/p>\n<h3>Workshop om dyb behandling<\/h3>\n<p><img decoding=\"async\" src=\"\/wp-content\/uploads\/factory-11.webp\"\/><\/p>\n<h3>V\u00e6rksted for CNC-pr\u00e6cisionsbearbejdning<\/h3>\n<p><img decoding=\"async\" src=\"\/wp-content\/uploads\/factory-11.5.webp\"\/><\/p>\n<h3>F\u00e6rdigvare- og eksportlager<\/h3>\n<p><img decoding=\"async\" src=\"\/wp-content\/uploads\/factory-12.webp\"\/><\/p>\n<p><img decoding=\"async\" src=\"\/wp-content\/uploads\/factory-13.webp\"\/><\/p>\n<p><img decoding=\"async\" src=\"\/wp-content\/uploads\/factory-14.webp\"\/><\/p>\n<h2>OFTE STILLEDE SP\u00d8RGSM\u00c5L<\/h2>\n<p><p><b>1. Hvad bruges en U-profil i aluminium til?<\/b><\/p>\n<p>En U-profil i aluminium bruges til kantbeskyttelse, indramning, glideskinner og dekorativ bekl\u00e6dning i byggeri, m\u00f8bler og arkitektoniske anvendelser.<br \/>\n<\/p><br \/>\n<br \/>\n<p><b>2. Hvad er de vigtigste fordele ved en U-profil i aluminium?<\/b><\/p>\n<p>U-profiler i aluminium har et h\u00f8jt styrke\/v\u00e6gt-forhold, fremragende korrosionsbestandighed og pr\u00e6cisionsm\u00e5l for p\u00e5lidelig ydeevne og lang levetid.<br \/>\n<\/p><br \/>\n<br \/>\n<p><b>3. Hvorfor v\u00e6lge en U-profil i aluminium frem for andre ekstruderingsformer?<\/b><\/p>\n<p>U-profiler i aluminium giver overlegen kanalst\u00f8tte, nem montering og elegant \u00e6stetik sammenlignet med flade st\u00e6nger eller L-profiler.<br \/>\n<\/p><br \/>\n<br \/>\n<p><b>4. kan U-profiler i aluminium tilpasses?<\/b><\/p>\n<p>Ja, U-profiler i aluminium kan skr\u00e6ddersys i kanalbredde, benh\u00f8jde, v\u00e6gtykkelse, legeringskvalitet og overfladefinish for at opfylde specifikke design- og konstruktionskrav.<br \/>\n<\/p><br \/>\n<br \/>\n<p><b>5. Hvilke overfladebehandlinger er tilg\u00e6ngelige for U-profiler i aluminium?<\/b><\/p>\n<p>Almindelige overflader til U-profiler i aluminium omfatter anodisering, pulverlakering og fr\u00e6sning, hvilket forbedrer korrosionsbeskyttelsen, holdbarheden og det visuelle indtryk.<br \/>\n<\/p><br \/>\n<br \/>\n<p><b>6. Er U-profiler af aluminium egnede til udend\u00f8rs brug?<\/b><\/p>\n<p>Ja, med anodiseret eller pulverlakeret finish er U-profiler af aluminium meget modstandsdygtige over for UV-eksponering, fugt og barske vejrforhold.<br \/>\n<\/p><br \/>\n<br \/>\n<p><b>7. Hvordan forbedrer U-profilen i aluminium installationens effektivitet?<\/b><\/p>\n<p>Den ensartede kanal og de pr\u00e6cise tolerancer i U-profiler af aluminium muligg\u00f8r hurtig og v\u00e6rkt\u00f8jsfri montering af paneler, t\u00e6tninger og tilbeh\u00f8r, hvilket reducerer arbejdstiden.<br \/>\n<\/p><br \/>\n<br \/>\n<p><b>8. Hvordan underst\u00f8tter U-profiler i aluminium b\u00e6redygtigt design?<\/b><\/p>\n<p>U-profiler i aluminium er 100% genanvendelige og energieffektive at producere, hvilket reducerer materialeaffald og milj\u00f8p\u00e5virkning i gr\u00f8nne byggeprojekter.<br \/>\n<\/p><br \/><\/p>","protected":false},"featured_media":6443,"template":"","categories":[60],"class_list":["post-6444","product","type-product","status-publish","has-post-thumbnail","hentry","category-general-tubes-and-bars"],"meta_box":{"hilight_text_group":{"product_hilight_text":"<li>U-shaped profile offers strong structural support and versatility<\/li>\r\r\n<li>Made from corrosion-resistant aluminum alloy for durability<\/li>\r\r\n<li>Precision extrusion ensures consistent dimensions and smooth finish<\/li>\r\r\n<li>Available in various sizes and thicknesses to suit different applications<\/li>\r\r\n<li>Ideal for construction, framing, and industrial fabrication projects<\/li>","product_chanpin_blog":"<ul>\r\r\n<li><a href=\"https:\/\/sinoextrud.com\/t-slot-v-slot-differences\/\" target=\"_blank\">t slot vs v slot<\/a><\/li>\r\r\n<li><a href=\"https:\/\/sinoextrud.com\/what-is-4040-aluminium-extrud\/\" target=\"_blank\">4040 aluminium extrusion<\/a><\/li>\r\r\n<li><a href=\"https:\/\/sinoextrud.com\/what-is-4040-aluminium-extrud\/\" target=\"_blank\">aluminum extrusions for industrial racks<\/a><\/li>\r\r\n<li><a href=\"https:\/\/sinoextrud.com\/powder-coating-aluminium-process\/\" target=\"_blank\">powder coating aluminium<\/a><\/li>\r\r\n<li><a href=\"https:\/\/sinoextrud.com\/what-is-an-aluminium-strip-ceiling\/\" target=\"_blank\">aluminium strip ceiling<\/a><\/li>\r\r\n<li><a href=\"https:\/\/sinoextrud.com\/what-is-a-heat-sink\/\" target=\"_blank\">what is a heat sink<\/a><\/li>\r\r\n<\/ul>","product_chanpin_chanpin":"<li><a href=\"https:\/\/sinoextrud.com\/product\/extruded-aluminum-z-bar\/\" target=\"_blank\">Extruded Aluminum Z Bar<\/a><\/li>\r\n<li><a href=\"https:\/\/sinoextrud.com\/product\/aluminium-extrusion-pipe\/\" target=\"_blank\">Aluminium Extrusion Pipe<\/a><\/li>\r\n<li><a href=\"https:\/\/sinoextrud.com\/product\/alloy-aluminium\/\" target=\"_blank\">Alloy Aluminium<\/a><\/li>\r\n<li><a href=\"https:\/\/sinoextrud.com\/product\/aluminium-piping\/\" target=\"_blank\">Aluminium Piping<\/a><\/li>\r\n<li><a href=\"https:\/\/sinoextrud.com\/product\/aluminum-u-profile\/\" target=\"_blank\">Aluminum U Profile<\/a><\/li>\r\n<li><a href=\"https:\/\/sinoextrud.com\/product\/short-run-custom-aluminum-extrusions\/\" target=\"_blank\">Short Run Custom Aluminum Extrusions<\/a><\/li>\r\n<li><a href=\"https:\/\/sinoextrud.com\/product\/thick-wall-large-diameter-aluminium-pipe\/\" target=\"_blank\">Thick Wall Large Diameter Aluminium Pipe<\/a><\/li>\r\n<li><a href=\"https:\/\/sinoextrud.com\/product\/triangle-aluminium-tube-factory-price\/\" target=\"_blank\">Triangle Aluminium Tube Factory Price<\/a><\/li>\r\n<li><a href=\"https:\/\/sinoextrud.com\/product\/oval-aluminum-tube\/\" target=\"_blank\">Oval Aluminum Tube<\/a><\/li>\r\n<li><a href=\"https:\/\/sinoextrud.com\/product\/aluminum-profile-led-light-strip-bar\/\" target=\"_blank\">Aluminum Profile LED Light Strip Bar<\/a><\/li>\r\n<li><a href=\"https:\/\/sinoextrud.com\/product\/aluminum-z-section-extrusions\/\" target=\"_blank\">Aluminum Z Section Extrusions<\/a><\/li>"},"feature_list":[]},"_links":{"self":[{"href":"https:\/\/sinoextrud.com\/da\/wp-json\/wp\/v2\/product\/6444","targetHints":{"allow":["GET"]}}],"collection":[{"href":"https:\/\/sinoextrud.com\/da\/wp-json\/wp\/v2\/product"}],"about":[{"href":"https:\/\/sinoextrud.com\/da\/wp-json\/wp\/v2\/types\/product"}],"wp:featuredmedia":[{"embeddable":true,"href":"https:\/\/sinoextrud.com\/da\/wp-json\/wp\/v2\/media\/6443"}],"wp:attachment":[{"href":"https:\/\/sinoextrud.com\/da\/wp-json\/wp\/v2\/media?parent=6444"}],"wp:term":[{"taxonomy":"category","embeddable":true,"href":"https:\/\/sinoextrud.com\/da\/wp-json\/wp\/v2\/categories?post=6444"}],"curies":[{"name":"wp","href":"https:\/\/api.w.org\/{rel}","templated":true}]}}