{"id":6428,"date":"2025-05-28T08:59:19","date_gmt":"2025-05-28T08:59:19","guid":{"rendered":"https:\/\/sinoextrud.com\/product\/aluminium-angles\/"},"modified":"2025-06-24T06:10:53","modified_gmt":"2025-06-24T06:10:53","slug":"aluminiumsvinkler","status":"publish","type":"product","link":"https:\/\/sinoextrud.com\/da\/product\/aluminium-angles\/","title":{"rendered":"Vinkler i aluminium"},"content":{"rendered":"<h2>Detaljer om produkter<\/h2>\n<table class=\"custom-table\">\n<tr>\n<td class=\"label\">Model nr:<\/td>\n<td>aluminiumsvinkel 6063<\/td>\n<\/tr>\n<tr>\n<td class=\"label\">Type:<\/td>\n<td>almindelige r\u00f8r og st\u00e6nger<\/td>\n<\/tr>\n<tr>\n<td class=\"label\">Overfladens tilstand:<\/td>\n<td>Fr\u00e6sning<\/td>\n<\/tr>\n<tr>\n<td class=\"label\">st\u00f8rrelse:<\/td>\n<td>80*80 mm, 4,0 mm tykkelse<\/td>\n<\/tr>\n<tr>\n<td class=\"label\">L\u00e6ngde:<\/td>\n<td>5,8 mio. kr. pr. pc<\/td>\n<\/tr>\n<tr>\n<td class=\"label\">Pakke:<\/td>\n<td>en efter en rullet af PE-firma, 5 stk. en pakke, tilpasset<\/td>\n<\/tr>\n<tr>\n<td class=\"label\">Forsendelseshavn:<\/td>\n<td>FOB Guangzhou<\/td>\n<\/tr>\n<tr>\n<td class=\"label\">Specifikation:<\/td>\n<td>SGS ISO GB standard<\/td>\n<\/tr>\n<tr>\n<td class=\"label\">HS-kode:<\/td>\n<td>76042990<\/td>\n<\/tr>\n<tr>\n<td class=\"label\">Original:<\/td>\n<td>Foshan Kina<\/td>\n<\/tr>\n<tr>\n<td class=\"label\">Produktionskapacitet:<\/td>\n<td>200.000 kg\/m\u00e5ned<\/td>\n<\/tr>\n<\/table>\n<h2>Vores produktionsbase<\/h2>\n<h3>Panorama over fabrikken<\/h3>\n<p><img decoding=\"async\" src=\"\/wp-content\/uploads\/factory-01.webp\"\/><\/p>\n<h3>V\u00e6rksted til fremstilling af aluminiumst\u00e6nger<\/h3>\n<p><img decoding=\"async\" src=\"\/wp-content\/uploads\/factory-02.webp\"\/><\/p>\n<p><img decoding=\"async\" src=\"\/wp-content\/uploads\/factory-03.webp\"\/><\/p>\n<h3>Lager til opbevaring af skimmelsvampe<\/h3>\n<p><img decoding=\"async\" src=\"\/wp-content\/uploads\/factory-04.webp\"\/><\/p>\n<h3>43 ekstruderingslinjer for aluminium (500-5500 ton)<\/h3>\n<p><img decoding=\"async\" src=\"\/wp-content\/uploads\/factory-05.webp\"\/><\/p>\n<p><img decoding=\"async\" src=\"\/wp-content\/uploads\/factory-06.webp\"\/><\/p>\n<p><img decoding=\"async\" src=\"\/wp-content\/uploads\/factory-07.webp\"\/><\/p>\n<h3>V\u00e6rksted for pulverlakering<\/h3>\n<p><img decoding=\"async\" src=\"\/wp-content\/uploads\/factory-09.webp\"\/><\/p>\n<h3>Anodiseringsv\u00e6rksted<\/h3>\n<p><img decoding=\"async\" src=\"\/wp-content\/uploads\/factory-10.webp\"\/><\/p>\n<h3>Workshop om dyb behandling<\/h3>\n<p><img decoding=\"async\" src=\"\/wp-content\/uploads\/factory-11.webp\"\/><\/p>\n<h3>V\u00e6rksted for CNC-pr\u00e6cisionsbearbejdning<\/h3>\n<p><img decoding=\"async\" src=\"\/wp-content\/uploads\/factory-11.5.webp\"\/><\/p>\n<h3>F\u00e6rdigvare- og eksportlager<\/h3>\n<p><img decoding=\"async\" src=\"\/wp-content\/uploads\/factory-12.webp\"\/><\/p>\n<p><img decoding=\"async\" src=\"\/wp-content\/uploads\/factory-13.webp\"\/><\/p>\n<p><img decoding=\"async\" src=\"\/wp-content\/uploads\/factory-14.webp\"\/><\/p>\n<h2>OFTE STILLEDE SP\u00d8RGSM\u00c5L<\/h2>\n<p><p><b>1. Hvad bruges aluminiumsvinkler til?<\/b><\/p>\n<p>Aluminiumsvinkler bruges til indramning, afstivning, reoler og arkitektoniske anvendelser p\u00e5 grund af deres strukturelle st\u00f8tte og lette design.<br \/>\n<\/p><br \/>\n<br \/>\n<p><b>2. Hvad er fordelene ved aluminiumsvinkler?<\/b><\/p>\n<p>Aluminiumsvinkler har et h\u00f8jt styrke\/v\u00e6gt-forhold, er korrosionsbestandige og nemme at bearbejde, hvilket g\u00f8r dem ideelle til alsidige konstruktionsbehov.<br \/>\n<\/p><br \/>\n<br \/>\n<p><b>3. Hvorfor v\u00e6lge aluminiumsvinkler frem for st\u00e5lvinkler?<\/b><\/p>\n<p>Aluminiumsvinkler er lettere, rustfri og lettere at sk\u00e6re og svejse end st\u00e5l, hvilket reducerer installationstiden og vedligeholdelsesomkostningerne.<br \/>\n<\/p><br \/>\n<br \/>\n<p><b>4. Kan aluminiumsvinkler tilpasses?<\/b><\/p>\n<p>Ja, aluminiumsvinkler kan sk\u00e6res til i l\u00e6ngden, bores og bukkes, og de f\u00e5s i forskellige legeringer og tykkelser for at opfylde specifikke projektkrav.<br \/>\n<\/p><br \/>\n<br \/>\n<p><b>5. Hvilke overfladebehandlinger kan man f\u00e5 til aluminiumsvinkler?<\/b><\/p>\n<p>Almindelige overflader omfatter anodisering, pulverlakering og fr\u00e6sning, hvilket forbedrer holdbarheden, korrosionsbeskyttelsen og det \u00e6stetiske udtryk.<br \/>\n<\/p><br \/>\n<br \/>\n<p><b>6. Er aluminiumsvinkler egnede til udend\u00f8rs brug?<\/b><\/p>\n<p>Ja, aluminiumsvinkler med anodiseret eller pulverlakeret finish modst\u00e5r UV-eksponering, fugt og h\u00e5rdt vejr, hvilket sikrer en langvarig ydeevne.<br \/>\n<\/p><br \/>\n<br \/>\n<p><b>7. Hvordan underst\u00f8tter aluminiumsvinkler b\u00e6redygtigt design?<\/b><\/p>\n<p>Aluminiumsvinkler er 100% genanvendelige og energieffektive at producere, hvilket g\u00f8r dem til et milj\u00f8venligt valg til gr\u00f8nt byggeri og produktion.<br \/>\n<\/p><br \/><\/p>","protected":false},"featured_media":6427,"template":"","categories":[60],"class_list":["post-6428","product","type-product","status-publish","has-post-thumbnail","hentry","category-general-tubes-and-bars"],"meta_box":{"hilight_text_group":{"product_hilight_text":"<li>Strong and lightweight aluminum angles suitable for structural support<\/li>\r\r\n<li>Excellent corrosion resistance for indoor and outdoor applications<\/li>\r\r\n<li>Available in various sizes, thicknesses, and custom lengths<\/li>\r\r\n<li>Easy to cut, weld, and fabricate for diverse construction needs<\/li>\r\r\n<li>Reliable bulk supply with consistent quality and timely delivery<\/li>","product_chanpin_blog":"<ul>\r\r\n<li><a href=\"https:\/\/sinoextrud.com\/t-slot-v-slot-differences\/\" target=\"_blank\">t slot vs v slot<\/a><\/li>\r\r\n<li><a href=\"https:\/\/sinoextrud.com\/what-is-4040-aluminium-extrud\/\" target=\"_blank\">4040 aluminium extrusion<\/a><\/li>\r\r\n<li><a href=\"https:\/\/sinoextrud.com\/what-is-4040-aluminium-extrud\/\" target=\"_blank\">aluminum extrusions for industrial racks<\/a><\/li>\r\r\n<li><a href=\"https:\/\/sinoextrud.com\/powder-coating-aluminium-process\/\" target=\"_blank\">powder coating aluminium<\/a><\/li>\r\r\n<li><a href=\"https:\/\/sinoextrud.com\/what-is-an-aluminium-strip-ceiling\/\" target=\"_blank\">aluminium strip ceiling<\/a><\/li>\r\r\n<li><a href=\"https:\/\/sinoextrud.com\/what-is-a-heat-sink\/\" target=\"_blank\">what is a heat sink<\/a><\/li>\r\r\n<\/ul>","product_chanpin_chanpin":"<li><a href=\"https:\/\/sinoextrud.com\/product\/round-aluminum-tube\/\" target=\"_blank\">Round Aluminum Tube<\/a><\/li>\r\n<li><a href=\"https:\/\/sinoextrud.com\/product\/40x40-aluminium-profile\/\" target=\"_blank\">40\u00c3\u201440 Aluminium Profile<\/a><\/li>\r\n<li><a href=\"https:\/\/sinoextrud.com\/product\/aluminium-profile-channel\/\" target=\"_blank\">Aluminium Profile Channel<\/a><\/li>\r\n<li><a href=\"https:\/\/sinoextrud.com\/product\/rectangular-aluminum-tube\/\" target=\"_blank\">Rectangular Aluminum Tube<\/a><\/li>\r\n<li><a href=\"https:\/\/sinoextrud.com\/product\/aluminium-angles\/\" target=\"_blank\">Aluminium Angles<\/a><\/li>\r\n<li><a href=\"https:\/\/sinoextrud.com\/product\/thin-wall-extruded-aluminum-tubing\/\" target=\"_blank\">Thin Wall Extruded Aluminum Tubing<\/a><\/li>\r\n<li><a href=\"https:\/\/sinoextrud.com\/product\/extruded-aluminum-z-bar\/\" target=\"_blank\">Extruded Aluminum Z Bar<\/a><\/li>\r\n<li><a href=\"https:\/\/sinoextrud.com\/product\/aluminium-extrusion-pipe\/\" target=\"_blank\">Aluminium Extrusion Pipe<\/a><\/li>\r\n<li><a href=\"https:\/\/sinoextrud.com\/product\/alloy-aluminium\/\" target=\"_blank\">Alloy Aluminium<\/a><\/li>\r\n<li><a href=\"https:\/\/sinoextrud.com\/product\/triangular-extruded-aluminum-tube\/\" target=\"_blank\">Triangular Extruded Aluminum Tube<\/a><\/li>\r\n<li><a href=\"https:\/\/sinoextrud.com\/product\/aluminium-t-profil\/\" target=\"_blank\">Aluminium T Profil<\/a><\/li>"},"feature_list":[]},"_links":{"self":[{"href":"https:\/\/sinoextrud.com\/da\/wp-json\/wp\/v2\/product\/6428","targetHints":{"allow":["GET"]}}],"collection":[{"href":"https:\/\/sinoextrud.com\/da\/wp-json\/wp\/v2\/product"}],"about":[{"href":"https:\/\/sinoextrud.com\/da\/wp-json\/wp\/v2\/types\/product"}],"wp:featuredmedia":[{"embeddable":true,"href":"https:\/\/sinoextrud.com\/da\/wp-json\/wp\/v2\/media\/6427"}],"wp:attachment":[{"href":"https:\/\/sinoextrud.com\/da\/wp-json\/wp\/v2\/media?parent=6428"}],"wp:term":[{"taxonomy":"category","embeddable":true,"href":"https:\/\/sinoextrud.com\/da\/wp-json\/wp\/v2\/categories?post=6428"}],"curies":[{"name":"wp","href":"https:\/\/api.w.org\/{rel}","templated":true}]}}