{"id":6426,"date":"2025-05-28T08:54:39","date_gmt":"2025-05-28T08:54:39","guid":{"rendered":"https:\/\/sinoextrud.com\/product\/rectangular-aluminum-tube\/"},"modified":"2025-06-24T06:10:53","modified_gmt":"2025-06-24T06:10:53","slug":"rektangulaert-aluminiumsror","status":"publish","type":"product","link":"https:\/\/sinoextrud.com\/da\/product\/rectangular-aluminum-tube\/","title":{"rendered":"Rektangul\u00e6rt aluminiumsr\u00f8r"},"content":{"rendered":"<h2>Detaljer om produkter<\/h2>\n<table class=\"custom-table\">\n<tr>\n<td class=\"label\">Model nr:<\/td>\n<td> Rektangul\u00e6rt aluminiumsr\u00f8r<\/td>\n<\/tr>\n<tr>\n<td class=\"label\">Form:<\/td>\n<td> rektangul\u00e6r<\/td>\n<\/tr>\n<tr>\n<td class=\"label\">Temperament:<\/td>\n<td> 6063, T4-T6<\/td>\n<\/tr>\n<tr>\n<td class=\"label\">Legering:<\/td>\n<td> Legering 6063<\/td>\n<\/tr>\n<tr>\n<td class=\"label\">Tilpasset materiale:<\/td>\n<td> 6063 6463 6061 6082<\/td>\n<\/tr>\n<tr>\n<td class=\"label\">Tilpasset bearbejdning:<\/td>\n<td> Pr\u00e6cisionssk\u00e6ring, fr\u00e6sning, boring, gevindsk\u00e6ring osv.<\/td>\n<\/tr>\n<tr>\n<td class=\"label\">Farve:<\/td>\n<td> Fr\u00e6sning<\/td>\n<\/tr>\n<tr>\n<td class=\"label\">Oprindelse:<\/td>\n<td> Foshan Kina<\/td>\n<\/tr>\n<tr>\n<td class=\"label\">Type:<\/td>\n<td> \u00e5ben st\u00f8rrelse af Sinoextrud, tilpasset st\u00f8rrelse tilg\u00e6ngelig.<\/td>\n<\/tr>\n<tr>\n<td class=\"label\">Karakter:<\/td>\n<td> 6000-serien<\/td>\n<\/tr>\n<tr>\n<td class=\"label\">Anden overfladebehandling:<\/td>\n<td> Anodiseret, pulverlakeret osv.<\/td>\n<\/tr>\n<tr>\n<td class=\"label\">Certificering:<\/td>\n<td> ISO, RoHS, GB<\/td>\n<\/tr>\n<tr>\n<td class=\"label\">HS-kode:<\/td>\n<td> 76042990<\/td>\n<\/tr>\n<\/table>\n<h2>Vores produktionsbase<\/h2>\n<h3>Panorama over fabrikken<\/h3>\n<p><img decoding=\"async\" src=\"\/wp-content\/uploads\/factory-01.webp\"\/><\/p>\n<h3>V\u00e6rksted til fremstilling af aluminiumst\u00e6nger<\/h3>\n<p><img decoding=\"async\" src=\"\/wp-content\/uploads\/factory-02.webp\"\/><\/p>\n<p><img decoding=\"async\" src=\"\/wp-content\/uploads\/factory-03.webp\"\/><\/p>\n<h3>Lager til opbevaring af skimmelsvampe<\/h3>\n<p><img decoding=\"async\" src=\"\/wp-content\/uploads\/factory-04.webp\"\/><\/p>\n<h3>43 ekstruderingslinjer for aluminium (500-5500 ton)<\/h3>\n<p><img decoding=\"async\" src=\"\/wp-content\/uploads\/factory-05.webp\"\/><\/p>\n<p><img decoding=\"async\" src=\"\/wp-content\/uploads\/factory-06.webp\"\/><\/p>\n<p><img decoding=\"async\" src=\"\/wp-content\/uploads\/factory-07.webp\"\/><\/p>\n<h3>V\u00e6rksted for pulverlakering<\/h3>\n<p><img decoding=\"async\" src=\"\/wp-content\/uploads\/factory-09.webp\"\/><\/p>\n<h3>Anodiseringsv\u00e6rksted<\/h3>\n<p><img decoding=\"async\" src=\"\/wp-content\/uploads\/factory-10.webp\"\/><\/p>\n<h3>Workshop om dyb behandling<\/h3>\n<p><img decoding=\"async\" src=\"\/wp-content\/uploads\/factory-11.webp\"\/><\/p>\n<h3>V\u00e6rksted for CNC-pr\u00e6cisionsbearbejdning<\/h3>\n<p><img decoding=\"async\" src=\"\/wp-content\/uploads\/factory-11.5.webp\"\/><\/p>\n<h3>F\u00e6rdigvare- og eksportlager<\/h3>\n<p><img decoding=\"async\" src=\"\/wp-content\/uploads\/factory-12.webp\"\/><\/p>\n<p><img decoding=\"async\" src=\"\/wp-content\/uploads\/factory-13.webp\"\/><\/p>\n<p><img decoding=\"async\" src=\"\/wp-content\/uploads\/factory-14.webp\"\/><\/p>\n<h2>OFTE STILLEDE SP\u00d8RGSM\u00c5L<\/h2>\n<p><p><b>1. Hvad er de st\u00f8rste fordele ved at bruge rektangul\u00e6re aluminiumsr\u00f8r? <\/b><\/p>\n<p>Rektangul\u00e6re aluminiumsr\u00f8r har h\u00f8j styrke, letv\u00e6gtskonstruktion, korrosionsbestandighed og er nemme at fremstille, hvilket g\u00f8r dem ideelle til strukturelle og industrielle anvendelser.<br \/>\n<\/p><br \/>\n<br \/>\n<p><b>2. Er rektangul\u00e6re aluminiumsr\u00f8r korrosionsbestandige? <\/b><\/p>\n<p>Ja, rektangul\u00e6re aluminiumsr\u00f8r er naturligt korrosionsbestandige og ofte behandlet med ekstra bel\u00e6gninger for \u00f8get holdbarhed i barske milj\u00f8er.<br \/>\n<\/p><br \/>\n<br \/>\n<p><b>3. Kan rektangul\u00e6re aluminiumsr\u00f8r bruges til strukturelle anvendelser? <\/b><\/p>\n<p>Det h\u00f8je styrke\/v\u00e6gt-forhold g\u00f8r det rektangul\u00e6re aluminiumsr\u00f8r perfekt til b\u00e6rende og strukturelle rammer.<br \/>\n<\/p><br \/>\n<br \/>\n<p><b>4. Hvilke st\u00f8rrelser er tilg\u00e6ngelige for rektangul\u00e6re aluminiumsr\u00f8r? <\/b><\/p>\n<p>Rektangul\u00e6re aluminiumsr\u00f8r f\u00e5s i en lang r\u00e6kke st\u00f8rrelser og v\u00e6gtykkelser for at opfylde forskellige konstruktions- og produktionsbehov.<br \/>\n<\/p><br \/>\n<br \/>\n<p><b>5. Er aluminiumsr\u00f8r nemme at sk\u00e6re og svejse? <\/b><\/p>\n<p>Ja, rektangul\u00e6re aluminiumsr\u00f8r er kendt for fremragende bearbejdelighed og svejsbarhed, hvilket forenkler fremstilling og installation.<br \/>\n<\/p><br \/>\n<br \/>\n<p><b>6. Hvorfor v\u00e6lge aluminium frem for st\u00e5l til rektangul\u00e6re r\u00f8r? <\/b><\/p>\n<p>Aluminium er lettere, korrosionsbestandigt og lettere at arbejde med end st\u00e5l, samtidig med at det giver tilstr\u00e6kkelig styrke til mange anvendelser.<br \/>\n<\/p><br \/>\n<br \/>\n<p><b>7. Kan rektangul\u00e6re aluminiumsr\u00f8r tilpasses? <\/b><\/p>\n<p>Ja, de kan sk\u00e6res til i l\u00e6ngden, anodiseres eller pulverlakeres for at opfylde specifikke projekt- eller \u00e6stetiske krav.<br \/>\n<\/p><br \/><\/p>","protected":false},"featured_media":6425,"template":"","categories":[60],"class_list":["post-6426","product","type-product","status-publish","has-post-thumbnail","hentry","category-general-tubes-and-bars"],"meta_box":{"hilight_text_group":{"product_hilight_text":"<li>High-strength aluminum alloy material for heavy-duty structural applications<\/li>\r\r\n<li>Corrosion-resistant surface treatment suitable for various industrial environments<\/li>\r\r\n<li>Available in a wide range of sizes to meet custom project requirements<\/li>\r\r\n<li>Excellent weldability for easy fabrication and installation<\/li>\r\r\n<li>Lightweight structure reduces transportation and construction costs<\/li>","product_chanpin_blog":"<ul>\r\r\n<li><a href=\"https:\/\/sinoextrud.com\/t-slot-v-slot-differences\/\" target=\"_blank\">t slot vs v slot<\/a><\/li>\r\r\n<li><a href=\"https:\/\/sinoextrud.com\/what-is-4040-aluminium-extrud\/\" target=\"_blank\">4040 aluminium extrusion<\/a><\/li>\r\r\n<li><a href=\"https:\/\/sinoextrud.com\/what-is-4040-aluminium-extrud\/\" target=\"_blank\">aluminum extrusions for industrial racks<\/a><\/li>\r\r\n<li><a href=\"https:\/\/sinoextrud.com\/powder-coating-aluminium-process\/\" target=\"_blank\">powder coating aluminium<\/a><\/li>\r\r\n<li><a href=\"https:\/\/sinoextrud.com\/what-is-an-aluminium-strip-ceiling\/\" target=\"_blank\">aluminium strip ceiling<\/a><\/li>\r\r\n<li><a href=\"https:\/\/sinoextrud.com\/what-is-a-heat-sink\/\" target=\"_blank\">what is a heat sink<\/a><\/li>\r\r\n<\/ul>","product_chanpin_chanpin":"<li><a href=\"https:\/\/sinoextrud.com\/product\/extruded-aluminum-t-bar\/\" target=\"_blank\">Extruded Aluminum T Bar<\/a><\/li>\r\n<li><a href=\"https:\/\/sinoextrud.com\/product\/round-aluminum-tube\/\" target=\"_blank\">Round Aluminum Tube<\/a><\/li>\r\n<li><a href=\"https:\/\/sinoextrud.com\/product\/40x40-aluminium-profile\/\" target=\"_blank\">40\u00c3\u201440 Aluminium Profile<\/a><\/li>\r\n<li><a href=\"https:\/\/sinoextrud.com\/product\/aluminium-profile-channel\/\" target=\"_blank\">Aluminium Profile Channel<\/a><\/li>\r\n<li><a href=\"https:\/\/sinoextrud.com\/product\/rectangular-aluminum-tube\/\" target=\"_blank\">Rectangular Aluminum Tube<\/a><\/li>\r\n<li><a href=\"https:\/\/sinoextrud.com\/product\/aluminium-angles\/\" target=\"_blank\">Aluminium Angles<\/a><\/li>\r\n<li><a href=\"https:\/\/sinoextrud.com\/product\/thin-wall-extruded-aluminum-tubing\/\" target=\"_blank\">Thin Wall Extruded Aluminum Tubing<\/a><\/li>\r\n<li><a href=\"https:\/\/sinoextrud.com\/product\/extruded-aluminum-z-bar\/\" target=\"_blank\">Extruded Aluminum Z Bar<\/a><\/li>\r\n<li><a href=\"https:\/\/sinoextrud.com\/product\/aluminium-extrusion-pipe\/\" target=\"_blank\">Aluminium Extrusion Pipe<\/a><\/li>\r\n<li><a href=\"https:\/\/sinoextrud.com\/product\/extruded-aluminium-case\/\" target=\"_blank\">Extruded Aluminium Case<\/a><\/li>\r\n<li><a href=\"https:\/\/sinoextrud.com\/product\/customized-extruded-aluminum-flat-bar-profile\/\" target=\"_blank\">Customized Extruded Aluminum Flat Bar Profile<\/a><\/li>"},"feature_list":[]},"_links":{"self":[{"href":"https:\/\/sinoextrud.com\/da\/wp-json\/wp\/v2\/product\/6426","targetHints":{"allow":["GET"]}}],"collection":[{"href":"https:\/\/sinoextrud.com\/da\/wp-json\/wp\/v2\/product"}],"about":[{"href":"https:\/\/sinoextrud.com\/da\/wp-json\/wp\/v2\/types\/product"}],"wp:featuredmedia":[{"embeddable":true,"href":"https:\/\/sinoextrud.com\/da\/wp-json\/wp\/v2\/media\/6425"}],"wp:attachment":[{"href":"https:\/\/sinoextrud.com\/da\/wp-json\/wp\/v2\/media?parent=6426"}],"wp:term":[{"taxonomy":"category","embeddable":true,"href":"https:\/\/sinoextrud.com\/da\/wp-json\/wp\/v2\/categories?post=6426"}],"curies":[{"name":"wp","href":"https:\/\/api.w.org\/{rel}","templated":true}]}}