{"id":6424,"date":"2025-05-28T08:51:07","date_gmt":"2025-05-28T08:51:07","guid":{"rendered":"https:\/\/sinoextrud.com\/product\/aluminium-profile-channel\/"},"modified":"2025-06-24T06:10:52","modified_gmt":"2025-06-24T06:10:52","slug":"profilskinne-i-aluminium","status":"publish","type":"product","link":"https:\/\/sinoextrud.com\/da\/product\/aluminium-profile-channel\/","title":{"rendered":"Profilkanal i aluminium"},"content":{"rendered":"<h2>Detaljer om produkter<\/h2>\n<table class=\"custom-table\">\n<tr>\n<td class=\"label\">Kanalens tykkelse:<\/td>\n<td> 1mm-10mm<\/td>\n<\/tr>\n<tr>\n<td class=\"label\">Funktion:<\/td>\n<td> Brandsikring, antistatisk, antibakteriel, skimmelsvampesikker<\/td>\n<\/tr>\n<tr>\n<td class=\"label\">Certificering:<\/td>\n<td> SGS, ISO, ROHS<\/td>\n<\/tr>\n<tr>\n<td class=\"label\">Producerer erfaring:<\/td>\n<td> Syd\u00f8stasien, Amerika, Afrika, Australien<\/td>\n<\/tr>\n<tr>\n<td class=\"label\">L\u00e6ngde:<\/td>\n<td> 5,8 m som standard, maksimum kan v\u00e6re 6,8 m<\/td>\n<\/tr>\n<tr>\n<td class=\"label\">Garanti:<\/td>\n<td> PE 10 \u00e5r \/PVDF 15 \u00e5r<\/td>\n<\/tr>\n<tr>\n<td class=\"label\">V\u00e6gt:<\/td>\n<td> 0,3-3 kg\/m<\/td>\n<\/tr>\n<tr>\n<td class=\"label\">Aluminium Tykkelse:<\/td>\n<td> 0,8 mm-10 mm<\/td>\n<\/tr>\n<tr>\n<td class=\"label\">Transportpakke:<\/td>\n<td> Vandfast papir eller i bulk<\/td>\n<\/tr>\n<tr>\n<td class=\"label\">Oprindelse:<\/td>\n<td> Kina<\/td>\n<\/tr>\n<tr>\n<td class=\"label\">Overfladebehandling:<\/td>\n<td> Bel\u00e6gning<\/td>\n<\/tr>\n<tr>\n<td class=\"label\">Aluminium Tykkelse:<\/td>\n<td> 0,8 mm-10 mm<\/td>\n<\/tr>\n<tr>\n<td class=\"label\">Anvendelse:<\/td>\n<td> Yderv\u00e6g, forh\u00e6ngsv\u00e6g, interi\u00f8r, reklame<\/td>\n<\/tr>\n<tr>\n<td class=\"label\">St\u00f8rrelse:<\/td>\n<td> 51,6*25 som standard<\/td>\n<\/tr>\n<tr>\n<td class=\"label\">Kanalens tykkelse:<\/td>\n<td> 1,0 mm<\/td>\n<\/tr>\n<tr>\n<td class=\"label\">Aluminiumslegering:<\/td>\n<td> Kvalitet 6063\/6061\/6082<\/td>\n<\/tr>\n<tr>\n<td class=\"label\">Farve:<\/td>\n<td> Metallisk, massiv, sten, tr\u00e6, b\u00f8rste, spejl<\/td>\n<\/tr>\n<tr>\n<td class=\"label\">Varem\u00e6rke:<\/td>\n<td> Sinoextrud<\/td>\n<\/tr>\n<tr>\n<td class=\"label\">Specifikation:<\/td>\n<td> 51,6*25*1,0 mm<\/td>\n<\/tr>\n<tr>\n<td class=\"label\">HS-kode:<\/td>\n<td> 76042100<\/td>\n<\/tr>\n<\/table>\n<h2>Vores produktionsbase<\/h2>\n<h3>Panorama over fabrikken<\/h3>\n<p><img decoding=\"async\" src=\"\/wp-content\/uploads\/factory-01.webp\"\/><\/p>\n<h3>V\u00e6rksted til fremstilling af aluminiumst\u00e6nger<\/h3>\n<p><img decoding=\"async\" src=\"\/wp-content\/uploads\/factory-02.webp\"\/><\/p>\n<\/p>\n<p><img decoding=\"async\" src=\"\/wp-content\/uploads\/factory-03.webp\"\/><\/p>\n<h3>Lager til opbevaring af skimmelsvampe<\/h3>\n<p><img decoding=\"async\" src=\"\/wp-content\/uploads\/factory-04.webp\"\/><\/p>\n<h3>43 ekstruderingslinjer for aluminium (500-5500 ton)<\/h3>\n<p><img decoding=\"async\" src=\"\/wp-content\/uploads\/factory-05.webp\"\/><\/p>\n<p><img decoding=\"async\" src=\"\/wp-content\/uploads\/factory-06.webp\"\/><\/p>\n<p><img decoding=\"async\" src=\"\/wp-content\/uploads\/factory-07.webp\"\/><\/p>\n<h3>V\u00e6rksted for pulverlakering<\/h3>\n<p><img decoding=\"async\" src=\"\/wp-content\/uploads\/factory-09.webp\"\/><\/p>\n<h3>Anodiseringsv\u00e6rksted<\/h3>\n<p><img decoding=\"async\" src=\"\/wp-content\/uploads\/factory-10.webp\"\/><\/p>\n<h3>Workshop om dyb behandling<\/h3>\n<p><img decoding=\"async\" src=\"\/wp-content\/uploads\/factory-11.webp\"\/><\/p>\n<h3>V\u00e6rksted for CNC-pr\u00e6cisionsbearbejdning<\/h3>\n<p><img decoding=\"async\" src=\"\/wp-content\/uploads\/factory-11.5.webp\"\/><\/p>\n<h3>F\u00e6rdigvare- og eksportlager<\/h3>\n<p><img decoding=\"async\" src=\"\/wp-content\/uploads\/factory-12.webp\"\/><\/p>\n<p><img decoding=\"async\" src=\"\/wp-content\/uploads\/factory-13.webp\"\/><\/p>\n<p><img decoding=\"async\" src=\"\/wp-content\/uploads\/factory-14.webp\"\/><\/p>\n<h2>OFTE STILLEDE SP\u00d8RGSM\u00c5L<\/h2>\n<p><b>1. Hvad er de vigtigste fordele ved aluminiumsprofilkanaler? <\/b><\/p>\n<p> Aluminiumprofiler har h\u00f8j styrke, korrosionsbestandighed, letv\u00e6gtsstruktur og er nemme at samle i moduler, hvilket g\u00f8r dem ideelle til industrielle og strukturelle anvendelser.\n<\/p>\n<p><\/p>\n<p><b>2. Er aluminiumprofilkanaler velegnede til specialopgaver? <\/b><\/p>\n<p> Ja, aluminiumsprofilskinner f\u00e5s i forskellige st\u00f8rrelser og former, hvilket giver mulighed for fleksibel tilpasning til specifikke projektbehov.\n<\/p>\n<p><\/p>\n<p><b>3. Hvordan forbedrer aluminiumsprofilskinner installationseffektiviteten? <\/b><\/p>\n<p> Deres modul\u00e6re design og kompatibilitet med standardtilbeh\u00f8r giver mulighed for hurtig og effektiv installation, hvilket reducerer arbejdstid og omkostninger.\n<\/p>\n<p><\/p>\n<p><b>4. Hvorfor v\u00e6lge aluminiumprofiler frem for st\u00e5l? <\/b><\/p>\n<p> Profilskinner i aluminium er lettere, korrosionsbestandige og lettere at arbejde med end st\u00e5l, hvilket giver lang holdbarhed og lavere vedligeholdelsesomkostninger.\n<\/p>\n<p><\/p>\n<p><b>5. Kan aluminiumprofiler bruges i udend\u00f8rs milj\u00f8er? <\/b><\/p>\n<p> Ja, takket v\u00e6re anodiseret eller pulverlakeret finish er aluminiumprofiler meget modstandsdygtige over for vejr og korrosion, ideelt til udend\u00f8rs brug.\n<\/p>\n<p><\/p>\n<p><b>6. Er aluminiumsprofilkanaler kompatible med automatiseringssystemer? <\/b><\/p>\n<p> Absolut, deres pr\u00e6cisionsdesign og standardgr\u00e6nseflader g\u00f8r aluminiumsprofilskinner til et perfekt match til automatiserings- og maskinrammesystemer.\n<\/p>\n<p><\/p>\n<p><b>7. Kan profilskinner i aluminium b\u00e6re tunge belastninger? <\/b><\/p>\n<p> Aluminiumsprofilskinner er fremstillet af en h\u00f8jstyrkealuminiumlegering og kan b\u00e6re store belastninger, samtidig med at de bevarer deres strukturelle integritet.\n<\/p>\n<p><\/p>\n<p><b>8. Hvilke industrier bruger ofte aluminiumprofilkanaler? <\/b><\/p>\n<p> Industrier som produktion, byggeri, robotteknologi og bilindustrien bruger i vid udstr\u00e6kning aluminiumprofilkanaler til indramning, indkapsling og strukturel st\u00f8tte.\n<\/p>\n<p><\/p>","protected":false},"featured_media":6423,"template":"","categories":[60],"class_list":["post-6424","product","type-product","status-publish","has-post-thumbnail","hentry","category-general-tubes-and-bars"],"meta_box":{"hilight_text_group":{"product_hilight_text":"<li>High-strength aluminum alloy for superior load-bearing performance in industrial applications<\/li>\r\r\n<li>Modular design enables quick installation and flexible assembly, reducing labor costs<\/li>\r\r\n<li>Corrosion-resistant surface treatment ensures durability in various environments<\/li>\r\r\n<li>Available in multiple sizes and cross-section shapes to meet customized requirements<\/li>\r\r\n<li>Compatible with a wide range of accessories for automation and equipment framing systems<\/li>","product_chanpin_blog":"<ul>\r\r\n<li><a href=\"https:\/\/sinoextrud.com\/t-slot-v-slot-differences\/\" target=\"_blank\">t slot vs v slot<\/a><\/li>\r\r\n<li><a href=\"https:\/\/sinoextrud.com\/what-is-4040-aluminium-extrud\/\" target=\"_blank\">4040 aluminium extrusion<\/a><\/li>\r\r\n<li><a href=\"https:\/\/sinoextrud.com\/what-is-4040-aluminium-extrud\/\" target=\"_blank\">aluminum extrusions for industrial racks<\/a><\/li>\r\r\n<li><a href=\"https:\/\/sinoextrud.com\/powder-coating-aluminium-process\/\" target=\"_blank\">powder coating aluminium<\/a><\/li>\r\r\n<li><a href=\"https:\/\/sinoextrud.com\/what-is-an-aluminium-strip-ceiling\/\" target=\"_blank\">aluminium strip ceiling<\/a><\/li>\r\r\n<li><a href=\"https:\/\/sinoextrud.com\/what-is-a-heat-sink\/\" target=\"_blank\">what is a heat sink<\/a><\/li>\r\r\n<\/ul>","product_chanpin_chanpin":"<li><a href=\"https:\/\/sinoextrud.com\/product\/aluminium-pipes-tubes\/\" target=\"_blank\">Aluminium Pipes Tubes<\/a><\/li>\r\n<li><a href=\"https:\/\/sinoextrud.com\/product\/extruded-aluminum-t-bar\/\" target=\"_blank\">Extruded Aluminum T Bar<\/a><\/li>\r\n<li><a href=\"https:\/\/sinoextrud.com\/product\/round-aluminum-tube\/\" target=\"_blank\">Round Aluminum Tube<\/a><\/li>\r\n<li><a href=\"https:\/\/sinoextrud.com\/product\/40x40-aluminium-profile\/\" target=\"_blank\">40\u00c3\u201440 Aluminium Profile<\/a><\/li>\r\n<li><a href=\"https:\/\/sinoextrud.com\/product\/aluminium-profile-channel\/\" target=\"_blank\">Aluminium Profile Channel<\/a><\/li>\r\n<li><a href=\"https:\/\/sinoextrud.com\/product\/rectangular-aluminum-tube\/\" target=\"_blank\">Rectangular Aluminum Tube<\/a><\/li>\r\n<li><a href=\"https:\/\/sinoextrud.com\/product\/aluminium-angles\/\" target=\"_blank\">Aluminium Angles<\/a><\/li>\r\n<li><a href=\"https:\/\/sinoextrud.com\/product\/thin-wall-extruded-aluminum-tubing\/\" target=\"_blank\">Thin Wall Extruded Aluminum Tubing<\/a><\/li>\r\n<li><a href=\"https:\/\/sinoextrud.com\/product\/extruded-aluminum-z-bar\/\" target=\"_blank\">Extruded Aluminum Z Bar<\/a><\/li>\r\n<li><a href=\"https:\/\/sinoextrud.com\/product\/aluminum-alloy-section\/\" target=\"_blank\">Aluminum Alloy Section<\/a><\/li>\r\n<li><a href=\"https:\/\/sinoextrud.com\/product\/aluminium-aerofoil-extrusion-oxidation-scrub-black\/\" target=\"_blank\">Aluminium Aerofoil Extrusion Oxidation Scrub Black<\/a><\/li>"},"feature_list":[]},"_links":{"self":[{"href":"https:\/\/sinoextrud.com\/da\/wp-json\/wp\/v2\/product\/6424","targetHints":{"allow":["GET"]}}],"collection":[{"href":"https:\/\/sinoextrud.com\/da\/wp-json\/wp\/v2\/product"}],"about":[{"href":"https:\/\/sinoextrud.com\/da\/wp-json\/wp\/v2\/types\/product"}],"wp:featuredmedia":[{"embeddable":true,"href":"https:\/\/sinoextrud.com\/da\/wp-json\/wp\/v2\/media\/6423"}],"wp:attachment":[{"href":"https:\/\/sinoextrud.com\/da\/wp-json\/wp\/v2\/media?parent=6424"}],"wp:term":[{"taxonomy":"category","embeddable":true,"href":"https:\/\/sinoextrud.com\/da\/wp-json\/wp\/v2\/categories?post=6424"}],"curies":[{"name":"wp","href":"https:\/\/api.w.org\/{rel}","templated":true}]}}