{"id":6361,"date":"2025-05-27T03:44:44","date_gmt":"2025-05-27T03:44:44","guid":{"rendered":"https:\/\/sinoextrud.com\/product\/extruded-aluminium-retangular-tube\/"},"modified":"2025-06-24T06:10:50","modified_gmt":"2025-06-24T06:10:50","slug":"retangulaert-ror-af-ekstruderet-aluminium","status":"publish","type":"product","link":"https:\/\/sinoextrud.com\/da\/product\/extruded-aluminium-retangular-tube\/","title":{"rendered":"Retangul\u00e6rt r\u00f8r af ekstruderet aluminium"},"content":{"rendered":"<h2>Detaljer om produkter<\/h2>\n<table class=\"custom-table\">\n<tr>\n<td class=\"label\">Vare<\/td>\n<td>Ekstruderet rektangul\u00e6rt aluminiumsr\u00f8r, ekstruderet rektangul\u00e6rt aluminiumsr\u00f8r, ekstruderet rektangul\u00e6rt aluminiumsr\u00f8r, ekstruderet rektangul\u00e6rt aluminiumsr\u00f8r<\/td>\n<\/tr>\n<tr>\n<td class=\"label\">Materiale<\/td>\n<td>6000-serienAluminium (6063, 6061, 6463, 6082)<\/td>\n<\/tr>\n<tr>\n<td class=\"label\">Temperament<\/td>\n<td>T4,T5,T6<\/td>\n<\/tr>\n<tr>\n<td class=\"label\">St\u00f8rrelse\/tykkelse<\/td>\n<td>Generelle profiler: tykkelse fra 0,8 til 5,0 mm eller tilpasset, l\u00e6ngde fra 1 m til 9 m eller tilpasset; anodiseret beskyttelsesfilm: tykkelse fra 8 til 20um, pulverlakering fra 40 til 120um.<\/td>\n<\/tr>\n<tr>\n<td class=\"label\">Form<\/td>\n<td>firkantet, rund, rektangul\u00e6r, trekant osv. eller tilpasset<\/td>\n<\/tr>\n<tr>\n<td class=\"label\">Anvendelse<\/td>\n<td>M\u00f8bler, vinduer og d\u00f8re, dekorationer, industri, byggeri osv.<\/td>\n<\/tr>\n<tr>\n<td class=\"label\">Overfladebehandling<\/td>\n<td>pulverlakering, PVDF, anodiseret, tr\u00e6korn, elektroforese, b\u00f8rstet, polering osv.<\/td>\n<\/tr>\n<tr>\n<td class=\"label\">Farver<\/td>\n<td>Refpowdercoating-farveark og brugerdefineret farve tilg\u00e6ngelig<\/td>\n<\/tr>\n<tr>\n<td class=\"label\">Deepprocess<\/td>\n<td>CNC, boring, fr\u00e6sning, sk\u00e6ring, svejsning, bukning, samling<\/td>\n<\/tr>\n<tr>\n<td class=\"label\">MOQ<\/td>\n<td>200 kg for hver vare<\/td>\n<\/tr>\n<tr>\n<td class=\"label\">Pakkeoplysninger<\/td>\n<td>(1) Indvendigt: pakket med plastikbeskyttelsesfilm eller plastikbeskyttelsespose<br \/>(2) Udvendigt: Pak pakkerne ind i vandt\u00e6t kunstpapir.<\/td>\n<\/tr>\n<tr>\n<td class=\"label\">Leveringstid<\/td>\n<td>(1) Formudvikling og pr\u00f8vetestning: 10-15 dage<br \/>(2) Masseproduktion afsluttet: 20-30 dage efter, at pr\u00f8ven er bekr\u00e6ftet af k\u00f8beren<\/td>\n<\/tr>\n<tr>\n<td class=\"label\">FOBPort<\/td>\n<td>Guangzhou, Foshan, Shenzhen<\/td>\n<\/tr>\n<tr>\n<td class=\"label\">betalingsbetingelser<\/td>\n<td>T\/T, 30%downpayment og restbel\u00f8bet skal betales f\u00f8r afsendelse<\/td>\n<\/tr>\n<tr>\n<td class=\"label\">forligsperiode<\/td>\n<td>Opkr\u00e6vning efter endelig faktisk v\u00e6gt eller efter teoretisk v\u00e6gt<\/td>\n<\/tr>\n<tr>\n<td class=\"label\">produktionskapacitet<\/td>\n<td>2400-3000Metrictonespermonth<\/td>\n<\/tr>\n<tr>\n<td class=\"label\">Forarbejdning<\/td>\n<td>Foresp\u00f8rgsel - Pr\u00f8ve eller CAD-tegning (leveret af kunder) - CAD-tegning (vores firma) - Tegningsbekr\u00e6ftelse - Formfremstilling - Pr\u00f8vekonfiguration - Massproduktion - Inspektion - Levering<\/td>\n<\/tr>\n<tr>\n<td class=\"label\">Certificering tilg\u00e6ngelig:<\/td>\n<td>ISO:9001, SONCAP, BVC-certifikat eller kundecertifikat tilg\u00e6ngeligt<\/td>\n<\/tr>\n<tr>\n<td class=\"label\">Garanti<\/td>\n<td>Overfladefarven kan holde i 10-20 \u00e5r ved indend\u00f8rs brug.<\/td>\n<\/tr>\n<\/table>\n<h2>Vores produktionsbase<\/h2>\n<h3>Panorama over fabrikken<\/h3>\n<p><img decoding=\"async\" src=\"\/wp-content\/uploads\/factory-01.webp\"\/><\/p>\n<h3>V\u00e6rksted til fremstilling af aluminiumst\u00e6nger<\/h3>\n<p><img decoding=\"async\" src=\"\/wp-content\/uploads\/factory-02.webp\"\/><\/p>\n<p><img decoding=\"async\" src=\"\/wp-content\/uploads\/factory-03.webp\"\/><\/p>\n<h3>Lager til opbevaring af skimmelsvampe<\/h3>\n<p><img decoding=\"async\" src=\"\/wp-content\/uploads\/factory-04.webp\"\/><\/p>\n<h3>43 ekstruderingslinjer for aluminium (500-5500 ton)<\/h3>\n<p><img decoding=\"async\" src=\"\/wp-content\/uploads\/factory-05.webp\"\/><\/p>\n<p><img decoding=\"async\" src=\"\/wp-content\/uploads\/factory-06.webp\"\/><\/p>\n<p><img decoding=\"async\" src=\"\/wp-content\/uploads\/factory-07.webp\"\/><\/p>\n<h3>V\u00e6rksted for pulverlakering<\/h3>\n<p><img decoding=\"async\" src=\"\/wp-content\/uploads\/factory-09.webp\"\/><\/p>\n<h3>Anodiseringsv\u00e6rksted<\/h3>\n<p><img decoding=\"async\" src=\"\/wp-content\/uploads\/factory-10.webp\"\/><\/p>\n<h3>Workshop om dyb behandling<\/h3>\n<p><img decoding=\"async\" src=\"\/wp-content\/uploads\/factory-11.webp\"\/><\/p>\n<h3>V\u00e6rksted for CNC-pr\u00e6cisionsbearbejdning<\/h3>\n<p><img decoding=\"async\" src=\"\/wp-content\/uploads\/factory-11.5.webp\"\/><\/p>\n<h3>F\u00e6rdigvare- og eksportlager<\/h3>\n<p><img decoding=\"async\" src=\"\/wp-content\/uploads\/factory-12.webp\"\/><\/p>\n<p><img decoding=\"async\" src=\"\/wp-content\/uploads\/factory-13.webp\"\/><\/p>\n<p><img decoding=\"async\" src=\"\/wp-content\/uploads\/factory-14.webp\"\/><\/p>\n<h2>OFTE STILLEDE SP\u00d8RGSM\u00c5L<\/h2>\n<p><p><b>1. Hvad bruges et rektangul\u00e6rt r\u00f8r af ekstruderet aluminium til?<\/b><\/p>\n<p>Rektangul\u00e6re r\u00f8r af ekstruderet aluminium bruges i vid udstr\u00e6kning i byggeri, konstruktioner, transport og industrimaskiner p\u00e5 grund af deres h\u00f8je styrke og alsidige form.<br \/>\n<\/p><br \/>\n<br \/>\n<p><b>2. Hvad er de vigtigste fordele ved ekstruderede rektangul\u00e6re aluminiumsr\u00f8r?<\/b><\/p>\n<p>Rektangul\u00e6re r\u00f8r af ekstruderet aluminium har et h\u00f8jt styrke\/v\u00e6gt-forhold, korrosionsbestandighed og fremragende dimensionsstabilitet til b\u00e5de indend\u00f8rs og udend\u00f8rs brug.<br \/>\n<\/p><br \/>\n<br \/>\n<p><b>3. Hvorfor v\u00e6lge rektangul\u00e6re r\u00f8r af ekstruderet aluminium frem for st\u00e5lr\u00f8r?<\/b><\/p>\n<p>Rektangul\u00e6re aluminiumsr\u00f8r er lettere, korrosionsbestandige og lettere at bearbejde end st\u00e5l, hvilket reducerer installationstiden og de langsigtede vedligeholdelsesomkostninger.<br \/>\n<\/p><br \/>\n<br \/>\n<p><b>4. Kan ekstruderede rektangul\u00e6re aluminiumsr\u00f8r tilpasses?<\/b><\/p>\n<p>Ja, rektangul\u00e6re aluminiumsr\u00f8r kan tilpasses i v\u00e6gtykkelse, st\u00f8rrelse, legering og overfladefinish for at opfylde specifikke projekt- og ydelseskrav.<br \/>\n<\/p><br \/>\n<br \/>\n<p><b>5. Hvilke overfladebehandlinger er tilg\u00e6ngelige for ekstruderede rektangul\u00e6re aluminiumsr\u00f8r?<\/b><\/p>\n<p>Almindelige overflader omfatter anodisering, pulverlakering og fr\u00e6sning, der forbedrer korrosionsbestandighed, slidbeskyttelse og \u00e6stetisk appel.<br \/>\n<\/p><br \/>\n<br \/>\n<p><b>6. Er rektangul\u00e6re r\u00f8r af ekstruderet aluminium egnet til udend\u00f8rs brug?<\/b><\/p>\n<p>Ja, med den rette overfladebehandling er rektangul\u00e6re aluminiumsr\u00f8r meget modstandsdygtige over for vejr, UV-str\u00e5ling og fugt.<br \/>\n<\/p><br \/>\n<br \/>\n<p><b>7. Hvordan underst\u00f8tter ekstruderede rektangul\u00e6re aluminiumsr\u00f8r b\u00e6redygtigt byggeri?<\/b><\/p>\n<p>Aluminium er 100% genanvendeligt og energieffektivt at producere, hvilket g\u00f8r rektangul\u00e6re r\u00f8r til et b\u00e6redygtigt valg til milj\u00f8bevidste bygge- og produktionsprojekter.<br \/>\n<\/p><br \/><\/p>","protected":false},"featured_media":6360,"template":"","categories":[60],"class_list":["post-6361","product","type-product","status-publish","has-post-thumbnail","hentry","category-general-tubes-and-bars"],"meta_box":{"hilight_text_group":{"product_hilight_text":"<li>Rectangular design offers strong load-bearing capacity and versatility<\/li>\r\r\n<li>Made from high-quality extruded aluminum for durability and precision<\/li>\r\r\n<li>Corrosion-resistant surface suitable for various environments<\/li>\r\r\n<li>Available in multiple sizes and wall thicknesses<\/li>\r\r\n<li>Ideal for construction, framing, and machinery applications<\/li>","product_chanpin_blog":"<ul>\r\r\n<li><a href=\"https:\/\/sinoextrud.com\/t-slot-v-slot-differences\/\" target=\"_blank\">t slot vs v slot<\/a><\/li>\r\r\n<li><a href=\"https:\/\/sinoextrud.com\/what-is-4040-aluminium-extrud\/\" target=\"_blank\">4040 aluminium extrusion<\/a><\/li>\r\r\n<li><a href=\"https:\/\/sinoextrud.com\/what-is-4040-aluminium-extrud\/\" target=\"_blank\">aluminum extrusions for industrial racks<\/a><\/li>\r\r\n<li><a href=\"https:\/\/sinoextrud.com\/powder-coating-aluminium-process\/\" target=\"_blank\">powder coating aluminium<\/a><\/li>\r\r\n<li><a href=\"https:\/\/sinoextrud.com\/what-is-an-aluminium-strip-ceiling\/\" target=\"_blank\">aluminium strip ceiling<\/a><\/li>\r\r\n<li><a href=\"https:\/\/sinoextrud.com\/what-is-a-heat-sink\/\" target=\"_blank\">what is a heat sink<\/a><\/li>\r\r\n<\/ul>","product_chanpin_chanpin":"<li><a href=\"https:\/\/sinoextrud.com\/product\/aluminum-round-tube-extrusion\/\" target=\"_blank\">Aluminum Round Tube Extrusion<\/a><\/li>\r\n<li><a href=\"https:\/\/sinoextrud.com\/product\/20mm-x-20mm-aluminum-extrusion\/\" target=\"_blank\">20mm X 20mm Aluminum Extrusion<\/a><\/li>\r\n<li><a href=\"https:\/\/sinoextrud.com\/product\/aluminium-pipe\/\" target=\"_blank\">Aluminium Pipe<\/a><\/li>\r\n<li><a href=\"https:\/\/sinoextrud.com\/product\/extruded-aluminium-square-tube\/\" target=\"_blank\">Extruded Aluminium Square Tube<\/a><\/li>\r\n<li><a href=\"https:\/\/sinoextrud.com\/product\/extruded-aluminium-retangular-tube\/\" target=\"_blank\">Extruded Aluminium Retangular Tube<\/a><\/li>\r\n<li><a href=\"https:\/\/sinoextrud.com\/product\/anodized-aluminium-tube\/\" target=\"_blank\">anodized aluminium tube<\/a><\/li>\r\n<li><a href=\"https:\/\/sinoextrud.com\/product\/40x40-aluminium-extrusion\/\" target=\"_blank\">40\u00c3\u201440 Aluminium Extrusion<\/a><\/li>\r\n<li><a href=\"https:\/\/sinoextrud.com\/product\/aluminium-precision-tubing\/\" target=\"_blank\">Aluminium Precision Tubing<\/a><\/li>\r\n<li><a href=\"https:\/\/sinoextrud.com\/product\/aluminium-pipes-tubes\/\" target=\"_blank\">Aluminium Pipes Tubes<\/a><\/li>\r\n<li><a href=\"https:\/\/sinoextrud.com\/product\/h-channel-aluminum-extrusion\/\" target=\"_blank\">H Channel Aluminum Extrusion<\/a><\/li>\r\n<li><a href=\"https:\/\/sinoextrud.com\/product\/c-shaped-closed-linear-ceiling-system\/\" target=\"_blank\">C-Shaped Closed Linear Ceiling System<\/a><\/li>"},"feature_list":[]},"_links":{"self":[{"href":"https:\/\/sinoextrud.com\/da\/wp-json\/wp\/v2\/product\/6361","targetHints":{"allow":["GET"]}}],"collection":[{"href":"https:\/\/sinoextrud.com\/da\/wp-json\/wp\/v2\/product"}],"about":[{"href":"https:\/\/sinoextrud.com\/da\/wp-json\/wp\/v2\/types\/product"}],"wp:featuredmedia":[{"embeddable":true,"href":"https:\/\/sinoextrud.com\/da\/wp-json\/wp\/v2\/media\/6360"}],"wp:attachment":[{"href":"https:\/\/sinoextrud.com\/da\/wp-json\/wp\/v2\/media?parent=6361"}],"wp:term":[{"taxonomy":"category","embeddable":true,"href":"https:\/\/sinoextrud.com\/da\/wp-json\/wp\/v2\/categories?post=6361"}],"curies":[{"name":"wp","href":"https:\/\/api.w.org\/{rel}","templated":true}]}}