{"id":6357,"date":"2025-05-27T03:35:09","date_gmt":"2025-05-27T03:35:09","guid":{"rendered":"https:\/\/sinoextrud.com\/product\/aluminium-pipe\/"},"modified":"2025-06-24T06:10:50","modified_gmt":"2025-06-24T06:10:50","slug":"aluminiumsror-2","status":"publish","type":"product","link":"https:\/\/sinoextrud.com\/da\/product\/aluminium-pipe\/","title":{"rendered":"Aluminiumsr\u00f8r"},"content":{"rendered":"<h2>Detaljer om produkter<\/h2>\n<table class=\"custom-table\">\n<tr>\n<td class=\"label\">Vare<\/td>\n<td>Aluminiumsr\u00f8r, aluminiumsr\u00f8r, aluminiumsrundr\u00f8rsprofil, aluminiums firkantet r\u00f8rprofil, aluminiums trekantr\u00f8r<\/td>\n<\/tr>\n<tr>\n<td class=\"label\">Materiale<\/td>\n<td>6000-serienAluminium<\/td>\n<\/tr>\n<tr>\n<td class=\"label\">Temperament<\/td>\n<td>T4,T5,T6<\/td>\n<\/tr>\n<tr>\n<td class=\"label\">St\u00f8rrelse\/tykkelse<\/td>\n<td>Generelle profiler med tykkelse fra 0,8 til 5,0 mm, l\u00e6ngde fra 1 m til 9 m eller efter \u00f8nske; anodiseret beskyttelsesfilm med tykkelse fra 8 til 20um, pulverlakering fra 40 til 120um.<\/td>\n<\/tr>\n<tr>\n<td class=\"label\">Form<\/td>\n<td>firkantet, rund, rektangul\u00e6r, trekant, tilpasset<\/td>\n<\/tr>\n<tr>\n<td class=\"label\">Anvendelse<\/td>\n<td>M\u00f8bler, vinduer og d\u00f8re, dekorationer, industri, byggeri og snart<\/td>\n<\/tr>\n<tr>\n<td class=\"label\">Overfladebehandling<\/td>\n<td>pulverlakering, anodisering, tr\u00e6korn, elektroforese, b\u00f8rstet, polering og snart.<\/td>\n<\/tr>\n<tr>\n<td class=\"label\">Farver<\/td>\n<td>Refpowdercoating-farveark og brugerdefineret farve tilg\u00e6ngelig<\/td>\n<\/tr>\n<tr>\n<td class=\"label\">Deepprocess<\/td>\n<td>CNC, boring, fr\u00e6sning, sk\u00e6ring, svejsning, bukning, samling<\/td>\n<\/tr>\n<tr>\n<td class=\"label\">MOQ<\/td>\n<td>200 kg for hver vare<\/td>\n<\/tr>\n<tr>\n<td class=\"label\">Pakkeoplysninger<\/td>\n<td>(1) Indvendigt: pakket med beskyttende plastfilm til beskyttelse af hvert stykke<\/td>\n<\/tr>\n<tr>\n<td class=\"label\"><\/td>\n<td>(2) Udvendigt: Pak pakkerne ind i vandt\u00e6t kunstpapir.<\/td>\n<\/tr>\n<tr>\n<td class=\"label\">Leveringstid<\/td>\n<td>(1) Formudvikling og pr\u00f8vetestning: 10-15 dage.<\/td>\n<\/tr>\n<tr>\n<td class=\"label\"><\/td>\n<td>(2) Masseproduktion afsluttet: 20-30 dage efter, at pr\u00f8ven er bekr\u00e6ftet af k\u00f8beren.<\/td>\n<\/tr>\n<tr>\n<td class=\"label\">FOBPort<\/td>\n<td>Guangzhou, Foshan, Shenzhen<\/td>\n<\/tr>\n<tr>\n<td class=\"label\">betalingsbetingelser<\/td>\n<td>T\/T,30%downpayment, mens restbel\u00f8bet udbetales f\u00f8r levering.<\/td>\n<\/tr>\n<tr>\n<td class=\"label\">forligsperiode<\/td>\n<td>Opkr\u00e6vning efter endelig faktisk v\u00e6gt eller efter teoretisk v\u00e6gt.<\/td>\n<\/tr>\n<tr>\n<td class=\"label\">produktionskapacitet<\/td>\n<td>2400-3000Metrictonespermonth<\/td>\n<\/tr>\n<tr>\n<td class=\"label\">Forarbejdning<\/td>\n<td>Foresp\u00f8rgsel - Pr\u00f8ve eller CAD-tegning (leveret af kunder) - CAD-tegning (vores firma) - Tegningsbekr\u00e6ftelse - Formfremstilling - Pr\u00f8vekonfiguration - Massproduktion - Inspektion<\/td>\n<td>Levering<\/td>\n<\/tr>\n<tr>\n<td class=\"label\">Certificering tilg\u00e6ngelig:<\/td>\n<td>ISO:9001, SONCAP, BVC-certifikat eller kundecertifikat tilg\u00e6ngeligt<\/td>\n<\/tr>\n<tr>\n<td class=\"label\">Garanti<\/td>\n<td>Overfladefarven kan holde i 10-20 \u00e5r ved indend\u00f8rs brug.<\/td>\n<\/tr>\n<\/table>\n<h2>Vores produktionsbase<\/h2>\n<h3>Panorama over fabrikken<\/h3>\n<p><img decoding=\"async\" src=\"\/wp-content\/uploads\/factory-01.webp\"\/><\/p>\n<h3>V\u00e6rksted til fremstilling af aluminiumst\u00e6nger<\/h3>\n<p><img decoding=\"async\" src=\"\/wp-content\/uploads\/factory-02.webp\"\/><\/p>\n<p><img decoding=\"async\" src=\"\/wp-content\/uploads\/factory-03.webp\"\/><\/p>\n<h3>Lager til opbevaring af skimmelsvampe<\/h3>\n<p><img decoding=\"async\" src=\"\/wp-content\/uploads\/factory-04.webp\"\/><\/p>\n<h3>43 ekstruderingslinjer for aluminium (500-5500 ton)<\/h3>\n<p><img decoding=\"async\" src=\"\/wp-content\/uploads\/factory-05.webp\"\/><\/p>\n<p><img decoding=\"async\" src=\"\/wp-content\/uploads\/factory-06.webp\"\/><\/p>\n<p><img decoding=\"async\" src=\"\/wp-content\/uploads\/factory-07.webp\"\/><\/p>\n<h3>V\u00e6rksted for pulverlakering<\/h3>\n<p><img decoding=\"async\" src=\"\/wp-content\/uploads\/factory-09.webp\"\/><\/p>\n<h3>Anodiseringsv\u00e6rksted<\/h3>\n<p><img decoding=\"async\" src=\"\/wp-content\/uploads\/factory-10.webp\"\/><\/p>\n<h3>Workshop om dyb behandling<\/h3>\n<p><img decoding=\"async\" src=\"\/wp-content\/uploads\/factory-11.webp\"\/><\/p>\n<h3>V\u00e6rksted for CNC-pr\u00e6cisionsbearbejdning<\/h3>\n<p><img decoding=\"async\" src=\"\/wp-content\/uploads\/factory-11.5.webp\"\/><\/p>\n<h3>F\u00e6rdigvare- og eksportlager<\/h3>\n<p><img decoding=\"async\" src=\"\/wp-content\/uploads\/factory-12.webp\"\/><\/p>\n<p><img decoding=\"async\" src=\"\/wp-content\/uploads\/factory-13.webp\"\/><\/p>\n<p><img decoding=\"async\" src=\"\/wp-content\/uploads\/factory-14.webp\"\/><\/p>\n<h2>OFTE STILLEDE SP\u00d8RGSM\u00c5L<\/h2>\n<p><p><b>1. Hvad bruges aluminiumsr\u00f8r til?<\/b><\/p>\n<p>Aluminiumsr\u00f8r bruges inden for byggeri, bilindustrien, marine, HVAC og industri p\u00e5 grund af deres lette v\u00e6gt, korrosionsbestandighed og styrke.<br \/>\n<\/p><br \/>\n<br \/>\n<p><b>2. Hvad er de vigtigste fordele ved aluminiumsr\u00f8r?<\/b><\/p>\n<p>Aluminiumsr\u00f8r har et h\u00f8jt styrke\/v\u00e6gt-forhold, fremragende korrosionsbestandighed, er nemme at bearbejde og har lang levetid i kr\u00e6vende milj\u00f8er.<br \/>\n<\/p><br \/>\n<br \/>\n<p><b>3. Hvorfor v\u00e6lge aluminiumsr\u00f8r frem for alternativer i st\u00e5l eller plast?<\/b><\/p>\n<p>Aluminiumsr\u00f8r er lettere end st\u00e5l og mere holdbare end plast, hvilket giver en rustbestandig og energieffektiv l\u00f8sning til forskellige anvendelser.<br \/>\n<\/p><br \/>\n<br \/>\n<p><b>4. Kan aluminiumsr\u00f8r tilpasses?<\/b><\/p>\n<p>Ja, aluminiumsr\u00f8r kan tilpasses i diameter, v\u00e6gtykkelse, l\u00e6ngde og legeringstype for at opfylde specifikke krav til ydeevne og design.<br \/>\n<\/p><br \/>\n<br \/>\n<p><b>5. Hvilke overfladebehandlinger kan man f\u00e5 til aluminiumsr\u00f8r?<\/b><\/p>\n<p>Almindelige overflader omfatter anodisering, pulverlakering og fr\u00e6sning, som hver is\u00e6r forbedrer korrosionsbeskyttelse, slidstyrke og udseende.<br \/>\n<\/p><br \/>\n<br \/>\n<p><b>6. Er aluminiumsr\u00f8r egnet til udend\u00f8rs og maritim brug?<\/b><\/p>\n<p>Ja, aluminiumsr\u00f8r er ideelle til udend\u00f8rs- og havmilj\u00f8er p\u00e5 grund af deres naturlige korrosionsbestandighed og evne til at modst\u00e5 barske vejrforhold.<br \/>\n<\/p><br \/>\n<br \/>\n<p><b>7. Hvordan underst\u00f8tter aluminiumsr\u00f8r b\u00e6redygtigt byggeri?<\/b><\/p>\n<p>Aluminium er 100% genanvendeligt og energieffektivt at producere, hvilket g\u00f8r aluminiumsr\u00f8r til et b\u00e6redygtigt valg til gr\u00f8nt byggeri og milj\u00f8venlig produktion.<br \/>\n<\/p><br \/><\/p>","protected":false},"featured_media":6356,"template":"","categories":[60],"class_list":["post-6357","product","type-product","status-publish","has-post-thumbnail","hentry","category-general-tubes-and-bars"],"meta_box":{"hilight_text_group":{"product_hilight_text":"<li>Lightweight and durable, suitable for a wide range of applications<\/li>\r\r\n<li>Excellent corrosion resistance for long-term outdoor and industrial use<\/li>\r\r\n<li>Available in multiple sizes, alloys, and wall thicknesses<\/li>\r\r\n<li>Easy to cut, weld, and machine for custom fabrication<\/li>\r\r\n<li>Supports bulk supply with consistent quality and fast delivery<\/li>","product_chanpin_blog":"<ul>\r\r\n<li><a href=\"https:\/\/sinoextrud.com\/t-slot-v-slot-differences\/\" target=\"_blank\">t slot vs v slot<\/a><\/li>\r\r\n<li><a href=\"https:\/\/sinoextrud.com\/what-is-4040-aluminium-extrud\/\" target=\"_blank\">4040 aluminium extrusion<\/a><\/li>\r\r\n<li><a href=\"https:\/\/sinoextrud.com\/what-is-4040-aluminium-extrud\/\" target=\"_blank\">aluminum extrusions for industrial racks<\/a><\/li>\r\r\n<li><a href=\"https:\/\/sinoextrud.com\/powder-coating-aluminium-process\/\" target=\"_blank\">powder coating aluminium<\/a><\/li>\r\r\n<li><a href=\"https:\/\/sinoextrud.com\/what-is-an-aluminium-strip-ceiling\/\" target=\"_blank\">aluminium strip ceiling<\/a><\/li>\r\r\n<li><a href=\"https:\/\/sinoextrud.com\/what-is-a-heat-sink\/\" target=\"_blank\">what is a heat sink<\/a><\/li>\r\r\n<\/ul>","product_chanpin_chanpin":"<li><a href=\"https:\/\/sinoextrud.com\/product\/powder-coated-aluminum-tube\/\" target=\"_blank\">Powder Coated Aluminum Tube<\/a><\/li>\r\n<li><a href=\"https:\/\/sinoextrud.com\/product\/3003-round-aluminum-tube-extrusion-in-stock\/\" target=\"_blank\">3003 Round Aluminum Tube Extrusion In Stock<\/a><\/li>\r\n<li><a href=\"https:\/\/sinoextrud.com\/product\/aluminum-round-tube-extrusion\/\" target=\"_blank\">Aluminum Round Tube Extrusion<\/a><\/li>\r\n<li><a href=\"https:\/\/sinoextrud.com\/product\/20mm-x-20mm-aluminum-extrusion\/\" target=\"_blank\">20mm X 20mm Aluminum Extrusion<\/a><\/li>\r\n<li><a href=\"https:\/\/sinoextrud.com\/product\/aluminium-pipe\/\" target=\"_blank\">Aluminium Pipe<\/a><\/li>\r\n<li><a href=\"https:\/\/sinoextrud.com\/product\/extruded-aluminium-square-tube\/\" target=\"_blank\">Extruded Aluminium Square Tube<\/a><\/li>\r\n<li><a href=\"https:\/\/sinoextrud.com\/product\/extruded-aluminium-retangular-tube\/\" target=\"_blank\">Extruded Aluminium Retangular Tube<\/a><\/li>\r\n<li><a href=\"https:\/\/sinoextrud.com\/product\/anodized-aluminium-tube\/\" target=\"_blank\">anodized aluminium tube<\/a><\/li>\r\n<li><a href=\"https:\/\/sinoextrud.com\/product\/40x40-aluminium-extrusion\/\" target=\"_blank\">40\u00c3\u201440 Aluminium Extrusion<\/a><\/li>\r\n<li><a href=\"https:\/\/sinoextrud.com\/product\/aluminum-slatwall-panel-insert-profile\/\" target=\"_blank\">Aluminum Slatwall Panel Insert Profile<\/a><\/li>\r\n<li><a href=\"https:\/\/sinoextrud.com\/product\/anodized-small-machining-aluminum-parts\/\" target=\"_blank\">Anodized Small Machining Aluminum Parts<\/a><\/li>"},"feature_list":[]},"_links":{"self":[{"href":"https:\/\/sinoextrud.com\/da\/wp-json\/wp\/v2\/product\/6357","targetHints":{"allow":["GET"]}}],"collection":[{"href":"https:\/\/sinoextrud.com\/da\/wp-json\/wp\/v2\/product"}],"about":[{"href":"https:\/\/sinoextrud.com\/da\/wp-json\/wp\/v2\/types\/product"}],"wp:featuredmedia":[{"embeddable":true,"href":"https:\/\/sinoextrud.com\/da\/wp-json\/wp\/v2\/media\/6356"}],"wp:attachment":[{"href":"https:\/\/sinoextrud.com\/da\/wp-json\/wp\/v2\/media?parent=6357"}],"wp:term":[{"taxonomy":"category","embeddable":true,"href":"https:\/\/sinoextrud.com\/da\/wp-json\/wp\/v2\/categories?post=6357"}],"curies":[{"name":"wp","href":"https:\/\/api.w.org\/{rel}","templated":true}]}}