{"id":6355,"date":"2025-05-27T03:30:10","date_gmt":"2025-05-27T03:30:10","guid":{"rendered":"https:\/\/sinoextrud.com\/product\/20mm-x-20mm-aluminum-extrusion\/"},"modified":"2025-06-24T06:10:49","modified_gmt":"2025-06-24T06:10:49","slug":"20-mm-x-20-mm-aluminiumsprofiler","status":"publish","type":"product","link":"https:\/\/sinoextrud.com\/da\/product\/20mm-x-20mm-aluminum-extrusion\/","title":{"rendered":"20 mm x 20 mm ekstrudering af aluminium"},"content":{"rendered":"<h2>Detaljer om produkter<\/h2>\n<table class=\"custom-table\">\n<tr>\n<td class=\"label\">Produktets navn<\/td>\n<td>20 mm x 20 mm aluminiumsprofiler<\/td>\n<\/tr>\n<tr>\n<td class=\"label\">Materialekvalitet<\/td>\n<td>6000-serien<\/td>\n<\/tr>\n<tr>\n<td class=\"label\">Form<\/td>\n<td>Firkantet<\/td>\n<\/tr>\n<tr>\n<td class=\"label\">Tykkelse<\/td>\n<td>0,7 mm-10 mm<\/td>\n<\/tr>\n<tr>\n<td class=\"label\">St\u00f8rrelse<\/td>\n<td>Som tilpasset<\/td>\n<\/tr>\n<tr>\n<td class=\"label\">Typiske anvendelser<\/td>\n<td>Industri, m\u00f8bler, arkitektur, dekoration osv.<\/td>\n<\/tr>\n<tr>\n<td class=\"label\">Brand<\/td>\n<td>Sinoextrud<\/td>\n<\/tr>\n<tr>\n<td class=\"label\">Mere proces<\/td>\n<td>CNC-fr\u00e6sning, boring, stansning, boring, gevindsk\u00e6ring, bukning<\/td>\n<\/tr>\n<tr>\n<td class=\"label\">Overfladebehandling<\/td>\n<td>F\u00e6rdigbehandlet, tr\u00e6korn, anodiseret, pulverlakering, elektroforese, PVDF-bel\u00e6gning, b\u00f8rstet osv.<\/td>\n<\/tr>\n<tr>\n<td class=\"label\">Garanti<\/td>\n<td>ISO9001,ISO4001,CQM,SGS,CE,BV etc.<\/td>\n<\/tr>\n<\/table>\n<h2>Vores produktionsbase<\/h2>\n<h3>Panorama over fabrikken<\/h3>\n<p><img decoding=\"async\" src=\"\/wp-content\/uploads\/factory-01.webp\"\/><\/p>\n<h3>V\u00e6rksted til fremstilling af aluminiumst\u00e6nger<\/h3>\n<p><img decoding=\"async\" src=\"\/wp-content\/uploads\/factory-02.webp\"\/><\/p>\n<p><img decoding=\"async\" src=\"\/wp-content\/uploads\/factory-03.webp\"\/><\/p>\n<h3>Lager til opbevaring af skimmelsvampe<\/h3>\n<p><img decoding=\"async\" src=\"\/wp-content\/uploads\/factory-04.webp\"\/><\/p>\n<h3>43 ekstruderingslinjer for aluminium (500-5500 ton)<\/h3>\n<p><img decoding=\"async\" src=\"\/wp-content\/uploads\/factory-05.webp\"\/><\/p>\n<p><img decoding=\"async\" src=\"\/wp-content\/uploads\/factory-06.webp\"\/><\/p>\n<p><img decoding=\"async\" src=\"\/wp-content\/uploads\/factory-07.webp\"\/><\/p>\n<h3>V\u00e6rksted for pulverlakering<\/h3>\n<p><img decoding=\"async\" src=\"\/wp-content\/uploads\/factory-09.webp\"\/><\/p>\n<h3>Anodiseringsv\u00e6rksted<\/h3>\n<p><img decoding=\"async\" src=\"\/wp-content\/uploads\/factory-10.webp\"\/><\/p>\n<h3>Workshop om dyb behandling<\/h3>\n<p><img decoding=\"async\" src=\"\/wp-content\/uploads\/factory-11.webp\"\/><\/p>\n<h3>V\u00e6rksted for CNC-pr\u00e6cisionsbearbejdning<\/h3>\n<p><img decoding=\"async\" src=\"\/wp-content\/uploads\/factory-11.5.webp\"\/><\/p>\n<h3>F\u00e6rdigvare- og eksportlager<\/h3>\n<p><img decoding=\"async\" src=\"\/wp-content\/uploads\/factory-12.webp\"\/><\/p>\n<p><img decoding=\"async\" src=\"\/wp-content\/uploads\/factory-13.webp\"\/><\/p>\n<p><img decoding=\"async\" src=\"\/wp-content\/uploads\/factory-14.webp\"\/><\/p>\n<h2>OFTE STILLEDE SP\u00d8RGSM\u00c5L<\/h2>\n<p><p><b>1. Hvad bruges 20 mm x 20 mm aluminiumsekstrudering til?<\/b><\/p>\n<p>20 mm x 20 mm aluminiumprofiler bruges ofte til letv\u00e6gtsindramning, g\u00f8r-det-selv-projekter, 3D-printere og automatiseringssystemer p\u00e5 grund af den kompakte st\u00f8rrelse og det modulopbyggede design.<br \/>\n<\/p><br \/>\n<br \/>\n<p><b>2. Hvad er de vigtigste fordele ved 20 mm x 20 mm aluminiumsekstrudering?<\/b><\/p>\n<p>20 mm x 20 mm aluminiumsekstrudering giver et fremragende forhold mellem styrke og v\u00e6gt, korrosionsbestandighed og nem montering med standardstik og tilbeh\u00f8r.<br \/>\n<\/p><br \/>\n<br \/>\n<p><b>3. Hvorfor v\u00e6lge 20 mm x 20 mm aluminiumsprofiler frem for andre st\u00f8rrelser?<\/b><\/p>\n<p>Profilen p\u00e5 20 mm x 20 mm er ideel til applikationer med begr\u00e6nset plads og giver strukturel stabilitet, samtidig med at det samlede system er kompakt og let.<br \/>\n<\/p><br \/>\n<br \/>\n<p><b>4. kan 20 mm x 20 mm aluminiumsprofiler tilpasses?<\/b><\/p>\n<p>Ja, de kan tilpasses i l\u00e6ngde, overfladefinish og med forborede huller eller slidser for at opfylde specifikke design- og installationsbehov.<br \/>\n<\/p><br \/>\n<br \/>\n<p><b>5. Hvilke overfladebehandlinger er tilg\u00e6ngelige for 20 mm x 20 mm aluminiumsprofiler?<\/b><\/p>\n<p>De tilg\u00e6ngelige overflader omfatter anodisering, pulverlakering og fr\u00e6sning for at forbedre korrosionsbestandigheden, holdbarheden og det visuelle indtryk.<br \/>\n<\/p><br \/>\n<br \/>\n<p><b>6. Er 20 mm x 20 mm aluminiumsprofiler egnede til udend\u00f8rs brug?<\/b><\/p>\n<p>Ja, med anodiseret eller pulverlakeret finish er 20 mm x 20 mm aluminiumsprofiler vejrbestandige og egnede til udend\u00f8rs eller semi-eksponerede milj\u00f8er.<br \/>\n<\/p><br \/>\n<br \/>\n<p><b>7. Hvordan underst\u00f8tter 20 mm x 20 mm aluminiumsprofiler modulopbygning?<\/b><\/p>\n<p>Dens standardiserede dimensioner og kompatibilitet med tilbeh\u00f8r til T-not g\u00f8r den perfekt til modul\u00e6re samlinger, automatiseringsrammer og prototypesystemer.<br \/>\n<\/p><br \/><\/p>","protected":false},"featured_media":6354,"template":"","categories":[60],"class_list":["post-6355","product","type-product","status-publish","has-post-thumbnail","hentry","category-general-tubes-and-bars"],"meta_box":{"hilight_text_group":{"product_hilight_text":"<li>Compact 20mm x 20mm profile ideal for lightweight framing systems<\/li>\r\r\n<li>Made from high-quality aluminum with excellent strength and durability<\/li>\r\r\n<li>Corrosion-resistant and suitable for both indoor and outdoor use<\/li>\r\r\n<li>Easy to assemble with standard connectors and accessories<\/li>\r\r\n<li>Widely used in automation, DIY projects, and display structures<\/li>","product_chanpin_blog":"<ul>\r\r\n<li><a href=\"https:\/\/sinoextrud.com\/t-slot-v-slot-differences\/\" target=\"_blank\">t slot vs v slot<\/a><\/li>\r\r\n<li><a href=\"https:\/\/sinoextrud.com\/what-is-4040-aluminium-extrud\/\" target=\"_blank\">4040 aluminium extrusion<\/a><\/li>\r\r\n<li><a href=\"https:\/\/sinoextrud.com\/what-is-4040-aluminium-extrud\/\" target=\"_blank\">aluminum extrusions for industrial racks<\/a><\/li>\r\r\n<li><a href=\"https:\/\/sinoextrud.com\/powder-coating-aluminium-process\/\" target=\"_blank\">powder coating aluminium<\/a><\/li>\r\r\n<li><a href=\"https:\/\/sinoextrud.com\/what-is-an-aluminium-strip-ceiling\/\" target=\"_blank\">aluminium strip ceiling<\/a><\/li>\r\r\n<li><a href=\"https:\/\/sinoextrud.com\/what-is-a-heat-sink\/\" target=\"_blank\">what is a heat sink<\/a><\/li>\r\r\n<\/ul>","product_chanpin_chanpin":"<li><a href=\"https:\/\/sinoextrud.com\/product\/oval-aluminum-extrusion\/\" target=\"_blank\">Oval Aluminum Extrusion<\/a><\/li>\r\n<li><a href=\"https:\/\/sinoextrud.com\/product\/powder-coated-aluminum-tube\/\" target=\"_blank\">Powder Coated Aluminum Tube<\/a><\/li>\r\n<li><a href=\"https:\/\/sinoextrud.com\/product\/3003-round-aluminum-tube-extrusion-in-stock\/\" target=\"_blank\">3003 Round Aluminum Tube Extrusion In Stock<\/a><\/li>\r\n<li><a href=\"https:\/\/sinoextrud.com\/product\/aluminum-round-tube-extrusion\/\" target=\"_blank\">Aluminum Round Tube Extrusion<\/a><\/li>\r\n<li><a href=\"https:\/\/sinoextrud.com\/product\/20mm-x-20mm-aluminum-extrusion\/\" target=\"_blank\">20mm X 20mm Aluminum Extrusion<\/a><\/li>\r\n<li><a href=\"https:\/\/sinoextrud.com\/product\/aluminium-pipe\/\" target=\"_blank\">Aluminium Pipe<\/a><\/li>\r\n<li><a href=\"https:\/\/sinoextrud.com\/product\/extruded-aluminium-square-tube\/\" target=\"_blank\">Extruded Aluminium Square Tube<\/a><\/li>\r\n<li><a href=\"https:\/\/sinoextrud.com\/product\/extruded-aluminium-retangular-tube\/\" target=\"_blank\">Extruded Aluminium Retangular Tube<\/a><\/li>\r\n<li><a href=\"https:\/\/sinoextrud.com\/product\/anodized-aluminium-tube\/\" target=\"_blank\">anodized aluminium tube<\/a><\/li>\r\n<li><a href=\"https:\/\/sinoextrud.com\/product\/aluminum-extrusions-stock-shapes\/\" target=\"_blank\">Aluminum Extrusions Stock Shapes<\/a><\/li>\r\n<li><a href=\"https:\/\/sinoextrud.com\/product\/slotted-extruded-aluminum-u-shaped-bending-punching\/\" target=\"_blank\">Slotted Extruded Aluminum U Shaped Bending Punching<\/a><\/li>"},"feature_list":[]},"_links":{"self":[{"href":"https:\/\/sinoextrud.com\/da\/wp-json\/wp\/v2\/product\/6355","targetHints":{"allow":["GET"]}}],"collection":[{"href":"https:\/\/sinoextrud.com\/da\/wp-json\/wp\/v2\/product"}],"about":[{"href":"https:\/\/sinoextrud.com\/da\/wp-json\/wp\/v2\/types\/product"}],"wp:featuredmedia":[{"embeddable":true,"href":"https:\/\/sinoextrud.com\/da\/wp-json\/wp\/v2\/media\/6354"}],"wp:attachment":[{"href":"https:\/\/sinoextrud.com\/da\/wp-json\/wp\/v2\/media?parent=6355"}],"wp:term":[{"taxonomy":"category","embeddable":true,"href":"https:\/\/sinoextrud.com\/da\/wp-json\/wp\/v2\/categories?post=6355"}],"curies":[{"name":"wp","href":"https:\/\/api.w.org\/{rel}","templated":true}]}}