{"id":6353,"date":"2025-05-27T03:23:53","date_gmt":"2025-05-27T03:23:53","guid":{"rendered":"https:\/\/sinoextrud.com\/product\/aluminum-round-tube-extrusion\/"},"modified":"2025-06-24T06:10:49","modified_gmt":"2025-06-24T06:10:49","slug":"ekstrudering-af-runde-aluminiumsror","status":"publish","type":"product","link":"https:\/\/sinoextrud.com\/da\/product\/aluminum-round-tube-extrusion\/","title":{"rendered":"Ekstrudering af runde aluminiumsr\u00f8r"},"content":{"rendered":"<h2>Detaljer om produkter<\/h2>\n<table class=\"custom-table\">\n<tr>\n<td class=\"label\">Varem\u00e6rke:<\/td>\n<td>Sinoextrud<\/td>\n<\/tr>\n<tr>\n<td class=\"label\">Model NO.<\/td>\n<td>Rundt r\u00f8r i aluminium<\/td>\n<\/tr>\n<tr>\n<td class=\"label\">HS-kode<\/td>\n<td>76082010<\/td>\n<\/tr>\n<tr>\n<td class=\"label\">Karakter<\/td>\n<td>6000-serien<\/td>\n<\/tr>\n<tr>\n<td class=\"label\">Materiale<\/td>\n<td>Aluminiumslegering<\/td>\n<\/tr>\n<tr>\n<td class=\"label\">Udvendig diameter<\/td>\n<td>Od 2,6 mm til 300 mm (tilpassede ordrer accepteres)<\/td>\n<\/tr>\n<tr>\n<td class=\"label\">V\u00e6ggens tykkelse<\/td>\n<td>0,1 mm til 20 mm (tilpassede ordrer accepteres)<\/td>\n<\/tr>\n<tr>\n<td class=\"label\">L\u00e6ngde<\/td>\n<td>1m til 9m (tilpassede ordrer accepteres)<\/td>\n<\/tr>\n<tr>\n<td class=\"label\">Former<\/td>\n<td>Du kan tilpasse det til runde, firkantede, rektangul\u00e6re, trekantede, ovale, specialformede aluminiumsr\u00f8r.<\/td>\n<\/tr>\n<tr>\n<td class=\"label\">Overfladebehandling<\/td>\n<td>Anodiseret, pulverlakering, tr\u00e6korn, fluorcarbonbel\u00e6gning, elektroforese, b\u00f8rstet, polering osv.<\/td>\n<\/tr>\n<tr>\n<td class=\"label\">Temperament<\/td>\n<td>T3 - T8<\/td>\n<\/tr>\n<tr>\n<td class=\"label\">Al (Min)<\/td>\n<td>98.8%<\/td>\n<\/tr>\n<tr>\n<td class=\"label\">Oprindelsessted<\/td>\n<td>FoshanCity, Guangdong-provinsen, Kina (fastlandet)<\/td>\n<\/tr>\n<\/table>\n<h2>Vores produktionsbase<\/h2>\n<h3>Panorama over fabrikken<\/h3>\n<p><img decoding=\"async\" src=\"\/wp-content\/uploads\/factory-01.webp\"\/><\/p>\n<h3>V\u00e6rksted til fremstilling af aluminiumst\u00e6nger<\/h3>\n<p><img decoding=\"async\" src=\"\/wp-content\/uploads\/factory-02.webp\"\/><\/p>\n<\/p>\n<p><img decoding=\"async\" src=\"\/wp-content\/uploads\/factory-03.webp\"\/><\/p>\n<h3>Lager til opbevaring af skimmelsvampe<\/h3>\n<p><img decoding=\"async\" src=\"\/wp-content\/uploads\/factory-04.webp\"\/><\/p>\n<h3>43 ekstruderingslinjer for aluminium (500-5500 ton)<\/h3>\n<p><img decoding=\"async\" src=\"\/wp-content\/uploads\/factory-05.webp\"\/><\/p>\n<p><img decoding=\"async\" src=\"\/wp-content\/uploads\/factory-06.webp\"\/><\/p>\n<p><img decoding=\"async\" src=\"\/wp-content\/uploads\/factory-07.webp\"\/><\/p>\n<h3>V\u00e6rksted for pulverlakering<\/h3>\n<p><img decoding=\"async\" src=\"\/wp-content\/uploads\/factory-09.webp\"\/><\/p>\n<h3>Anodiseringsv\u00e6rksted<\/h3>\n<p><img decoding=\"async\" src=\"\/wp-content\/uploads\/factory-10.webp\"\/><\/p>\n<h3>Workshop om dyb behandling<\/h3>\n<p><img decoding=\"async\" src=\"\/wp-content\/uploads\/factory-11.webp\"\/><\/p>\n<h3>V\u00e6rksted for CNC-pr\u00e6cisionsbearbejdning<\/h3>\n<p><img decoding=\"async\" src=\"\/wp-content\/uploads\/factory-11.5.webp\"\/><\/p>\n<h3>F\u00e6rdigvare- og eksportlager<\/h3>\n<p><img decoding=\"async\" src=\"\/wp-content\/uploads\/factory-12.webp\"\/><\/p>\n<p><img decoding=\"async\" src=\"\/wp-content\/uploads\/factory-13.webp\"\/><\/p>\n<p><img decoding=\"async\" src=\"\/wp-content\/uploads\/factory-14.webp\"\/><\/p>\n<h2>OFTE STILLEDE SP\u00d8RGSM\u00c5L<\/h2>\n<p><b>1. Hvad bruges ekstrudering af runde aluminiumsr\u00f8r til?<\/b><\/p>\n<p>Ekstrudering af runde aluminiumsr\u00f8r bruges i vid udstr\u00e6kning i byggeri, transport, m\u00f8bler og industrielle applikationer p\u00e5 grund af dets styrke, lette v\u00e6gt og korrosionsbestandighed.\n<\/p>\n<p><\/p>\n<p><b>2. Hvad er de vigtigste fordele ved ekstrudering af runde aluminiumsr\u00f8r?<\/b><\/p>\n<p>Ekstrudering af runde aluminiumsr\u00f8r giver et h\u00f8jt styrke\/v\u00e6gt-forhold, fremragende korrosionsbestandighed og nem fremstilling til alsidige anvendelser.\n<\/p>\n<p><\/p>\n<p><b>3. Hvorfor v\u00e6lge ekstrudering af runde aluminiumsr\u00f8r frem for st\u00e5l- eller plastr\u00f8r?<\/b><\/p>\n<p>Runde aluminiumsr\u00f8r er lettere end st\u00e5l og mere holdbare end plast, hvilket giver en omkostningseffektiv, rustbestandig l\u00f8sning til strukturel og dekorativ brug.\n<\/p>\n<p><\/p>\n<p><b>4. kan ekstruderede runde aluminiumsr\u00f8r tilpasses?<\/b><\/p>\n<p>Ja, runde aluminiumsr\u00f8r kan tilpasses med hensyn til diameter, v\u00e6gtykkelse, l\u00e6ngde, legeringstype og overfladefinish for at opfylde specifikke krav.\n<\/p>\n<p><\/p>\n<p><b>5. Hvilke overfladebehandlinger er tilg\u00e6ngelige for ekstrudering af runde aluminiumsr\u00f8r?<\/b><\/p>\n<p>Almindelig finish omfatter anodisering, pulverlakering og fr\u00e6sning for at forbedre korrosionsbeskyttelse, slidstyrke og udseende.\n<\/p>\n<p><\/p>\n<p><b>6. Er runde aluminiumsr\u00f8r egnet til udend\u00f8rs brug?<\/b><\/p>\n<p>Ja, med den rette overfladebehandling har runde aluminiumsr\u00f8r en fremragende holdbarhed og modstandsdygtighed over for UV-str\u00e5ler, fugt og barske vejrforhold.\n<\/p>\n<p><\/p>\n<p><b>7. Hvordan underst\u00f8tter runde aluminiumsr\u00f8r b\u00e6redygtig produktion?<\/b><\/p>\n<p>Aluminium er 100% genanvendeligt og energieffektivt at producere, hvilket g\u00f8r runde r\u00f8rprofiler til et b\u00e6redygtigt valg til milj\u00f8venligt byggeri og produktdesign.\n<\/p>\n<p><\/p>","protected":false},"featured_media":6352,"template":"","categories":[60],"class_list":["post-6353","product","type-product","status-publish","has-post-thumbnail","hentry","category-general-tubes-and-bars"],"meta_box":{"hilight_text_group":{"product_hilight_text":"<li>Lightweight and strong, ideal for structural and mechanical use<\/li>\r\r\n<li>Corrosion-resistant aluminum suitable for indoor and outdoor environments<\/li>\r\r\n<li>Precision-extruded for consistent round shape and smooth finish<\/li>\r\r\n<li>Available in various diameters, wall thicknesses, and lengths<\/li>\r\r\n<li>Supports customization and bulk orders for industrial applications<\/li>","product_chanpin_blog":"<ul>\r\r\n<li><a href=\"https:\/\/sinoextrud.com\/t-slot-v-slot-differences\/\" target=\"_blank\">t slot vs v slot<\/a><\/li>\r\r\n<li><a href=\"https:\/\/sinoextrud.com\/what-is-4040-aluminium-extrud\/\" target=\"_blank\">4040 aluminium extrusion<\/a><\/li>\r\r\n<li><a href=\"https:\/\/sinoextrud.com\/what-is-4040-aluminium-extrud\/\" target=\"_blank\">aluminum extrusions for industrial racks<\/a><\/li>\r\r\n<li><a href=\"https:\/\/sinoextrud.com\/powder-coating-aluminium-process\/\" target=\"_blank\">powder coating aluminium<\/a><\/li>\r\r\n<li><a href=\"https:\/\/sinoextrud.com\/what-is-an-aluminium-strip-ceiling\/\" target=\"_blank\">aluminium strip ceiling<\/a><\/li>\r\r\n<li><a href=\"https:\/\/sinoextrud.com\/what-is-a-heat-sink\/\" target=\"_blank\">what is a heat sink<\/a><\/li>\r\r\n<\/ul>","product_chanpin_chanpin":"<li><a href=\"https:\/\/sinoextrud.com\/product\/aluminium-square-tubes\/\" target=\"_blank\">Aluminium Square tubes<\/a><\/li>\r\n<li><a href=\"https:\/\/sinoextrud.com\/product\/oval-aluminum-extrusion\/\" target=\"_blank\">Oval Aluminum Extrusion<\/a><\/li>\r\n<li><a href=\"https:\/\/sinoextrud.com\/product\/powder-coated-aluminum-tube\/\" target=\"_blank\">Powder Coated Aluminum Tube<\/a><\/li>\r\n<li><a href=\"https:\/\/sinoextrud.com\/product\/3003-round-aluminum-tube-extrusion-in-stock\/\" target=\"_blank\">3003 Round Aluminum Tube Extrusion In Stock<\/a><\/li>\r\n<li><a href=\"https:\/\/sinoextrud.com\/product\/aluminum-round-tube-extrusion\/\" target=\"_blank\">Aluminum Round Tube Extrusion<\/a><\/li>\r\n<li><a href=\"https:\/\/sinoextrud.com\/product\/20mm-x-20mm-aluminum-extrusion\/\" target=\"_blank\">20mm X 20mm Aluminum Extrusion<\/a><\/li>\r\n<li><a href=\"https:\/\/sinoextrud.com\/product\/aluminium-pipe\/\" target=\"_blank\">Aluminium Pipe<\/a><\/li>\r\n<li><a href=\"https:\/\/sinoextrud.com\/product\/extruded-aluminium-square-tube\/\" target=\"_blank\">Extruded Aluminium Square Tube<\/a><\/li>\r\n<li><a href=\"https:\/\/sinoextrud.com\/product\/extruded-aluminium-retangular-tube\/\" target=\"_blank\">Extruded Aluminium Retangular Tube<\/a><\/li>\r\n<li><a href=\"https:\/\/sinoextrud.com\/product\/aluminum-louver-blades\/\" target=\"_blank\">Aluminum Louver Blades<\/a><\/li>\r\n<li><a href=\"https:\/\/sinoextrud.com\/product\/c-beam-v-slot-aluminium-profile\/\" target=\"_blank\">C Beam V Slot Aluminium Profile<\/a><\/li>"},"feature_list":[]},"_links":{"self":[{"href":"https:\/\/sinoextrud.com\/da\/wp-json\/wp\/v2\/product\/6353","targetHints":{"allow":["GET"]}}],"collection":[{"href":"https:\/\/sinoextrud.com\/da\/wp-json\/wp\/v2\/product"}],"about":[{"href":"https:\/\/sinoextrud.com\/da\/wp-json\/wp\/v2\/types\/product"}],"wp:featuredmedia":[{"embeddable":true,"href":"https:\/\/sinoextrud.com\/da\/wp-json\/wp\/v2\/media\/6352"}],"wp:attachment":[{"href":"https:\/\/sinoextrud.com\/da\/wp-json\/wp\/v2\/media?parent=6353"}],"wp:term":[{"taxonomy":"category","embeddable":true,"href":"https:\/\/sinoextrud.com\/da\/wp-json\/wp\/v2\/categories?post=6353"}],"curies":[{"name":"wp","href":"https:\/\/api.w.org\/{rel}","templated":true}]}}