{"id":6351,"date":"2025-05-27T03:20:26","date_gmt":"2025-05-27T03:20:26","guid":{"rendered":"https:\/\/sinoextrud.com\/product\/3003-round-aluminum-tube-extrusion-in-stock\/"},"modified":"2025-06-24T06:10:49","modified_gmt":"2025-06-24T06:10:49","slug":"3003-runde-aluminiumsror-pa-lager","status":"publish","type":"product","link":"https:\/\/sinoextrud.com\/da\/product\/3003-round-aluminum-tube-extrusion-in-stock\/","title":{"rendered":"3003 Rundt aluminiumsr\u00f8r Ekstrudering p\u00e5 lager"},"content":{"rendered":"<h2>Detaljer om produkter<\/h2>\n<table class=\"custom-table\">\n<tr>\n<td class=\"label\">Vare:<\/td>\n<td>3003 Rundt aluminiumsr\u00f8r Ekstrudering p\u00e5 lager<\/td>\n<\/tr>\n<tr>\n<td class=\"label\">P\u00e5 lager eller ej:<\/td>\n<td>P\u00e5 lager<\/td>\n<\/tr>\n<tr>\n<td class=\"label\">Form:<\/td>\n<td>R\u00f8r, ovalt, firkantet eller tilpasset<\/td>\n<\/tr>\n<tr>\n<td class=\"label\">Tolerance:<\/td>\n<td>\u00b10,01 mm<\/td>\n<\/tr>\n<tr>\n<td class=\"label\">Funktion:<\/td>\n<td>uden nogen form for h\u00e5rdhed<\/td>\n<\/tr>\n<tr>\n<td class=\"label\">Leveringstid:<\/td>\n<td>15-20 dage<\/td>\n<\/tr>\n<tr>\n<td class=\"label\">Betalingsperiode:<\/td>\n<td>T \/ T (30% depositum, 70% balance f\u00f8r forsendelse), L \/ C<\/td>\n<\/tr>\n<tr>\n<td class=\"label\">Havn:<\/td>\n<td>FOB Guangzhou, Shenzhen, Foshan<\/td>\n<\/tr>\n<tr>\n<td class=\"label\">Standard:<\/td>\n<td>International standard<\/td>\n<\/tr>\n<tr>\n<td class=\"label\">Materiale:<\/td>\n<td>3000-serien, 3003<\/td>\n<\/tr>\n<tr>\n<td class=\"label\">Oprindelsessted:<\/td>\n<td>Foshan, Guangdong<\/td>\n<\/tr>\n<tr>\n<td class=\"label\">Legering eller ej:<\/td>\n<td>Aluminiumslegering<\/td>\n<\/tr>\n<tr>\n<td class=\"label\">Brand:<\/td>\n<td>Sinoextrud<\/td>\n<\/tr>\n<tr>\n<td class=\"label\">Overfladebehandling:<\/td>\n<td>Anodiseret, elektroforese, polering, sandbl\u00e6st<\/td>\n<\/tr>\n<tr>\n<td class=\"label\">MOQ:<\/td>\n<td>200 kg for hvert emne<\/td>\n<\/tr>\n<tr>\n<td class=\"label\">Behandling af service:<\/td>\n<td>Boring, svejsning, stansning, sk\u00e6ring<\/td>\n<\/tr>\n<tr>\n<td class=\"label\">L\u00e6ngde:<\/td>\n<td>1-9m eller tilpasset<\/td>\n<\/tr>\n<\/table>\n<h2>Vores produktionsbase<\/h2>\n<h3>Panorama over fabrikken<\/h3>\n<p><img decoding=\"async\" src=\"\/wp-content\/uploads\/factory-01.webp\"\/><\/p>\n<h3>V\u00e6rksted til fremstilling af aluminiumst\u00e6nger<\/h3>\n<p><img decoding=\"async\" src=\"\/wp-content\/uploads\/factory-02.webp\"\/><\/p>\n<p><img decoding=\"async\" src=\"\/wp-content\/uploads\/factory-03.webp\"\/><\/p>\n<h3>Lager til opbevaring af skimmelsvampe<\/h3>\n<p><img decoding=\"async\" src=\"\/wp-content\/uploads\/factory-04.webp\"\/><\/p>\n<h3>43 ekstruderingslinjer for aluminium (500-5500 ton)<\/h3>\n<p><img decoding=\"async\" src=\"\/wp-content\/uploads\/factory-05.webp\"\/><\/p>\n<p><img decoding=\"async\" src=\"\/wp-content\/uploads\/factory-06.webp\"\/><\/p>\n<p><img decoding=\"async\" src=\"\/wp-content\/uploads\/factory-07.webp\"\/><\/p>\n<h3>V\u00e6rksted for pulverlakering<\/h3>\n<p><img decoding=\"async\" src=\"\/wp-content\/uploads\/factory-09.webp\"\/><\/p>\n<h3>Anodiseringsv\u00e6rksted<\/h3>\n<p><img decoding=\"async\" src=\"\/wp-content\/uploads\/factory-10.webp\"\/><\/p>\n<h3>Workshop om dyb behandling<\/h3>\n<p><img decoding=\"async\" src=\"\/wp-content\/uploads\/factory-11.webp\"\/><\/p>\n<h3>V\u00e6rksted for CNC-pr\u00e6cisionsbearbejdning<\/h3>\n<p><img decoding=\"async\" src=\"\/wp-content\/uploads\/factory-11.5.webp\"\/><\/p>\n<h3>F\u00e6rdigvare- og eksportlager<\/h3>\n<p><img decoding=\"async\" src=\"\/wp-content\/uploads\/factory-12.webp\"\/><\/p>\n<p><img decoding=\"async\" src=\"\/wp-content\/uploads\/factory-13.webp\"\/><\/p>\n<p><img decoding=\"async\" src=\"\/wp-content\/uploads\/factory-14.webp\"\/><\/p>\n<h2>OFTE STILLEDE SP\u00d8RGSM\u00c5L<\/h2>\n<p><p><b>1. Hvad bruges ekstrudering af 3003 runde aluminiumsr\u00f8r til?<\/b><\/p>\n<p>3003 runde aluminiumsr\u00f8r bruges ofte til HVAC, tagd\u00e6kning, r\u00f8rsystemer og dekorative anvendelser p\u00e5 grund af deres fremragende korrosionsbestandighed og formbarhed.<br \/>\n<\/p><br \/>\n<br \/>\n<p><b>2. hvad er de vigtigste fordele ved ekstrudering af 3003 runde aluminiumsr\u00f8r?<\/b><\/p>\n<p>3003 aluminiumsr\u00f8r har h\u00f8j korrosionsbestandighed, god svejsbarhed og fremragende bearbejdelighed, hvilket g\u00f8r dem ideelle til b\u00e5de strukturelle og funktionelle anvendelser.<br \/>\n<\/p><br \/>\n<br \/>\n<p><b>3. hvorfor v\u00e6lge 3003-legering til ekstrudering af runde aluminiumsr\u00f8r?<\/b><\/p>\n<p>3003-legeringen giver overlegen modstandsdygtighed over for atmosf\u00e6risk og kemisk korrosion, is\u00e6r i marine- og industrimilj\u00f8er.<br \/>\n<\/p><br \/>\n<br \/>\n<p><b>4. Er 3003 runde aluminiumsr\u00f8r ekstrudering tilg\u00e6ngelig p\u00e5 lager?<\/b><\/p>\n<p>Ja, mange leverand\u00f8rer har 3003 runde aluminiumsr\u00f8r p\u00e5 lager til hurtig levering, hvilket underst\u00f8tter hurtige projektgenneml\u00f8bstider.<br \/>\n<\/p><br \/>\n<br \/>\n<p><b>5. kan 3003 runde aluminiumsr\u00f8r tilpasses?<\/b><\/p>\n<p>Ja, de kan tilpasses i diameter, v\u00e6gtykkelse og l\u00e6ngde, s\u00e5 de opfylder specifikke krav til design eller teknik.<br \/>\n<\/p><br \/>\n<br \/>\n<p><b>6. Hvilke overflader er tilg\u00e6ngelige for 3003 runde aluminiumsr\u00f8r?<\/b><\/p>\n<p>Overfladebehandlinger som fr\u00e6sning, anodisering og pulverlakering er tilg\u00e6ngelige for at forbedre korrosionsbeskyttelsen og udseendet.<br \/>\n<\/p><br \/>\n<br \/>\n<p><b>7. Er 3003 runde aluminiumsr\u00f8r egnet til udend\u00f8rs brug?<\/b><\/p>\n<p>Ja, p\u00e5 grund af deres fremragende korrosionsbestandighed er 3003 runde aluminiumsr\u00f8r ideelle til udend\u00f8rs, marine og fugtige milj\u00f8er.<br \/>\n<\/p><br \/>\n<br \/>\n<p><b>8. Hvordan underst\u00f8tter ekstrudering af 3003 runde aluminiumsr\u00f8r b\u00e6redygtighed?<\/b><\/p>\n<p>Aluminium er 100% genanvendeligt, og 3003-legeringens holdbarhed reducerer behovet for vedligeholdelse, hvilket g\u00f8r det til et b\u00e6redygtigt valg til langvarig brug.<br \/>\n<\/p><br \/><\/p>","protected":false},"featured_media":6350,"template":"","categories":[60],"class_list":["post-6351","product","type-product","status-publish","has-post-thumbnail","hentry","category-general-tubes-and-bars"],"meta_box":{"hilight_text_group":{"product_hilight_text":"<li>Made from 3003 aluminum alloy with excellent corrosion resistance<\/li>\r\r\n<li>Round tube design suitable for fluid handling and structural support<\/li>\r\r\n<li>In-stock availability ensures fast delivery and reduced lead times<\/li>\r\r\n<li>Good formability and weldability for easy processing<\/li>\r\r\n<li>Ideal for HVAC, marine, and general industrial applications<\/li>","product_chanpin_blog":"<ul>\r\r\n<li><a href=\"https:\/\/sinoextrud.com\/t-slot-v-slot-differences\/\" target=\"_blank\">t slot vs v slot<\/a><\/li>\r\r\n<li><a href=\"https:\/\/sinoextrud.com\/what-is-4040-aluminium-extrud\/\" target=\"_blank\">4040 aluminium extrusion<\/a><\/li>\r\r\n<li><a href=\"https:\/\/sinoextrud.com\/what-is-4040-aluminium-extrud\/\" target=\"_blank\">aluminum extrusions for industrial racks<\/a><\/li>\r\r\n<li><a href=\"https:\/\/sinoextrud.com\/powder-coating-aluminium-process\/\" target=\"_blank\">powder coating aluminium<\/a><\/li>\r\r\n<li><a href=\"https:\/\/sinoextrud.com\/what-is-an-aluminium-strip-ceiling\/\" target=\"_blank\">aluminium strip ceiling<\/a><\/li>\r\r\n<li><a href=\"https:\/\/sinoextrud.com\/what-is-a-heat-sink\/\" target=\"_blank\">what is a heat sink<\/a><\/li>\r\r\n<\/ul>","product_chanpin_chanpin":"<li><a href=\"https:\/\/sinoextrud.com\/product\/aluminium-profile-10x10\/\" target=\"_blank\">Aluminium Profile 10\u00c3\u201410<\/a><\/li>\r\n<li><a href=\"https:\/\/sinoextrud.com\/product\/aluminium-square-tubes\/\" target=\"_blank\">Aluminium Square tubes<\/a><\/li>\r\n<li><a href=\"https:\/\/sinoextrud.com\/product\/oval-aluminum-extrusion\/\" target=\"_blank\">Oval Aluminum Extrusion<\/a><\/li>\r\n<li><a href=\"https:\/\/sinoextrud.com\/product\/powder-coated-aluminum-tube\/\" target=\"_blank\">Powder Coated Aluminum Tube<\/a><\/li>\r\n<li><a href=\"https:\/\/sinoextrud.com\/product\/3003-round-aluminum-tube-extrusion-in-stock\/\" target=\"_blank\">3003 Round Aluminum Tube Extrusion In Stock<\/a><\/li>\r\n<li><a href=\"https:\/\/sinoextrud.com\/product\/aluminum-round-tube-extrusion\/\" target=\"_blank\">Aluminum Round Tube Extrusion<\/a><\/li>\r\n<li><a href=\"https:\/\/sinoextrud.com\/product\/20mm-x-20mm-aluminum-extrusion\/\" target=\"_blank\">20mm X 20mm Aluminum Extrusion<\/a><\/li>\r\n<li><a href=\"https:\/\/sinoextrud.com\/product\/aluminium-pipe\/\" target=\"_blank\">Aluminium Pipe<\/a><\/li>\r\n<li><a href=\"https:\/\/sinoextrud.com\/product\/extruded-aluminium-square-tube\/\" target=\"_blank\">Extruded Aluminium Square Tube<\/a><\/li>\r\n<li><a href=\"https:\/\/sinoextrud.com\/product\/extruded-aluminium-profiles-heat-sink\/\" target=\"_blank\">Extruded Aluminium Profiles Heat Sink<\/a><\/li>\r\n<li><a href=\"https:\/\/sinoextrud.com\/product\/custom-extruded-aluminum-shapes-sunflower-heat-sink\/\" target=\"_blank\">Custom Extruded Aluminum Shapes Sunflower Heat Sink<\/a><\/li>"},"feature_list":[]},"_links":{"self":[{"href":"https:\/\/sinoextrud.com\/da\/wp-json\/wp\/v2\/product\/6351","targetHints":{"allow":["GET"]}}],"collection":[{"href":"https:\/\/sinoextrud.com\/da\/wp-json\/wp\/v2\/product"}],"about":[{"href":"https:\/\/sinoextrud.com\/da\/wp-json\/wp\/v2\/types\/product"}],"wp:featuredmedia":[{"embeddable":true,"href":"https:\/\/sinoextrud.com\/da\/wp-json\/wp\/v2\/media\/6350"}],"wp:attachment":[{"href":"https:\/\/sinoextrud.com\/da\/wp-json\/wp\/v2\/media?parent=6351"}],"wp:term":[{"taxonomy":"category","embeddable":true,"href":"https:\/\/sinoextrud.com\/da\/wp-json\/wp\/v2\/categories?post=6351"}],"curies":[{"name":"wp","href":"https:\/\/api.w.org\/{rel}","templated":true}]}}