{"id":6349,"date":"2025-05-27T03:12:06","date_gmt":"2025-05-27T03:12:06","guid":{"rendered":"https:\/\/sinoextrud.com\/product\/powder-coated-aluminum-tube\/"},"modified":"2025-06-24T06:10:48","modified_gmt":"2025-06-24T06:10:48","slug":"pulverlakeret-aluminiumsror","status":"publish","type":"product","link":"https:\/\/sinoextrud.com\/da\/product\/powder-coated-aluminum-tube\/","title":{"rendered":"Pulverlakeret aluminiumsr\u00f8r"},"content":{"rendered":"<h2>Detaljer om produkter<\/h2>\n<table class=\"custom-table\">\n<tr>\n<td class=\"label\">Vare:<\/td>\n<td>Pulverlakeret aluminiumsr\u00f8r<\/td>\n<\/tr>\n<tr>\n<td class=\"label\">Materiale:<\/td>\n<td>100% aluminiumsprofil<\/td>\n<\/tr>\n<tr>\n<td class=\"label\">legering:<\/td>\n<td>6063-T5,6061-T6,6463-T5,6082etc<\/td>\n<\/tr>\n<tr>\n<td class=\"label\">St\u00f8rrelse:<\/td>\n<td>1m-9m eller tilpasset st\u00f8rrelse<\/td>\n<\/tr>\n<tr>\n<td class=\"label\">Anvendelse:<\/td>\n<td>M\u00f8bler, vinduer og d\u00f8re, dekorationer, industri, byggeri osv.<\/td>\n<\/tr>\n<tr>\n<td class=\"label\">Farver:<\/td>\n<td>Anodiseret, tr\u00e6korn, pulverlakering, anodiseret poleret og b\u00f8rstet, elektroforese, flurocarbon pulverlakeret osv.<\/td>\n<\/tr>\n<tr>\n<td class=\"label\">MOQ:<\/td>\n<td>200 kg for hver profil<\/td>\n<\/tr>\n<tr>\n<td class=\"label\">OEM-service:<\/td>\n<td>baseret p\u00e5 kundedesignede tegninger eller pr\u00f8ver<\/td>\n<\/tr>\n<tr>\n<td class=\"label\">Certificering tilg\u00e6ngelig:<\/td>\n<td>ISO:9001, SONCAP, BV-certifikat eller kundernes certifikat til r\u00e5dighed<\/td>\n<\/tr>\n<tr>\n<td class=\"label\">Detaljer om pakning:<\/td>\n<td>(1) Indvendigt: pakket med beskyttende plastfilm for at beskytte hver profil<br \/>(2) Udvendigt: pakket med vandt\u00e6t h\u00e5ndv\u00e6rkspapir<\/td>\n<\/tr>\n<tr>\n<td class=\"label\">Leveringstid:<\/td>\n<td>(1) Formudvikling og pr\u00f8vetest: 12-18 dage<br \/>(1) Produktionsvarighed: 20-25 dage efter, at pr\u00f8ven er bekr\u00e6ftet af k\u00f8beren<\/td>\n<\/tr>\n<tr>\n<td class=\"label\">Betalingsbetingelser:<\/td>\n<td>T \/ T, 30% udbetaling, mens saldoen skal betales f\u00f8r levering<\/td>\n<\/tr>\n<tr>\n<td class=\"label\">Afregningsperiode:<\/td>\n<td>Den endelige betaling skal v\u00e6re baseret p\u00e5 den endelige faktiske fysiske v\u00e6gtning.<\/td>\n<\/tr>\n<tr>\n<td class=\"label\">Produktionskapacitet:<\/td>\n<td>10.000+ toner pr. m\u00e5ned<\/td>\n<\/tr>\n<tr>\n<td class=\"label\">Produktionsgaranti<\/td>\n<td>Overfladefarven kan holde i 10~20 \u00e5r ved indend\u00f8rs brug.<\/td>\n<\/tr>\n<tr>\n<td class=\"label\">Havn:<\/td>\n<td>Til Shenzhen, Guangzhou, Foshan<\/td>\n<\/tr>\n<\/table>\n<h2>Vores produktionsbase<\/h2>\n<h3>Panorama over fabrikken<\/h3>\n<p><img decoding=\"async\" src=\"\/wp-content\/uploads\/factory-01.webp\"\/><\/p>\n<h3>V\u00e6rksted til fremstilling af aluminiumst\u00e6nger<\/h3>\n<p><img decoding=\"async\" src=\"\/wp-content\/uploads\/factory-02.webp\"\/><\/p>\n<\/p>\n<p><img decoding=\"async\" src=\"\/wp-content\/uploads\/factory-03.webp\"\/><\/p>\n<h3>Lager til opbevaring af skimmelsvampe<\/h3>\n<p><img decoding=\"async\" src=\"\/wp-content\/uploads\/factory-04.webp\"\/><\/p>\n<h3>43 ekstruderingslinjer for aluminium (500-5500 ton)<\/h3>\n<p><img decoding=\"async\" src=\"\/wp-content\/uploads\/factory-05.webp\"\/><\/p>\n<p><img decoding=\"async\" src=\"\/wp-content\/uploads\/factory-06.webp\"\/><\/p>\n<p><img decoding=\"async\" src=\"\/wp-content\/uploads\/factory-07.webp\"\/><\/p>\n<h3>V\u00e6rksted for pulverlakering<\/h3>\n<p><img decoding=\"async\" src=\"\/wp-content\/uploads\/factory-09.webp\"\/><\/p>\n<h3>Anodiseringsv\u00e6rksted<\/h3>\n<p><img decoding=\"async\" src=\"\/wp-content\/uploads\/factory-10.webp\"\/><\/p>\n<h3>Workshop om dyb behandling<\/h3>\n<p><img decoding=\"async\" src=\"\/wp-content\/uploads\/factory-11.webp\"\/><\/p>\n<h3>V\u00e6rksted for CNC-pr\u00e6cisionsbearbejdning<\/h3>\n<p><img decoding=\"async\" src=\"\/wp-content\/uploads\/factory-11.5.webp\"\/><\/p>\n<h3>F\u00e6rdigvare- og eksportlager<\/h3>\n<p><img decoding=\"async\" src=\"\/wp-content\/uploads\/factory-12.webp\"\/><\/p>\n<p><img decoding=\"async\" src=\"\/wp-content\/uploads\/factory-13.webp\"\/><\/p>\n<p><img decoding=\"async\" src=\"\/wp-content\/uploads\/factory-14.webp\"\/><\/p>\n<h2>OFTE STILLEDE SP\u00d8RGSM\u00c5L<\/h2>\n<p><b>1. Hvad bruges et pulverlakeret aluminiumsr\u00f8r til?<\/b><\/p>\n<p>Pulverlakerede aluminiumsr\u00f8r bruges til byggeri, m\u00f8bler, hegn og udend\u00f8rs konstruktioner p\u00e5 grund af deres forbedrede holdbarhed og dekorative finish.\n<\/p>\n<p><\/p>\n<p><b>2. Hvad er de vigtigste fordele ved pulverlakerede aluminiumsr\u00f8r?<\/b><\/p>\n<p>Pulverlakerede aluminiumsr\u00f8r giver overlegen korrosionsbestandighed, en langtidsholdbar finish og en r\u00e6kke forskellige farvemuligheder til b\u00e5de funktionelle og \u00e6stetiske anvendelser.\n<\/p>\n<p><\/p>\n<p><b>3. Hvorfor v\u00e6lge pulverlakerede aluminiumsr\u00f8r frem for anodiseret eller blank aluminium?<\/b><\/p>\n<p>Pulverlakering giver et tykkere, mere ensartet beskyttelseslag, der modst\u00e5r sk\u00e5r, falmning og ridser bedre end anodisering eller fr\u00e6sning.\n<\/p>\n<p><\/p>\n<p><b>4. Kan pulverlakerede aluminiumsr\u00f8r tilpasses?<\/b><\/p>\n<p>Ja, pulverlakerede aluminiumsr\u00f8r kan tilpasses i diameter, v\u00e6gtykkelse, l\u00e6ngde, farve og finish, s\u00e5 de passer til specifikke krav til design og ydeevne.\n<\/p>\n<p><\/p>\n<p><b>5. Er pulverlakerede aluminiumsr\u00f8r egnet til udend\u00f8rs brug?<\/b><\/p>\n<p>Ja, pulverbel\u00e6gningen giver fremragende vejr-, UV- og fugtbestandighed, hvilket g\u00f8r disse r\u00f8r ideelle til udend\u00f8rs og marine milj\u00f8er.\n<\/p>\n<p><\/p>\n<p><b>6. Hvilke farver og overflader f\u00e5s til pulverlakerede aluminiumsr\u00f8r?<\/b><\/p>\n<p>Der findes et bredt udvalg af farver, glansgrader og teksturer, som passer til arkitektoniske stilarter og brandingbehov.\n<\/p>\n<p><\/p>\n<p><b>7. Hvordan underst\u00f8tter pulverlakerede aluminiumsr\u00f8r b\u00e6redygtigt byggeri?<\/b><\/p>\n<p>Pulverlakering er en milj\u00f8venlig proces med lavt spild, og aluminium er 100% genanvendeligt, hvilket g\u00f8r pulverlakerede aluminiumsr\u00f8r til et gr\u00f8nt byggemateriale.\n<\/p>\n<p><\/p>","protected":false},"featured_media":6348,"template":"","categories":[60],"class_list":["post-6349","product","type-product","status-publish","has-post-thumbnail","hentry","category-general-tubes-and-bars"],"meta_box":{"hilight_text_group":{"product_hilight_text":"<li>Durable powder-coated surface enhances corrosion and wear resistance<\/li>\r\r\n<li>Available in various colors and finishes for decorative and functional use<\/li>\r\r\n<li>Lightweight aluminum construction with high strength-to-weight ratio<\/li>\r\r\n<li>Ideal for outdoor structures, furniture, and architectural projects<\/li>\r\r\n<li>Supports custom dimensions and bulk orders with consistent quality<\/li>","product_chanpin_blog":"<ul>\r\r\n<li><a href=\"https:\/\/sinoextrud.com\/t-slot-v-slot-differences\/\" target=\"_blank\">t slot vs v slot<\/a><\/li>\r\r\n<li><a href=\"https:\/\/sinoextrud.com\/what-is-4040-aluminium-extrud\/\" target=\"_blank\">4040 aluminium extrusion<\/a><\/li>\r\r\n<li><a href=\"https:\/\/sinoextrud.com\/what-is-4040-aluminium-extrud\/\" target=\"_blank\">aluminum extrusions for industrial racks<\/a><\/li>\r\r\n<li><a href=\"https:\/\/sinoextrud.com\/powder-coating-aluminium-process\/\" target=\"_blank\">powder coating aluminium<\/a><\/li>\r\r\n<li><a href=\"https:\/\/sinoextrud.com\/what-is-an-aluminium-strip-ceiling\/\" target=\"_blank\">aluminium strip ceiling<\/a><\/li>\r\r\n<li><a href=\"https:\/\/sinoextrud.com\/what-is-a-heat-sink\/\" target=\"_blank\">what is a heat sink<\/a><\/li>\r\r\n<\/ul>","product_chanpin_chanpin":"<li><a href=\"https:\/\/sinoextrud.com\/product\/extruded-aluminum-bar\/\" target=\"_blank\">Extruded Aluminum Bar<\/a><\/li>\r\n<li><a href=\"https:\/\/sinoextrud.com\/product\/aluminium-profile-10x10\/\" target=\"_blank\">Aluminium Profile 10\u00c3\u201410<\/a><\/li>\r\n<li><a href=\"https:\/\/sinoextrud.com\/product\/aluminium-square-tubes\/\" target=\"_blank\">Aluminium Square tubes<\/a><\/li>\r\n<li><a href=\"https:\/\/sinoextrud.com\/product\/oval-aluminum-extrusion\/\" target=\"_blank\">Oval Aluminum Extrusion<\/a><\/li>\r\n<li><a href=\"https:\/\/sinoextrud.com\/product\/powder-coated-aluminum-tube\/\" target=\"_blank\">Powder Coated Aluminum Tube<\/a><\/li>\r\n<li><a href=\"https:\/\/sinoextrud.com\/product\/3003-round-aluminum-tube-extrusion-in-stock\/\" target=\"_blank\">3003 Round Aluminum Tube Extrusion In Stock<\/a><\/li>\r\n<li><a href=\"https:\/\/sinoextrud.com\/product\/aluminum-round-tube-extrusion\/\" target=\"_blank\">Aluminum Round Tube Extrusion<\/a><\/li>\r\n<li><a href=\"https:\/\/sinoextrud.com\/product\/20mm-x-20mm-aluminum-extrusion\/\" target=\"_blank\">20mm X 20mm Aluminum Extrusion<\/a><\/li>\r\n<li><a href=\"https:\/\/sinoextrud.com\/product\/aluminium-pipe\/\" target=\"_blank\">Aluminium Pipe<\/a><\/li>\r\n<li><a href=\"https:\/\/sinoextrud.com\/product\/extrusion-aluminum-shutter-profile-free-mould\/\" target=\"_blank\">Extrusion Aluminum Shutter Profile Free Mould<\/a><\/li>\r\n<li><a href=\"https:\/\/sinoextrud.com\/product\/aluminum-extrusion-6101b-conductive-rail-aluminum-profile\/\" target=\"_blank\">Aluminum Extrusion 6101B Conductive Rail Aluminum Profile<\/a><\/li>"},"feature_list":[]},"_links":{"self":[{"href":"https:\/\/sinoextrud.com\/da\/wp-json\/wp\/v2\/product\/6349","targetHints":{"allow":["GET"]}}],"collection":[{"href":"https:\/\/sinoextrud.com\/da\/wp-json\/wp\/v2\/product"}],"about":[{"href":"https:\/\/sinoextrud.com\/da\/wp-json\/wp\/v2\/types\/product"}],"wp:featuredmedia":[{"embeddable":true,"href":"https:\/\/sinoextrud.com\/da\/wp-json\/wp\/v2\/media\/6348"}],"wp:attachment":[{"href":"https:\/\/sinoextrud.com\/da\/wp-json\/wp\/v2\/media?parent=6349"}],"wp:term":[{"taxonomy":"category","embeddable":true,"href":"https:\/\/sinoextrud.com\/da\/wp-json\/wp\/v2\/categories?post=6349"}],"curies":[{"name":"wp","href":"https:\/\/api.w.org\/{rel}","templated":true}]}}