{"id":6335,"date":"2025-05-27T02:42:36","date_gmt":"2025-05-27T02:42:36","guid":{"rendered":"https:\/\/sinoextrud.com\/product\/aluminum-tube-suppliers\/"},"modified":"2025-06-24T06:10:47","modified_gmt":"2025-06-24T06:10:47","slug":"leverandorer-af-aluminiumsror","status":"publish","type":"product","link":"https:\/\/sinoextrud.com\/da\/product\/aluminum-tube-suppliers\/","title":{"rendered":"Leverand\u00f8rer af aluminiumsr\u00f8r"},"content":{"rendered":"<h2>Detaljer om produkter<\/h2>\n<table class=\"custom-table\">\n<tr>\n<td class=\"label\">Model nr:<\/td>\n<td> leverand\u00f8rer af aluminiumsr\u00f8r rektangel\/firkant<\/td>\n<\/tr>\n<tr>\n<td class=\"label\">Type:<\/td>\n<td> almindelige r\u00f8r og st\u00e6nger<\/td>\n<\/tr>\n<tr>\n<td class=\"label\">Overfladebehandling:<\/td>\n<td> pulverlakering, med 80-120 micorn fast. Eller tilpasset<\/td>\n<\/tr>\n<tr>\n<td class=\"label\">St\u00f8rrelse:<\/td>\n<td> 200*200 mm, 3,0 mm tykkelse<\/td>\n<\/tr>\n<tr>\n<td class=\"label\">Garanti:<\/td>\n<td> i 10~20 \u00e5r indend\u00f8rs<\/td>\n<\/tr>\n<tr>\n<td class=\"label\">Specifikation:<\/td>\n<td> 5.8m<\/td>\n<\/tr>\n<tr>\n<td class=\"label\">Materiale:<\/td>\n<td> 6063-T5<\/td>\n<\/tr>\n<tr>\n<td class=\"label\">MOQ:<\/td>\n<td> 2000 kg for hver genstand<\/td>\n<\/tr>\n<tr>\n<td class=\"label\">Marked:<\/td>\n<td> Det eksporterede marked<\/td>\n<\/tr>\n<tr>\n<td class=\"label\">HS-kode:<\/td>\n<td> 76042100<\/td>\n<\/tr>\n<tr>\n<td class=\"label\">Form:<\/td>\n<td> Firkantet form<\/td>\n<\/tr>\n<tr>\n<td class=\"label\">Havn:<\/td>\n<td> Shenzhen, Guangzhou, Foshan<\/td>\n<\/tr>\n<tr>\n<td class=\"label\">Dyb proces:<\/td>\n<td> Ekstrudering, boring, svejsning, tilpasset<\/td>\n<\/tr>\n<tr>\n<td class=\"label\">Transportpakke:<\/td>\n<td> PE-firma for hver pc, dobbelt pc'er for en pakke<\/td>\n<\/tr>\n<tr>\n<td class=\"label\">Oprindelse:<\/td>\n<td> Foshan, Kina<\/td>\n<\/tr>\n<\/table>\n<h2>Vores produktionsbase<\/h2>\n<h3>Panorama over fabrikken<\/h3>\n<p><img decoding=\"async\" src=\"\/wp-content\/uploads\/factory-01.webp\"\/><\/p>\n<h3>V\u00e6rksted til fremstilling af aluminiumst\u00e6nger<\/h3>\n<p><img decoding=\"async\" src=\"\/wp-content\/uploads\/factory-02.webp\"\/><\/p>\n<p><img decoding=\"async\" src=\"\/wp-content\/uploads\/factory-03.webp\"\/><\/p>\n<h3>Lager til opbevaring af skimmelsvampe<\/h3>\n<p><img decoding=\"async\" src=\"\/wp-content\/uploads\/factory-04.webp\"\/><\/p>\n<h3>43 ekstruderingslinjer for aluminium (500-5500 ton)<\/h3>\n<p><img decoding=\"async\" src=\"\/wp-content\/uploads\/factory-05.webp\"\/><\/p>\n<p><img decoding=\"async\" src=\"\/wp-content\/uploads\/factory-06.webp\"\/><\/p>\n<p><img decoding=\"async\" src=\"\/wp-content\/uploads\/factory-07.webp\"\/><\/p>\n<h3>V\u00e6rksted for pulverlakering<\/h3>\n<p><img decoding=\"async\" src=\"\/wp-content\/uploads\/factory-09.webp\"\/><\/p>\n<h3>Anodiseringsv\u00e6rksted<\/h3>\n<p><img decoding=\"async\" src=\"\/wp-content\/uploads\/factory-10.webp\"\/><\/p>\n<h3>Workshop om dyb behandling<\/h3>\n<p><img decoding=\"async\" src=\"\/wp-content\/uploads\/factory-11.webp\"\/><\/p>\n<h3>V\u00e6rksted for CNC-pr\u00e6cisionsbearbejdning<\/h3>\n<p><img decoding=\"async\" src=\"\/wp-content\/uploads\/factory-11.5.webp\"\/><\/p>\n<h3>F\u00e6rdigvare- og eksportlager<\/h3>\n<p><img decoding=\"async\" src=\"\/wp-content\/uploads\/factory-12.webp\"\/><\/p>\n<p><img decoding=\"async\" src=\"\/wp-content\/uploads\/factory-13.webp\"\/><\/p>\n<p><img decoding=\"async\" src=\"\/wp-content\/uploads\/factory-14.webp\"\/><\/p>\n<h2>OFTE STILLEDE SP\u00d8RGSM\u00c5L<\/h2>\n<p><p><b>1. Hvad tilbyder leverand\u00f8rer af aluminiumsr\u00f8r?<\/b><\/p>\n<p>Leverand\u00f8rer af aluminiumsr\u00f8r tilbyder en bred vifte af standard- og specialtilpassede aluminiumsr\u00f8rl\u00f8sninger med forskellige former, st\u00f8rrelser, legeringer og overfladebehandlinger til industriel og kommerciel brug.<br \/>\n<\/p><br \/>\n<br \/>\n<p><b>2. Hvad er de vigtigste fordele ved at arbejde med professionelle leverand\u00f8rer af aluminiumsr\u00f8r?<\/b><\/p>\n<p>Professionelle leverand\u00f8rer af aluminiumsr\u00f8r tilbyder ensartet produktkvalitet, konkurrencedygtige priser, hurtig levering og teknisk support til skr\u00e6ddersyede anvendelsesbehov.<br \/>\n<\/p><br \/>\n<br \/>\n<p><b>3. Hvorfor v\u00e6lge aluminiumsr\u00f8r fra en specialiseret leverand\u00f8r?<\/b><\/p>\n<p>Specialiserede leverand\u00f8rer af aluminiumsr\u00f8r sikrer pr\u00e6cis ekstrudering, valg af legering og finish for at opfylde krav til ydeevne, holdbarhed og design.<br \/>\n<\/p><br \/>\n<br \/>\n<p><b>4. Kan leverand\u00f8rer af aluminiumsr\u00f8r levere tilpassede l\u00f8sninger?<\/b><\/p>\n<p>Ja, p\u00e5lidelige leverand\u00f8rer kan producere specialfremstillede aluminiumsr\u00f8r i specifikke diametre, v\u00e6gtykkelser, l\u00e6ngder og overflader til unikke industriform\u00e5l.<br \/>\n<\/p><br \/>\n<br \/>\n<p><b>5. Tilbyder leverand\u00f8rer af aluminiumsr\u00f8r anodiseret eller belagt finish?<\/b><\/p>\n<p>De fleste leverand\u00f8rer af aluminiumsr\u00f8r tilbyder anodisering, pulverlakering og fr\u00e6sning for at forbedre korrosionsbestandigheden, udseendet og levetiden.<br \/>\n<\/p><br \/>\n<br \/>\n<p><b>6. Er leverand\u00f8rer af aluminiumsr\u00f8r i stand til at h\u00e5ndtere store ordrer?<\/b><\/p>\n<p>Ja, p\u00e5lidelige leverand\u00f8rer af aluminiumsr\u00f8r er udstyret til at h\u00e5ndtere storstilet produktion og bulkordrer til OEM-, industri- og byggeprojekter.<br \/>\n<\/p><br \/>\n<br \/>\n<p><b>7. Hvordan v\u00e6lger man den rigtige leverand\u00f8r af aluminiumsr\u00f8r?<\/b><\/p>\n<p>Se efter leverand\u00f8rer med kvalitetscertificeringer, et bredt produktsortiment, mulighed for specialfremstilling, konkurrencedygtige priser og st\u00e6rk kundesupport.<br \/>\n<\/p><br \/><\/p>","protected":false},"featured_media":6334,"template":"","categories":[60],"class_list":["post-6335","product","type-product","status-publish","has-post-thumbnail","hentry","category-general-tubes-and-bars"],"meta_box":{"hilight_text_group":{"product_hilight_text":"<li>Reliable supply of high-quality aluminum tubes in various sizes and alloys<\/li>\r\r\n<li>Competitive pricing with stable bulk order fulfillment<\/li>\r\r\n<li>Custom cutting, machining, and surface treatment services available<\/li>\r\r\n<li>Fast lead times and efficient logistics for global delivery<\/li>\r\r\n<li>Technical support and OEM solutions for industrial applications<\/li>","product_chanpin_blog":"<ul>\r\r\n<li><a href=\"https:\/\/sinoextrud.com\/t-slot-v-slot-differences\/\" target=\"_blank\">t slot vs v slot<\/a><\/li>\r\r\n<li><a href=\"https:\/\/sinoextrud.com\/what-is-4040-aluminium-extrud\/\" target=\"_blank\">4040 aluminium extrusion<\/a><\/li>\r\r\n<li><a href=\"https:\/\/sinoextrud.com\/what-is-4040-aluminium-extrud\/\" target=\"_blank\">aluminum extrusions for industrial racks<\/a><\/li>\r\r\n<li><a href=\"https:\/\/sinoextrud.com\/powder-coating-aluminium-process\/\" target=\"_blank\">powder coating aluminium<\/a><\/li>\r\r\n<li><a href=\"https:\/\/sinoextrud.com\/what-is-an-aluminium-strip-ceiling\/\" target=\"_blank\">aluminium strip ceiling<\/a><\/li>\r\r\n<li><a href=\"https:\/\/sinoextrud.com\/what-is-a-heat-sink\/\" target=\"_blank\">what is a heat sink<\/a><\/li>\r\r\n<\/ul>","product_chanpin_chanpin":"<li><a href=\"https:\/\/sinoextrud.com\/product\/square-extruded-aluminum\/\" target=\"_blank\">Square Extruded Aluminum<\/a><\/li>\r\n<li><a href=\"https:\/\/sinoextrud.com\/product\/square-tube-standard-aluminium-sections\/\" target=\"_blank\">Square Tube Standard Aluminium Sections<\/a><\/li>\r\n<li><a href=\"https:\/\/sinoextrud.com\/product\/extruded-aluminum-tubing-shapes\/\" target=\"_blank\">Extruded Aluminum Tubing Shapes<\/a><\/li>\r\n<li><a href=\"https:\/\/sinoextrud.com\/product\/aluminum-triangle-tube-profile\/\" target=\"_blank\">Aluminum Triangle Tube Profile<\/a><\/li>\r\n<li><a href=\"https:\/\/sinoextrud.com\/product\/aluminum-tube-suppliers\/\" target=\"_blank\">Aluminum Tube Suppliers<\/a><\/li>\r\n<li><a href=\"https:\/\/sinoextrud.com\/product\/quarter-round-aluminum-extrusion\/\" target=\"_blank\">Quarter Round Aluminum Extrusion<\/a><\/li>\r\n<li><a href=\"https:\/\/sinoextrud.com\/product\/extruded-aluminum-bar\/\" target=\"_blank\">Extruded Aluminum Bar<\/a><\/li>\r\n<li><a href=\"https:\/\/sinoextrud.com\/product\/aluminium-profile-10x10\/\" target=\"_blank\">Aluminium Profile 10\u00c3\u201410<\/a><\/li>\r\n<li><a href=\"https:\/\/sinoextrud.com\/product\/aluminium-square-tubes\/\" target=\"_blank\">Aluminium Square tubes<\/a><\/li>\r\n<li><a href=\"https:\/\/sinoextrud.com\/product\/aluminum-windows-and-doors-for-nigeria\/\" target=\"_blank\">Aluminum windows And Doors For Nigeria<\/a><\/li>\r\n<li><a href=\"https:\/\/sinoextrud.com\/product\/china-factory-wholesale-6063-aluminum-fence-panels\/\" target=\"_blank\">China Factory Wholesale 6063 Aluminum Fence Panels<\/a><\/li>"},"feature_list":[]},"_links":{"self":[{"href":"https:\/\/sinoextrud.com\/da\/wp-json\/wp\/v2\/product\/6335","targetHints":{"allow":["GET"]}}],"collection":[{"href":"https:\/\/sinoextrud.com\/da\/wp-json\/wp\/v2\/product"}],"about":[{"href":"https:\/\/sinoextrud.com\/da\/wp-json\/wp\/v2\/types\/product"}],"wp:featuredmedia":[{"embeddable":true,"href":"https:\/\/sinoextrud.com\/da\/wp-json\/wp\/v2\/media\/6334"}],"wp:attachment":[{"href":"https:\/\/sinoextrud.com\/da\/wp-json\/wp\/v2\/media?parent=6335"}],"wp:term":[{"taxonomy":"category","embeddable":true,"href":"https:\/\/sinoextrud.com\/da\/wp-json\/wp\/v2\/categories?post=6335"}],"curies":[{"name":"wp","href":"https:\/\/api.w.org\/{rel}","templated":true}]}}