{"id":6325,"date":"2025-05-26T15:04:21","date_gmt":"2025-05-26T15:04:21","guid":{"rendered":"https:\/\/sinoextrud.com\/product\/square-extruded-aluminum\/"},"modified":"2025-06-24T06:10:45","modified_gmt":"2025-06-24T06:10:45","slug":"firkantet-ekstruderet-aluminium","status":"publish","type":"product","link":"https:\/\/sinoextrud.com\/da\/product\/square-extruded-aluminum\/","title":{"rendered":"Firkantet ekstruderet aluminium"},"content":{"rendered":"<h2>Detaljer om produkter<\/h2>\n<table class=\"custom-table\">\n<tr>\n<td class=\"label\">Vare<\/td>\n<td>Ekstruderet aluminiumsr\u00f8r, ekstruderet aluminiumsr\u00f8r, ekstruderet firkantet aluminiumsr\u00f8r, ekstruderet firkantet aluminiumsr\u00f8r<\/td>\n<\/tr>\n<tr>\n<td class=\"label\">Materiale<\/td>\n<td>Aluminium i 6000-serien (6063, 6061, 6463, 6082)<\/td>\n<\/tr>\n<tr>\n<td class=\"label\">Temperament<\/td>\n<td>T4, T5, T6<\/td>\n<\/tr>\n<tr>\n<td class=\"label\">St\u00f8rrelse \/ tykkelse<\/td>\n<td>Generelle profilers tykkelse fra 0,8 til 5,0 mm eller tilpasset, l\u00e6ngde fra 3m-6m eller tilpasset tilg\u00e6ngelig\uff1b Anodiseringsbeskyttelsesfilmtykkelse fra 8 ~ 20 um, pulverlakering fra 40 ~ 120 um.<\/td>\n<\/tr>\n<tr>\n<td class=\"label\">Form<\/td>\n<td>firkantet, rund, rektangul\u00e6r, trekant osv. eller tilpasset<\/td>\n<\/tr>\n<tr>\n<td class=\"label\">Anvendelse<\/td>\n<td>I m\u00f8bler, vinduer og d\u00f8re, dekorationer, industri, byggeri osv.<\/td>\n<\/tr>\n<tr>\n<td class=\"label\">Overfladebehandling<\/td>\n<td>pulverlakering, PVDF, anodiseret, tr\u00e6korn, elektroforese, b\u00f8rstet, polering osv.<\/td>\n<\/tr>\n<tr>\n<td class=\"label\">Farver<\/td>\n<td>Ref pulverlakering farveark og tilpasset farve tilg\u00e6ngelig<\/td>\n<\/tr>\n<tr>\n<td class=\"label\">Dyb proces<\/td>\n<td>CNC, boring, fr\u00e6sning, sk\u00e6ring, svejsning, bukning, samling<\/td>\n<\/tr>\n<tr>\n<td class=\"label\">MOQ<\/td>\n<td>200 kg for hvert emne<\/td>\n<\/tr>\n<tr>\n<td class=\"label\">Detaljer om emballage<\/td>\n<td>(1) Indvendigt: pakket med beskyttende plastfilm eller beskyttende plastpose<\/td>\n<\/tr>\n<tr>\n<td class=\"label\"><\/td>\n<td>(2) Udenfor: Indpakning til bundter af vandt\u00e6t h\u00e5ndv\u00e6rkspapir<\/td>\n<\/tr>\n<tr>\n<td class=\"label\">Leveringstid<\/td>\n<td>(1) Formudvikling og pr\u00f8vetestning: 10-15 dage<\/td>\n<\/tr>\n<tr>\n<td class=\"label\"><\/td>\n<td>(2) Masseproduktion afsluttet: 20-30 dage efter, at pr\u00f8ven er bekr\u00e6ftet af k\u00f8beren<\/td>\n<\/tr>\n<tr>\n<td class=\"label\">FOB-havn<\/td>\n<td>Guangzhou, Foshan, Shenzhen<\/td>\n<\/tr>\n<tr>\n<td class=\"label\">Betalingsbetingelser<\/td>\n<td>T \/ T, 30% udbetaling og saldoen skal betales inden afsendelse<\/td>\n<\/tr>\n<\/table>\n<h2>Vores produktionsbase<\/h2>\n<h3>Panorama over fabrikken<\/h3>\n<p><img decoding=\"async\" src=\"\/wp-content\/uploads\/factory-01.webp\"\/><\/p>\n<h3>V\u00e6rksted til fremstilling af aluminiumst\u00e6nger<\/h3>\n<p><img decoding=\"async\" src=\"\/wp-content\/uploads\/factory-02.webp\"\/><\/p>\n<p><img decoding=\"async\" src=\"\/wp-content\/uploads\/factory-03.webp\"\/><\/p>\n<h3>Lager til opbevaring af skimmelsvampe<\/h3>\n<p><img decoding=\"async\" src=\"\/wp-content\/uploads\/factory-04.webp\"\/><\/p>\n<h3>43 ekstruderingslinjer for aluminium (500-5500 ton)<\/h3>\n<p><img decoding=\"async\" src=\"\/wp-content\/uploads\/factory-05.webp\"\/><\/p>\n<p><img decoding=\"async\" src=\"\/wp-content\/uploads\/factory-06.webp\"\/><\/p>\n<p><img decoding=\"async\" src=\"\/wp-content\/uploads\/factory-07.webp\"\/><\/p>\n<h3>V\u00e6rksted for pulverlakering<\/h3>\n<p><img decoding=\"async\" src=\"\/wp-content\/uploads\/factory-09.webp\"\/><\/p>\n<h3>Anodiseringsv\u00e6rksted<\/h3>\n<p><img decoding=\"async\" src=\"\/wp-content\/uploads\/factory-10.webp\"\/><\/p>\n<h3>Workshop om dyb behandling<\/h3>\n<p><img decoding=\"async\" src=\"\/wp-content\/uploads\/factory-11.webp\"\/><\/p>\n<h3>V\u00e6rksted for CNC-pr\u00e6cisionsbearbejdning<\/h3>\n<p><img decoding=\"async\" src=\"\/wp-content\/uploads\/factory-11.5.webp\"\/><\/p>\n<h3>F\u00e6rdigvare- og eksportlager<\/h3>\n<p><img decoding=\"async\" src=\"\/wp-content\/uploads\/factory-12.webp\"\/><\/p>\n<p><img decoding=\"async\" src=\"\/wp-content\/uploads\/factory-13.webp\"\/><\/p>\n<p><img decoding=\"async\" src=\"\/wp-content\/uploads\/factory-14.webp\"\/><\/p>\n<h2>OFTE STILLEDE SP\u00d8RGSM\u00c5L<\/h2>\n<p><p><b>1. Hvad bruges firkantet ekstruderet aluminium til?<\/b><\/p>\n<p>Firkantet ekstruderet aluminium bruges i vid udstr\u00e6kning i byggeri, rammer, m\u00f8bler og industrielle applikationer p\u00e5 grund af dets strukturelle styrke og rene geometriske form.<br \/>\n<\/p><br \/>\n<br \/>\n<p><b>2. Hvad er de vigtigste fordele ved firkantet ekstruderet aluminium?<\/b><\/p>\n<p>Firkantet ekstruderet aluminium giver et h\u00f8jt styrke\/v\u00e6gt-forhold, fremragende korrosionsbestandighed og pr\u00e6cis dimensionstolerance til forskellige strukturelle anvendelser.<br \/>\n<\/p><br \/>\n<br \/>\n<p><b>3. Hvorfor v\u00e6lge firkantet ekstruderet aluminium frem for andre materialer?<\/b><\/p>\n<p>Firkantet ekstruderet aluminium er lettere end st\u00e5l, mere holdbart end plast og lettere at bearbejde og samle, hvilket g\u00f8r det til en omkostningseffektiv og alsidig l\u00f8sning.<br \/>\n<\/p><br \/>\n<br \/>\n<p><b>4. kan firkantet ekstruderet aluminium tilpasses?<\/b><\/p>\n<p>Ja, firkantet ekstruderet aluminium kan tilpasses med hensyn til st\u00f8rrelse, v\u00e6gtykkelse, legeringskvalitet og overfladefinish for at opfylde specifikke projektkrav.<br \/>\n<\/p><br \/>\n<br \/>\n<p><b>5. Hvilke overfladebehandlinger er tilg\u00e6ngelige for firkantet ekstruderet aluminium?<\/b><\/p>\n<p>De tilg\u00e6ngelige overflader omfatter anodisering, pulverlakering og fr\u00e6sning, som forbedrer korrosionsbestandigheden, holdbarheden og det \u00e6stetiske udtryk.<br \/>\n<\/p><br \/>\n<br \/>\n<p><b>6. Er firkantet ekstruderet aluminium egnet til udend\u00f8rs brug?<\/b><\/p>\n<p>Ja, med anodiseret eller pulverlakeret finish er firkantet ekstruderet aluminium meget modstandsdygtigt over for vejr, rust og UV-eksponering, ideelt til udend\u00f8rs brug.<br \/>\n<\/p><br \/>\n<br \/>\n<p><b>7. Hvordan underst\u00f8tter firkantet ekstruderet aluminium b\u00e6redygtigt design?<\/b><\/p>\n<p>Aluminium er 100% genanvendeligt og energieffektivt at producere, hvilket g\u00f8r firkantet ekstruderet aluminium til et milj\u00f8venligt valg til gr\u00f8nt byggeri og produktion.<br \/>\n<\/p><br \/><\/p>","protected":false},"featured_media":6324,"template":"","categories":[60],"class_list":["post-6325","product","type-product","status-publish","has-post-thumbnail","hentry","category-general-tubes-and-bars"],"meta_box":{"hilight_text_group":{"product_hilight_text":"<li>Square shape offers excellent strength and load-bearing capability<\/li>\r\r\n<li>Extruded with high precision for uniform dimensions<\/li>\r\r\n<li>Corrosion-resistant and suitable for indoor and outdoor use<\/li>\r\r\n<li>Customizable in size, wall thickness, and surface finish<\/li>\r\r\n<li>Ideal for construction, framing, and machinery applications<\/li>","product_chanpin_blog":"<ul>\r\r\n<li><a href=\"https:\/\/sinoextrud.com\/product\/aluminum-extrusion-6061-6063-aluminum-profile-for-lamppost\/\" target=\"_blank\">Aluminum Extrusion 6061 6063 Aluminum Profile For Lamppost<\/a><\/li>\r\r\n<li><a href=\"https:\/\/sinoextrud.com\/product\/6061-6063-6082-street-lamp-column-aluminum-profile\/#brxe-a0f13f\" target=\"_blank\">6061 6063 6082 Street Lamp Column Aluminum Profile<\/a><\/li>\r\r\n<li><a href=\"https:\/\/sinoextrud.com\/product\/aluminum-extrusion-linear-led-lighting-aluminum-profile\/\" target=\"_blank\">Aluminum Extrusion Linear LED Lighting Aluminum Profile<\/a><\/li>\r\r\n<li><a href=\"https:\/\/sinoextrud.com\/product\/aluminum-extrusion-electroplated-shower-room-aluminum-profile\/\" target=\"_blank\">Aluminum Extrusion Electroplated Shower Room Aluminum Profile<\/a><\/li>\r\r\n<li><a href=\"https:\/\/sinoextrud.com\/product\/aluminum-extrusion-hard-anodizing-aluminum-profiles\/\" target=\"_blank\">Aluminum Extrusion Hard Anodizing Aluminum Profiles<\/a><\/li>\r\r\n<li><a href=\"https:\/\/sinoextrud.com\/product\/aluminum-extrusion-2024-7001-7003-aluminum-profile\/\" target=\"_blank\">Aluminum Extrusion 2024 7001 7003 Aluminum Profile<\/a><\/li>\r\r\n<\/ul>","product_chanpin_chanpin":"<li><a href=\"https:\/\/sinoextrud.com\/product\/extruded-aluminum-stock-shapes\/\" target=\"_blank\">Extruded Aluminum Stock Shapes<\/a><\/li>\r\n<li><a href=\"https:\/\/sinoextrud.com\/product\/aluminium-tube-profiles\/\" target=\"_blank\">Aluminium Tube Profiles<\/a><\/li>\r\n<li><a href=\"https:\/\/sinoextrud.com\/product\/aluminum-rectangular-extrusion\/\" target=\"_blank\">Aluminum Rectangular Extrusion<\/a><\/li>\r\n<li><a href=\"https:\/\/sinoextrud.com\/product\/aluminum-channel\/\" target=\"_blank\">Aluminum Channel<\/a><\/li>\r\n<li><a href=\"https:\/\/sinoextrud.com\/product\/square-extruded-aluminum\/\" target=\"_blank\">Square Extruded Aluminum<\/a><\/li>\r\n<li><a href=\"https:\/\/sinoextrud.com\/product\/square-tube-standard-aluminium-sections\/\" target=\"_blank\">Square Tube Standard Aluminium Sections<\/a><\/li>\r\n<li><a href=\"https:\/\/sinoextrud.com\/product\/extruded-aluminum-tubing-shapes\/\" target=\"_blank\">Extruded Aluminum Tubing Shapes<\/a><\/li>\r\n<li><a href=\"https:\/\/sinoextrud.com\/product\/aluminum-triangle-tube-profile\/\" target=\"_blank\">Aluminum Triangle Tube Profile<\/a><\/li>\r\n<li><a href=\"https:\/\/sinoextrud.com\/product\/aluminum-tube-suppliers\/\" target=\"_blank\">Aluminum Tube Suppliers<\/a><\/li>\r\n<li><a href=\"https:\/\/sinoextrud.com\/product\/aluminium-t-extrusion\/\" target=\"_blank\">Aluminium T Extrusion<\/a><\/li>\r\n<li><a href=\"https:\/\/sinoextrud.com\/product\/aluminum-extrusion-high-strength-cnc-drilling-7003-aluminum-round-pipe\/\" target=\"_blank\">Aluminum Extrusion High-strength CNC Drilling 7003 Aluminum Round Pipe<\/a><\/li>"},"feature_list":[]},"_links":{"self":[{"href":"https:\/\/sinoextrud.com\/da\/wp-json\/wp\/v2\/product\/6325","targetHints":{"allow":["GET"]}}],"collection":[{"href":"https:\/\/sinoextrud.com\/da\/wp-json\/wp\/v2\/product"}],"about":[{"href":"https:\/\/sinoextrud.com\/da\/wp-json\/wp\/v2\/types\/product"}],"wp:featuredmedia":[{"embeddable":true,"href":"https:\/\/sinoextrud.com\/da\/wp-json\/wp\/v2\/media\/6324"}],"wp:attachment":[{"href":"https:\/\/sinoextrud.com\/da\/wp-json\/wp\/v2\/media?parent=6325"}],"wp:term":[{"taxonomy":"category","embeddable":true,"href":"https:\/\/sinoextrud.com\/da\/wp-json\/wp\/v2\/categories?post=6325"}],"curies":[{"name":"wp","href":"https:\/\/api.w.org\/{rel}","templated":true}]}}