{"id":6310,"date":"2025-05-26T09:40:17","date_gmt":"2025-05-26T09:40:17","guid":{"rendered":"https:\/\/sinoextrud.com\/product\/anodized-aluminum-alloy-pipe-supplier\/"},"modified":"2025-06-24T06:10:40","modified_gmt":"2025-06-24T06:10:40","slug":"leverandor-af-ror-i-anodiseret-aluminiumslegering","status":"publish","type":"product","link":"https:\/\/sinoextrud.com\/da\/product\/anodized-aluminum-alloy-pipe-supplier\/","title":{"rendered":"Leverand\u00f8r af anodiseret aluminiumslegeringsr\u00f8r"},"content":{"rendered":"<h2>Detaljer om produkter<\/h2>\n<table class=\"custom-table\">\n<tr>\n<td class=\"label\">Vare:<\/td>\n<td> R\u00f8r af anodiseret aluminiumslegering<\/td>\n<\/tr>\n<tr>\n<td class=\"label\">Temperament:<\/td>\n<td> T3-T8<\/td>\n<\/tr>\n<tr>\n<td class=\"label\">Type:<\/td>\n<td> Udvidelse af aluminiumsprofiler<\/td>\n<\/tr>\n<tr>\n<td class=\"label\">Legering:<\/td>\n<td> Legering<\/td>\n<\/tr>\n<tr>\n<td class=\"label\">Karakter:<\/td>\n<td> 6000-serien<\/td>\n<\/tr>\n<tr>\n<td class=\"label\">L\u00e6ngde:<\/td>\n<td> 1-9 meter eller tilpasset<\/td>\n<\/tr>\n<tr>\n<td class=\"label\">St\u00f8rrelse:<\/td>\n<td> Brugerdefineret<\/td>\n<\/tr>\n<tr>\n<td class=\"label\">Overfladebehandling:<\/td>\n<td> Anodiseret<\/td>\n<\/tr>\n<tr>\n<td class=\"label\">Kvalitetskontrol:<\/td>\n<td> 100% Inspektion f\u00f8r afsendelse<\/td>\n<\/tr>\n<tr>\n<td class=\"label\">Specifikation:<\/td>\n<td> ISO9001, ISO14001<\/td>\n<\/tr>\n<tr>\n<td class=\"label\">Oprindelse:<\/td>\n<td> Foshan, Kina<\/td>\n<\/tr>\n<tr>\n<td class=\"label\">Varem\u00e6rke:<\/td>\n<td> Sinoextrud (Sinoextrud) \/ OEM<\/td>\n<\/tr>\n<tr>\n<td class=\"label\">Type:<\/td>\n<td> Aluminiumsprofil til vinduer og d\u00f8re, aluminiumsprofil til dekoration, anodiseret aluminiumslegeringsr\u00f8r, aluminiumsprofil til k\u00f8leplade, aluminiumsprofil til glasv\u00e6g, industriel aluminiumsprofil, aluminiumsr\u00f8r til tr\u00e6korn, anodiseret aluminiumsr\u00f8r<\/td>\n<\/tr>\n<\/table>\n<h2>Vores produktionsbase<\/h2>\n<h3>Panorama over fabrikken<\/h3>\n<p><img decoding=\"async\" src=\"\/wp-content\/uploads\/factory-01.webp\"\/><\/p>\n<h3>V\u00e6rksted til fremstilling af aluminiumst\u00e6nger<\/h3>\n<p><img decoding=\"async\" src=\"\/wp-content\/uploads\/factory-02.webp\"\/><\/p>\n<p><img decoding=\"async\" src=\"\/wp-content\/uploads\/factory-03.webp\"\/><\/p>\n<h3>Lager til opbevaring af skimmelsvampe<\/h3>\n<p><img decoding=\"async\" src=\"\/wp-content\/uploads\/factory-04.webp\"\/><\/p>\n<h3>43 ekstruderingslinjer for aluminium (500-5500 ton)<\/h3>\n<p><img decoding=\"async\" src=\"\/wp-content\/uploads\/factory-05.webp\"\/><\/p>\n<p><img decoding=\"async\" src=\"\/wp-content\/uploads\/factory-06.webp\"\/><\/p>\n<p><img decoding=\"async\" src=\"\/wp-content\/uploads\/factory-07.webp\"\/><\/p>\n<h3>V\u00e6rksted for pulverlakering<\/h3>\n<p><img decoding=\"async\" src=\"\/wp-content\/uploads\/factory-09.webp\"\/><\/p>\n<h3>Anodiseringsv\u00e6rksted<\/h3>\n<p><img decoding=\"async\" src=\"\/wp-content\/uploads\/factory-10.webp\"\/><\/p>\n<h3>Workshop om dyb behandling<\/h3>\n<p><img decoding=\"async\" src=\"\/wp-content\/uploads\/factory-11.webp\"\/><\/p>\n<h3>V\u00e6rksted for CNC-pr\u00e6cisionsbearbejdning<\/h3>\n<p><img decoding=\"async\" src=\"\/wp-content\/uploads\/factory-11.5.webp\"\/><\/p>\n<h3>F\u00e6rdigvare- og eksportlager<\/h3>\n<p><img decoding=\"async\" src=\"\/wp-content\/uploads\/factory-12.webp\"\/><\/p>\n<p><img decoding=\"async\" src=\"\/wp-content\/uploads\/factory-13.webp\"\/><\/p>\n<p><img decoding=\"async\" src=\"\/wp-content\/uploads\/factory-14.webp\"\/><\/p>\n<h2>OFTE STILLEDE SP\u00d8RGSM\u00c5L<\/h2>\n<p><p><b>1. Hvad tilbyder en leverand\u00f8r af anodiserede aluminiumsr\u00f8r?<\/b><\/p>\n<p>En leverand\u00f8r af r\u00f8r i anodiseret aluminiumslegering leverer r\u00f8r af h\u00f8j kvalitet med forbedret korrosionsbestandighed, holdbarhed og overfladefinish, der er egnet til industriel og arkitektonisk brug.<br \/>\n<\/p><br \/>\n<br \/>\n<p><b>2. Hvad er fordelene ved anodiserede aluminiumslegeringsr\u00f8r?<\/b><\/p>\n<p>Anodiserede r\u00f8r i aluminiumslegering giver overlegen korrosionsbeskyttelse, \u00f8get overfladeh\u00e5rdhed og en attraktiv, langtidsholdbar finish.<br \/>\n<\/p><br \/>\n<br \/>\n<p><b>3. Hvorfor v\u00e6lge anodiserede aluminiumsr\u00f8r frem for ikke-anodiserede alternativer?<\/b><\/p>\n<p>Anodiserede aluminiumsr\u00f8r har et beskyttende oxidlag, der modst\u00e5r korrosion, slid og UV-skader, hvilket g\u00f8r dem mere holdbare i barske milj\u00f8er.<br \/>\n<\/p><br \/>\n<br \/>\n<p><b>4. kan anodiserede aluminiumslegeringsr\u00f8r tilpasses?<\/b><\/p>\n<p>Ja, leverand\u00f8rer tilbyder tilpassede muligheder i legeringskvalitet, r\u00f8rdimensioner, v\u00e6gtykkelse og anodiseringsfarve for at opfylde specifikke projektkrav.<br \/>\n<\/p><br \/>\n<br \/>\n<p><b>5. Hvilke industrier bruger anodiserede aluminiumslegeringsr\u00f8r?<\/b><\/p>\n<p>Industrier som byggeri, transport, marine og m\u00f8bler bruger ofte anodiserede aluminiumsr\u00f8r p\u00e5 grund af deres lette styrke og \u00e6stetiske finish.<br \/>\n<\/p><br \/>\n<br \/>\n<p><b>6. Hvordan forbedrer anodisering aluminiumsr\u00f8rs ydeevne?<\/b><\/p>\n<p>Anodisering skaber et h\u00e5rdt, ikke-ledende oxidlag, der forbedrer korrosionsbestandighed, slidbeskyttelse og vedh\u00e6ftning af bel\u00e6gninger eller kl\u00e6bemidler.<br \/>\n<\/p><br \/>\n<br \/>\n<p><b>7. Hvor kan jeg finde en p\u00e5lidelig leverand\u00f8r af anodiserede aluminiumsr\u00f8r?<\/b><\/p>\n<p>Anerkendte leverand\u00f8rer af anodiserede aluminiumsr\u00f8r tilbyder kvalitetscertificeringer, konkurrencedygtige priser og specialfremstillingstjenester til globale kunder.<br \/>\n<\/p><br \/><\/p>","protected":false},"featured_media":6309,"template":"","categories":[60],"class_list":["post-6310","product","type-product","status-publish","has-post-thumbnail","hentry","category-general-tubes-and-bars"],"meta_box":{"hilight_text_group":{"product_hilight_text":"<li>Specialized in supplying anodized aluminum alloy pipes with high durability<\/li>\r\r\n<li>Enhanced corrosion resistance and surface hardness through anodizing<\/li>\r\r\n<li>Available in various alloys, sizes, and colors for diverse applications<\/li>\r\r\n<li>Stable bulk supply with consistent quality and on-time delivery<\/li>\r\r\n<li>Supports OEM services and customized specifications<\/li>","product_chanpin_chanpin":"<li><a href=\"https:\/\/sinoextrud.com\/product\/professional-aluminium-tubing\/\" target=\"_blank\">Professional Aluminium Tubing<\/a><\/li>\r\n<li><a href=\"https:\/\/sinoextrud.com\/product\/extruded-aluminum-pipe\/\" target=\"_blank\">Extruded Aluminum Pipe<\/a><\/li>\r\n<li><a href=\"https:\/\/sinoextrud.com\/product\/large-diameter-aluminum-pipe-for-sale\/\" target=\"_blank\">Large Diameter Aluminum Pipe For Sale<\/a><\/li>\r\n<li><a href=\"https:\/\/sinoextrud.com\/product\/aluminum-oval-tubing-with-competitive-price\/\" target=\"_blank\">Aluminum Oval Tubing With Competitive Price<\/a><\/li>\r\n<li><a href=\"https:\/\/sinoextrud.com\/product\/anodized-aluminum-alloy-pipe-supplier\/\" target=\"_blank\">Anodized Aluminum Alloy Pipe Supplier<\/a><\/li>\r\n<li><a href=\"https:\/\/sinoextrud.com\/product\/aluminium-extrusion-channel-profiles\/\" target=\"_blank\">Aluminium Extrusion Channel Profiles<\/a><\/li>\r\n<li><a href=\"https:\/\/sinoextrud.com\/product\/round-aluminum-extrusion-profiles\/\" target=\"_blank\">Round Aluminum Extrusion Profiles<\/a><\/li>\r\n<li><a href=\"https:\/\/sinoextrud.com\/product\/extruded-aluminum-stock-shapes\/\" target=\"_blank\">Extruded Aluminum Stock Shapes<\/a><\/li>\r\n<li><a href=\"https:\/\/sinoextrud.com\/product\/aluminium-tube-profiles\/\" target=\"_blank\">Aluminium Tube Profiles<\/a><\/li>\r\n<li><a href=\"https:\/\/sinoextrud.com\/product\/t-slot-aluminium-profile\/\" target=\"_blank\">T Slot Aluminium Profile<\/a><\/li>\r\n<li><a href=\"https:\/\/sinoextrud.com\/product\/round-aluminum-extrusion-architeture-fabrication\/\" target=\"_blank\">Round Aluminum Extrusion Architeture Fabrication<\/a><\/li>"},"feature_list":[]},"_links":{"self":[{"href":"https:\/\/sinoextrud.com\/da\/wp-json\/wp\/v2\/product\/6310","targetHints":{"allow":["GET"]}}],"collection":[{"href":"https:\/\/sinoextrud.com\/da\/wp-json\/wp\/v2\/product"}],"about":[{"href":"https:\/\/sinoextrud.com\/da\/wp-json\/wp\/v2\/types\/product"}],"wp:featuredmedia":[{"embeddable":true,"href":"https:\/\/sinoextrud.com\/da\/wp-json\/wp\/v2\/media\/6309"}],"wp:attachment":[{"href":"https:\/\/sinoextrud.com\/da\/wp-json\/wp\/v2\/media?parent=6310"}],"wp:term":[{"taxonomy":"category","embeddable":true,"href":"https:\/\/sinoextrud.com\/da\/wp-json\/wp\/v2\/categories?post=6310"}],"curies":[{"name":"wp","href":"https:\/\/api.w.org\/{rel}","templated":true}]}}