{"id":6308,"date":"2025-05-26T09:38:20","date_gmt":"2025-05-26T09:38:20","guid":{"rendered":"https:\/\/sinoextrud.com\/product\/aluminum-oval-tubing-with-competitive-price\/"},"modified":"2025-06-24T06:10:40","modified_gmt":"2025-06-24T06:10:40","slug":"ovale-aluminiumsror-med-konkurrencedygtig-pris","status":"publish","type":"product","link":"https:\/\/sinoextrud.com\/da\/product\/aluminum-oval-tubing-with-competitive-price\/","title":{"rendered":"Ovale aluminiumsr\u00f8r med konkurrencedygtig pris"},"content":{"rendered":"<h2>Detaljer om produkter<\/h2>\n<table class=\"custom-table\">\n<tr>\n<td class=\"label\">Vare<\/td>\n<td>Ovale aluminiumsr\u00f8r med konkurrencedygtig pris<\/td>\n<\/tr>\n<tr>\n<td class=\"label\">Materiale<\/td>\n<td>Legering 6063 T5<\/td>\n<\/tr>\n<tr>\n<td class=\"label\">Anvendelse<\/td>\n<td>Ovale aluminiumsr\u00f8r til konstruktion<\/td>\n<\/tr>\n<tr>\n<td class=\"label\">Certifikat<\/td>\n<td>ISO9001, ISO14001<\/td>\n<\/tr>\n<tr>\n<td class=\"label\">Kapacitet<\/td>\n<td>\u00c5rlig produktion p\u00e5 mere end 60.000 tons<\/td>\n<\/tr>\n<tr>\n<td class=\"label\">Farve<\/td>\n<td>Tilpasset til r\u00e5dighed<\/td>\n<\/tr>\n<tr>\n<td class=\"label\">L\u00e6ngde<\/td>\n<td>1-9 meter eller tilpasset<\/td>\n<\/tr>\n<tr>\n<td class=\"label\">Tykkelse<\/td>\n<td>Tilpasset<\/td>\n<\/tr>\n<tr>\n<td class=\"label\">Overfladefinish<\/td>\n<td>fr\u00e6sning, anodisering, pulverlakering, overf\u00f8rsel af tr\u00e6korn, bel\u00e6gning osv.<\/td>\n<\/tr>\n<tr>\n<td class=\"label\">Anvendelse<\/td>\n<td>vindues- og d\u00f8rparti, gel\u00e6nder, forh\u00e6ngsv\u00e6g<br \/>Lastning, Foshan havn<\/td>\n<\/tr>\n<tr>\n<td class=\"label\">Betaling<\/td>\n<td>T \/ T, 30% udbetaling, mens saldoen skal betales f\u00f8r levering<\/td>\n<\/tr>\n<tr>\n<td class=\"label\">Pakke<\/td>\n<td>1.Inside: pakket med beskyttende plastfilm for at beskytte hver profil<br \/>2.Outside: pakket med vandt\u00e6t h\u00e5ndv\u00e6rkspapir<\/td>\n<\/tr>\n<tr>\n<td class=\"label\">Levering<\/td>\n<td>25-30 dage efter udbetaling<\/td>\n<\/tr>\n<tr>\n<td class=\"label\">Bestillingsr\u00e6kkef\u00f8lge<\/td>\n<td>1. Bekr\u00e6ft tegninger, overfladebehandling og pris;<br \/>2. Betal formgebyret, og vi begynder at lave forme;<br \/>3. Vi sender pr\u00f8ver til dig for at f\u00e5 din bekr\u00e6ftelse;<br \/>4. Foretag betaling af 30%-indskud, start produktionen;<\/td>\n<\/tr>\n<\/table>\n<h2>Vores produktionsbase<\/h2>\n<h3>Panorama over fabrikken<\/h3>\n<p><img decoding=\"async\" src=\"\/wp-content\/uploads\/factory-01.webp\"\/><\/p>\n<h3>V\u00e6rksted til fremstilling af aluminiumst\u00e6nger<\/h3>\n<p><img decoding=\"async\" src=\"\/wp-content\/uploads\/factory-02.webp\"\/><\/p>\n<p><img decoding=\"async\" src=\"\/wp-content\/uploads\/factory-03.webp\"\/><\/p>\n<h3>Lager til opbevaring af skimmelsvampe<\/h3>\n<p><img decoding=\"async\" src=\"\/wp-content\/uploads\/factory-04.webp\"\/><\/p>\n<h3>43 ekstruderingslinjer for aluminium (500-5500 ton)<\/h3>\n<p><img decoding=\"async\" src=\"\/wp-content\/uploads\/factory-05.webp\"\/><\/p>\n<p><img decoding=\"async\" src=\"\/wp-content\/uploads\/factory-06.webp\"\/><\/p>\n<p><img decoding=\"async\" src=\"\/wp-content\/uploads\/factory-07.webp\"\/><\/p>\n<h3>V\u00e6rksted for pulverlakering<\/h3>\n<p><img decoding=\"async\" src=\"\/wp-content\/uploads\/factory-09.webp\"\/><\/p>\n<h3>Anodiseringsv\u00e6rksted<\/h3>\n<p><img decoding=\"async\" src=\"\/wp-content\/uploads\/factory-10.webp\"\/><\/p>\n<h3>Workshop om dyb behandling<\/h3>\n<p><img decoding=\"async\" src=\"\/wp-content\/uploads\/factory-11.webp\"\/><\/p>\n<h3>V\u00e6rksted for CNC-pr\u00e6cisionsbearbejdning<\/h3>\n<p><img decoding=\"async\" src=\"\/wp-content\/uploads\/factory-11.5.webp\"\/><\/p>\n<h3>F\u00e6rdigvare- og eksportlager<\/h3>\n<p><img decoding=\"async\" src=\"\/wp-content\/uploads\/factory-12.webp\"\/><\/p>\n<p><img decoding=\"async\" src=\"\/wp-content\/uploads\/factory-13.webp\"\/><\/p>\n<p><img decoding=\"async\" src=\"\/wp-content\/uploads\/factory-14.webp\"\/><\/p>\n<h2>OFTE STILLEDE SP\u00d8RGSM\u00c5L<\/h2>\n<p><p><b>1. Hvad bruges ovale aluminiumsr\u00f8r til?<\/b><\/p>\n<p>Ovale aluminiumsr\u00f8r bruges ofte til m\u00f8bler, biler, skibe og arkitektoniske form\u00e5l p\u00e5 grund af deres unikke form, styrke og letv\u00e6gtsegenskaber.<br \/>\n<\/p><br \/>\n<br \/>\n<p><b>2. hvad er de vigtigste fordele ved ovale aluminiumsr\u00f8r med konkurrencedygtig pris?<\/b><\/p>\n<p>Ovale aluminiumsr\u00f8r giver en fremragende balance mellem styrke, korrosionsbestandighed og omkostningseffektivitet, hvilket g\u00f8r dem ideelle til b\u00e5de funktionel og dekorativ brug.<br \/>\n<\/p><br \/>\n<br \/>\n<p><b>3. Hvorfor v\u00e6lge ovale aluminiumsr\u00f8r frem for runde eller firkantede r\u00f8r?<\/b><\/p>\n<p>Ovale aluminiumsr\u00f8r giver et str\u00f8mlinet, \u00e6stetisk udseende og forbedret aerodynamik, hvilket g\u00f8r det velegnet til moderne design og performance-fokuserede projekter.<br \/>\n<\/p><br \/>\n<br \/>\n<p><b>4. Er ovale aluminiumsr\u00f8r tilg\u00e6ngelige til en konkurrencedygtig pris?<\/b><\/p>\n<p>Ja, mange leverand\u00f8rer tilbyder ovale aluminiumsr\u00f8r til konkurrencedygtige priser, samtidig med at de opretholder h\u00f8je kvalitetsstandarder og muligheder for tilpasning.<br \/>\n<\/p><br \/>\n<br \/>\n<p><b>5. Kan ovale aluminiumsr\u00f8r tilpasses til specifikke anvendelser?<\/b><\/p>\n<p>Ja, ovale aluminiumsr\u00f8r kan skr\u00e6ddersys med hensyn til st\u00f8rrelse, v\u00e6gtykkelse, legering og overfladefinish for at opfylde specifikke tekniske eller designm\u00e6ssige krav.<br \/>\n<\/p><br \/>\n<br \/>\n<p><b>6. Hvilke overfladebehandlinger kan man f\u00e5 til ovale aluminiumsr\u00f8r?<\/b><\/p>\n<p>Almindelige overflader omfatter anodisering, pulverlakering og fr\u00e6sning, som forbedrer korrosionsbestandigheden, holdbarheden og det visuelle indtryk.<br \/>\n<\/p><br \/>\n<br \/>\n<p><b>7. Er ovale aluminiumsr\u00f8r egnet til udend\u00f8rs eller marine milj\u00f8er?<\/b><\/p>\n<p>Ja, ovale aluminiumsr\u00f8r er meget modstandsdygtige over for rust og vejrlig, hvilket g\u00f8r dem ideelle til udend\u00f8rs og maritim brug med lang levetid.<br \/>\n<\/p><br \/><\/p>","protected":false},"featured_media":6307,"template":"","categories":[60],"class_list":["post-6308","product","type-product","status-publish","has-post-thumbnail","hentry","category-general-tubes-and-bars"],"meta_box":{"hilight_text_group":{"product_hilight_text":"<li>Unique oval shape ideal for decorative and structural applications<\/li>\r\r\n<li>Lightweight with good strength and corrosion resistance<\/li>\r\r\n<li>Offered at competitive prices for cost-effective solutions<\/li>\r\r\n<li>Available in various sizes, finishes, and wall thicknesses<\/li>\r\r\n<li>Supports OEM customization and bulk supply<\/li>","product_chanpin_chanpin":"<li><a href=\"https:\/\/sinoextrud.com\/product\/aluminum-irrigation-pipe-for-sale\/\" target=\"_blank\">Aluminum Irrigation Pipe For Sale<\/a><\/li>\r\n<li><a href=\"https:\/\/sinoextrud.com\/product\/professional-aluminium-tubing\/\" target=\"_blank\">Professional Aluminium Tubing<\/a><\/li>\r\n<li><a href=\"https:\/\/sinoextrud.com\/product\/extruded-aluminum-pipe\/\" target=\"_blank\">Extruded Aluminum Pipe<\/a><\/li>\r\n<li><a href=\"https:\/\/sinoextrud.com\/product\/large-diameter-aluminum-pipe-for-sale\/\" target=\"_blank\">Large Diameter Aluminum Pipe For Sale<\/a><\/li>\r\n<li><a href=\"https:\/\/sinoextrud.com\/product\/aluminum-oval-tubing-with-competitive-price\/\" target=\"_blank\">Aluminum Oval Tubing With Competitive Price<\/a><\/li>\r\n<li><a href=\"https:\/\/sinoextrud.com\/product\/anodized-aluminum-alloy-pipe-supplier\/\" target=\"_blank\">Anodized Aluminum Alloy Pipe Supplier<\/a><\/li>\r\n<li><a href=\"https:\/\/sinoextrud.com\/product\/aluminium-extrusion-channel-profiles\/\" target=\"_blank\">Aluminium Extrusion Channel Profiles<\/a><\/li>\r\n<li><a href=\"https:\/\/sinoextrud.com\/product\/round-aluminum-extrusion-profiles\/\" target=\"_blank\">Round Aluminum Extrusion Profiles<\/a><\/li>\r\n<li><a href=\"https:\/\/sinoextrud.com\/product\/extruded-aluminum-stock-shapes\/\" target=\"_blank\">Extruded Aluminum Stock Shapes<\/a><\/li>\r\n<li><a href=\"https:\/\/sinoextrud.com\/product\/thick-wall-large-diameter-aluminium-pipe\/\" target=\"_blank\">Thick Wall Large Diameter Aluminium Pipe<\/a><\/li>\r\n<li><a href=\"https:\/\/sinoextrud.com\/product\/aluminum-profile-t-slot-led-frame\/\" target=\"_blank\">Aluminum Profile T Slot Led Frame<\/a><\/li>"},"feature_list":[]},"_links":{"self":[{"href":"https:\/\/sinoextrud.com\/da\/wp-json\/wp\/v2\/product\/6308","targetHints":{"allow":["GET"]}}],"collection":[{"href":"https:\/\/sinoextrud.com\/da\/wp-json\/wp\/v2\/product"}],"about":[{"href":"https:\/\/sinoextrud.com\/da\/wp-json\/wp\/v2\/types\/product"}],"wp:featuredmedia":[{"embeddable":true,"href":"https:\/\/sinoextrud.com\/da\/wp-json\/wp\/v2\/media\/6307"}],"wp:attachment":[{"href":"https:\/\/sinoextrud.com\/da\/wp-json\/wp\/v2\/media?parent=6308"}],"wp:term":[{"taxonomy":"category","embeddable":true,"href":"https:\/\/sinoextrud.com\/da\/wp-json\/wp\/v2\/categories?post=6308"}],"curies":[{"name":"wp","href":"https:\/\/api.w.org\/{rel}","templated":true}]}}