{"id":6306,"date":"2025-05-26T09:32:46","date_gmt":"2025-05-26T09:32:46","guid":{"rendered":"https:\/\/sinoextrud.com\/product\/large-diameter-aluminum-pipe-for-sale\/"},"modified":"2025-06-24T06:10:40","modified_gmt":"2025-06-24T06:10:40","slug":"aluminiumsror-med-stor-diameter-til-salg","status":"publish","type":"product","link":"https:\/\/sinoextrud.com\/da\/product\/large-diameter-aluminum-pipe-for-sale\/","title":{"rendered":"Aluminiumsr\u00f8r med stor diameter til salg"},"content":{"rendered":"<h2>Detaljer om produkter<\/h2>\n<table class=\"custom-table\">\n<tr>\n<td class=\"label\">Varem\u00e6rke<\/td>\n<td>Aluminiumsr\u00f8r med stor diameter til salg<\/td>\n<\/tr>\n<tr>\n<td class=\"label\">Materiale<\/td>\n<td>Legering 6063 T5<\/td>\n<\/tr>\n<tr>\n<td class=\"label\">Anvendelse<\/td>\n<td>Aluminiumsr\u00f8r med stor diameter<\/td>\n<\/tr>\n<tr>\n<td class=\"label\">Certifikat<\/td>\n<td>ISO9001, ISO14001<\/td>\n<\/tr>\n<tr>\n<td class=\"label\">Kapacitet<\/td>\n<td>\u00c5rlig produktion p\u00e5 mere end 60.000 tons<\/td>\n<\/tr>\n<tr>\n<td class=\"label\">Farve<\/td>\n<td>Tilpasset til r\u00e5dighed<\/td>\n<\/tr>\n<tr>\n<td class=\"label\">L\u00e6ngde<\/td>\n<td>1-9 meter eller tilpasset<\/td>\n<\/tr>\n<tr>\n<td class=\"label\">Tykkelse<\/td>\n<td>Tilpasset<\/td>\n<\/tr>\n<tr>\n<td class=\"label\">Overfladefinish<\/td>\n<td>fr\u00e6sning, anodisering, pulverlakering, overf\u00f8rsel af tr\u00e6korn, bel\u00e6gning osv.<\/td>\n<\/tr>\n<tr>\n<td class=\"label\">Anvendelse<\/td>\n<td>vindues- og d\u00f8rparti, gel\u00e6nder, forh\u00e6ngsv\u00e6g<br \/>Lastning, Foshan havn<\/td>\n<\/tr>\n<tr>\n<td class=\"label\">Betaling<\/td>\n<td>T \/ T, 30% udbetaling, mens saldoen skal betales f\u00f8r levering<\/td>\n<\/tr>\n<tr>\n<td class=\"label\">Pakke<\/td>\n<td>1.Inside: pakket med beskyttende plastfilm for at beskytte hver profil<br \/>2.Outside: pakket med vandt\u00e6t h\u00e5ndv\u00e6rkspapir<\/td>\n<\/tr>\n<tr>\n<td class=\"label\">Levering<\/td>\n<td>25-30 dage efter udbetaling<\/td>\n<\/tr>\n<tr>\n<td class=\"label\">Bestillingsr\u00e6kkef\u00f8lge<\/td>\n<td>1. Bekr\u00e6ft tegninger, overfladebehandling og pris;<br \/>2. Betal formgebyret, og vi begynder at lave forme;<br \/>3. Vi sender pr\u00f8ver til dig for at f\u00e5 din bekr\u00e6ftelse;<br \/>4. Foretag betaling af 30%-indskud, start produktionen;<\/td>\n<\/tr>\n<\/table>\n<h2>Vores produktionsbase<\/h2>\n<h3>Panorama over fabrikken<\/h3>\n<p><img decoding=\"async\" src=\"\/wp-content\/uploads\/factory-01.webp\"\/><\/p>\n<h3>V\u00e6rksted til fremstilling af aluminiumst\u00e6nger<\/h3>\n<p><img decoding=\"async\" src=\"\/wp-content\/uploads\/factory-02.webp\"\/><\/p>\n<p><img decoding=\"async\" src=\"\/wp-content\/uploads\/factory-03.webp\"\/><\/p>\n<h3>Lager til opbevaring af skimmelsvampe<\/h3>\n<p><img decoding=\"async\" src=\"\/wp-content\/uploads\/factory-04.webp\"\/><\/p>\n<h3>43 ekstruderingslinjer for aluminium (500-5500 ton)<\/h3>\n<p><img decoding=\"async\" src=\"\/wp-content\/uploads\/factory-05.webp\"\/><\/p>\n<p><img decoding=\"async\" src=\"\/wp-content\/uploads\/factory-06.webp\"\/><\/p>\n<p><img decoding=\"async\" src=\"\/wp-content\/uploads\/factory-07.webp\"\/><\/p>\n<h3>V\u00e6rksted for pulverlakering<\/h3>\n<p><img decoding=\"async\" src=\"\/wp-content\/uploads\/factory-09.webp\"\/><\/p>\n<h3>Anodiseringsv\u00e6rksted<\/h3>\n<p><img decoding=\"async\" src=\"\/wp-content\/uploads\/factory-10.webp\"\/><\/p>\n<h3>Workshop om dyb behandling<\/h3>\n<p><img decoding=\"async\" src=\"\/wp-content\/uploads\/factory-11.webp\"\/><\/p>\n<h3>V\u00e6rksted for CNC-pr\u00e6cisionsbearbejdning<\/h3>\n<p><img decoding=\"async\" src=\"\/wp-content\/uploads\/factory-11.5.webp\"\/><\/p>\n<h3>F\u00e6rdigvare- og eksportlager<\/h3>\n<p><img decoding=\"async\" src=\"\/wp-content\/uploads\/factory-12.webp\"\/><\/p>\n<p><img decoding=\"async\" src=\"\/wp-content\/uploads\/factory-13.webp\"\/><\/p>\n<p><img decoding=\"async\" src=\"\/wp-content\/uploads\/factory-14.webp\"\/><\/p>\n<h2>OFTE STILLEDE SP\u00d8RGSM\u00c5L<\/h2>\n<p><p><b>1. Hvad bruges et aluminiumsr\u00f8r med stor diameter til?<\/b><\/p>\n<p>Aluminiumsr\u00f8r med stor diameter bruges ofte i konstruktionsteknik, marinekonstruktion, industrir\u00f8r og rumfartssystemer p\u00e5 grund af deres styrke og korrosionsbestandighed.<br \/>\n<\/p><br \/>\n<br \/>\n<p><b>2. Hvad er fordelene ved at bruge aluminiumsr\u00f8r med stor diameter?<\/b><\/p>\n<p>Aluminiumsr\u00f8r med stor diameter giver et h\u00f8jt styrke\/v\u00e6gt-forhold, fremragende korrosionsbestandighed og nem fremstilling til tunge opgaver.<br \/>\n<\/p><br \/>\n<br \/>\n<p><b>3. Hvorfor v\u00e6lge aluminium frem for st\u00e5l til r\u00f8r med stor diameter?<\/b><\/p>\n<p>Aluminium er betydeligt lettere end st\u00e5l, lettere at bearbejde og naturligt korrosionsbestandigt, hvilket g\u00f8r det ideelt til v\u00e6gtf\u00f8lsomme og udend\u00f8rs anvendelser.<br \/>\n<\/p><br \/>\n<br \/>\n<p><b>4. Kan aluminiumsr\u00f8r med stor diameter tilpasses?<\/b><\/p>\n<p>Ja, aluminiumsr\u00f8r med stor diameter kan tilpasses i v\u00e6gtykkelse, l\u00e6ngde, legeringstype og overfladefinish for at im\u00f8dekomme specifikke projektbehov.<br \/>\n<\/p><br \/>\n<br \/>\n<p><b>5. Hvilke legeringer bruges ofte til aluminiumsr\u00f8r med stor diameter?<\/b><\/p>\n<p>6061 og 6063 er de mest anvendte legeringer til aluminiumsr\u00f8r med stor diameter p\u00e5 grund af deres fremragende styrke, korrosionsbestandighed og svejsbarhed.<br \/>\n<\/p><br \/>\n<br \/>\n<p><b>6. Er aluminiumsr\u00f8r med stor diameter egnet til udend\u00f8rs og maritim brug?<\/b><\/p>\n<p>Ja, aluminiums naturlige modstandsdygtighed over for korrosion g\u00f8r disse r\u00f8r ideelle til udend\u00f8rs, marine og industrielle milj\u00f8er.<br \/>\n<\/p><br \/>\n<br \/>\n<p><b>7. Hvor kan jeg finde aluminiumsr\u00f8r med stor diameter til salg?<\/b><\/p>\n<p>Aluminiumsr\u00f8r med stor diameter f\u00e5s fra specialiserede metalleverand\u00f8rer og -producenter, der tilbyder tilpassede st\u00f8rrelser, finish og legeringsmuligheder.<br \/>\n<\/p><br \/><\/p>","protected":false},"featured_media":6305,"template":"","categories":[60],"class_list":["post-6306","product","type-product","status-publish","has-post-thumbnail","hentry","category-general-tubes-and-bars"],"meta_box":{"hilight_text_group":{"product_hilight_text":"<li>Designed for heavy-duty applications requiring high strength and durability<\/li>\r\r\n<li>Large diameter options suitable for structural, marine, and industrial use<\/li>\r\r\n<li>Excellent corrosion resistance ensures long service life in harsh environments<\/li>\r\r\n<li>Custom lengths, wall thicknesses, and finishes available<\/li>\r\r\n<li>Bulk order support with stable supply and timely delivery<\/li>","product_chanpin_chanpin":"<li><a href=\"https:\/\/sinoextrud.com\/product\/customized-6063-extruded-aluminum-flat-bar\/\" target=\"_blank\">Customized 6063 Extruded Aluminum Flat Bar<\/a><\/li>\r\n<li><a href=\"https:\/\/sinoextrud.com\/product\/aluminum-irrigation-pipe-for-sale\/\" target=\"_blank\">Aluminum Irrigation Pipe For Sale<\/a><\/li>\r\n<li><a href=\"https:\/\/sinoextrud.com\/product\/professional-aluminium-tubing\/\" target=\"_blank\">Professional Aluminium Tubing<\/a><\/li>\r\n<li><a href=\"https:\/\/sinoextrud.com\/product\/extruded-aluminum-pipe\/\" target=\"_blank\">Extruded Aluminum Pipe<\/a><\/li>\r\n<li><a href=\"https:\/\/sinoextrud.com\/product\/large-diameter-aluminum-pipe-for-sale\/\" target=\"_blank\">Large Diameter Aluminum Pipe For Sale<\/a><\/li>\r\n<li><a href=\"https:\/\/sinoextrud.com\/product\/aluminum-oval-tubing-with-competitive-price\/\" target=\"_blank\">Aluminum Oval Tubing With Competitive Price<\/a><\/li>\r\n<li><a href=\"https:\/\/sinoextrud.com\/product\/anodized-aluminum-alloy-pipe-supplier\/\" target=\"_blank\">Anodized Aluminum Alloy Pipe Supplier<\/a><\/li>\r\n<li><a href=\"https:\/\/sinoextrud.com\/product\/aluminium-extrusion-channel-profiles\/\" target=\"_blank\">Aluminium Extrusion Channel Profiles<\/a><\/li>\r\n<li><a href=\"https:\/\/sinoextrud.com\/product\/round-aluminum-extrusion-profiles\/\" target=\"_blank\">Round Aluminum Extrusion Profiles<\/a><\/li>\r\n<li><a href=\"https:\/\/sinoextrud.com\/product\/aluminium-extrusion-fittings-for-led\/\" target=\"_blank\">Aluminium Extrusion Fittings For Led<\/a><\/li>\r\n<li><a href=\"https:\/\/sinoextrud.com\/product\/aluminium-slotted-channel\/\" target=\"_blank\">Aluminium Slotted Channel<\/a><\/li>"},"feature_list":[]},"_links":{"self":[{"href":"https:\/\/sinoextrud.com\/da\/wp-json\/wp\/v2\/product\/6306","targetHints":{"allow":["GET"]}}],"collection":[{"href":"https:\/\/sinoextrud.com\/da\/wp-json\/wp\/v2\/product"}],"about":[{"href":"https:\/\/sinoextrud.com\/da\/wp-json\/wp\/v2\/types\/product"}],"wp:featuredmedia":[{"embeddable":true,"href":"https:\/\/sinoextrud.com\/da\/wp-json\/wp\/v2\/media\/6305"}],"wp:attachment":[{"href":"https:\/\/sinoextrud.com\/da\/wp-json\/wp\/v2\/media?parent=6306"}],"wp:term":[{"taxonomy":"category","embeddable":true,"href":"https:\/\/sinoextrud.com\/da\/wp-json\/wp\/v2\/categories?post=6306"}],"curies":[{"name":"wp","href":"https:\/\/api.w.org\/{rel}","templated":true}]}}