{"id":6304,"date":"2025-05-26T09:26:14","date_gmt":"2025-05-26T09:26:14","guid":{"rendered":"https:\/\/sinoextrud.com\/product\/extruded-aluminum-pipe\/"},"modified":"2025-06-24T06:10:40","modified_gmt":"2025-06-24T06:10:40","slug":"ekstruderet-aluminiumsror","status":"publish","type":"product","link":"https:\/\/sinoextrud.com\/da\/product\/extruded-aluminum-pipe\/","title":{"rendered":"Ekstruderet aluminiumsr\u00f8r"},"content":{"rendered":"<h2>Detaljer om produkter<\/h2>\n<table class=\"custom-table\">\n<tr>\n<td class=\"label\">Overfladebehandling:<\/td>\n<td>Anodiseret, tr\u00e6korn, poleret, b\u00f8rstet osv.<\/td>\n<\/tr>\n<tr>\n<td class=\"label\">Legering:<\/td>\n<td>Legering<\/td>\n<\/tr>\n<tr>\n<td class=\"label\">Garanti:<\/td>\n<td>Overfladefarven kan holde i 10~20 \u00e5r<\/td>\n<\/tr>\n<tr>\n<td class=\"label\">Materiale:<\/td>\n<td>6063-T5, 6061-T6, 6463-T5, 7075-T6, 6082<\/td>\n<\/tr>\n<tr>\n<td class=\"label\">Varem\u00e6rke:<\/td>\n<td>OEM<\/td>\n<\/tr>\n<tr>\n<td class=\"label\">Specifikation:<\/td>\n<td>1m-9m eller tilpasset st\u00f8rrelse<\/td>\n<\/tr>\n<tr>\n<td class=\"label\">HS-kode:<\/td>\n<td>76042100<\/td>\n<\/tr>\n<tr>\n<td class=\"label\">Form:<\/td>\n<td>Firkantet, rund, tilpasset<\/td>\n<\/tr>\n<tr>\n<td class=\"label\">MOQ:<\/td>\n<td>200 kg for hver vare. R\u00f8r p\u00e5 lager er tilg\u00e6ngelige.<\/td>\n<\/tr>\n<\/table>\n<h2>Vores produktionsbase<\/h2>\n<h3>Panorama over fabrikken<\/h3>\n<p><img decoding=\"async\" src=\"\/wp-content\/uploads\/factory-01.webp\"\/><\/p>\n<h3>V\u00e6rksted til fremstilling af aluminiumst\u00e6nger<\/h3>\n<p><img decoding=\"async\" src=\"\/wp-content\/uploads\/factory-02.webp\"\/><\/p>\n<p><img decoding=\"async\" src=\"\/wp-content\/uploads\/factory-03.webp\"\/><\/p>\n<h3>Lager til opbevaring af skimmelsvampe<\/h3>\n<p><img decoding=\"async\" src=\"\/wp-content\/uploads\/factory-04.webp\"\/><\/p>\n<h3>43 ekstruderingslinjer for aluminium (500-5500 ton)<\/h3>\n<p><img decoding=\"async\" src=\"\/wp-content\/uploads\/factory-05.webp\"\/><\/p>\n<p><img decoding=\"async\" src=\"\/wp-content\/uploads\/factory-06.webp\"\/><\/p>\n<p><img decoding=\"async\" src=\"\/wp-content\/uploads\/factory-07.webp\"\/><\/p>\n<h3>V\u00e6rksted for pulverlakering<\/h3>\n<p><img decoding=\"async\" src=\"\/wp-content\/uploads\/factory-09.webp\"\/><\/p>\n<h3>Anodiseringsv\u00e6rksted<\/h3>\n<p><img decoding=\"async\" src=\"\/wp-content\/uploads\/factory-10.webp\"\/><\/p>\n<h3>Workshop om dyb behandling<\/h3>\n<p><img decoding=\"async\" src=\"\/wp-content\/uploads\/factory-11.webp\"\/><\/p>\n<h3>V\u00e6rksted for CNC-pr\u00e6cisionsbearbejdning<\/h3>\n<p><img decoding=\"async\" src=\"\/wp-content\/uploads\/factory-11.5.webp\"\/><\/p>\n<h3>F\u00e6rdigvare- og eksportlager<\/h3>\n<p><img decoding=\"async\" src=\"\/wp-content\/uploads\/factory-12.webp\"\/><\/p>\n<p><img decoding=\"async\" src=\"\/wp-content\/uploads\/factory-13.webp\"\/><\/p>\n<p><img decoding=\"async\" src=\"\/wp-content\/uploads\/factory-14.webp\"\/><\/p>\n<h2>OFTE STILLEDE SP\u00d8RGSM\u00c5L<\/h2>\n<p><p><b>1. Hvad bruges et ekstruderet aluminiumsr\u00f8r til?<\/b><\/p>\n<p>Ekstruderede aluminiumsr\u00f8r bruges ofte i byggeri, bilindustri, rumfart og marine p\u00e5 grund af deres styrke, lette v\u00e6gt og korrosionsbestandighed.<br \/>\n<\/p><br \/>\n<br \/>\n<p><b>2. Hvad er de vigtigste fordele ved ekstruderet aluminiumsr\u00f8r?<\/b><\/p>\n<p>Ekstruderede aluminiumsr\u00f8r har et h\u00f8jt styrke\/v\u00e6gt-forhold, fremragende korrosionsbestandighed og pr\u00e6cise dimensioner for p\u00e5lidelig ydelse.<br \/>\n<\/p><br \/>\n<br \/>\n<p><b>3. Hvorfor v\u00e6lge ekstruderede aluminiumsr\u00f8r frem for svejsede eller st\u00f8bte alternativer?<\/b><\/p>\n<p>Ekstruderede aluminiumsr\u00f8r giver ensartet tv\u00e6rsnit, glattere overfladefinish og overlegne mekaniske egenskaber sammenlignet med svejsede eller st\u00f8bte r\u00f8r.<br \/>\n<\/p><br \/>\n<br \/>\n<p><b>4. Kan ekstruderede aluminiumsr\u00f8r tilpasses til specifikke anvendelser?<\/b><\/p>\n<p>Ja, ekstruderede aluminiumsr\u00f8r kan skr\u00e6ddersys i diameter, v\u00e6gtykkelse og l\u00e6ngde, s\u00e5 de opfylder de n\u00f8jagtige behov i dit projekt eller din branche.<br \/>\n<\/p><br \/>\n<br \/>\n<p><b>5. Hvilke overfladebehandlinger er tilg\u00e6ngelige for ekstruderede aluminiumsr\u00f8r?<\/b><\/p>\n<p>De tilg\u00e6ngelige overflader omfatter anodisering, pulverlakering og fr\u00e6sning, som forbedrer korrosionsbestandighed, holdbarhed og udseende.<br \/>\n<\/p><br \/>\n<br \/>\n<p><b>6. Er ekstruderede aluminiumsr\u00f8r egnet til udend\u00f8rs brug?<\/b><\/p>\n<p>Ja, med den rette overfladebehandling fungerer ekstruderede aluminiumsr\u00f8r us\u00e6dvanligt godt i udend\u00f8rs og barske milj\u00f8er.<br \/>\n<\/p><br \/>\n<br \/>\n<p><b>7. Hvordan forbedrer ekstrudering kvaliteten af aluminiumsr\u00f8r?<\/b><\/p>\n<p>Ekstruderingsprocessen sikrer ensartede dimensioner, forbedret styrke og en s\u00f8ml\u00f8s overflade, hvilket g\u00f8r ekstruderede aluminiumsr\u00f8r ideelle til h\u00f8jtydende anvendelser.<br \/>\n<\/p><br \/><\/p>","protected":false},"featured_media":6303,"template":"","categories":[60],"class_list":["post-6304","product","type-product","status-publish","has-post-thumbnail","hentry","category-general-tubes-and-bars"],"meta_box":{"hilight_text_group":{"product_hilight_text":"<li>High-precision extrusion ensures consistent dimensions and smooth surface<\/li>\r\r\n<li>Lightweight yet durable, ideal for structural and fluid transport applications<\/li>\r\r\n<li>Excellent corrosion resistance for indoor and outdoor use<\/li>\r\r\n<li>Available in various sizes, wall thicknesses, and alloys<\/li>\r\r\n<li>Supports custom fabrication and bulk supply for industrial projects<\/li>","product_chanpin_chanpin":"<li><a href=\"https:\/\/sinoextrud.com\/product\/aluminium-hollow-tube\/\" target=\"_blank\">Aluminium Hollow Tube<\/a><\/li>\r\n<li><a href=\"https:\/\/sinoextrud.com\/product\/customized-6063-extruded-aluminum-flat-bar\/\" target=\"_blank\">Customized 6063 Extruded Aluminum Flat Bar<\/a><\/li>\r\n<li><a href=\"https:\/\/sinoextrud.com\/product\/aluminum-irrigation-pipe-for-sale\/\" target=\"_blank\">Aluminum Irrigation Pipe For Sale<\/a><\/li>\r\n<li><a href=\"https:\/\/sinoextrud.com\/product\/professional-aluminium-tubing\/\" target=\"_blank\">Professional Aluminium Tubing<\/a><\/li>\r\n<li><a href=\"https:\/\/sinoextrud.com\/product\/extruded-aluminum-pipe\/\" target=\"_blank\">Extruded Aluminum Pipe<\/a><\/li>\r\n<li><a href=\"https:\/\/sinoextrud.com\/product\/large-diameter-aluminum-pipe-for-sale\/\" target=\"_blank\">Large Diameter Aluminum Pipe For Sale<\/a><\/li>\r\n<li><a href=\"https:\/\/sinoextrud.com\/product\/aluminum-oval-tubing-with-competitive-price\/\" target=\"_blank\">Aluminum Oval Tubing With Competitive Price<\/a><\/li>\r\n<li><a href=\"https:\/\/sinoextrud.com\/product\/anodized-aluminum-alloy-pipe-supplier\/\" target=\"_blank\">Anodized Aluminum Alloy Pipe Supplier<\/a><\/li>\r\n<li><a href=\"https:\/\/sinoextrud.com\/product\/aluminium-extrusion-channel-profiles\/\" target=\"_blank\">Aluminium Extrusion Channel Profiles<\/a><\/li>\r\n<li><a href=\"https:\/\/sinoextrud.com\/product\/types-of-aluminum-profiles\/\" target=\"_blank\">Types Of Aluminum Profiles<\/a><\/li>\r\n<li><a href=\"https:\/\/sinoextrud.com\/product\/aluminum-profile-doors\/\" target=\"_blank\">Aluminum Profile Doors<\/a><\/li>"},"feature_list":[]},"_links":{"self":[{"href":"https:\/\/sinoextrud.com\/da\/wp-json\/wp\/v2\/product\/6304","targetHints":{"allow":["GET"]}}],"collection":[{"href":"https:\/\/sinoextrud.com\/da\/wp-json\/wp\/v2\/product"}],"about":[{"href":"https:\/\/sinoextrud.com\/da\/wp-json\/wp\/v2\/types\/product"}],"wp:featuredmedia":[{"embeddable":true,"href":"https:\/\/sinoextrud.com\/da\/wp-json\/wp\/v2\/media\/6303"}],"wp:attachment":[{"href":"https:\/\/sinoextrud.com\/da\/wp-json\/wp\/v2\/media?parent=6304"}],"wp:term":[{"taxonomy":"category","embeddable":true,"href":"https:\/\/sinoextrud.com\/da\/wp-json\/wp\/v2\/categories?post=6304"}],"curies":[{"name":"wp","href":"https:\/\/api.w.org\/{rel}","templated":true}]}}