{"id":6300,"date":"2025-05-26T09:19:24","date_gmt":"2025-05-26T09:19:24","guid":{"rendered":"https:\/\/sinoextrud.com\/product\/aluminum-irrigation-pipe-for-sale\/"},"modified":"2025-06-24T06:10:37","modified_gmt":"2025-06-24T06:10:37","slug":"vandingsror-i-aluminium-til-salg","status":"publish","type":"product","link":"https:\/\/sinoextrud.com\/da\/product\/aluminum-irrigation-pipe-for-sale\/","title":{"rendered":"Vandingsr\u00f8r i aluminium til salg"},"content":{"rendered":"<h2>Detaljer om produkter<\/h2>\n<table class=\"custom-table\">\n<tr>\n<td class=\"label\">Model nr:<\/td>\n<td> Vandingsr\u00f8r i aluminium til salg<\/td>\n<\/tr>\n<tr>\n<td class=\"label\">Overfladebehandling:<\/td>\n<td> Anodiseret<\/td>\n<\/tr>\n<tr>\n<td class=\"label\">Legering:<\/td>\n<td> Legering<\/td>\n<\/tr>\n<tr>\n<td class=\"label\">Udvendig diameter:<\/td>\n<td> tilpasset<\/td>\n<\/tr>\n<tr>\n<td class=\"label\">Tykkelse:<\/td>\n<td> tilpasset<\/td>\n<\/tr>\n<tr>\n<td class=\"label\">Oprindelsessted:<\/td>\n<td>Kina<\/td>\n<\/tr>\n<tr>\n<td class=\"label\">0,1 mm til 10 mm:<\/td>\n<td> Guangdong, Kina (fastlandet)<\/td>\n<\/tr>\n<tr>\n<td class=\"label\">H\u00e5rdhed:<\/td>\n<td> R\u00f8r af aluminiumslegering<\/td>\n<\/tr>\n<tr>\n<td class=\"label\">Form:<\/td>\n<td> Runde<\/td>\n<\/tr>\n<tr>\n<td class=\"label\">Karakter:<\/td>\n<td> 6000-serien<\/td>\n<\/tr>\n<tr>\n<td class=\"label\">Temperament:<\/td>\n<td> T3 - T8<\/td>\n<\/tr>\n<tr>\n<td class=\"label\">V\u00e6ggens tykkelse:<\/td>\n<td> efter din anmodning<\/td>\n<\/tr>\n<tr>\n<td class=\"label\">L\u00e6ngde:<\/td>\n<td> som du \u00f8nsker det<\/td>\n<\/tr>\n<tr>\n<td class=\"label\">Brand Name:<\/td>\n<td> Kanal<\/td>\n<\/tr>\n<tr>\n<td class=\"label\">Al (Min):<\/td>\n<td> 98.8%<\/td>\n<\/tr>\n<\/table>\n<h2>Vores produktionsbase<\/h2>\n<h3>Panorama over fabrikken<\/h3>\n<p><img decoding=\"async\" src=\"\/wp-content\/uploads\/factory-01.webp\"\/><\/p>\n<h3>V\u00e6rksted til fremstilling af aluminiumst\u00e6nger<\/h3>\n<p><img decoding=\"async\" src=\"\/wp-content\/uploads\/factory-02.webp\"\/><\/p>\n<\/p>\n<p><img decoding=\"async\" src=\"\/wp-content\/uploads\/factory-03.webp\"\/><\/p>\n<h3>Lager til opbevaring af skimmelsvampe<\/h3>\n<p><img decoding=\"async\" src=\"\/wp-content\/uploads\/factory-04.webp\"\/><\/p>\n<h3>43 ekstruderingslinjer for aluminium (500-5500 ton)<\/h3>\n<p><img decoding=\"async\" src=\"\/wp-content\/uploads\/factory-05.webp\"\/><\/p>\n<p><img decoding=\"async\" src=\"\/wp-content\/uploads\/factory-06.webp\"\/><\/p>\n<p><img decoding=\"async\" src=\"\/wp-content\/uploads\/factory-07.webp\"\/><\/p>\n<h3>V\u00e6rksted for pulverlakering<\/h3>\n<p><img decoding=\"async\" src=\"\/wp-content\/uploads\/factory-09.webp\"\/><\/p>\n<h3>Anodiseringsv\u00e6rksted<\/h3>\n<p><img decoding=\"async\" src=\"\/wp-content\/uploads\/factory-10.webp\"\/><\/p>\n<h3>Workshop om dyb behandling<\/h3>\n<p><img decoding=\"async\" src=\"\/wp-content\/uploads\/factory-11.webp\"\/><\/p>\n<h3>V\u00e6rksted for CNC-pr\u00e6cisionsbearbejdning<\/h3>\n<p><img decoding=\"async\" src=\"\/wp-content\/uploads\/factory-11.5.webp\"\/><\/p>\n<h3>F\u00e6rdigvare- og eksportlager<\/h3>\n<p><img decoding=\"async\" src=\"\/wp-content\/uploads\/factory-12.webp\"\/><\/p>\n<p><img decoding=\"async\" src=\"\/wp-content\/uploads\/factory-13.webp\"\/><\/p>\n<p><img decoding=\"async\" src=\"\/wp-content\/uploads\/factory-14.webp\"\/><\/p>\n<h2>OFTE STILLEDE SP\u00d8RGSM\u00c5L<\/h2>\n<p><b>1. Hvad bruges et vandingsr\u00f8r af aluminium til?<\/b><\/p>\n<p>Vandingsr\u00f8r af aluminium bruges i vandingssystemer i landbruget til effektivt at transportere vand over markerne med minimal l\u00e6kage og vedligeholdelse.\n<\/p>\n<p><\/p>\n<p><b>2. Hvad er de vigtigste fordele ved vandingsr\u00f8r i aluminium?<\/b><\/p>\n<p>Vandingsr\u00f8r i aluminium er lette, korrosionsbestandige og nemme at installere, hvilket g\u00f8r dem ideelle til langvarig brug i forskellige landbrugsmilj\u00f8er.\n<\/p>\n<p><\/p>\n<p><b>3. Hvorfor v\u00e6lge vandingsr\u00f8r i aluminium frem for plast eller st\u00e5l?<\/b><\/p>\n<p>Aluminiumsr\u00f8r giver en bedre balance mellem styrke, v\u00e6gt og holdbarhed sammenlignet med plast og er mere korrosionsbestandige og lettere end st\u00e5l.\n<\/p>\n<p><\/p>\n<p><b>4. Er vandingsr\u00f8r af aluminium egnede til b\u00e6rbare vandingssystemer?<\/b><\/p>\n<p>Ja, deres lette natur g\u00f8r vandingsr\u00f8r af aluminium nemme at transportere og samle, perfekt til midlertidige eller mobile vandingsops\u00e6tninger.\n<\/p>\n<p><\/p>\n<p><b>5. hvilke st\u00f8rrelser er tilg\u00e6ngelige for aluminiumsvandingsr\u00f8r til salg?<\/b><\/p>\n<p>Vandingsr\u00f8r i aluminium f\u00e5s i forskellige diametre og l\u00e6ngder og kan ofte tilpasses, s\u00e5 de opfylder specifikke behov for flowhastighed og feltlayout.\n<\/p>\n<p><\/p>\n<p><b>6. Hvor l\u00e6nge holder vandingsr\u00f8r af aluminium?<\/b><\/p>\n<p>Med den rette pleje kan vandingsr\u00f8r af aluminium holde i \u00e5rtier, og de har en p\u00e5lidelig ydeevne og fremragende modstandsdygtighed over for rust og UV-eksponering.\n<\/p>\n<p><\/p>\n<p><b>7. Er vandingsr\u00f8r i aluminium en omkostningseffektiv l\u00f8sning for landm\u00e6nd?<\/b><\/p>\n<p>Ja, vandingsr\u00f8r i aluminium reducerer vandtabet, kr\u00e6ver mindre vedligeholdelse og har en lang levetid, hvilket g\u00f8r dem til en omkostningseffektiv investering for landbruget.\n<\/p>\n<p><\/p>","protected":false},"featured_media":6299,"template":"","categories":[60],"class_list":["post-6300","product","type-product","status-publish","has-post-thumbnail","hentry","category-general-tubes-and-bars"],"meta_box":{"hilight_text_group":{"product_hilight_text":"<li>Lightweight and easy to transport for efficient field deployment<\/li>\r\r\n<li>Corrosion-resistant aluminum ensures long service life in outdoor conditions<\/li>\r\r\n<li>Quick-connect design simplifies installation and maintenance<\/li>\r\r\n<li>Available in multiple diameters and lengths to suit various irrigation systems<\/li>\r\r\n<li>High flow capacity supports large-scale agricultural operations<\/li>","product_chanpin_chanpin":"<li><a href=\"https:\/\/sinoextrud.com\/product\/aluminium-tube\/\" target=\"_blank\">Aluminium Tube<\/a><\/li>\r\n<li><a href=\"https:\/\/sinoextrud.com\/product\/extruded-aluminium-profile-for-triangle-and-rectangle-pipe-with-6063-alloy-anodized-mill-finish-surface\/\" target=\"_blank\">Extruded Aluminium Profile For Triangle And Rectangle Pipe With 6063 Alloy Anodized Mill Finish Surface<\/a><\/li>\r\n<li><a href=\"https:\/\/sinoextrud.com\/product\/aluminium-hollow-tube\/\" target=\"_blank\">Aluminium Hollow Tube<\/a><\/li>\r\n<li><a href=\"https:\/\/sinoextrud.com\/product\/customized-6063-extruded-aluminum-flat-bar\/\" target=\"_blank\">Customized 6063 Extruded Aluminum Flat Bar<\/a><\/li>\r\n<li><a href=\"https:\/\/sinoextrud.com\/product\/aluminum-irrigation-pipe-for-sale\/\" target=\"_blank\">Aluminum Irrigation Pipe For Sale<\/a><\/li>\r\n<li><a href=\"https:\/\/sinoextrud.com\/product\/professional-aluminium-tubing\/\" target=\"_blank\">Professional Aluminium Tubing<\/a><\/li>\r\n<li><a href=\"https:\/\/sinoextrud.com\/product\/extruded-aluminum-pipe\/\" target=\"_blank\">Extruded Aluminum Pipe<\/a><\/li>\r\n<li><a href=\"https:\/\/sinoextrud.com\/product\/large-diameter-aluminum-pipe-for-sale\/\" target=\"_blank\">Large Diameter Aluminum Pipe For Sale<\/a><\/li>\r\n<li><a href=\"https:\/\/sinoextrud.com\/product\/aluminum-oval-tubing-with-competitive-price\/\" target=\"_blank\">Aluminum Oval Tubing With Competitive Price<\/a><\/li>\r\n<li><a href=\"https:\/\/sinoextrud.com\/product\/anodized-champagne-aluminium-color-matte-anodized-sand-blasting-6063-alloy-extrusion-profiles\/\" target=\"_blank\">Anodized Champagne aluminium color matte anodized sand blasting 6063 alloy extrusion profiles<\/a><\/li>\r\n<li><a href=\"https:\/\/sinoextrud.com\/product\/aluminium-extrusion-and-aluminium-profile\/\" target=\"_blank\">Aluminium Extrusion and Aluminium Profile<\/a><\/li>"},"feature_list":[]},"_links":{"self":[{"href":"https:\/\/sinoextrud.com\/da\/wp-json\/wp\/v2\/product\/6300","targetHints":{"allow":["GET"]}}],"collection":[{"href":"https:\/\/sinoextrud.com\/da\/wp-json\/wp\/v2\/product"}],"about":[{"href":"https:\/\/sinoextrud.com\/da\/wp-json\/wp\/v2\/types\/product"}],"wp:featuredmedia":[{"embeddable":true,"href":"https:\/\/sinoextrud.com\/da\/wp-json\/wp\/v2\/media\/6299"}],"wp:attachment":[{"href":"https:\/\/sinoextrud.com\/da\/wp-json\/wp\/v2\/media?parent=6300"}],"wp:term":[{"taxonomy":"category","embeddable":true,"href":"https:\/\/sinoextrud.com\/da\/wp-json\/wp\/v2\/categories?post=6300"}],"curies":[{"name":"wp","href":"https:\/\/api.w.org\/{rel}","templated":true}]}}