{"id":6296,"date":"2025-05-26T09:11:12","date_gmt":"2025-05-26T09:11:12","guid":{"rendered":"https:\/\/sinoextrud.com\/product\/aluminium-hollow-tube\/"},"modified":"2025-06-24T06:10:37","modified_gmt":"2025-06-24T06:10:37","slug":"hult-ror-i-aluminium","status":"publish","type":"product","link":"https:\/\/sinoextrud.com\/da\/product\/aluminium-hollow-tube\/","title":{"rendered":"Hult r\u00f8r i aluminium"},"content":{"rendered":"<h2>Detaljer om produkter<\/h2>\n<table class=\"custom-table\">\n<tr>\n<td class=\"label\">Vare:<\/td>\n<td>Hult r\u00f8r i aluminium, hult rundt r\u00f8r i aluminium, hult firkantet r\u00f8r i aluminium, hult rektangul\u00e6rt r\u00f8r i aluminium, hult trekantet r\u00f8r i aluminium<\/td>\n<\/tr>\n<tr>\n<td class=\"label\">Materiale:<\/td>\n<td>100% aluminiumsprofil<\/td>\n<\/tr>\n<tr>\n<td class=\"label\">legering:<\/td>\n<td>6063-T5,6061-T6,6463-T5,6082etc<\/td>\n<\/tr>\n<tr>\n<td class=\"label\">St\u00f8rrelse:<\/td>\n<td>1m-9m eller tilpasset st\u00f8rrelse<\/td>\n<\/tr>\n<tr>\n<td class=\"label\">Anvendelse:<\/td>\n<td>M\u00f8bler, vinduer og d\u00f8re, dekorationer, industri, byggeri osv.<\/td>\n<\/tr>\n<tr>\n<td class=\"label\">Farver:<\/td>\n<td>Anodiseret, tr\u00e6korn, pulverlakering, anodiseret poleret og b\u00f8rstet, elektroforese, flurocarbon pulverlakeret osv.<\/td>\n<\/tr>\n<tr>\n<td class=\"label\">MOQ:<\/td>\n<td>200 kg for hver profil<\/td>\n<\/tr>\n<tr>\n<td class=\"label\">OEM-service:<\/td>\n<td>baseret p\u00e5 kundedesignede tegninger eller pr\u00f8ver<\/td>\n<\/tr>\n<tr>\n<td class=\"label\">Certificering tilg\u00e6ngelig:<\/td>\n<td>ISO:9001, SONCAP, BV-certifikat eller kundernes certifikat til r\u00e5dighed<\/td>\n<\/tr>\n<tr>\n<td class=\"label\">Detaljer om pakning:<\/td>\n<td>(1) Indvendigt: pakket med beskyttende plastfilm for at beskytte hver profil<br \/>(2) Udvendigt: pakket med vandt\u00e6t h\u00e5ndv\u00e6rkspapir<\/td>\n<\/tr>\n<tr>\n<td class=\"label\">Leveringstid:<\/td>\n<td>(1) Formudvikling og pr\u00f8vetest: 12-18 dage<br \/>(1) Produktionsvarighed: 20-25 dage efter, at pr\u00f8ven er bekr\u00e6ftet af k\u00f8beren<\/td>\n<\/tr>\n<tr>\n<td class=\"label\">Betalingsbetingelser:<\/td>\n<td>T \/ T, 30% udbetaling, mens saldoen skal betales f\u00f8r levering<\/td>\n<\/tr>\n<tr>\n<td class=\"label\">Afregningsperiode:<\/td>\n<td>Den endelige betaling skal v\u00e6re baseret p\u00e5 den endelige faktiske fysiske v\u00e6gtning.<\/td>\n<\/tr>\n<tr>\n<td class=\"label\">Produktionsgaranti<\/td>\n<td>Overfladefarven kan holde i 10~20 \u00e5r ved indend\u00f8rs brug.<\/td>\n<\/tr>\n<tr>\n<td class=\"label\">Havn:<\/td>\n<td>Til Shenzhen, Guangzhou, Foshan<\/td>\n<\/tr>\n<\/table>\n<h2>Vores produktionsbase<\/h2>\n<h3>Panorama over fabrikken<\/h3>\n<p><img decoding=\"async\" src=\"\/wp-content\/uploads\/factory-01.webp\"\/><\/p>\n<h3>V\u00e6rksted til fremstilling af aluminiumst\u00e6nger<\/h3>\n<p><img decoding=\"async\" src=\"\/wp-content\/uploads\/factory-02.webp\"\/><\/p>\n<\/p>\n<p><img decoding=\"async\" src=\"\/wp-content\/uploads\/factory-03.webp\"\/><\/p>\n<h3>Lager til opbevaring af skimmelsvampe<\/h3>\n<p><img decoding=\"async\" src=\"\/wp-content\/uploads\/factory-04.webp\"\/><\/p>\n<h3>43 ekstruderingslinjer for aluminium (500-5500 ton)<\/h3>\n<p><img decoding=\"async\" src=\"\/wp-content\/uploads\/factory-05.webp\"\/><\/p>\n<p><img decoding=\"async\" src=\"\/wp-content\/uploads\/factory-06.webp\"\/><\/p>\n<p><img decoding=\"async\" src=\"\/wp-content\/uploads\/factory-07.webp\"\/><\/p>\n<h3>V\u00e6rksted for pulverlakering<\/h3>\n<p><img decoding=\"async\" src=\"\/wp-content\/uploads\/factory-09.webp\"\/><\/p>\n<h3>Anodiseringsv\u00e6rksted<\/h3>\n<p><img decoding=\"async\" src=\"\/wp-content\/uploads\/factory-10.webp\"\/><\/p>\n<h3>Workshop om dyb behandling<\/h3>\n<p><img decoding=\"async\" src=\"\/wp-content\/uploads\/factory-11.webp\"\/><\/p>\n<h3>V\u00e6rksted for CNC-pr\u00e6cisionsbearbejdning<\/h3>\n<p><img decoding=\"async\" src=\"\/wp-content\/uploads\/factory-11.5.webp\"\/><\/p>\n<h3>F\u00e6rdigvare- og eksportlager<\/h3>\n<p><img decoding=\"async\" src=\"\/wp-content\/uploads\/factory-12.webp\"\/><\/p>\n<p><img decoding=\"async\" src=\"\/wp-content\/uploads\/factory-13.webp\"\/><\/p>\n<p><img decoding=\"async\" src=\"\/wp-content\/uploads\/factory-14.webp\"\/><\/p>\n<h2>OFTE STILLEDE SP\u00d8RGSM\u00c5L<\/h2>\n<p><b>1. Hvad bruges et hult aluminiumsr\u00f8r til?<\/b><\/p>\n<p>Hule aluminiumsr\u00f8r bruges i vid udstr\u00e6kning i bygge-, bil-, m\u00f8bel- og rumfartsindustrien p\u00e5 grund af deres lette v\u00e6gt og strukturelle effektivitet.\n<\/p>\n<p><\/p>\n<p><b>2. Hvad er de vigtigste fordele ved hule aluminiumsr\u00f8r?<\/b><\/p>\n<p>Hule aluminiumsr\u00f8r har et h\u00f8jt styrke\/v\u00e6gt-forhold, er korrosionsbestandige og nemme at bearbejde, hvilket g\u00f8r dem ideelle til b\u00e5de funktionelle og dekorative anvendelser.\n<\/p>\n<p><\/p>\n<p><b>3. Hvorfor v\u00e6lge hule aluminiumsr\u00f8r frem for massive st\u00e6nger?<\/b><\/p>\n<p>Hule aluminiumsr\u00f8r giver samme styrke med mindre materiale, hvilket reducerer v\u00e6gten og omkostningerne, samtidig med at den strukturelle integritet bevares.\n<\/p>\n<p><\/p>\n<p><b>4. Kan hule aluminiumsr\u00f8r tilpasses?<\/b><\/p>\n<p>Ja, hule aluminiumsr\u00f8r kan skr\u00e6ddersys i diameter, v\u00e6gtykkelse, l\u00e6ngde og overfladefinish, s\u00e5 de opfylder specifikke design- og ingeni\u00f8rbehov.\n<\/p>\n<p><\/p>\n<p><b>5. Hvilke overfladebehandlinger kan man f\u00e5 til hule aluminiumsr\u00f8r?<\/b><\/p>\n<p>Almindelige overflader omfatter anodisering, pulverlakering og fr\u00e6sning, som forbedrer korrosionsbestandigheden og det visuelle indtryk.\n<\/p>\n<p><\/p>\n<p><b>6. Er hule aluminiumsr\u00f8r egnede til udend\u00f8rs brug?<\/b><\/p>\n<p>Ja, hule aluminiumsr\u00f8r er meget modstandsdygtige over for vejr og rust, hvilket g\u00f8r dem til et fremragende valg til udend\u00f8rs og marine milj\u00f8er.\n<\/p>\n<p><\/p>\n<p><b>7. Hvordan underst\u00f8tter hule aluminiumsr\u00f8r milj\u00f8venligt byggeri?<\/b><\/p>\n<p>Aluminium er 100% genanvendeligt og energieffektivt at producere, hvilket g\u00f8r hule aluminiumsr\u00f8r til en b\u00e6redygtig mulighed for gr\u00f8nne byggeprojekter.\n<\/p>\n<p><\/p>","protected":false},"featured_media":6295,"template":"","categories":[60],"class_list":["post-6296","product","type-product","status-publish","has-post-thumbnail","hentry","category-general-tubes-and-bars"],"meta_box":{"hilight_text_group":{"product_hilight_text":"<li>Lightweight hollow design reduces material cost and overall weight<\/li>\r\r\n<li>High strength-to-weight ratio suitable for structural applications<\/li>\r\r\n<li>Excellent corrosion resistance for indoor and outdoor use<\/li>\r\r\n<li>Available in various diameters, wall thicknesses, and lengths<\/li>\r\r\n<li>Supports custom fabrication, surface treatment, and bulk orders<\/li>","product_chanpin_chanpin":"<li><a href=\"https:\/\/sinoextrud.com\/product\/aluminium-curtain-guide-rail\/\" target=\"_blank\">Aluminium Curtain Guide Rail<\/a><\/li>\r\n<li><a href=\"https:\/\/sinoextrud.com\/product\/round-aluminium-profile\/\" target=\"_blank\">Round Aluminium Profile<\/a><\/li>\r\n<li><a href=\"https:\/\/sinoextrud.com\/product\/aluminium-tube\/\" target=\"_blank\">Aluminium Tube<\/a><\/li>\r\n<li><a href=\"https:\/\/sinoextrud.com\/product\/extruded-aluminium-profile-for-triangle-and-rectangle-pipe-with-6063-alloy-anodized-mill-finish-surface\/\" target=\"_blank\">Extruded Aluminium Profile For Triangle And Rectangle Pipe With 6063 Alloy Anodized Mill Finish Surface<\/a><\/li>\r\n<li><a href=\"https:\/\/sinoextrud.com\/product\/aluminium-hollow-tube\/\" target=\"_blank\">Aluminium Hollow Tube<\/a><\/li>\r\n<li><a href=\"https:\/\/sinoextrud.com\/product\/customized-6063-extruded-aluminum-flat-bar\/\" target=\"_blank\">Customized 6063 Extruded Aluminum Flat Bar<\/a><\/li>\r\n<li><a href=\"https:\/\/sinoextrud.com\/product\/aluminum-irrigation-pipe-for-sale\/\" target=\"_blank\">Aluminum Irrigation Pipe For Sale<\/a><\/li>\r\n<li><a href=\"https:\/\/sinoextrud.com\/product\/professional-aluminium-tubing\/\" target=\"_blank\">Professional Aluminium Tubing<\/a><\/li>\r\n<li><a href=\"https:\/\/sinoextrud.com\/product\/extruded-aluminum-pipe\/\" target=\"_blank\">Extruded Aluminum Pipe<\/a><\/li>\r\n<li><a href=\"https:\/\/sinoextrud.com\/product\/pvdf-aluminum-extrusion-curtain-wall-profile\/\" target=\"_blank\">PVDF Aluminum Extrusion Curtain Wall Profile<\/a><\/li>\r\n<li><a href=\"https:\/\/sinoextrud.com\/product\/t-section-aluminium-extrusion\/\" target=\"_blank\">T Section Aluminium Extrusion<\/a><\/li>"},"feature_list":[]},"_links":{"self":[{"href":"https:\/\/sinoextrud.com\/da\/wp-json\/wp\/v2\/product\/6296","targetHints":{"allow":["GET"]}}],"collection":[{"href":"https:\/\/sinoextrud.com\/da\/wp-json\/wp\/v2\/product"}],"about":[{"href":"https:\/\/sinoextrud.com\/da\/wp-json\/wp\/v2\/types\/product"}],"wp:featuredmedia":[{"embeddable":true,"href":"https:\/\/sinoextrud.com\/da\/wp-json\/wp\/v2\/media\/6295"}],"wp:attachment":[{"href":"https:\/\/sinoextrud.com\/da\/wp-json\/wp\/v2\/media?parent=6296"}],"wp:term":[{"taxonomy":"category","embeddable":true,"href":"https:\/\/sinoextrud.com\/da\/wp-json\/wp\/v2\/categories?post=6296"}],"curies":[{"name":"wp","href":"https:\/\/api.w.org\/{rel}","templated":true}]}}